{"id":17797,"date":"2025-07-01T09:50:40","date_gmt":"2025-07-01T09:50:40","guid":{"rendered":"https:\/\/ht-box.com\/test-test\/"},"modified":"2025-07-01T09:54:38","modified_gmt":"2025-07-01T09:54:38","slug":"test-test","status":"publish","type":"page","link":"https:\/\/ht-box.com\/de\/test-test\/","title":{"rendered":"Test test de"},"content":{"rendered":"<p>[et_pb_section fb_built=&#8220;1&#8243; _builder_version=&#8220;4.27.4&#8243; background_color=&#8220;#F5F5F5&#8243; background_enable_image=&#8220;off&#8220; parallax=&#8220;on&#8220; parallax_method=&#8220;off&#8220; custom_padding=&#8220;30px|0px|0|0px|false|false&#8220; global_colors_info=&#8220;{}&#8220; theme_builder_area=&#8220;post_content&#8220;][et_pb_row _builder_version=&#8220;4.16&#8243; global_colors_info=&#8220;{}&#8220; theme_builder_area=&#8220;post_content&#8220;][et_pb_column type=&#8220;4_4&#8243; _builder_version=&#8220;4.16&#8243; custom_padding=&#8220;|||&#8220; global_colors_info=&#8220;{}&#8220; custom_padding__hover=&#8220;|||&#8220; theme_builder_area=&#8220;post_content&#8220;][et_pb_text _builder_version=&#8220;4.27.4&#8243; text_text_color=&#8220;#434342&#8243; text_font_size=&#8220;18px&#8220; header_font=&#8220;|600|||||||&#8220; global_colors_info=&#8220;{}&#8220; theme_builder_area=&#8220;post_content&#8220;]<\/p>\n<h1>Polityka prywatno\u015bci<\/h1>\n<p>&nbsp;<\/p>\n<p>[\/et_pb_text][\/et_pb_column][\/et_pb_row][et_pb_row _builder_version=&#8220;4.27.4&#8243; _module_preset=&#8220;default&#8220; background_color=&#8220;#F5F5F5&#8243; width=&#8220;100%&#8220; max_width=&#8220;100%&#8220; custom_padding=&#8220;5%|15%|5%|15%|true|true&#8220; global_colors_info=&#8220;{}&#8220; theme_builder_area=&#8220;post_content&#8220;][et_pb_column type=&#8220;4_4&#8243; _builder_version=&#8220;4.27.4&#8243; _module_preset=&#8220;default&#8220; global_colors_info=&#8220;{}&#8220; theme_builder_area=&#8220;post_content&#8220;][et_pb_text _builder_version=&#8220;4.27.4&#8243; _module_preset=&#8220;default&#8220; text_font=&#8220;Work Sans||||||||&#8220; text_font_size=&#8220;16px&#8220; global_colors_info=&#8220;{}&#8220; theme_builder_area=&#8220;post_content&#8220;]<\/p>\n<p><b>Polityka prywatno\u015bci HT-BOX.COM Sp. z o.o.<\/b><\/p>\n<p><span style=\"font-weight: 400;\">Zgodnie z rozporz\u0105dzeniem Parlamentu Europejskiego i Rady (UE) 2016\/679 z dnia 27 kwietnia 2016 r. (RODO), przedstawiamy poni\u017csze informacje dotycz\u0105ce przetwarzania danych osobowych przez HT-BOX.COM Sp. z o.o.<\/span><\/p>\n<ol>\n<li><b> Administrator danych osobowych<\/b><span style=\"font-weight: 400;\"><\/span><\/li>\n<\/ol>\n<p><span style=\"font-weight: 400;\">Administratorem danych osobowych jest: <\/span><b>HT-BOX.COM Sp. z o.o.<\/b><b><br \/><\/b><span style=\"font-weight: 400;\">ul. Drawska 62D, 78-300 \u015awidwin<\/span><span style=\"font-weight: 400;\"><br \/><\/span><span style=\"font-weight: 400;\">KRS: 00743599<\/span><span style=\"font-weight: 400;\"><br \/><\/span><span style=\"font-weight: 400;\">NIP: PL6722091386<\/span><span style=\"font-weight: 400;\"><br \/><\/span><span style=\"font-weight: 400;\">REGON: 380928182<\/span><span style=\"font-weight: 400;\"><br \/><\/span><span style=\"font-weight: 400;\">E-mail kontaktowy: paprocki@ht-box.com<\/span><span style=\"font-weight: 400;\"><br \/><\/span><span style=\"font-weight: 400;\">Telefon: +48 504 322 402<\/span><\/p>\n<ol start=\"2\">\n<li><b> Jakie dane zbieramy?<\/b><span style=\"font-weight: 400;\"><\/span><\/li>\n<\/ol>\n<p><span style=\"font-weight: 400;\">Podczas korzystania z naszej strony internetowej mo\u017cemy zbiera\u0107 nast\u0119puj\u0105ce dane:<\/span><\/p>\n<ul>\n<li style=\"font-weight: 400;\" aria-level=\"1\"><span style=\"font-weight: 400;\">imi\u0119 i nazwisko,<\/span><\/li>\n<li style=\"font-weight: 400;\" aria-level=\"1\"><span style=\"font-weight: 400;\">adres e-mail,<\/span><\/li>\n<li style=\"font-weight: 400;\" aria-level=\"1\"><span style=\"font-weight: 400;\">numer telefonu,<\/span><\/li>\n<li style=\"font-weight: 400;\" aria-level=\"1\"><span style=\"font-weight: 400;\">nazwa firmy (je\u015bli dotyczy),<\/span><\/li>\n<li style=\"font-weight: 400;\" aria-level=\"1\"><span style=\"font-weight: 400;\">dane potrzebne do wystawienia faktury (adres, NIP),<\/span><\/li>\n<li style=\"font-weight: 400;\" aria-level=\"1\"><span style=\"font-weight: 400;\">dane dotycz\u0105ce p\u0142atno\u015bci,<\/span><\/li>\n<li style=\"font-weight: 400;\" aria-level=\"1\"><span style=\"font-weight: 400;\">adres IP, informacje o przegl\u0105darce i urz\u0105dzeniu (w celach analitycznych).<\/span><\/li>\n<\/ul>\n<ol start=\"3\">\n<li><b> Cel przetwarzania danych osobowych<\/b><span style=\"font-weight: 400;\"><\/span><\/li>\n<\/ol>\n<p><span style=\"font-weight: 400;\">Dane osobowe s\u0105 przetwarzane w nast\u0119puj\u0105cych celach:<\/span><\/p>\n<ul>\n<li style=\"font-weight: 400;\" aria-level=\"1\"><span style=\"font-weight: 400;\">obs\u0142uga zg\u0142osze\u0144 na konferencj\u0119 i inne wydarzenia,<\/span><\/li>\n<li style=\"font-weight: 400;\" aria-level=\"1\"><span style=\"font-weight: 400;\">przetwarzanie p\u0142atno\u015bci oraz wystawianie faktur,<\/span><\/li>\n<li style=\"font-weight: 400;\" aria-level=\"1\"><span style=\"font-weight: 400;\">komunikacja przed, w trakcie i po wydarzeniu,<\/span><\/li>\n<li style=\"font-weight: 400;\" aria-level=\"1\"><span style=\"font-weight: 400;\">prowadzenie dzia\u0142a\u0144 marketingowych (je\u015bli u\u017cytkownik wyrazi\u0142 zgod\u0119),<\/span><\/li>\n<li style=\"font-weight: 400;\" aria-level=\"1\"><span style=\"font-weight: 400;\">cele analityczne i statystyczne,<\/span><\/li>\n<li style=\"font-weight: 400;\" aria-level=\"1\"><span style=\"font-weight: 400;\">zapewnienie bezpiecze\u0144stwa serwisu i zapobieganie nadu\u017cyciom.<\/span><\/li>\n<\/ul>\n<ol start=\"4\">\n<li><b> Podstawa prawna przetwarzania danych<\/b><span style=\"font-weight: 400;\"> Dane przetwarzane s\u0105 na podstawie:<\/span><\/li>\n<\/ol>\n<ul>\n<li style=\"font-weight: 400;\" aria-level=\"1\"><span style=\"font-weight: 400;\">art. 6 ust. 1 lit. b RODO \u2013 wykonanie umowy (np. zakupu biletu),<\/span><\/li>\n<li style=\"font-weight: 400;\" aria-level=\"1\"><span style=\"font-weight: 400;\">art. 6 ust. 1 lit. c RODO \u2013 obowi\u0105zek prawny (np. wystawienie faktury),<\/span><\/li>\n<li style=\"font-weight: 400;\" aria-level=\"1\"><span style=\"font-weight: 400;\">art. 6 ust. 1 lit. f RODO \u2013 uzasadniony interes administratora (np. ochrona przed roszczeniami),<\/span><\/li>\n<li style=\"font-weight: 400;\" aria-level=\"1\"><span style=\"font-weight: 400;\">art. 6 ust. 1 lit. a RODO \u2013 zgoda (np. na wysy\u0142k\u0119 newslettera).<\/span><\/li>\n<\/ul>\n<ol start=\"5\">\n<li><b> Odbiorcy danych<\/b><span style=\"font-weight: 400;\"><\/span><\/li>\n<\/ol>\n<p><span style=\"font-weight: 400;\">Dane mog\u0105 by\u0107 przekazywane:<\/span><\/p>\n<ul>\n<li style=\"font-weight: 400;\" aria-level=\"1\"><span style=\"font-weight: 400;\">operatorom p\u0142atno\u015bci (np. Przelewy24),<\/span><\/li>\n<li style=\"font-weight: 400;\" aria-level=\"1\"><span style=\"font-weight: 400;\">biuru ksi\u0119gowemu,<\/span><\/li>\n<li style=\"font-weight: 400;\" aria-level=\"1\"><span style=\"font-weight: 400;\">firmom hostingowym i informatycznym obs\u0142uguj\u0105cym stron\u0119,<\/span><\/li>\n<li style=\"font-weight: 400;\" aria-level=\"1\"><span style=\"font-weight: 400;\">instytucjom uprawnionym do tego na podstawie przepis\u00f3w prawa.<\/span><\/li>\n<\/ul>\n<ol start=\"6\">\n<li><b> Okres przechowywania danych<\/b><span style=\"font-weight: 400;\"><\/span><\/li>\n<\/ol>\n<p><span style=\"font-weight: 400;\">Dane osobowe b\u0119d\u0105 przechowywane:<\/span><\/p>\n<ul>\n<li style=\"font-weight: 400;\" aria-level=\"1\"><span style=\"font-weight: 400;\">przez okres niezb\u0119dny do realizacji umowy oraz przez czas wymagany przepisami prawa (np. podatkowymi),<\/span><\/li>\n<li style=\"font-weight: 400;\" aria-level=\"1\"><span style=\"font-weight: 400;\">dane przetwarzane na podstawie zgody b\u0119d\u0105 przechowywane do czasu jej wycofania.<\/span><\/li>\n<\/ul>\n<ol start=\"7\">\n<li><b> Prawa u\u017cytkownika<\/b><span style=\"font-weight: 400;\"><\/span><\/li>\n<\/ol>\n<p><span style=\"font-weight: 400;\">Ka\u017cdy u\u017cytkownik ma prawo do:<\/span><\/p>\n<ul>\n<li style=\"font-weight: 400;\" aria-level=\"1\"><span style=\"font-weight: 400;\">dost\u0119pu do swoich danych,<\/span><\/li>\n<li style=\"font-weight: 400;\" aria-level=\"1\"><span style=\"font-weight: 400;\">sprostowania danych,<\/span><\/li>\n<li style=\"font-weight: 400;\" aria-level=\"1\"><span style=\"font-weight: 400;\">\u017c\u0105dania usuni\u0119cia danych,<\/span><\/li>\n<li style=\"font-weight: 400;\" aria-level=\"1\"><span style=\"font-weight: 400;\">ograniczenia przetwarzania,<\/span><\/li>\n<li style=\"font-weight: 400;\" aria-level=\"1\"><span style=\"font-weight: 400;\">przeniesienia danych,<\/span><\/li>\n<li style=\"font-weight: 400;\" aria-level=\"1\"><span style=\"font-weight: 400;\">wniesienia sprzeciwu,<\/span><\/li>\n<li style=\"font-weight: 400;\" aria-level=\"1\"><span style=\"font-weight: 400;\">wycofania zgody w dowolnym momencie,<\/span><\/li>\n<li style=\"font-weight: 400;\" aria-level=\"1\"><span style=\"font-weight: 400;\">wniesienia skargi do Prezesa UODO.<\/span><\/li>\n<\/ul>\n<ol start=\"8\">\n<li><b> Pliki cookies i dane techniczne<\/b><span style=\"font-weight: 400;\"><\/span><\/li>\n<\/ol>\n<p><span style=\"font-weight: 400;\">Strona mo\u017ce korzysta\u0107 z plik\u00f3w cookies w celach:<\/span><\/p>\n<ul>\n<li style=\"font-weight: 400;\" aria-level=\"1\"><span style=\"font-weight: 400;\">zapewnienia prawid\u0142owego dzia\u0142ania strony,<\/span><\/li>\n<li style=\"font-weight: 400;\" aria-level=\"1\"><span style=\"font-weight: 400;\">statystycznych i analitycznych (np. Google Analytics),<\/span><\/li>\n<li style=\"font-weight: 400;\" aria-level=\"1\"><span style=\"font-weight: 400;\">marketingowych (remarketing).<\/span><\/li>\n<\/ul>\n<p><span style=\"font-weight: 400;\">U\u017cytkownik mo\u017ce zarz\u0105dza\u0107 ustawieniami cookies za po\u015brednictwem przegl\u0105darki.<\/span><\/p>\n<ol start=\"9\">\n<li><b> Dobrowolno\u015b\u0107 podania danych<\/b><\/li>\n<\/ol>\n<p><span style=\"font-weight: 400;\">Podanie danych jest dobrowolne, ale w niekt\u00f3rych przypadkach niezb\u0119dne do zawarcia umowy lub realizacji us\u0142ugi.<\/span><\/p>\n<ol start=\"10\">\n<li><b> Zmiany w polityce prywatno\u015bci<\/b><span style=\"font-weight: 400;\"><\/span><\/li>\n<\/ol>\n<p><span style=\"font-weight: 400;\">HT-BOX.COM Sp. z o.o. zastrzega sobie prawo do wprowadzania zmian w niniejszej polityce. Aktualna wersja zawsze znajduje si\u0119 na stronie internetowej.<\/span><\/p>\n<p><span style=\"font-weight: 400;\">Data ostatniej aktualizacji: 04.04.2025<\/span><\/p>\n<p>[\/et_pb_text][\/et_pb_column][\/et_pb_row][\/et_pb_section]<\/p>\n","protected":false},"excerpt":{"rendered":"<p>Polityka prywatno\u015bci &nbsp;Polityka prywatno\u015bci HT-BOX.COM Sp. z o.o. Zgodnie z rozporz\u0105dzeniem Parlamentu Europejskiego i Rady (UE) 2016\/679 z dnia 27 kwietnia 2016 r. (RODO), przedstawiamy poni\u017csze informacje dotycz\u0105ce przetwarzania danych osobowych przez HT-BOX.COM Sp. z o.o. Administrator danych osobowych Administratorem danych osobowych jest: HT-BOX.COM Sp. z o.o.ul. Drawska 62D, 78-300 \u015awidwinKRS: 00743599NIP: PL6722091386REGON: 380928182E-mail kontaktowy: [&hellip;]<\/p>\n","protected":false},"author":6,"featured_media":0,"parent":0,"menu_order":0,"comment_status":"closed","ping_status":"closed","template":"","meta":{"_et_pb_use_builder":"on","_et_pb_old_content":"","_et_gb_content_width":"","footnotes":""},"class_list":["post-17797","page","type-page","status-publish","hentry"],"yoast_head":"<!-- This site is optimized with the Yoast SEO plugin v25.1 - https:\/\/yoast.com\/wordpress\/plugins\/seo\/ -->\n<title>Test test de | HT-BOX<\/title>\n<meta name=\"robots\" content=\"index, follow, max-snippet:-1, max-image-preview:large, max-video-preview:-1\" \/>\n<link rel=\"canonical\" href=\"https:\/\/ht-box.com\/de\/test-test\/\" \/>\n<meta property=\"og:locale\" content=\"de_DE\" \/>\n<meta property=\"og:type\" content=\"article\" \/>\n<meta property=\"og:title\" content=\"Test test de | HT-BOX\" \/>\n<meta property=\"og:description\" content=\"Polityka prywatno\u015bci &nbsp;Polityka prywatno\u015bci HT-BOX.COM Sp. z o.o. Zgodnie z rozporz\u0105dzeniem Parlamentu Europejskiego i Rady (UE) 2016\/679 z dnia 27 kwietnia 2016 r. (RODO), przedstawiamy poni\u017csze informacje dotycz\u0105ce przetwarzania danych osobowych przez HT-BOX.COM Sp. z o.o. Administrator danych osobowych Administratorem danych osobowych jest: HT-BOX.COM Sp. z o.o.ul. Drawska 62D, 78-300 \u015awidwinKRS: 00743599NIP: PL6722091386REGON: 380928182E-mail kontaktowy: [&hellip;]\" \/>\n<meta property=\"og:url\" content=\"https:\/\/ht-box.com\/de\/test-test\/\" \/>\n<meta property=\"og:site_name\" content=\"HT-BOX\" \/>\n<meta property=\"article:modified_time\" content=\"2025-07-01T09:54:38+00:00\" \/>\n<meta name=\"twitter:card\" content=\"summary_large_image\" \/>\n<meta name=\"twitter:label1\" content=\"Gesch\u00e4tzte Lesezeit\" \/>\n\t<meta name=\"twitter:data1\" content=\"3\u00a0Minuten\" \/>\n<script type=\"application\/ld+json\" class=\"yoast-schema-graph\">{\"@context\":\"https:\/\/schema.org\",\"@graph\":[{\"@type\":\"WebPage\",\"@id\":\"https:\/\/ht-box.com\/de\/test-test\/\",\"url\":\"https:\/\/ht-box.com\/de\/test-test\/\",\"name\":\"Test test de | HT-BOX\",\"isPartOf\":{\"@id\":\"https:\/\/ht-box.com\/#website\"},\"datePublished\":\"2025-07-01T09:50:40+00:00\",\"dateModified\":\"2025-07-01T09:54:38+00:00\",\"breadcrumb\":{\"@id\":\"https:\/\/ht-box.com\/de\/test-test\/#breadcrumb\"},\"inLanguage\":\"de\",\"potentialAction\":[{\"@type\":\"ReadAction\",\"target\":[\"https:\/\/ht-box.com\/de\/test-test\/\"]}]},{\"@type\":\"BreadcrumbList\",\"@id\":\"https:\/\/ht-box.com\/de\/test-test\/#breadcrumb\",\"itemListElement\":[{\"@type\":\"ListItem\",\"position\":1,\"name\":\"Home\",\"item\":\"https:\/\/ht-box.com\/de\/\"},{\"@type\":\"ListItem\",\"position\":2,\"name\":\"Test test de\"}]},{\"@type\":\"WebSite\",\"@id\":\"https:\/\/ht-box.com\/#website\",\"url\":\"https:\/\/ht-box.com\/\",\"name\":\"HT-BOX\",\"description\":\"Ht-box to producent kontener\u00f3w magazynowych do zastosowa\u0144 przemys\u0142owych, przydomowych czy Self Storage.\",\"potentialAction\":[{\"@type\":\"SearchAction\",\"target\":{\"@type\":\"EntryPoint\",\"urlTemplate\":\"https:\/\/ht-box.com\/?s={search_term_string}\"},\"query-input\":{\"@type\":\"PropertyValueSpecification\",\"valueRequired\":true,\"valueName\":\"search_term_string\"}}],\"inLanguage\":\"de\"}]}<\/script>\n<!-- \/ Yoast SEO plugin. -->","yoast_head_json":{"title":"Test test de | HT-BOX","robots":{"index":"index","follow":"follow","max-snippet":"max-snippet:-1","max-image-preview":"max-image-preview:large","max-video-preview":"max-video-preview:-1"},"canonical":"https:\/\/ht-box.com\/de\/test-test\/","og_locale":"de_DE","og_type":"article","og_title":"Test test de | HT-BOX","og_description":"Polityka prywatno\u015bci &nbsp;Polityka prywatno\u015bci HT-BOX.COM Sp. z o.o. Zgodnie z rozporz\u0105dzeniem Parlamentu Europejskiego i Rady (UE) 2016\/679 z dnia 27 kwietnia 2016 r. (RODO), przedstawiamy poni\u017csze informacje dotycz\u0105ce przetwarzania danych osobowych przez HT-BOX.COM Sp. z o.o. Administrator danych osobowych Administratorem danych osobowych jest: HT-BOX.COM Sp. z o.o.ul. Drawska 62D, 78-300 \u015awidwinKRS: 00743599NIP: PL6722091386REGON: 380928182E-mail kontaktowy: [&hellip;]","og_url":"https:\/\/ht-box.com\/de\/test-test\/","og_site_name":"HT-BOX","article_modified_time":"2025-07-01T09:54:38+00:00","twitter_card":"summary_large_image","twitter_misc":{"Gesch\u00e4tzte Lesezeit":"3\u00a0Minuten"},"schema":{"@context":"https:\/\/schema.org","@graph":[{"@type":"WebPage","@id":"https:\/\/ht-box.com\/de\/test-test\/","url":"https:\/\/ht-box.com\/de\/test-test\/","name":"Test test de | HT-BOX","isPartOf":{"@id":"https:\/\/ht-box.com\/#website"},"datePublished":"2025-07-01T09:50:40+00:00","dateModified":"2025-07-01T09:54:38+00:00","breadcrumb":{"@id":"https:\/\/ht-box.com\/de\/test-test\/#breadcrumb"},"inLanguage":"de","potentialAction":[{"@type":"ReadAction","target":["https:\/\/ht-box.com\/de\/test-test\/"]}]},{"@type":"BreadcrumbList","@id":"https:\/\/ht-box.com\/de\/test-test\/#breadcrumb","itemListElement":[{"@type":"ListItem","position":1,"name":"Home","item":"https:\/\/ht-box.com\/de\/"},{"@type":"ListItem","position":2,"name":"Test test de"}]},{"@type":"WebSite","@id":"https:\/\/ht-box.com\/#website","url":"https:\/\/ht-box.com\/","name":"HT-BOX","description":"Ht-box to producent kontener\u00f3w magazynowych do zastosowa\u0144 przemys\u0142owych, przydomowych czy Self Storage.","potentialAction":[{"@type":"SearchAction","target":{"@type":"EntryPoint","urlTemplate":"https:\/\/ht-box.com\/?s={search_term_string}"},"query-input":{"@type":"PropertyValueSpecification","valueRequired":true,"valueName":"search_term_string"}}],"inLanguage":"de"}]}},"_links":{"self":[{"href":"https:\/\/ht-box.com\/de\/wp-json\/wp\/v2\/pages\/17797","targetHints":{"allow":["GET"]}}],"collection":[{"href":"https:\/\/ht-box.com\/de\/wp-json\/wp\/v2\/pages"}],"about":[{"href":"https:\/\/ht-box.com\/de\/wp-json\/wp\/v2\/types\/page"}],"author":[{"embeddable":true,"href":"https:\/\/ht-box.com\/de\/wp-json\/wp\/v2\/users\/6"}],"replies":[{"embeddable":true,"href":"https:\/\/ht-box.com\/de\/wp-json\/wp\/v2\/comments?post=17797"}],"version-history":[{"count":2,"href":"https:\/\/ht-box.com\/de\/wp-json\/wp\/v2\/pages\/17797\/revisions"}],"predecessor-version":[{"id":17799,"href":"https:\/\/ht-box.com\/de\/wp-json\/wp\/v2\/pages\/17797\/revisions\/17799"}],"wp:attachment":[{"href":"https:\/\/ht-box.com\/de\/wp-json\/wp\/v2\/media?parent=17797"}],"curies":[{"name":"wp","href":"https:\/\/api.w.org\/{rel}","templated":true}]}}