{"id":17800,"date":"2018-06-29T13:31:23","date_gmt":"2018-06-29T13:31:23","guid":{"rendered":"https:\/\/ht-box.com\/o-firmie\/"},"modified":"2025-07-10T10:21:26","modified_gmt":"2025-07-10T10:21:26","slug":"uber-uns","status":"publish","type":"page","link":"https:\/\/ht-box.com\/de\/uber-uns\/","title":{"rendered":"\u00dcber uns"},"content":{"rendered":"<p>[et_pb_section fb_built=&#8220;1&#8243; _builder_version=&#8220;4.16&#8243; background_image=&#8220;https:\/\/ht-box.com\/wp-content\/uploads\/2020\/12\/TLO-HT-BOX-3.png&#8220; parallax=&#8220;on&#8220; custom_padding=&#8220;0|0px|0|0px|false|false&#8220; global_colors_info=&#8220;{}&#8220;][et_pb_row _builder_version=&#8220;4.16&#8243; background_enable_color=&#8220;off&#8220; width=&#8220;100%&#8220; max_width=&#8220;100%&#8220; module_alignment=&#8220;left&#8220; custom_padding=&#8220;45px|15%|4px|15%|false|true&#8220; animation_style=&#8220;slide&#8220; animation_direction=&#8220;right&#8220; global_colors_info=&#8220;{}&#8220;][et_pb_column type=&#8220;4_4&#8243; _builder_version=&#8220;4.16&#8243; custom_padding=&#8220;|||&#8220; global_colors_info=&#8220;{}&#8220; custom_padding__hover=&#8220;|||&#8220;][et_pb_text _builder_version=&#8220;4.27.4&#8243; text_font=&#8220;|800||on|||||&#8220; text_text_color=&#8220;#ffffff&#8220; text_font_size=&#8220;36px&#8220; text_line_height=&#8220;1.1em&#8220; header_font=&#8220;Work Sans|900|||||||&#8220; header_text_align=&#8220;left&#8220; header_text_color=&#8220;#434342&#8243; header_font_size=&#8220;33px&#8220; text_orientation=&#8220;center&#8220; module_alignment=&#8220;left&#8220; text_font_size_tablet=&#8220;&#8220; text_font_size_phone=&#8220;&#8220; text_font_size_last_edited=&#8220;on|desktop&#8220; text_line_height_tablet=&#8220;&#8220; text_line_height_phone=&#8220;&#8220; text_line_height_last_edited=&#8220;on|phone&#8220; global_colors_info=&#8220;{}&#8220;]<\/p>\n<h1 style=\"text-align: left;\">\u00dcber uns<\/h1>\n<p style=\"text-align: center;\"><span style=\"font-size: xx-large;\">\u00a0<\/span><\/p>\n<p>[\/et_pb_text][\/et_pb_column][\/et_pb_row][et_pb_row column_structure=&#8220;1_2,1_2&#8243; _builder_version=&#8220;4.16&#8243; background_color=&#8220;rgba(0,0,0,0.09)&#8220; width=&#8220;100%&#8220; max_width=&#8220;100%&#8220; custom_padding=&#8220;|10%||10%|false|true&#8220; animation_style=&#8220;slide&#8220; animation_direction=&#8220;right&#8220; global_colors_info=&#8220;{}&#8220;][et_pb_column type=&#8220;1_2&#8243; _builder_version=&#8220;4.16&#8243; custom_padding=&#8220;|||&#8220; global_colors_info=&#8220;{}&#8220; custom_padding__hover=&#8220;|||&#8220;][et_pb_text _builder_version=&#8220;4.27.4&#8243; text_font=&#8220;Work Sans||||||||&#8220; text_text_color=&#8220;#434342&#8243; text_font_size=&#8220;16px&#8220; text_orientation=&#8220;justified&#8220; custom_padding_tablet=&#8220;&#8220; custom_padding_phone=&#8220;|30px||20px&#8220; custom_padding_last_edited=&#8220;on|desktop&#8220; global_colors_info=&#8220;{}&#8220; custom_padding__hover_enabled=&#8220;on|desktop&#8220;]Wir sind ein schnell wachsendes Familienunternehmen mit Sitz in Polen. Seit mehreren Jahren steigern wir unseren Verkauf auf dem Markt, bieten unsere eigenen Produkte und Dienstleistungen an und helfen bei Investitionsprojekten. Wir sind ein Pionier in der Produktion von polnischen Lagerboxen. Wir zeichnen uns durch unsere hohe Qualit\u00e4t und Professionalit\u00e4t aus. Wir bieten eine breite Palette von Dienstleistungen an und streben nach vollst\u00e4ndiger Kundenzufriedenheit. Neben der Standard-Bestellhilfe k\u00f6nnen Sie auch von unserem Fachwissen in den Bereichen Landmanagement und Boxenvermietung in der Self-Storage-Branche profitieren. Wir garantieren h\u00f6chste Qualit\u00e4t der Produkte und einen professionellen und umfassenden Service bei Verladung, Transport, Entladung und Montage. F\u00fcr einen Investor bedeutet die Zusammenarbeit mit HT-BOX.COM nicht nur den Kauf eines Containers. Es geht darum, einen Partner zu gewinnen, der Zugang zu unserem Wissen, unserer Erfahrung und unserer Unterst\u00fctzung in jeder Phase der Investition hat.[\/et_pb_text][\/et_pb_column][et_pb_column type=&#8220;1_2&#8243; _builder_version=&#8220;4.16&#8243; custom_padding=&#8220;|||&#8220; global_colors_info=&#8220;{}&#8220; custom_padding__hover=&#8220;|||&#8220;][et_pb_image src=&#8220;https:\/\/ht-box.com\/wp-content\/uploads\/2025\/06\/Zespol-HT-Box-liderzy-innowacji-w-self-storage.webp&#8220; alt=&#8220;Zesp\u00f3\u0142 HT-Box &#8211; liderzy innowacji w self storage&#8220; title_text=&#8220;Zesp\u00f3\u0142 HT-Box &#8211; liderzy innowacji w self storage&#8220; _builder_version=&#8220;4.27.4&#8243; custom_margin=&#8220;-70px||||false|false&#8220; custom_margin_tablet=&#8220;-70px||||false|false&#8220; custom_margin_phone=&#8220;0px||||false|false&#8220; custom_margin_last_edited=&#8220;on|phone&#8220; border_width_all=&#8220;3px&#8220; border_color_all=&#8220;#434342&#8243; global_colors_info=&#8220;{}&#8220;][\/et_pb_image][\/et_pb_column][\/et_pb_row][et_pb_row column_structure=&#8220;1_3,1_3,1_3&#8243; use_custom_gutter=&#8220;on&#8220; gutter_width=&#8220;2&#8243; _builder_version=&#8220;4.16&#8243; background_color=&#8220;rgba(255,255,255,0.5)&#8220; width=&#8220;100%&#8220; max_width=&#8220;100%&#8220; custom_padding=&#8220;70px|13%|70px|13%|true|true&#8220; animation_style=&#8220;slide&#8220; animation_direction=&#8220;bottom&#8220; use_custom_width=&#8220;on&#8220; custom_width_px=&#8220;1139px&#8220; global_colors_info=&#8220;{}&#8220;][et_pb_column type=&#8220;1_3&#8243; _builder_version=&#8220;4.16&#8243; custom_padding=&#8220;|||&#8220; global_colors_info=&#8220;{}&#8220; custom_padding__hover=&#8220;|||&#8220;][et_pb_blurb use_icon=&#8220;on&#8220; font_icon=&#8220;&#xe109;||divi||400&#8243; icon_color=&#8220;#e31e25&#8243; image_icon_width=&#8220;45px&#8220; _builder_version=&#8220;4.27.4&#8243; header_font=&#8220;Work Sans|900||on|||||&#8220; header_text_color=&#8220;#434342&#8243; body_font=&#8220;Work Sans|500|||||||&#8220; body_text_color=&#8220;#707070&#8243; text_orientation=&#8220;center&#8220; custom_padding_tablet=&#8220;&#8220; custom_padding_phone=&#8220;&#8220; custom_padding_last_edited=&#8220;on|desktop&#8220; icon_font_size=&#8220;45px&#8220; circle_color__hover=&#8220;#af2726&#8243; circle_color__hover_enabled=&#8220;on|desktop&#8220; global_colors_info=&#8220;{}&#8220; image_icon_background_color__hover_enabled=&#8220;on|desktop&#8220;]<\/p>\n<h3 style=\"text-align: center;\"><strong>Angebot an Dienstleistungen<br \/><\/strong><\/h3>\n<p style=\"text-align: justify;\">Obwohl unser Hauptberuf die Herstellung von Selbstbedienungsboxen ist, bieten wir unseren Kunden auch viele andere Dienstleistungen an. Wir besch\u00e4ftigen Fachleute, die auf Anfrage verschiedene Arten der CNC-Bearbeitung durchf\u00fchren, sowohl komplexe als auch konventionelle. Die von uns durchgef\u00fchrten CNC-Bearbeitungen umfassen Dienstleistungen wie Drehen, Schleifen, Pulverbeschichten, Fr\u00e4sen, Biegen und Laserschneiden. Die breite Palette an Dienstleistungen und die Spezialisten, die sie ausf\u00fchren, bedeuten, dass wir sie umfassend und professionell anbieten.<\/p>\n<p>[\/et_pb_blurb][\/et_pb_column][et_pb_column type=&#8220;1_3&#8243; _builder_version=&#8220;4.16&#8243; global_colors_info=&#8220;{}&#8220; custom_padding__hover=&#8220;|||&#8220;][et_pb_blurb use_icon=&#8220;on&#8220; font_icon=&#8220;&#xe007;||divi||400&#8243; icon_color=&#8220;#e31e25&#8243; image_icon_width=&#8220;45px&#8220; _builder_version=&#8220;4.27.4&#8243; header_font=&#8220;Work Sans|900||on|||||&#8220; header_text_color=&#8220;#434342&#8243; body_font=&#8220;Work Sans|500|||||||&#8220; body_text_color=&#8220;#707070&#8243; text_orientation=&#8220;center&#8220; icon_font_size=&#8220;45px&#8220; circle_color__hover=&#8220;#af2726&#8243; circle_color__hover_enabled=&#8220;on|desktop&#8220; global_colors_info=&#8220;{}&#8220; image_icon_background_color__hover_enabled=&#8220;on|desktop&#8220;]<\/p>\n<h3 style=\"text-align: center;\"><strong>Wir bieten L\u00f6sungen f\u00fcr Self-Storage<\/strong><\/h3>\n<p style=\"text-align: justify;\">Um auf die Bed\u00fcrfnisse unserer Kunden eingehen zu k\u00f6nnen, haben wir in einen modernen Maschinenpark und gut ausgebildete Mitarbeiter investiert. Dadurch sind wir in der Lage, unsere eigenen Entw\u00fcrfe zu erstellen und sie an die Anforderungen unserer Kunden anzupassen. Die von uns gefertigten Boxen k\u00f6nnen vielseitig eingesetzt werden. Wir sind uns der wachsenden Beliebtheit von Self Storage bewusst und stellen daher auch Container f\u00fcr diese Branche her.<\/p>\n<p>[\/et_pb_blurb][\/et_pb_column][et_pb_column type=&#8220;1_3&#8243; _builder_version=&#8220;4.16&#8243; global_colors_info=&#8220;{}&#8220; custom_padding__hover=&#8220;|||&#8220;][et_pb_blurb use_icon=&#8220;on&#8220; font_icon=&#8220;&#xe021;||divi||400&#8243; icon_color=&#8220;#e31e25&#8243; image_icon_width=&#8220;45px&#8220; _builder_version=&#8220;4.27.4&#8243; header_level=&#8220;h3&#8243; header_font=&#8220;Work Sans|900|||||||&#8220; header_text_color=&#8220;#434342&#8243; body_font=&#8220;Work Sans|500|||||||&#8220; body_text_color=&#8220;#707070&#8243; text_orientation=&#8220;center&#8220; icon_font_size=&#8220;45px&#8220; circle_color__hover=&#8220;#af2726&#8243; circle_color__hover_enabled=&#8220;on|desktop&#8220; global_colors_info=&#8220;{}&#8220; image_icon_background_color__hover_enabled=&#8220;on|desktop&#8220;]<\/p>\n<h3 style=\"text-align: center;\"><strong>Professionelle Zusammenarbeit mit Unternehmern<\/strong><\/h3>\n<p style=\"text-align: justify;\">Wir setzen uns daf\u00fcr ein, dass die Kunden, die unsere Dienstleistungen in Anspruch nehmen, Container erhalten, die ihren Erwartungen voll entsprechen. Deshalb gehen wir individuell auf jeden einzelnen Kunden ein, und dank unserer gro\u00dfen Produktionsanlagen k\u00f6nnen wir auch eine gro\u00dfe Anzahl von Auftr\u00e4gen problemlos und p\u00fcnktlich ausf\u00fchren. Wir verkaufen Produkte, die langlebig und best\u00e4ndig sind, so dass sie viele Jahre lang gute Dienste leisten werden. \u00dcberzeugen Sie sich selbst!<\/p>\n<p>[\/et_pb_blurb][\/et_pb_column][\/et_pb_row][et_pb_row column_structure=&#8220;1_3,1_3,1_3&#8243; use_custom_gutter=&#8220;on&#8220; gutter_width=&#8220;1&#8243; _builder_version=&#8220;4.20.4&#8243; background_color=&#8220;rgba(0,0,0,0.09)&#8220; width=&#8220;100%&#8220; max_width=&#8220;100%&#8220; custom_padding=&#8220;0px|5%|0px|5%|false|true&#8220; animation_style=&#8220;slide&#8220; animation_direction=&#8220;right&#8220; global_colors_info=&#8220;{}&#8220;][et_pb_column type=&#8220;1_3&#8243; _builder_version=&#8220;4.16&#8243; custom_padding=&#8220;|||&#8220; global_colors_info=&#8220;{}&#8220; custom_padding__hover=&#8220;|||&#8220;][et_pb_image src=&#8220;https:\/\/ht-box.com\/wp-content\/uploads\/2025\/06\/Poznaj-wiecej-o-firmie-HT-Box-i-naszej-pasji-do-magazynowania.webp&#8220; alt=&#8220;Poznaj wi\u0119cej o firmie HT-Box i naszej pasji do magazynowania&#8220; title_text=&#8220;Poznaj wi\u0119cej o firmie HT-Box i naszej pasji do magazynowania&#8220; _builder_version=&#8220;4.27.4&#8243; custom_margin=&#8220;-35px||||false|false&#8220; border_color_all=&#8220;#434342&#8243; global_colors_info=&#8220;{}&#8220;][\/et_pb_image][\/et_pb_column][et_pb_column type=&#8220;1_3&#8243; _builder_version=&#8220;4.16&#8243; custom_padding=&#8220;|||&#8220; global_colors_info=&#8220;{}&#8220; custom_padding__hover=&#8220;|||&#8220;][et_pb_image src=&#8220;https:\/\/ht-box.com\/wp-content\/uploads\/2025\/06\/O-firmie-certyfikowana-jakosc-i-innowacyjne-rozwiazania.webp&#8220; alt=&#8220;O firmie &#8211; certyfikowana jako\u015b\u0107 i innowacyjne rozwi\u0105zania&#8220; title_text=&#8220;O firmie &#8211; certyfikowana jako\u015b\u0107 i innowacyjne rozwi\u0105zania&#8220; align_tablet=&#8220;center&#8220; align_phone=&#8220;&#8220; align_last_edited=&#8220;on|desktop&#8220; _builder_version=&#8220;4.27.4&#8243; custom_margin=&#8220;||-35px||false|false&#8220; custom_padding=&#8220;||0px|&#8220; border_color_all=&#8220;#434342&#8243; global_colors_info=&#8220;{}&#8220;][\/et_pb_image][\/et_pb_column][et_pb_column type=&#8220;1_3&#8243; _builder_version=&#8220;4.16&#8243; custom_padding=&#8220;|||&#8220; global_colors_info=&#8220;{}&#8220; custom_padding__hover=&#8220;|||&#8220;][et_pb_image src=&#8220;https:\/\/ht-box.com\/wp-content\/uploads\/2025\/06\/Dowiedz-sie-o-firmie-tworzacej-przyszlosc-self-storage.webp&#8220; alt=&#8220;Dowiedz si\u0119 o firmie tworz\u0105cej przysz\u0142o\u015b\u0107 self storage&#8220; title_text=&#8220;Dowiedz si\u0119 o firmie tworz\u0105cej przysz\u0142o\u015b\u0107 self storage&#8220; align_tablet=&#8220;center&#8220; align_phone=&#8220;&#8220; align_last_edited=&#8220;on|desktop&#8220; _builder_version=&#8220;4.27.4&#8243; custom_margin=&#8220;35px||-35px||false|false&#8220; custom_padding=&#8220;||0px|&#8220; border_color_all=&#8220;#434342&#8243; global_colors_info=&#8220;{}&#8220;][\/et_pb_image][\/et_pb_column][\/et_pb_row][et_pb_row _builder_version=&#8220;4.16&#8243; background_color=&#8220;#ffffff&#8220; width=&#8220;100%&#8220; max_width=&#8220;100%&#8220; custom_padding=&#8220;70px|14%|70px|14%|true|true&#8220; animation_direction=&#8220;right&#8220; locked=&#8220;off&#8220; global_colors_info=&#8220;{}&#8220;][et_pb_column type=&#8220;4_4&#8243; _builder_version=&#8220;4.16&#8243; custom_padding=&#8220;|||&#8220; global_colors_info=&#8220;{}&#8220; custom_padding__hover=&#8220;|||&#8220;][et_pb_text _builder_version=&#8220;4.27.4&#8243; text_font=&#8220;|800||on|||||&#8220; text_text_color=&#8220;#ffffff&#8220; text_font_size=&#8220;36px&#8220; text_line_height=&#8220;1.1em&#8220; header_font=&#8220;Work Sans|900|||||||&#8220; header_text_align=&#8220;left&#8220; header_text_color=&#8220;#434342&#8243; header_font_size=&#8220;24px&#8220; header_3_font=&#8220;Work Sans|900||on|||||&#8220; header_3_text_align=&#8220;left&#8220; header_3_text_color=&#8220;#6d6d6d&#8220; text_orientation=&#8220;center&#8220; hover_enabled=&#8220;0&#8243; text_font_size_tablet=&#8220;&#8220; text_font_size_phone=&#8220;&#8220; text_font_size_last_edited=&#8220;on|desktop&#8220; text_line_height_tablet=&#8220;&#8220; text_line_height_phone=&#8220;&#8220; text_line_height_last_edited=&#8220;on|phone&#8220; global_colors_info=&#8220;{}&#8220; sticky_enabled=&#8220;0&#8243;]<\/p>\n<div class=\"et_pb_module et_pb_text et_pb_text_1  et_pb_text_align_left et_pb_bg_layout_light\">\n<div class=\"et_pb_text_inner\">\n<h2>Unternehmen, die uns vertraut haben<\/h2>\n<\/div>\n<\/div>\n<p>[\/et_pb_text][et_pb_image src=&#8220;https:\/\/ht-box.com\/wp-content\/uploads\/2018\/12\/ZAUFALI-NAM.jpg&#8220; _builder_version=&#8220;4.16&#8243; global_colors_info=&#8220;{}&#8220;][\/et_pb_image][\/et_pb_column][\/et_pb_row][\/et_pb_section]<\/p>\n","protected":false},"excerpt":{"rendered":"<p>\u00dcber uns \u00a0Wir sind ein schnell wachsendes Familienunternehmen mit Sitz in Polen. Seit mehreren Jahren steigern wir unseren Verkauf auf dem Markt, bieten unsere eigenen Produkte und Dienstleistungen an und helfen bei Investitionsprojekten. Wir sind ein Pionier in der Produktion von polnischen Lagerboxen. Wir zeichnen uns durch unsere hohe Qualit\u00e4t und Professionalit\u00e4t aus. Wir bieten [&hellip;]<\/p>\n","protected":false},"author":1,"featured_media":0,"parent":0,"menu_order":0,"comment_status":"closed","ping_status":"closed","template":"","meta":{"_et_pb_use_builder":"on","_et_pb_old_content":"","_et_gb_content_width":"","footnotes":""},"class_list":["post-17800","page","type-page","status-publish","hentry"],"yoast_head":"<!-- This site is optimized with the Yoast SEO plugin v25.1 - https:\/\/yoast.com\/wordpress\/plugins\/seo\/ -->\n<title>O firmie | HT-BOX<\/title>\n<meta name=\"description\" content=\"Specjalizacj\u0105 naszej firmy jest produkcja sk\u0142adanych kontener\u00f3w magazynowych oraz budowlanych. Mog\u0105 Pa\u0144stwo liczy\u0107 na doradztwo oraz terminow\u0105 realizacj\u0119 projekt\u00f3w.\" \/>\n<meta name=\"robots\" content=\"index, follow, max-snippet:-1, max-image-preview:large, max-video-preview:-1\" \/>\n<link rel=\"canonical\" href=\"https:\/\/ht-box.com\/de\/uber-uns\/\" \/>\n<meta property=\"og:locale\" content=\"de_DE\" \/>\n<meta property=\"og:type\" content=\"article\" \/>\n<meta property=\"og:title\" content=\"O firmie | HT-BOX\" \/>\n<meta property=\"og:description\" content=\"Specjalizacj\u0105 naszej firmy jest produkcja sk\u0142adanych kontener\u00f3w magazynowych oraz budowlanych. Mog\u0105 Pa\u0144stwo liczy\u0107 na doradztwo oraz terminow\u0105 realizacj\u0119 projekt\u00f3w.\" \/>\n<meta property=\"og:url\" content=\"https:\/\/ht-box.com\/de\/uber-uns\/\" \/>\n<meta property=\"og:site_name\" content=\"HT-BOX\" \/>\n<meta property=\"article:modified_time\" content=\"2025-07-10T10:21:26+00:00\" \/>\n<meta name=\"twitter:card\" content=\"summary_large_image\" \/>\n<meta name=\"twitter:label1\" content=\"Gesch\u00e4tzte Lesezeit\" \/>\n\t<meta name=\"twitter:data1\" content=\"3\u00a0Minuten\" \/>\n<script type=\"application\/ld+json\" class=\"yoast-schema-graph\">{\"@context\":\"https:\/\/schema.org\",\"@graph\":[{\"@type\":\"WebPage\",\"@id\":\"https:\/\/ht-box.com\/de\/uber-uns\/\",\"url\":\"https:\/\/ht-box.com\/de\/uber-uns\/\",\"name\":\"O firmie | HT-BOX\",\"isPartOf\":{\"@id\":\"https:\/\/ht-box.com\/#website\"},\"datePublished\":\"2018-06-29T13:31:23+00:00\",\"dateModified\":\"2025-07-10T10:21:26+00:00\",\"description\":\"Specjalizacj\u0105 naszej firmy jest produkcja sk\u0142adanych kontener\u00f3w magazynowych oraz budowlanych. Mog\u0105 Pa\u0144stwo liczy\u0107 na doradztwo oraz terminow\u0105 realizacj\u0119 projekt\u00f3w.\",\"breadcrumb\":{\"@id\":\"https:\/\/ht-box.com\/de\/uber-uns\/#breadcrumb\"},\"inLanguage\":\"de\",\"potentialAction\":[{\"@type\":\"ReadAction\",\"target\":[\"https:\/\/ht-box.com\/de\/uber-uns\/\"]}]},{\"@type\":\"BreadcrumbList\",\"@id\":\"https:\/\/ht-box.com\/de\/uber-uns\/#breadcrumb\",\"itemListElement\":[{\"@type\":\"ListItem\",\"position\":1,\"name\":\"Home\",\"item\":\"https:\/\/ht-box.com\/de\/\"},{\"@type\":\"ListItem\",\"position\":2,\"name\":\"\u00dcber uns\"}]},{\"@type\":\"WebSite\",\"@id\":\"https:\/\/ht-box.com\/#website\",\"url\":\"https:\/\/ht-box.com\/\",\"name\":\"HT-BOX\",\"description\":\"Ht-box to producent kontener\u00f3w magazynowych do zastosowa\u0144 przemys\u0142owych, przydomowych czy Self Storage.\",\"potentialAction\":[{\"@type\":\"SearchAction\",\"target\":{\"@type\":\"EntryPoint\",\"urlTemplate\":\"https:\/\/ht-box.com\/?s={search_term_string}\"},\"query-input\":{\"@type\":\"PropertyValueSpecification\",\"valueRequired\":true,\"valueName\":\"search_term_string\"}}],\"inLanguage\":\"de\"}]}<\/script>\n<!-- \/ Yoast SEO plugin. -->","yoast_head_json":{"title":"O firmie | HT-BOX","description":"Specjalizacj\u0105 naszej firmy jest produkcja sk\u0142adanych kontener\u00f3w magazynowych oraz budowlanych. Mog\u0105 Pa\u0144stwo liczy\u0107 na doradztwo oraz terminow\u0105 realizacj\u0119 projekt\u00f3w.","robots":{"index":"index","follow":"follow","max-snippet":"max-snippet:-1","max-image-preview":"max-image-preview:large","max-video-preview":"max-video-preview:-1"},"canonical":"https:\/\/ht-box.com\/de\/uber-uns\/","og_locale":"de_DE","og_type":"article","og_title":"O firmie | HT-BOX","og_description":"Specjalizacj\u0105 naszej firmy jest produkcja sk\u0142adanych kontener\u00f3w magazynowych oraz budowlanych. Mog\u0105 Pa\u0144stwo liczy\u0107 na doradztwo oraz terminow\u0105 realizacj\u0119 projekt\u00f3w.","og_url":"https:\/\/ht-box.com\/de\/uber-uns\/","og_site_name":"HT-BOX","article_modified_time":"2025-07-10T10:21:26+00:00","twitter_card":"summary_large_image","twitter_misc":{"Gesch\u00e4tzte Lesezeit":"3\u00a0Minuten"},"schema":{"@context":"https:\/\/schema.org","@graph":[{"@type":"WebPage","@id":"https:\/\/ht-box.com\/de\/uber-uns\/","url":"https:\/\/ht-box.com\/de\/uber-uns\/","name":"O firmie | HT-BOX","isPartOf":{"@id":"https:\/\/ht-box.com\/#website"},"datePublished":"2018-06-29T13:31:23+00:00","dateModified":"2025-07-10T10:21:26+00:00","description":"Specjalizacj\u0105 naszej firmy jest produkcja sk\u0142adanych kontener\u00f3w magazynowych oraz budowlanych. Mog\u0105 Pa\u0144stwo liczy\u0107 na doradztwo oraz terminow\u0105 realizacj\u0119 projekt\u00f3w.","breadcrumb":{"@id":"https:\/\/ht-box.com\/de\/uber-uns\/#breadcrumb"},"inLanguage":"de","potentialAction":[{"@type":"ReadAction","target":["https:\/\/ht-box.com\/de\/uber-uns\/"]}]},{"@type":"BreadcrumbList","@id":"https:\/\/ht-box.com\/de\/uber-uns\/#breadcrumb","itemListElement":[{"@type":"ListItem","position":1,"name":"Home","item":"https:\/\/ht-box.com\/de\/"},{"@type":"ListItem","position":2,"name":"\u00dcber uns"}]},{"@type":"WebSite","@id":"https:\/\/ht-box.com\/#website","url":"https:\/\/ht-box.com\/","name":"HT-BOX","description":"Ht-box to producent kontener\u00f3w magazynowych do zastosowa\u0144 przemys\u0142owych, przydomowych czy Self Storage.","potentialAction":[{"@type":"SearchAction","target":{"@type":"EntryPoint","urlTemplate":"https:\/\/ht-box.com\/?s={search_term_string}"},"query-input":{"@type":"PropertyValueSpecification","valueRequired":true,"valueName":"search_term_string"}}],"inLanguage":"de"}]}},"_links":{"self":[{"href":"https:\/\/ht-box.com\/de\/wp-json\/wp\/v2\/pages\/17800","targetHints":{"allow":["GET"]}}],"collection":[{"href":"https:\/\/ht-box.com\/de\/wp-json\/wp\/v2\/pages"}],"about":[{"href":"https:\/\/ht-box.com\/de\/wp-json\/wp\/v2\/types\/page"}],"author":[{"embeddable":true,"href":"https:\/\/ht-box.com\/de\/wp-json\/wp\/v2\/users\/1"}],"replies":[{"embeddable":true,"href":"https:\/\/ht-box.com\/de\/wp-json\/wp\/v2\/comments?post=17800"}],"version-history":[{"count":9,"href":"https:\/\/ht-box.com\/de\/wp-json\/wp\/v2\/pages\/17800\/revisions"}],"predecessor-version":[{"id":18873,"href":"https:\/\/ht-box.com\/de\/wp-json\/wp\/v2\/pages\/17800\/revisions\/18873"}],"wp:attachment":[{"href":"https:\/\/ht-box.com\/de\/wp-json\/wp\/v2\/media?parent=17800"}],"curies":[{"name":"wp","href":"https:\/\/api.w.org\/{rel}","templated":true}]}}