{"id":17878,"date":"2018-07-16T15:33:28","date_gmt":"2018-07-16T15:33:28","guid":{"rendered":"https:\/\/ht-box.com\/akcesoria\/"},"modified":"2025-07-07T19:06:57","modified_gmt":"2025-07-07T19:06:57","slug":"self-storage-box-zubehor","status":"publish","type":"page","link":"https:\/\/ht-box.com\/de\/self-storage-box-zubehor\/","title":{"rendered":"Self-Storage Box Zubeh\u00f6r"},"content":{"rendered":"<p>[et_pb_section fb_built=&#8220;1&#8243; _builder_version=&#8220;4.16&#8243; background_image=&#8220;https:\/\/ht-box.com\/wp-content\/uploads\/2020\/12\/TLO-HT-BOX-3.png&#8220; parallax=&#8220;on&#8220; parallax_method=&#8220;off&#8220; custom_margin=&#8220;|||&#8220; custom_padding=&#8220;0|0px|0||false|false&#8220; locked=&#8220;off&#8220; global_colors_info=&#8220;{}&#8220;][et_pb_row _builder_version=&#8220;4.16&#8243; _module_preset=&#8220;default&#8220; global_colors_info=&#8220;{}&#8220;][et_pb_column type=&#8220;4_4&#8243; _builder_version=&#8220;4.16&#8243; _module_preset=&#8220;default&#8220; global_colors_info=&#8220;{}&#8220;][et_pb_code _builder_version=&#8220;4.27.4&#8243; _module_preset=&#8220;default&#8220; global_colors_info=&#8220;{}&#8220;] <\/p>\n<h1 style=\"font-family: 'Work Sans',Helvetica,Arial,Lucida,sans-serif; font-weight: 900; font-size: 33px; color: #434342!important; padding-bottom: 10px; line-height: 1em; text-align: left !important;\">Self-Storage Box Zubeh\u00f6r<\/h1>\n<p>[\/et_pb_code][\/et_pb_column][\/et_pb_row][et_pb_row column_structure=&#8220;1_3,2_3&#8243; _builder_version=&#8220;4.20.4&#8243; width=&#8220;100%&#8220; max_width=&#8220;100%&#8220; module_alignment=&#8220;center&#8220; custom_padding=&#8220;30px|15%|0px|15%|false|true&#8220; border_color_bottom=&#8220;#ffffff&#8220; global_colors_info=&#8220;{}&#8220; background_enable_color=&#8220;off&#8220;][et_pb_column type=&#8220;1_3&#8243; _builder_version=&#8220;4.16&#8243; custom_padding=&#8220;|||&#8220; global_colors_info=&#8220;{}&#8220; custom_padding__hover=&#8220;|||&#8220;][et_pb_image src=&#8220;https:\/\/ht-box.com\/wp-content\/uploads\/2025\/06\/Akcesoria-fotowoltaiczne-ramy-pod-panele-sloneczne-do-kontenerow.webp&#8220; alt=&#8220;Akcesoria fotowoltaiczne &#8211; ramy pod panele s\u0142oneczne do kontener\u00f3w&#8220; title_text=&#8220;Akcesoria fotowoltaiczne &#8211; ramy pod panele s\u0142oneczne do kontener\u00f3w&#8220; align_tablet=&#8220;center&#8220; align_phone=&#8220;&#8220; align_last_edited=&#8220;on|desktop&#8220; _builder_version=&#8220;4.27.4&#8243; background_enable_color=&#8220;off&#8220; width=&#8220;80%&#8220; custom_padding=&#8220;25px||30px|&#8220; global_colors_info=&#8220;{}&#8220;][\/et_pb_image][\/et_pb_column][et_pb_column type=&#8220;2_3&#8243; _builder_version=&#8220;4.16&#8243; custom_padding=&#8220;|||&#8220; global_colors_info=&#8220;{}&#8220; custom_padding__hover=&#8220;|||&#8220;][et_pb_text _builder_version=&#8220;4.27.4&#8243; text_text_color=&#8220;#434342&#8243; header_text_color=&#8220;#434342&#8243; header_2_font=&#8220;|700|||||||&#8220; header_2_text_color=&#8220;#434342&#8243; header_2_font_size=&#8220;30px&#8220; header_3_text_color=&#8220;#434342&#8243; header_3_line_height=&#8220;1.4em&#8220; background_layout=&#8220;dark&#8220; custom_padding=&#8220;||20px|&#8220; global_colors_info=&#8220;{}&#8220;]<\/p>\n<h2>Solarmodul-Montagesystem<\/h2>\n<p>&nbsp;<\/p>\n<p>&nbsp;<\/p>\n<p>Solarmodule k\u00f6nnen dank unseres Montagesystems sicher und zuverl\u00e4ssig installiert werden<\/p>\n<p>&nbsp;<\/p>\n<p>[\/et_pb_text][\/et_pb_column][\/et_pb_row][et_pb_row _builder_version=&#8220;4.16&#8243; custom_padding=&#8220;0px||3px||false|false&#8220; locked=&#8220;off&#8220; global_colors_info=&#8220;{}&#8220;][et_pb_column type=&#8220;4_4&#8243; _builder_version=&#8220;4.16&#8243; global_colors_info=&#8220;{}&#8220;][et_pb_divider color=&#8220;#dddddd&#8220; divider_position=&#8220;center&#8220; divider_weight=&#8220;2px&#8220; _builder_version=&#8220;4.16&#8243; locked=&#8220;off&#8220; global_colors_info=&#8220;{}&#8220;][\/et_pb_divider][\/et_pb_column][\/et_pb_row][et_pb_row column_structure=&#8220;1_3,2_3&#8243; _builder_version=&#8220;4.17.0&#8243; width=&#8220;100%&#8220; max_width=&#8220;100%&#8220; module_alignment=&#8220;center&#8220; custom_padding=&#8220;30px|15%|0px|15%|false|true&#8220; border_color_bottom=&#8220;#ffffff&#8220; global_colors_info=&#8220;{}&#8220; background_enable_color=&#8220;off&#8220;][et_pb_column type=&#8220;1_3&#8243; _builder_version=&#8220;4.16&#8243; custom_padding=&#8220;|||&#8220; global_colors_info=&#8220;{}&#8220; custom_padding__hover=&#8220;|||&#8220;][et_pb_image src=&#8220;https:\/\/ht-box.com\/wp-content\/uploads\/2025\/06\/Akcesoria-bezpieczenstwa-zasuwy-i-baskwile-dedykowane-branzy-Self-Storage.webp&#8220; alt=&#8220;Anti-Einbruchs-Bar&#8220; title_text=&#8220;Anti-Einbruchs-Bar&#8220; align_tablet=&#8220;center&#8220; align_phone=&#8220;&#8220; align_last_edited=&#8220;on|desktop&#8220; _builder_version=&#8220;4.27.4&#8243; background_enable_color=&#8220;off&#8220; custom_padding=&#8220;25px||30px|&#8220; global_colors_info=&#8220;{}&#8220;][\/et_pb_image][\/et_pb_column][et_pb_column type=&#8220;2_3&#8243; _builder_version=&#8220;4.16&#8243; custom_padding=&#8220;|||&#8220; global_colors_info=&#8220;{}&#8220; custom_padding__hover=&#8220;|||&#8220;][et_pb_text _builder_version=&#8220;4.27.4&#8243; text_text_color=&#8220;#434342&#8243; header_text_color=&#8220;#434342&#8243; header_2_font=&#8220;|700|||||||&#8220; header_2_text_color=&#8220;#434342&#8243; header_2_font_size=&#8220;30px&#8220; header_3_text_color=&#8220;#434342&#8243; header_3_line_height=&#8220;1.4em&#8220; background_layout=&#8220;dark&#8220; custom_padding=&#8220;||20px|&#8220; global_colors_info=&#8220;{}&#8220;]<\/p>\n<h2>Anti-Einbruchs-Bar<\/h2>\n<p>&nbsp;<\/p>\n<p>&nbsp;<\/p>\n<p>Erh\u00f6ht die Sicherheit der Box, kann auf Wunsch des Kunden hinzugef\u00fcgt werden.<\/p>\n<p>&nbsp;[\/et_pb_text][\/et_pb_column][\/et_pb_row][et_pb_row _builder_version=&#8220;4.16&#8243; custom_padding=&#8220;0px||3px||false|false&#8220; locked=&#8220;off&#8220; global_colors_info=&#8220;{}&#8220;][et_pb_column type=&#8220;4_4&#8243; _builder_version=&#8220;4.16&#8243; global_colors_info=&#8220;{}&#8220;][et_pb_divider color=&#8220;#dddddd&#8220; divider_position=&#8220;center&#8220; divider_weight=&#8220;2px&#8220; _builder_version=&#8220;4.16&#8243; locked=&#8220;off&#8220; global_colors_info=&#8220;{}&#8220;][\/et_pb_divider][\/et_pb_column][\/et_pb_row][et_pb_row column_structure=&#8220;1_3,2_3&#8243; _builder_version=&#8220;4.17.0&#8243; global_colors_info=&#8220;{}&#8220;][et_pb_column type=&#8220;1_3&#8243; _builder_version=&#8220;4.16&#8243; custom_padding=&#8220;|||&#8220; global_colors_info=&#8220;{}&#8220; custom_padding__hover=&#8220;|||&#8220;][et_pb_image src=&#8220;https:\/\/ht-box.com\/wp-content\/uploads\/2025\/06\/Akcesoria-transportowe-specjalne-naroza-umozliwiajace-transport-HDS.webp&#8220; alt=&#8220;Rampe Self-Storage&#8220; title_text=&#8220;Rampe Self-Storage&#8220; align_tablet=&#8220;center&#8220; align_phone=&#8220;&#8220; align_last_edited=&#8220;on|desktop&#8220; _builder_version=&#8220;4.27.4&#8243; background_enable_color=&#8220;off&#8220; max_width=&#8220;91%&#8220; custom_padding=&#8220;||20px|&#8220; global_colors_info=&#8220;{}&#8220;][\/et_pb_image][\/et_pb_column][et_pb_column type=&#8220;2_3&#8243; _builder_version=&#8220;4.16&#8243; custom_padding=&#8220;|||&#8220; global_colors_info=&#8220;{}&#8220; custom_padding__hover=&#8220;|||&#8220;][et_pb_text _builder_version=&#8220;4.17.0&#8243; text_text_color=&#8220;#434342&#8243; header_text_color=&#8220;#434342&#8243; header_2_font=&#8220;|700|||||||&#8220; header_2_text_color=&#8220;#434342&#8243; header_2_font_size=&#8220;30px&#8220; header_3_text_color=&#8220;#434342&#8243; header_3_line_height=&#8220;1.4em&#8220; background_layout=&#8220;dark&#8220; custom_padding=&#8220;||20px|&#8220; global_colors_info=&#8220;{}&#8220;]<\/p>\n<h2>Rampe<\/h2>\n<p>&nbsp;<\/p>\n<p>&nbsp;<\/p>\n<p>Verbessert die Arbeit mit schweren und sperrigen Lasten.<\/p>\n<p>&nbsp;<\/p>\n<p>[\/et_pb_text][\/et_pb_column][\/et_pb_row][et_pb_row _builder_version=&#8220;4.16&#8243; custom_padding=&#8220;0px||3px||false|false&#8220; locked=&#8220;off&#8220; global_colors_info=&#8220;{}&#8220;][et_pb_column type=&#8220;4_4&#8243; _builder_version=&#8220;4.16&#8243; global_colors_info=&#8220;{}&#8220;][et_pb_divider color=&#8220;#dddddd&#8220; divider_position=&#8220;center&#8220; divider_weight=&#8220;2px&#8220; _builder_version=&#8220;4.16&#8243; locked=&#8220;off&#8220; global_colors_info=&#8220;{}&#8220;][\/et_pb_divider][\/et_pb_column][\/et_pb_row][et_pb_row column_structure=&#8220;1_3,2_3&#8243; _builder_version=&#8220;4.20.4&#8243; global_colors_info=&#8220;{}&#8220;][et_pb_column type=&#8220;1_3&#8243; _builder_version=&#8220;4.16&#8243; custom_padding=&#8220;|||&#8220; global_colors_info=&#8220;{}&#8220; custom_padding__hover=&#8220;|||&#8220;][et_pb_image src=&#8220;https:\/\/ht-box.com\/wp-content\/uploads\/2025\/06\/Akcesoria-montazowe-system-schodow-i-barierek.webp&#8220; alt=&#8220;Akcesoria monta\u017cowe &#8211; system schod\u00f3w i barierek&#8220; title_text=&#8220;Akcesoria monta\u017cowe &#8211; system schod\u00f3w i barierek&#8220; align_tablet=&#8220;center&#8220; align_phone=&#8220;&#8220; align_last_edited=&#8220;on|desktop&#8220; _builder_version=&#8220;4.27.4&#8243; global_colors_info=&#8220;{}&#8220;][\/et_pb_image][\/et_pb_column][et_pb_column type=&#8220;2_3&#8243; _builder_version=&#8220;4.16&#8243; custom_padding=&#8220;|||&#8220; global_colors_info=&#8220;{}&#8220; custom_padding__hover=&#8220;|||&#8220;][et_pb_text _builder_version=&#8220;4.27.4&#8243; text_text_color=&#8220;#434342&#8243; header_text_color=&#8220;#434342&#8243; header_2_font=&#8220;|700|||||||&#8220; header_2_text_color=&#8220;#434342&#8243; header_2_font_size=&#8220;30px&#8220; header_3_text_color=&#8220;#434342&#8243; header_3_line_height=&#8220;1.4em&#8220; background_layout=&#8220;dark&#8220; custom_padding=&#8220;||20px|&#8220; global_colors_info=&#8220;{}&#8220;]<\/p>\n<h2>Treppen<\/h2>\n<p>&nbsp;<\/p>\n<p>&nbsp;<\/p>\n<p>Ein Treppen- undTreppenabstellungsystem, das beim Stapeln von Boxen verwendet wird.<\/p>\n<p>&nbsp;<\/p>\n<p>[\/et_pb_text][\/et_pb_column][\/et_pb_row][et_pb_row _builder_version=&#8220;4.16&#8243; locked=&#8220;off&#8220; global_colors_info=&#8220;{}&#8220;][et_pb_column type=&#8220;4_4&#8243; _builder_version=&#8220;4.16&#8243; global_colors_info=&#8220;{}&#8220;][et_pb_divider color=&#8220;#dddddd&#8220; divider_position=&#8220;center&#8220; divider_weight=&#8220;2px&#8220; _builder_version=&#8220;4.16&#8243; locked=&#8220;off&#8220; global_colors_info=&#8220;{}&#8220;][\/et_pb_divider][\/et_pb_column][\/et_pb_row][et_pb_row column_structure=&#8220;1_3,2_3&#8243; _builder_version=&#8220;4.20.4&#8243; width=&#8220;100%&#8220; max_width=&#8220;100%&#8220; module_alignment=&#8220;center&#8220; custom_padding=&#8220;30px|15%|70px|15%|false|true&#8220; border_color_bottom=&#8220;#ffffff&#8220; global_colors_info=&#8220;{}&#8220; background_enable_color=&#8220;off&#8220;][et_pb_column type=&#8220;1_3&#8243; _builder_version=&#8220;4.16&#8243; custom_padding=&#8220;|||&#8220; global_colors_info=&#8220;{}&#8220; custom_padding__hover=&#8220;|||&#8220;][et_pb_image src=&#8220;https:\/\/ht-box.com\/wp-content\/uploads\/2025\/06\/Akcesoria-oswietleniowe-wysiegniki-do-lamp-i-monitoringu-kontenerow.webp&#8220; alt=&#8220;Treppen&#8220; title_text=&#8220;Treppen&#8220; align_tablet=&#8220;center&#8220; align_phone=&#8220;&#8220; align_last_edited=&#8220;on|desktop&#8220; _builder_version=&#8220;4.27.4&#8243; global_colors_info=&#8220;{}&#8220;][\/et_pb_image][\/et_pb_column][et_pb_column type=&#8220;2_3&#8243; _builder_version=&#8220;4.16&#8243; custom_padding=&#8220;|||&#8220; global_colors_info=&#8220;{}&#8220; custom_padding__hover=&#8220;|||&#8220;][et_pb_text _builder_version=&#8220;4.27.4&#8243; text_text_color=&#8220;#434342&#8243; header_text_color=&#8220;#434342&#8243; header_2_font=&#8220;|700|||||||&#8220; header_2_text_color=&#8220;#434342&#8243; header_2_font_size=&#8220;30px&#8220; header_3_text_color=&#8220;#434342&#8243; header_3_line_height=&#8220;1.4em&#8220; background_layout=&#8220;dark&#8220; custom_padding=&#8220;||20px|&#8220; global_colors_info=&#8220;{}&#8220;]<\/p>\n<h2>Beleuchtungs- und \u00dcberwachungsmast<\/h2>\n<p>&nbsp;<\/p>\n<p>&nbsp;<\/p>\n<p>Ein speziell konzipierter Mast erleichtert die Installation von Beleuchtung und \u00dcberwachungskameras.<\/p>\n<p>[\/et_pb_text][\/et_pb_column][\/et_pb_row][\/et_pb_section]<\/p>\n","protected":false},"excerpt":{"rendered":"<p>Solarmodul-Montagesystem &nbsp; &nbsp; Solarmodule k\u00f6nnen dank unseres Montagesystems sicher und zuverl\u00e4ssig installiert werden &nbsp;Anti-Einbruchs-Bar &nbsp; &nbsp; Erh\u00f6ht die Sicherheit der Box, kann auf Wunsch des Kunden hinzugef\u00fcgt werden. &nbsp;Rampe &nbsp; &nbsp; Verbessert die Arbeit mit schweren und sperrigen Lasten. &nbsp;Treppen &nbsp; &nbsp; Ein Treppen- undTreppenabstellungsystem, das beim Stapeln von Boxen verwendet wird. &nbsp;Beleuchtungs- und \u00dcberwachungsmast [&hellip;]<\/p>\n","protected":false},"author":1,"featured_media":0,"parent":0,"menu_order":0,"comment_status":"closed","ping_status":"closed","template":"","meta":{"_et_pb_use_builder":"on","_et_pb_old_content":"","_et_gb_content_width":"","footnotes":""},"class_list":["post-17878","page","type-page","status-publish","hentry"],"yoast_head":"<!-- This site is optimized with the Yoast SEO plugin v25.1 - https:\/\/yoast.com\/wordpress\/plugins\/seo\/ -->\n<title>Akcesoria Do Kontener\u00f3w Self Storage | HT-BOX<\/title>\n<meta name=\"description\" content=\"Profesjonalne akcesoria kontener\u00f3w: maszty LED, sztaby antyw\u0142amaniowe, podjazdy HDS, systemy zamkni\u0119\u0107. Sprawd\u017a ofert\u0119 HT-Box!\" \/>\n<meta name=\"robots\" content=\"index, follow, max-snippet:-1, max-image-preview:large, max-video-preview:-1\" \/>\n<link rel=\"canonical\" href=\"https:\/\/ht-box.com\/de\/self-storage-box-zubehor\/\" \/>\n<meta property=\"og:locale\" content=\"de_DE\" \/>\n<meta property=\"og:type\" content=\"article\" \/>\n<meta property=\"og:title\" content=\"Akcesoria Do Kontener\u00f3w Self Storage | HT-BOX\" \/>\n<meta property=\"og:description\" content=\"Profesjonalne akcesoria kontener\u00f3w: maszty LED, sztaby antyw\u0142amaniowe, podjazdy HDS, systemy zamkni\u0119\u0107. Sprawd\u017a ofert\u0119 HT-Box!\" \/>\n<meta property=\"og:url\" content=\"https:\/\/ht-box.com\/de\/self-storage-box-zubehor\/\" \/>\n<meta property=\"og:site_name\" content=\"HT-BOX\" \/>\n<meta property=\"article:modified_time\" content=\"2025-07-07T19:06:57+00:00\" \/>\n<meta name=\"twitter:card\" content=\"summary_large_image\" \/>\n<meta name=\"twitter:label1\" content=\"Gesch\u00e4tzte Lesezeit\" \/>\n\t<meta name=\"twitter:data1\" content=\"2\u00a0Minuten\" \/>\n<script type=\"application\/ld+json\" class=\"yoast-schema-graph\">{\"@context\":\"https:\/\/schema.org\",\"@graph\":[{\"@type\":\"WebPage\",\"@id\":\"https:\/\/ht-box.com\/de\/self-storage-box-zubehor\/\",\"url\":\"https:\/\/ht-box.com\/de\/self-storage-box-zubehor\/\",\"name\":\"Akcesoria Do Kontener\u00f3w Self Storage | HT-BOX\",\"isPartOf\":{\"@id\":\"https:\/\/ht-box.com\/#website\"},\"datePublished\":\"2018-07-16T15:33:28+00:00\",\"dateModified\":\"2025-07-07T19:06:57+00:00\",\"description\":\"Profesjonalne akcesoria kontener\u00f3w: maszty LED, sztaby antyw\u0142amaniowe, podjazdy HDS, systemy zamkni\u0119\u0107. Sprawd\u017a ofert\u0119 HT-Box!\",\"breadcrumb\":{\"@id\":\"https:\/\/ht-box.com\/de\/self-storage-box-zubehor\/#breadcrumb\"},\"inLanguage\":\"de\",\"potentialAction\":[{\"@type\":\"ReadAction\",\"target\":[\"https:\/\/ht-box.com\/de\/self-storage-box-zubehor\/\"]}]},{\"@type\":\"BreadcrumbList\",\"@id\":\"https:\/\/ht-box.com\/de\/self-storage-box-zubehor\/#breadcrumb\",\"itemListElement\":[{\"@type\":\"ListItem\",\"position\":1,\"name\":\"Home\",\"item\":\"https:\/\/ht-box.com\/de\/\"},{\"@type\":\"ListItem\",\"position\":2,\"name\":\"Self-Storage Box Zubeh\u00f6r\"}]},{\"@type\":\"WebSite\",\"@id\":\"https:\/\/ht-box.com\/#website\",\"url\":\"https:\/\/ht-box.com\/\",\"name\":\"HT-BOX\",\"description\":\"Ht-box to producent kontener\u00f3w magazynowych do zastosowa\u0144 przemys\u0142owych, przydomowych czy Self Storage.\",\"potentialAction\":[{\"@type\":\"SearchAction\",\"target\":{\"@type\":\"EntryPoint\",\"urlTemplate\":\"https:\/\/ht-box.com\/?s={search_term_string}\"},\"query-input\":{\"@type\":\"PropertyValueSpecification\",\"valueRequired\":true,\"valueName\":\"search_term_string\"}}],\"inLanguage\":\"de\"}]}<\/script>\n<!-- \/ Yoast SEO plugin. -->","yoast_head_json":{"title":"Akcesoria Do Kontener\u00f3w Self Storage | HT-BOX","description":"Profesjonalne akcesoria kontener\u00f3w: maszty LED, sztaby antyw\u0142amaniowe, podjazdy HDS, systemy zamkni\u0119\u0107. Sprawd\u017a ofert\u0119 HT-Box!","robots":{"index":"index","follow":"follow","max-snippet":"max-snippet:-1","max-image-preview":"max-image-preview:large","max-video-preview":"max-video-preview:-1"},"canonical":"https:\/\/ht-box.com\/de\/self-storage-box-zubehor\/","og_locale":"de_DE","og_type":"article","og_title":"Akcesoria Do Kontener\u00f3w Self Storage | HT-BOX","og_description":"Profesjonalne akcesoria kontener\u00f3w: maszty LED, sztaby antyw\u0142amaniowe, podjazdy HDS, systemy zamkni\u0119\u0107. Sprawd\u017a ofert\u0119 HT-Box!","og_url":"https:\/\/ht-box.com\/de\/self-storage-box-zubehor\/","og_site_name":"HT-BOX","article_modified_time":"2025-07-07T19:06:57+00:00","twitter_card":"summary_large_image","twitter_misc":{"Gesch\u00e4tzte Lesezeit":"2\u00a0Minuten"},"schema":{"@context":"https:\/\/schema.org","@graph":[{"@type":"WebPage","@id":"https:\/\/ht-box.com\/de\/self-storage-box-zubehor\/","url":"https:\/\/ht-box.com\/de\/self-storage-box-zubehor\/","name":"Akcesoria Do Kontener\u00f3w Self Storage | HT-BOX","isPartOf":{"@id":"https:\/\/ht-box.com\/#website"},"datePublished":"2018-07-16T15:33:28+00:00","dateModified":"2025-07-07T19:06:57+00:00","description":"Profesjonalne akcesoria kontener\u00f3w: maszty LED, sztaby antyw\u0142amaniowe, podjazdy HDS, systemy zamkni\u0119\u0107. Sprawd\u017a ofert\u0119 HT-Box!","breadcrumb":{"@id":"https:\/\/ht-box.com\/de\/self-storage-box-zubehor\/#breadcrumb"},"inLanguage":"de","potentialAction":[{"@type":"ReadAction","target":["https:\/\/ht-box.com\/de\/self-storage-box-zubehor\/"]}]},{"@type":"BreadcrumbList","@id":"https:\/\/ht-box.com\/de\/self-storage-box-zubehor\/#breadcrumb","itemListElement":[{"@type":"ListItem","position":1,"name":"Home","item":"https:\/\/ht-box.com\/de\/"},{"@type":"ListItem","position":2,"name":"Self-Storage Box Zubeh\u00f6r"}]},{"@type":"WebSite","@id":"https:\/\/ht-box.com\/#website","url":"https:\/\/ht-box.com\/","name":"HT-BOX","description":"Ht-box to producent kontener\u00f3w magazynowych do zastosowa\u0144 przemys\u0142owych, przydomowych czy Self Storage.","potentialAction":[{"@type":"SearchAction","target":{"@type":"EntryPoint","urlTemplate":"https:\/\/ht-box.com\/?s={search_term_string}"},"query-input":{"@type":"PropertyValueSpecification","valueRequired":true,"valueName":"search_term_string"}}],"inLanguage":"de"}]}},"_links":{"self":[{"href":"https:\/\/ht-box.com\/de\/wp-json\/wp\/v2\/pages\/17878","targetHints":{"allow":["GET"]}}],"collection":[{"href":"https:\/\/ht-box.com\/de\/wp-json\/wp\/v2\/pages"}],"about":[{"href":"https:\/\/ht-box.com\/de\/wp-json\/wp\/v2\/types\/page"}],"author":[{"embeddable":true,"href":"https:\/\/ht-box.com\/de\/wp-json\/wp\/v2\/users\/1"}],"replies":[{"embeddable":true,"href":"https:\/\/ht-box.com\/de\/wp-json\/wp\/v2\/comments?post=17878"}],"version-history":[{"count":6,"href":"https:\/\/ht-box.com\/de\/wp-json\/wp\/v2\/pages\/17878\/revisions"}],"predecessor-version":[{"id":18689,"href":"https:\/\/ht-box.com\/de\/wp-json\/wp\/v2\/pages\/17878\/revisions\/18689"}],"wp:attachment":[{"href":"https:\/\/ht-box.com\/de\/wp-json\/wp\/v2\/media?parent=17878"}],"curies":[{"name":"wp","href":"https:\/\/api.w.org\/{rel}","templated":true}]}}