{"id":17897,"date":"2024-02-21T22:56:00","date_gmt":"2024-02-21T22:56:00","guid":{"rendered":"https:\/\/ht-box.com\/termoizolacja-boxow-self-storage\/"},"modified":"2025-07-02T20:09:59","modified_gmt":"2025-07-02T20:09:59","slug":"warmeisolierende-beschichtung","status":"publish","type":"page","link":"https:\/\/ht-box.com\/de\/warmeisolierende-beschichtung\/","title":{"rendered":"W\u00e4rmeisolierende Beschichtung"},"content":{"rendered":"<p>[et_pb_section fb_built=&#8220;1&#8243; _builder_version=&#8220;4.20.4&#8243; background_color=&#8220;#F5F5F5&#8243; background_image=&#8220;https:\/\/ht-box.com\/wp-content\/uploads\/2020\/12\/TLO-HT-BOX-3.png&#8220; background_size=&#8220;contain&#8220; background_position=&#8220;top_center&#8220; custom_margin=&#8220;0px||0px||false|false&#8220; custom_padding=&#8220;0px||0px||false|false&#8220; global_colors_info=&#8220;{}&#8220;][et_pb_row _builder_version=&#8220;4.20.4&#8243; _module_preset=&#8220;default&#8220; width=&#8220;100%&#8220; max_width=&#8220;100%&#8220; custom_margin=&#8220;0px||0px||false|false&#8220; custom_padding=&#8220;70px|10%|0px|10%|false|true&#8220; global_colors_info=&#8220;{}&#8220;][et_pb_column type=&#8220;4_4&#8243; _builder_version=&#8220;4.16&#8243; _module_preset=&#8220;default&#8220; global_colors_info=&#8220;{}&#8220;][et_pb_text _builder_version=&#8220;4.27.4&#8243; _module_preset=&#8220;default&#8220; header_font=&#8220;Work Sans|800||on|||||&#8220; header_font_size=&#8220;34px&#8220; header_letter_spacing=&#8220;1px&#8220; header_2_font=&#8220;Work Sans||||||||&#8220; header_2_text_color=&#8220;#0C71C3&#8243; hover_enabled=&#8220;0&#8243; global_colors_info=&#8220;{}&#8220; sticky_enabled=&#8220;0&#8243;]<\/p>\n<h1>W\u00e4rmeisolierende Beschichtung<\/h1>\n<h2>f\u00fcr Selbstlagerungscontainer<span class=\"re\"><\/span><\/h2>\n<p>[\/et_pb_text][\/et_pb_column][\/et_pb_row][et_pb_row column_structure=&#8220;1_3,2_3&#8243; use_custom_gutter=&#8220;on&#8220; make_equal=&#8220;on&#8220; _builder_version=&#8220;4.20.4&#8243; background_enable_color=&#8220;off&#8220; width=&#8220;100%&#8220; max_width=&#8220;100%&#8220; module_alignment=&#8220;center&#8220; custom_margin=&#8220;60px||0px||false|false&#8220; custom_padding=&#8220;0px|10%|0px|10%|false|false&#8220; border_color_bottom=&#8220;#ffffff&#8220; global_colors_info=&#8220;{}&#8220;][et_pb_column type=&#8220;1_3&#8243; _builder_version=&#8220;4.20.4&#8243; background_enable_video_mp4=&#8220;off&#8220; custom_padding=&#8220;|||&#8220; global_colors_info=&#8220;{}&#8220; custom_padding__hover=&#8220;|||&#8220;][et_pb_image src=&#8220;https:\/\/ht-box.com\/wp-content\/uploads\/2025\/06\/Termoizolacja-boxow-Self-Storage-skuteczna-ochrona-przed-ekstremalnymi-temperaturami.webp&#8220; alt=&#8220;Termoizolacja box\u00f3w Self-Storage &#8211; skuteczna ochrona przed ekstremalnymi temperaturami&#8220; title_text=&#8220;Termoizolacja box\u00f3w Self-Storage &#8211; skuteczna ochrona przed ekstremalnymi temperaturami&#8220; _builder_version=&#8220;4.27.4&#8243; _module_preset=&#8220;default&#8220; global_colors_info=&#8220;{}&#8220;][\/et_pb_image][et_pb_image src=&#8220;https:\/\/ht-box.com\/wp-content\/uploads\/2025\/06\/Termoizolacja-boxow-Self-Storage-z-powloka-odbijajaca-promieniowanie-sloneczne.webp&#8220; alt=&#8220;Termoizolacja box\u00f3w Self-Storage z pow\u0142ok\u0105 odbijaj\u0105c\u0105 promieniowanie s\u0142oneczne&#8220; title_text=&#8220;Termoizolacja box\u00f3w Self-Storage z pow\u0142ok\u0105 odbijaj\u0105c\u0105 promieniowanie s\u0142oneczne&#8220; _builder_version=&#8220;4.27.4&#8243; _module_preset=&#8220;default&#8220; custom_padding=&#8220;70px||0px||false|false&#8220; border_width_all=&#8220;4px&#8220; border_color_all=&#8220;#ebebeb&#8220; global_colors_info=&#8220;{}&#8220;][\/et_pb_image][\/et_pb_column][et_pb_column type=&#8220;2_3&#8243; _builder_version=&#8220;4.16&#8243; custom_padding=&#8220;|||&#8220; global_colors_info=&#8220;{}&#8220; custom_padding__hover=&#8220;|||&#8220;][et_pb_text _builder_version=&#8220;4.27.4&#8243; text_font=&#8220;Work Sans||||||||&#8220; text_text_color=&#8220;#434342&#8243; text_font_size=&#8220;16px&#8220; text_line_height=&#8220;1.5em&#8220; link_text_color=&#8220;#0C71C3&#8243; header_text_color=&#8220;#434342&#8243; header_2_font=&#8220;Work Sans|700|||||||&#8220; header_2_text_align=&#8220;left&#8220; header_2_text_color=&#8220;#434342&#8243; header_2_font_size=&#8220;30px&#8220; header_3_font=&#8220;Work Sans|700|||||||&#8220; header_3_text_color=&#8220;#434342&#8243; header_3_letter_spacing=&#8220;1px&#8220; header_3_line_height=&#8220;1.4em&#8220; text_orientation=&#8220;justified&#8220; background_layout=&#8220;dark&#8220; custom_padding=&#8220;0px||0px||false|false&#8220; hover_enabled=&#8220;0&#8243; global_colors_info=&#8220;{}&#8220; sticky_enabled=&#8220;0&#8243;]<\/p>\n<h2><strong>Effektiver Schutz und Lagerkomfort<\/strong><\/h2>\n<p>Eine W\u00e4rmeisolierungsbeschichtung f\u00fcr Self-Storage Container ist eine innovative L\u00f6sung, die in der Lagerbranche zunehmend an Beliebtheit gewinnt. Self-Storage Container verf\u00fcgen \u00fcber individuelle Lagereinheiten und werden sowohl von Privatpersonen als auch von Unternehmen f\u00fcr die Lagerung verschiedener Gegenst\u00e4nde genutzt. Um die Energieeffizienz dieser Container zu verbessern und die gelagerten Gegenst\u00e4nde vor extremen Temperaturen zu sch\u00fctzen, ist das Aufbringen einer W\u00e4rmeisolierungsbeschichtung ein Schl\u00fcsselelement.<\/p>\n<p>[\/et_pb_text][et_pb_text _builder_version=&#8220;4.27.4&#8243; text_font=&#8220;Work Sans||||||||&#8220; text_text_color=&#8220;#434342&#8243; text_font_size=&#8220;16px&#8220; text_line_height=&#8220;1.5em&#8220; link_text_color=&#8220;#0C71C3&#8243; header_text_color=&#8220;#434342&#8243; header_2_font=&#8220;Work Sans|700|||||||&#8220; header_2_text_align=&#8220;left&#8220; header_2_text_color=&#8220;#434342&#8243; header_2_font_size=&#8220;30px&#8220; header_3_font=&#8220;Work Sans|700|||||||&#8220; header_3_text_color=&#8220;#434342&#8243; header_3_letter_spacing=&#8220;1px&#8220; header_3_line_height=&#8220;1.4em&#8220; text_orientation=&#8220;justified&#8220; background_layout=&#8220;dark&#8220; custom_padding=&#8220;0px||0px||false|false&#8220; hover_enabled=&#8220;0&#8243; global_colors_info=&#8220;{}&#8220; sticky_enabled=&#8220;0&#8243;]<\/p>\n<h3>Warum eine W\u00e4rmeisolierungsbeschichtung?<\/h3>\n<p><strong>1. Schutz vor extremen Temperaturen:<br \/>\n<\/strong>Die W\u00e4rmeschutzbeschichtung wirkt wie ein Schutzschild, das die Sonneneinstrahlung reflektiert und verhindert, dass sich die Container an hei\u00dfen Tagen \u00fcberhitzen. Sch\u00fctzen Sie Ihr Hab und Gut vor rauen Wetterbedingungen!<\/p>\n<p><strong>2. Geringere Energiekosten:<br \/>\n<\/strong> Indem Sie die W\u00e4rmeisolationsbeschichtung sowohl au\u00dferhalb als auch innerhalb des Containers anbringen, minimieren Sie den W\u00e4rmeverlust an kalten Tagen. Die Energieeinsparungen werden sich schon nach kurzer Zeit bemerkbar machen.[\/et_pb_text][et_pb_text _builder_version=&#8220;4.27.4&#8243; text_font=&#8220;Work Sans||||||||&#8220; text_text_color=&#8220;#434342&#8243; text_font_size=&#8220;16px&#8220; text_line_height=&#8220;1.5em&#8220; link_text_color=&#8220;#0C71C3&#8243; header_text_color=&#8220;#434342&#8243; header_2_font=&#8220;Work Sans|700|||||||&#8220; header_2_text_align=&#8220;left&#8220; header_2_text_color=&#8220;#434342&#8243; header_2_font_size=&#8220;30px&#8220; header_3_font=&#8220;Work Sans|700|||||||&#8220; header_3_text_color=&#8220;#434342&#8243; header_3_letter_spacing=&#8220;1px&#8220; header_3_line_height=&#8220;1.4em&#8220; text_orientation=&#8220;justified&#8220; background_layout=&#8220;dark&#8220; custom_padding=&#8220;0px||0px||false|false&#8220; hover_enabled=&#8220;0&#8243; global_colors_info=&#8220;{}&#8220; sticky_enabled=&#8220;0&#8243;]<\/p>\n<h3>Vorteile einer W\u00e4rmeisolationsbeschichtung<\/h3>\n<p><strong>1. Effizientes Lagermanagement:<br \/><\/strong> Die W\u00e4rmeisolierungsbeschichtung ist eine Investition in den Benutzerkomfort, die Verbesserung der Lagerbedingungen und den Schutz der Gegenst\u00e4nde.<\/p>\n<p><strong>2. Langanhaltender Schutz<br \/><\/strong>Unsere W\u00e4rmeisolierungsbeschichtung ist haltbar und effektiv und bietet langfristigen Schutz, ohne dass sie h\u00e4ufig neu aufgetragen werden muss.<\/p>\n<p>[\/et_pb_text][et_pb_image src=&#8220;https:\/\/ht-box.com\/wp-content\/uploads\/2025\/02\/TERMOIZOLACJA-3-BOXOW-SELF-STORAGE.png&#8220; title_text=&#8220;TERMOIZOLACJA 3 BOX\u00d3W SELF STORAGE&#8220; align=&#8220;right&#8220; _builder_version=&#8220;4.25.2&#8243; _module_preset=&#8220;default&#8220; width=&#8220;100%&#8220; custom_margin=&#8220;-30px||||false|false&#8220; global_colors_info=&#8220;{}&#8220;][\/et_pb_image][\/et_pb_column][\/et_pb_row][et_pb_row column_structure=&#8220;1_5,1_5,1_5,1_5,1_5&#8243; use_custom_gutter=&#8220;on&#8220; make_equal=&#8220;on&#8220; _builder_version=&#8220;4.20.4&#8243; background_enable_color=&#8220;off&#8220; width=&#8220;100%&#8220; max_width=&#8220;100%&#8220; module_alignment=&#8220;center&#8220; custom_margin=&#8220;60px||70px||false|false&#8220; custom_padding=&#8220;0px|10%|0px|10%|false|false&#8220; border_color_bottom=&#8220;#ffffff&#8220; global_colors_info=&#8220;{}&#8220;][et_pb_column type=&#8220;1_5&#8243; _builder_version=&#8220;4.20.4&#8243; background_enable_video_mp4=&#8220;off&#8220; custom_padding=&#8220;|||&#8220; global_colors_info=&#8220;{}&#8220; custom_padding__hover=&#8220;|||&#8220;][et_pb_blurb use_icon=&#8220;on&#8220; font_icon=&#8220;&#xf46a;||fa||900&#8243; icon_color=&#8220;#0093c6&#8243; image_icon_background_color=&#8220;#abdef5&#8243; image_icon_width=&#8220;40px&#8220; _builder_version=&#8220;4.27.4&#8243; _module_preset=&#8220;default&#8220; body_font=&#8220;Work Sans||||||||&#8220; body_text_align=&#8220;center&#8220; body_font_size=&#8220;19px&#8220; image_icon_custom_padding=&#8220;10px|15px|10px|15px|true|true&#8220; hover_enabled=&#8220;0&#8243; global_colors_info=&#8220;{}&#8220; sticky_enabled=&#8220;0&#8243;]<\/p>\n<p>Hoher Brandschutz<\/p>\n<p>[\/et_pb_blurb][\/et_pb_column][et_pb_column type=&#8220;1_5&#8243; _builder_version=&#8220;4.20.4&#8243; background_enable_video_mp4=&#8220;off&#8220; custom_padding=&#8220;|||&#8220; global_colors_info=&#8220;{}&#8220; custom_padding__hover=&#8220;|||&#8220;][et_pb_blurb use_icon=&#8220;on&#8220; font_icon=&#8220;&#xf2dc;||fa||900&#8243; icon_color=&#8220;#0093c6&#8243; image_icon_background_color=&#8220;#abdef5&#8243; image_icon_width=&#8220;40px&#8220; _builder_version=&#8220;4.27.4&#8243; _module_preset=&#8220;default&#8220; body_font=&#8220;Work Sans||||||||&#8220; body_text_align=&#8220;center&#8220; body_font_size=&#8220;19px&#8220; image_icon_custom_padding=&#8220;10px|12px|10px|12px|true|true&#8220; hover_enabled=&#8220;0&#8243; global_colors_info=&#8220;{}&#8220; sticky_enabled=&#8220;0&#8243;]<\/p>\n<p>Schutz gegen niedrige Temperaturen<\/p>\n<p>[\/et_pb_blurb][\/et_pb_column][et_pb_column type=&#8220;1_5&#8243; _builder_version=&#8220;4.20.4&#8243; background_enable_video_mp4=&#8220;off&#8220; custom_padding=&#8220;|||&#8220; global_colors_info=&#8220;{}&#8220; custom_padding__hover=&#8220;|||&#8220;][et_pb_blurb use_icon=&#8220;on&#8220; font_icon=&#8220;&#xf384;||fa||400&#8243; icon_color=&#8220;#0093c6&#8243; image_icon_background_color=&#8220;#abdef5&#8243; image_icon_width=&#8220;40px&#8220; _builder_version=&#8220;4.27.4&#8243; _module_preset=&#8220;default&#8220; body_font=&#8220;Work Sans||||||||&#8220; body_text_align=&#8220;center&#8220; body_font_size=&#8220;19px&#8220; image_icon_custom_padding=&#8220;10px|15px|10px|15px|true|true&#8220; hover_enabled=&#8220;0&#8243; global_colors_info=&#8220;{}&#8220; sticky_enabled=&#8220;0&#8243;]<\/p>\n<p>Schutz gegen Schimmel<\/p>\n<p>[\/et_pb_blurb][\/et_pb_column][et_pb_column type=&#8220;1_5&#8243; _builder_version=&#8220;4.20.4&#8243; background_enable_video_mp4=&#8220;off&#8220; custom_padding=&#8220;|||&#8220; global_colors_info=&#8220;{}&#8220; custom_padding__hover=&#8220;|||&#8220;][et_pb_blurb use_icon=&#8220;on&#8220; font_icon=&#8220;&#xf043;||fa||900&#8243; icon_color=&#8220;#0093c6&#8243; image_icon_background_color=&#8220;#abdef5&#8243; image_icon_width=&#8220;40px&#8220; _builder_version=&#8220;4.27.4&#8243; _module_preset=&#8220;default&#8220; body_font=&#8220;Work Sans||||||||&#8220; body_text_align=&#8220;center&#8220; body_font_size=&#8220;19px&#8220; image_icon_custom_padding=&#8220;10px|15px|10px|15px|true|true&#8220; hover_enabled=&#8220;0&#8243; global_colors_info=&#8220;{}&#8220; sticky_enabled=&#8220;0&#8243;]<\/p>\n<p>Schutz gegen Feuchtigkeit<\/p>\n<p>[\/et_pb_blurb][\/et_pb_column][et_pb_column type=&#8220;1_5&#8243; _builder_version=&#8220;4.20.4&#8243; background_enable_video_mp4=&#8220;off&#8220; custom_padding=&#8220;|||&#8220; global_colors_info=&#8220;{}&#8220; custom_padding__hover=&#8220;|||&#8220;][et_pb_blurb use_icon=&#8220;on&#8220; font_icon=&#8220;&#xf185;||fa||900&#8243; icon_color=&#8220;#0093c6&#8243; image_icon_background_color=&#8220;#abdef5&#8243; image_icon_width=&#8220;40px&#8220; _builder_version=&#8220;4.20.4&#8243; _module_preset=&#8220;default&#8220; body_font=&#8220;Work Sans||||||||&#8220; body_text_align=&#8220;center&#8220; body_font_size=&#8220;19px&#8220; image_icon_custom_padding=&#8220;10px|10px|10px|10px|true|true&#8220; global_colors_info=&#8220;{}&#8220;]<\/p>\n<p>Schutz vor UV-Strahlung<\/p>\n<p>[\/et_pb_blurb][\/et_pb_column][\/et_pb_row][et_pb_row _builder_version=&#8220;4.20.4&#8243; _module_preset=&#8220;default&#8220; background_color=&#8220;#FFFFFF&#8220; width=&#8220;100%&#8220; max_width=&#8220;100%&#8220; custom_margin=&#8220;0px||0px||false|false&#8220; custom_padding=&#8220;10px|9%|10px|9%|true|true&#8220; global_colors_info=&#8220;{}&#8220;][et_pb_column type=&#8220;4_4&#8243; _builder_version=&#8220;4.19.4&#8243; _module_preset=&#8220;default&#8220; global_colors_info=&#8220;{}&#8220;][et_pb_text ul_item_indent=&#8220;36px&#8220; _builder_version=&#8220;4.27.4&#8243; text_font=&#8220;Work Sans||||||||&#8220; text_text_color=&#8220;#434342&#8243; text_font_size=&#8220;16px&#8220; text_line_height=&#8220;1.3em&#8220; link_text_color=&#8220;#0C71C3&#8243; header_text_color=&#8220;#434342&#8243; header_2_font=&#8220;|700|||||||&#8220; header_2_text_color=&#8220;#434342&#8243; header_2_font_size=&#8220;30px&#8220; header_3_text_color=&#8220;#434342&#8243; header_3_line_height=&#8220;1.4em&#8220; background_layout=&#8220;dark&#8220; custom_margin=&#8220;65px||||false|false&#8220; custom_padding=&#8220;0px||0px||false|false&#8220; hover_enabled=&#8220;0&#8243; global_colors_info=&#8220;{}&#8220; sticky_enabled=&#8220;0&#8243;]<\/p>\n<h3>Holen Sie sich Ihre W\u00e4rmeisolierungsbeschichtung noch heute!<\/h3>\n<p>Energieeinsparungen, wirksamer Schutz vor extremen Witterungsbedingungen und optimaler Lagerkomfort &#8211; all das und noch viel mehr mit einer W\u00e4rmeisolationsbeschichtung f\u00fcr Self-Storage Boxen. Kontaktieren Sie uns noch heute, um mehr zu erfahren und Ihr Hab und Gut zu sch\u00fctzen!<\/p>\n<p>[\/et_pb_text][\/et_pb_column][\/et_pb_row][et_pb_row _builder_version=&#8220;4.20.4&#8243; _module_preset=&#8220;default&#8220; background_color=&#8220;#FFFFFF&#8220; width=&#8220;100%&#8220; max_width=&#8220;100%&#8220; custom_margin=&#8220;0px||0px||false|false&#8220; custom_padding=&#8220;70px|9%|70px|9%|true|true&#8220; global_colors_info=&#8220;{}&#8220;][et_pb_column type=&#8220;4_4&#8243; _builder_version=&#8220;4.19.4&#8243; _module_preset=&#8220;default&#8220; global_colors_info=&#8220;{}&#8220;][et_pb_text _builder_version=&#8220;4.27.4&#8243; _module_preset=&#8220;default&#8220; text_font=&#8220;Work Sans||||||||&#8220; header_2_font=&#8220;Work Sans|600|||||||&#8220; header_2_font_size=&#8220;30px&#8220; header_3_font=&#8220;Work Sans||||||||&#8220; custom_margin=&#8220;0px||0px||true|false&#8220; custom_padding=&#8220;0px||0px||true|false&#8220; hover_enabled=&#8220;0&#8243; global_colors_info=&#8220;{}&#8220; sticky_enabled=&#8220;0&#8243;]<\/p>\n<h2>Kontaktieren Sie uns<\/h2>\n<p>Wir freuen uns, dass Sie unsere Dienstleistungen f\u00fcr Ihr Projekt in Betracht ziehen. Ganz gleich, ob Sie an unseren Dienstleistungen interessiert sind oder die Er\u00f6ffnung eines Self-Storage Gesch\u00e4fts planen, wir sind bereit, Sie zu unterst\u00fctzen.<\/p>\n<h3>Ben\u00f6tigen Sie weitere Informationen?<\/h3>\n<p>Unsere Spezialisten beantworten gerne Ihre Fragen, informieren Sie \u00fcber unsere Container und besprechen mit Ihnen die M\u00f6glichkeiten der individuellen Gestaltung. Wir sind zuversichtlich, dass wir gemeinsam eine perfekt auf Ihre Bed\u00fcrfnisse zugeschnittene L\u00f6sung entwickeln k\u00f6nnen.<\/p>\n<h3>Planen Sie, ein Self-Storage Gesch\u00e4ft zu er\u00f6ffnen?<\/h3>\n<p>Wenn Sie erw\u00e4gen, Ihr eigenes Self-Storage Gesch\u00e4ft zu er\u00f6ffnen, helfen wir Ihnen gerne dabei, zu verstehen, wie unsere Boxen perfekt zu Ihrem Gesch\u00e4ftsmodell passen k\u00f6nnen. Wir bieten Ihnen nicht nur hochwertige Container, sondern auch Erfahrung und Wissen, die f\u00fcr den Erfolg Ihrer Investition entscheidend sein k\u00f6nnen.<\/p>\n<h3>Ein einziger Box f\u00fcr Ihr Unternehmen<\/h3>\n<p>Wir sind flexibel! Wir bieten Ihnen die M\u00f6glichkeit, einen einzelnen Container f\u00fcr Ihr Unternehmen zu bestellen. Sie m\u00fcssen nicht in gro\u00dfen Mengen bestellen &#8211; bei uns k\u00f6nnen Sie genau so viele kaufen, wie Sie ben\u00f6tigen.<\/h3>\n<p>Kontaktieren Sie uns<\/p>\n<\/div>\n<\/div>\n<\/div>\n<p>[\/et_pb_text][\/et_pb_column][\/et_pb_row][\/et_pb_section]<\/p>\n","protected":false},"excerpt":{"rendered":"<p>W\u00e4rmeisolierende Beschichtung f\u00fcr SelbstlagerungscontainerEffektiver Schutz und Lagerkomfort Eine W\u00e4rmeisolierungsbeschichtung f\u00fcr Self-Storage Container ist eine innovative L\u00f6sung, die in der Lagerbranche zunehmend an Beliebtheit gewinnt. Self-Storage Container verf\u00fcgen \u00fcber individuelle Lagereinheiten und werden sowohl von Privatpersonen als auch von Unternehmen f\u00fcr die Lagerung verschiedener Gegenst\u00e4nde genutzt. Um die Energieeffizienz dieser Container zu verbessern und die gelagerten [&hellip;]<\/p>\n","protected":false},"author":6,"featured_media":0,"parent":0,"menu_order":0,"comment_status":"closed","ping_status":"closed","template":"","meta":{"_et_pb_use_builder":"on","_et_pb_old_content":"","_et_gb_content_width":"","footnotes":""},"class_list":["post-17897","page","type-page","status-publish","hentry"],"yoast_head":"<!-- This site is optimized with the Yoast SEO plugin v25.1 - https:\/\/yoast.com\/wordpress\/plugins\/seo\/ -->\n<title>Termoizolacja box\u00f3w self storage | HT-BOX.COM<\/title>\n<meta name=\"description\" content=\"Termoizolacja box\u00f3w Self Storage - skuteczna ochrona przed ekstremalnymi temperaturami, wilgoci\u0105, ple\u015bni\u0105 i UV.\" \/>\n<meta name=\"robots\" content=\"index, follow, max-snippet:-1, max-image-preview:large, max-video-preview:-1\" \/>\n<link rel=\"canonical\" href=\"https:\/\/ht-box.com\/de\/warmeisolierende-beschichtung\/\" \/>\n<meta property=\"og:locale\" content=\"de_DE\" \/>\n<meta property=\"og:type\" content=\"article\" \/>\n<meta property=\"og:title\" content=\"Termoizolacja box\u00f3w self storage | HT-BOX.COM\" \/>\n<meta property=\"og:description\" content=\"Termoizolacja box\u00f3w Self Storage - skuteczna ochrona przed ekstremalnymi temperaturami, wilgoci\u0105, ple\u015bni\u0105 i UV.\" \/>\n<meta property=\"og:url\" content=\"https:\/\/ht-box.com\/de\/warmeisolierende-beschichtung\/\" \/>\n<meta property=\"og:site_name\" content=\"HT-BOX\" \/>\n<meta property=\"article:modified_time\" content=\"2025-07-02T20:09:59+00:00\" \/>\n<meta name=\"twitter:card\" content=\"summary_large_image\" \/>\n<meta name=\"twitter:label1\" content=\"Gesch\u00e4tzte Lesezeit\" \/>\n\t<meta name=\"twitter:data1\" content=\"9\u00a0Minuten\" \/>\n<script type=\"application\/ld+json\" class=\"yoast-schema-graph\">{\"@context\":\"https:\/\/schema.org\",\"@graph\":[{\"@type\":\"WebPage\",\"@id\":\"https:\/\/ht-box.com\/de\/warmeisolierende-beschichtung\/\",\"url\":\"https:\/\/ht-box.com\/de\/warmeisolierende-beschichtung\/\",\"name\":\"Termoizolacja box\u00f3w self storage | HT-BOX.COM\",\"isPartOf\":{\"@id\":\"https:\/\/ht-box.com\/#website\"},\"datePublished\":\"2024-02-21T22:56:00+00:00\",\"dateModified\":\"2025-07-02T20:09:59+00:00\",\"description\":\"Termoizolacja box\u00f3w Self Storage - skuteczna ochrona przed ekstremalnymi temperaturami, wilgoci\u0105, ple\u015bni\u0105 i UV.\",\"breadcrumb\":{\"@id\":\"https:\/\/ht-box.com\/de\/warmeisolierende-beschichtung\/#breadcrumb\"},\"inLanguage\":\"de\",\"potentialAction\":[{\"@type\":\"ReadAction\",\"target\":[\"https:\/\/ht-box.com\/de\/warmeisolierende-beschichtung\/\"]}]},{\"@type\":\"BreadcrumbList\",\"@id\":\"https:\/\/ht-box.com\/de\/warmeisolierende-beschichtung\/#breadcrumb\",\"itemListElement\":[{\"@type\":\"ListItem\",\"position\":1,\"name\":\"Home\",\"item\":\"https:\/\/ht-box.com\/de\/\"},{\"@type\":\"ListItem\",\"position\":2,\"name\":\"W\u00e4rmeisolierende Beschichtung\"}]},{\"@type\":\"WebSite\",\"@id\":\"https:\/\/ht-box.com\/#website\",\"url\":\"https:\/\/ht-box.com\/\",\"name\":\"HT-BOX\",\"description\":\"Ht-box to producent kontener\u00f3w magazynowych do zastosowa\u0144 przemys\u0142owych, przydomowych czy Self Storage.\",\"potentialAction\":[{\"@type\":\"SearchAction\",\"target\":{\"@type\":\"EntryPoint\",\"urlTemplate\":\"https:\/\/ht-box.com\/?s={search_term_string}\"},\"query-input\":{\"@type\":\"PropertyValueSpecification\",\"valueRequired\":true,\"valueName\":\"search_term_string\"}}],\"inLanguage\":\"de\"}]}<\/script>\n<!-- \/ Yoast SEO plugin. -->","yoast_head_json":{"title":"Termoizolacja box\u00f3w self storage | HT-BOX.COM","description":"Termoizolacja box\u00f3w Self Storage - skuteczna ochrona przed ekstremalnymi temperaturami, wilgoci\u0105, ple\u015bni\u0105 i UV.","robots":{"index":"index","follow":"follow","max-snippet":"max-snippet:-1","max-image-preview":"max-image-preview:large","max-video-preview":"max-video-preview:-1"},"canonical":"https:\/\/ht-box.com\/de\/warmeisolierende-beschichtung\/","og_locale":"de_DE","og_type":"article","og_title":"Termoizolacja box\u00f3w self storage | HT-BOX.COM","og_description":"Termoizolacja box\u00f3w Self Storage - skuteczna ochrona przed ekstremalnymi temperaturami, wilgoci\u0105, ple\u015bni\u0105 i UV.","og_url":"https:\/\/ht-box.com\/de\/warmeisolierende-beschichtung\/","og_site_name":"HT-BOX","article_modified_time":"2025-07-02T20:09:59+00:00","twitter_card":"summary_large_image","twitter_misc":{"Gesch\u00e4tzte Lesezeit":"9\u00a0Minuten"},"schema":{"@context":"https:\/\/schema.org","@graph":[{"@type":"WebPage","@id":"https:\/\/ht-box.com\/de\/warmeisolierende-beschichtung\/","url":"https:\/\/ht-box.com\/de\/warmeisolierende-beschichtung\/","name":"Termoizolacja box\u00f3w self storage | HT-BOX.COM","isPartOf":{"@id":"https:\/\/ht-box.com\/#website"},"datePublished":"2024-02-21T22:56:00+00:00","dateModified":"2025-07-02T20:09:59+00:00","description":"Termoizolacja box\u00f3w Self Storage - skuteczna ochrona przed ekstremalnymi temperaturami, wilgoci\u0105, ple\u015bni\u0105 i UV.","breadcrumb":{"@id":"https:\/\/ht-box.com\/de\/warmeisolierende-beschichtung\/#breadcrumb"},"inLanguage":"de","potentialAction":[{"@type":"ReadAction","target":["https:\/\/ht-box.com\/de\/warmeisolierende-beschichtung\/"]}]},{"@type":"BreadcrumbList","@id":"https:\/\/ht-box.com\/de\/warmeisolierende-beschichtung\/#breadcrumb","itemListElement":[{"@type":"ListItem","position":1,"name":"Home","item":"https:\/\/ht-box.com\/de\/"},{"@type":"ListItem","position":2,"name":"W\u00e4rmeisolierende Beschichtung"}]},{"@type":"WebSite","@id":"https:\/\/ht-box.com\/#website","url":"https:\/\/ht-box.com\/","name":"HT-BOX","description":"Ht-box to producent kontener\u00f3w magazynowych do zastosowa\u0144 przemys\u0142owych, przydomowych czy Self Storage.","potentialAction":[{"@type":"SearchAction","target":{"@type":"EntryPoint","urlTemplate":"https:\/\/ht-box.com\/?s={search_term_string}"},"query-input":{"@type":"PropertyValueSpecification","valueRequired":true,"valueName":"search_term_string"}}],"inLanguage":"de"}]}},"_links":{"self":[{"href":"https:\/\/ht-box.com\/de\/wp-json\/wp\/v2\/pages\/17897","targetHints":{"allow":["GET"]}}],"collection":[{"href":"https:\/\/ht-box.com\/de\/wp-json\/wp\/v2\/pages"}],"about":[{"href":"https:\/\/ht-box.com\/de\/wp-json\/wp\/v2\/types\/page"}],"author":[{"embeddable":true,"href":"https:\/\/ht-box.com\/de\/wp-json\/wp\/v2\/users\/6"}],"replies":[{"embeddable":true,"href":"https:\/\/ht-box.com\/de\/wp-json\/wp\/v2\/comments?post=17897"}],"version-history":[{"count":3,"href":"https:\/\/ht-box.com\/de\/wp-json\/wp\/v2\/pages\/17897\/revisions"}],"predecessor-version":[{"id":17901,"href":"https:\/\/ht-box.com\/de\/wp-json\/wp\/v2\/pages\/17897\/revisions\/17901"}],"wp:attachment":[{"href":"https:\/\/ht-box.com\/de\/wp-json\/wp\/v2\/media?parent=17897"}],"curies":[{"name":"wp","href":"https:\/\/api.w.org\/{rel}","templated":true}]}}