{"id":17902,"date":"2018-06-29T13:33:07","date_gmt":"2018-06-29T13:33:07","guid":{"rendered":"https:\/\/ht-box.com\/referencje-2\/"},"modified":"2025-07-02T20:17:54","modified_gmt":"2025-07-02T20:17:54","slug":"referenzen-von-unseren-kunden","status":"publish","type":"page","link":"https:\/\/ht-box.com\/de\/referenzen-von-unseren-kunden\/","title":{"rendered":"Referenzen von unseren Kunden"},"content":{"rendered":"<p>[et_pb_section fb_built=&#8220;1&#8243; _builder_version=&#8220;4.16&#8243; background_image=&#8220;https:\/\/ht-box.com\/wp-content\/uploads\/2020\/12\/TLO-HT-BOX-3.png&#8220; parallax=&#8220;on&#8220; custom_padding=&#8220;||0px|||&#8220; global_colors_info=&#8220;{}&#8220;][et_pb_row _builder_version=&#8220;4.16&#8243; custom_padding=&#8220;0|0px|0|0px|false|false&#8220; global_colors_info=&#8220;{}&#8220;][et_pb_column type=&#8220;4_4&#8243; _builder_version=&#8220;4.16&#8243; custom_padding=&#8220;|||&#8220; global_colors_info=&#8220;{}&#8220; custom_padding__hover=&#8220;|||&#8220;][et_pb_text _builder_version=&#8220;4.27.4&#8243; _module_preset=&#8220;default&#8220; header_font=&#8220;Work Sans|900||on|||||&#8220; header_font_size=&#8220;34px&#8220; header_text_color=&#8220;#434342&#8243; hover_enabled=&#8220;0&#8243; sticky_enabled=&#8220;0&#8243;]<\/p>\n<h1>Referenzen von unseren Kunden<\/h1>\n<p>[\/et_pb_text][et_pb_testimonial author=&#8220;STOKADO Sp. z o.o.&#8220; job_title=&#8220;Wroc\u0142aw&#8220; portrait_url=&#8220;https:\/\/ht-box.com\/wp-content\/uploads\/2019\/09\/5rTSr1DG_400x400.jpeg&#8220; quote_icon_color=&#8220;#dddddd&#8220; quote_icon_background_color=&#8220;#ffffff&#8220; _builder_version=&#8220;4.27.4&#8243; background_color=&#8220;#FFFFFF&#8220; filter_saturate=&#8220;0%&#8220; animation_direction=&#8220;right&#8220; hover_enabled=&#8220;0&#8243; border_width_all=&#8220;3px&#8220; border_color_all=&#8220;rgba(0,0,0,0)&#8220; border_color_all_portrait=&#8220;#434342&#8243; box_shadow_style=&#8220;preset3&#8243; box_shadow_style_image=&#8220;preset1&#8243; global_colors_info=&#8220;{}&#8220; filter_saturate__hover_enabled=&#8220;on|hover&#8220; filter_saturate__hover=&#8220;100%&#8220; filter_brightness__hover_enabled=&#8220;on|hover&#8220; filter_brightness__hover=&#8220;100%&#8220; background__hover_enabled=&#8220;on|hover&#8220; background_color__hover=&#8220;rgba(255,255,255,0.5)&#8220; background_enable_color__hover=&#8220;on&#8220; sticky_enabled=&#8220;0&#8243;]<\/p>\n<p>Zum Lieferumfang geh\u00f6rte auch die Montage der Container am Sitz unseres Unternehmens. Mit Sicherheit k\u00f6nnen wir die PPHU HT_BOX GmbH als einen wertvollen Gesch\u00e4ftspartner empfehlen. Die gelieferten Boxen entsprachen unseren Erwartungen und der Montageservice war professionell und schnell, was sich in Zukunft sicher auszahlen wird.<\/p>\n<p>[\/et_pb_testimonial][et_pb_testimonial author=&#8220;IN TECH RUSZTOWANIA&#8220; job_title=&#8220;\u015awidwin&#8220; portrait_url=&#8220;https:\/\/ht-box.com\/wp-content\/uploads\/2019\/09\/intech-logo.jpg&#8220; quote_icon_color=&#8220;#dddddd&#8220; quote_icon_background_color=&#8220;#ffffff&#8220; _builder_version=&#8220;4.27.4&#8243; background_color=&#8220;#FFFFFF&#8220; filter_saturate=&#8220;0%&#8220; animation_direction=&#8220;right&#8220; hover_enabled=&#8220;0&#8243; border_width_all=&#8220;3px&#8220; border_color_all=&#8220;rgba(0,0,0,0)&#8220; border_color_all_portrait=&#8220;#434342&#8243; box_shadow_style=&#8220;preset3&#8243; box_shadow_style_image=&#8220;preset1&#8243; global_colors_info=&#8220;{}&#8220; filter_saturate__hover=&#8220;100%&#8220; filter_saturate__hover_enabled=&#8220;on|hover&#8220; filter_brightness__hover=&#8220;100%&#8220; filter_brightness__hover_enabled=&#8220;on|hover&#8220; background_color__hover=&#8220;rgba(255,255,255,0.5)&#8220; background__hover_enabled=&#8220;on|hover&#8220; background_enable_color__hover=&#8220;on&#8220; sticky_enabled=&#8220;0&#8243;]<\/p>\n<p>Es wird best\u00e4tigt, dass HT-BOX Lagercontainer f\u00fcr In-Tech Rusztowania geliefert hat.<\/p>\n<p>HT-BOX.COM hat gro\u00dfe Sorgfalt und Zuverl\u00e4ssigkeit geboten. Die vereinbarten Liefertermine wurden eingehalten. Die Container sind von hoher Qualit\u00e4t und Haltbarkeit unter Baubedingungen. Wir k\u00f6nnen HT-BOX.COM als Hersteller und Lieferant von Containern nur empfehlen.<\/p>\n<p>[\/et_pb_testimonial][et_pb_testimonial author=&#8220;CAMEL&#8220; job_title=&#8220;Warszawa&#8220; portrait_url=&#8220;https:\/\/ht-box.com\/wp-content\/uploads\/2019\/09\/box-storage-logo.jpg&#8220; quote_icon_color=&#8220;#dddddd&#8220; quote_icon_background_color=&#8220;#ffffff&#8220; _builder_version=&#8220;4.27.4&#8243; background_color=&#8220;#FFFFFF&#8220; filter_saturate=&#8220;0%&#8220; hover_enabled=&#8220;0&#8243; border_width_all=&#8220;3px&#8220; border_color_all=&#8220;rgba(0,0,0,0)&#8220; border_color_all_portrait=&#8220;#434342&#8243; box_shadow_style=&#8220;preset3&#8243; box_shadow_style_image=&#8220;preset1&#8243; global_colors_info=&#8220;{}&#8220; filter_saturate__hover=&#8220;100%&#8220; filter_saturate__hover_enabled=&#8220;on|hover&#8220; filter_brightness__hover=&#8220;100%&#8220; filter_brightness__hover_enabled=&#8220;on|hover&#8220; background_color__hover=&#8220;rgba(255,255,255,0.5)&#8220; background__hover_enabled=&#8220;on|hover&#8220; background_enable_color__hover=&#8220;on&#8220; sticky_enabled=&#8220;0&#8243;]<\/p>\n<p>Die PPHU HT-BOX GmbH, Hersteller von faltbaren Lagerboxen, beliefert uns seit September 2016 mit 70 6M-Lagerboxen und 2 6MB-Lagerboxen. Die Firma E-Camel, Inhaberin der Marke Box-Storage, empfiehlt die PPHU HT-BOX GmbH mit Sitz in \u015awidwin mit voller Verantwortung als zuverl\u00e4ssigen und vertrauensw\u00fcrdigen Partner, der mit seiner Erfahrung und Kompetenz Dienstleistungen auf hohem Qualit\u00e4tsniveau in der Containerbranche anbietet.<\/p>\n<p>[\/et_pb_testimonial][\/et_pb_column][\/et_pb_row][et_pb_row _builder_version=&#8220;4.16&#8243; _module_preset=&#8220;default&#8220; global_colors_info=&#8220;{}&#8220;][et_pb_column type=&#8220;4_4&#8243; _builder_version=&#8220;4.16&#8243; _module_preset=&#8220;default&#8220; global_colors_info=&#8220;{}&#8220;][\/et_pb_column][\/et_pb_row][\/et_pb_section]<\/p>\n","protected":false},"excerpt":{"rendered":"<p>Referenzen von unseren KundenZum Lieferumfang geh\u00f6rte auch die Montage der Container am Sitz unseres Unternehmens. Mit Sicherheit k\u00f6nnen wir die PPHU HT_BOX GmbH als einen wertvollen Gesch\u00e4ftspartner empfehlen. Die gelieferten Boxen entsprachen unseren Erwartungen und der Montageservice war professionell und schnell, was sich in Zukunft sicher auszahlen wird.Es wird best\u00e4tigt, dass HT-BOX Lagercontainer f\u00fcr In-Tech [&hellip;]<\/p>\n","protected":false},"author":1,"featured_media":0,"parent":0,"menu_order":0,"comment_status":"closed","ping_status":"closed","template":"","meta":{"_et_pb_use_builder":"on","_et_pb_old_content":"","_et_gb_content_width":"","footnotes":""},"class_list":["post-17902","page","type-page","status-publish","hentry"],"yoast_head":"<!-- This site is optimized with the Yoast SEO plugin v25.1 - https:\/\/yoast.com\/wordpress\/plugins\/seo\/ -->\n<title>Referencje Naszych Klient\u00f3w | HT-BOX<\/title>\n<meta name=\"robots\" content=\"index, follow, max-snippet:-1, max-image-preview:large, max-video-preview:-1\" \/>\n<link rel=\"canonical\" href=\"https:\/\/ht-box.com\/de\/referenzen-von-unseren-kunden\/\" \/>\n<meta property=\"og:locale\" content=\"de_DE\" \/>\n<meta property=\"og:type\" content=\"article\" \/>\n<meta property=\"og:title\" content=\"Referencje Naszych Klient\u00f3w | HT-BOX\" \/>\n<meta property=\"og:description\" content=\"Referenzen von unseren KundenZum Lieferumfang geh\u00f6rte auch die Montage der Container am Sitz unseres Unternehmens. Mit Sicherheit k\u00f6nnen wir die PPHU HT_BOX GmbH als einen wertvollen Gesch\u00e4ftspartner empfehlen. Die gelieferten Boxen entsprachen unseren Erwartungen und der Montageservice war professionell und schnell, was sich in Zukunft sicher auszahlen wird.Es wird best\u00e4tigt, dass HT-BOX Lagercontainer f\u00fcr In-Tech [&hellip;]\" \/>\n<meta property=\"og:url\" content=\"https:\/\/ht-box.com\/de\/referenzen-von-unseren-kunden\/\" \/>\n<meta property=\"og:site_name\" content=\"HT-BOX\" \/>\n<meta property=\"article:modified_time\" content=\"2025-07-02T20:17:54+00:00\" \/>\n<meta name=\"twitter:card\" content=\"summary_large_image\" \/>\n<meta name=\"twitter:label1\" content=\"Gesch\u00e4tzte Lesezeit\" \/>\n\t<meta name=\"twitter:data1\" content=\"2\u00a0Minuten\" \/>\n<script type=\"application\/ld+json\" class=\"yoast-schema-graph\">{\"@context\":\"https:\/\/schema.org\",\"@graph\":[{\"@type\":\"WebPage\",\"@id\":\"https:\/\/ht-box.com\/de\/referenzen-von-unseren-kunden\/\",\"url\":\"https:\/\/ht-box.com\/de\/referenzen-von-unseren-kunden\/\",\"name\":\"Referencje Naszych Klient\u00f3w | HT-BOX\",\"isPartOf\":{\"@id\":\"https:\/\/ht-box.com\/#website\"},\"datePublished\":\"2018-06-29T13:33:07+00:00\",\"dateModified\":\"2025-07-02T20:17:54+00:00\",\"breadcrumb\":{\"@id\":\"https:\/\/ht-box.com\/de\/referenzen-von-unseren-kunden\/#breadcrumb\"},\"inLanguage\":\"de\",\"potentialAction\":[{\"@type\":\"ReadAction\",\"target\":[\"https:\/\/ht-box.com\/de\/referenzen-von-unseren-kunden\/\"]}]},{\"@type\":\"BreadcrumbList\",\"@id\":\"https:\/\/ht-box.com\/de\/referenzen-von-unseren-kunden\/#breadcrumb\",\"itemListElement\":[{\"@type\":\"ListItem\",\"position\":1,\"name\":\"Home\",\"item\":\"https:\/\/ht-box.com\/de\/\"},{\"@type\":\"ListItem\",\"position\":2,\"name\":\"Referenzen von unseren Kunden\"}]},{\"@type\":\"WebSite\",\"@id\":\"https:\/\/ht-box.com\/#website\",\"url\":\"https:\/\/ht-box.com\/\",\"name\":\"HT-BOX\",\"description\":\"Ht-box to producent kontener\u00f3w magazynowych do zastosowa\u0144 przemys\u0142owych, przydomowych czy Self Storage.\",\"potentialAction\":[{\"@type\":\"SearchAction\",\"target\":{\"@type\":\"EntryPoint\",\"urlTemplate\":\"https:\/\/ht-box.com\/?s={search_term_string}\"},\"query-input\":{\"@type\":\"PropertyValueSpecification\",\"valueRequired\":true,\"valueName\":\"search_term_string\"}}],\"inLanguage\":\"de\"}]}<\/script>\n<!-- \/ Yoast SEO plugin. -->","yoast_head_json":{"title":"Referencje Naszych Klient\u00f3w | HT-BOX","robots":{"index":"index","follow":"follow","max-snippet":"max-snippet:-1","max-image-preview":"max-image-preview:large","max-video-preview":"max-video-preview:-1"},"canonical":"https:\/\/ht-box.com\/de\/referenzen-von-unseren-kunden\/","og_locale":"de_DE","og_type":"article","og_title":"Referencje Naszych Klient\u00f3w | HT-BOX","og_description":"Referenzen von unseren KundenZum Lieferumfang geh\u00f6rte auch die Montage der Container am Sitz unseres Unternehmens. Mit Sicherheit k\u00f6nnen wir die PPHU HT_BOX GmbH als einen wertvollen Gesch\u00e4ftspartner empfehlen. Die gelieferten Boxen entsprachen unseren Erwartungen und der Montageservice war professionell und schnell, was sich in Zukunft sicher auszahlen wird.Es wird best\u00e4tigt, dass HT-BOX Lagercontainer f\u00fcr In-Tech [&hellip;]","og_url":"https:\/\/ht-box.com\/de\/referenzen-von-unseren-kunden\/","og_site_name":"HT-BOX","article_modified_time":"2025-07-02T20:17:54+00:00","twitter_card":"summary_large_image","twitter_misc":{"Gesch\u00e4tzte Lesezeit":"2\u00a0Minuten"},"schema":{"@context":"https:\/\/schema.org","@graph":[{"@type":"WebPage","@id":"https:\/\/ht-box.com\/de\/referenzen-von-unseren-kunden\/","url":"https:\/\/ht-box.com\/de\/referenzen-von-unseren-kunden\/","name":"Referencje Naszych Klient\u00f3w | HT-BOX","isPartOf":{"@id":"https:\/\/ht-box.com\/#website"},"datePublished":"2018-06-29T13:33:07+00:00","dateModified":"2025-07-02T20:17:54+00:00","breadcrumb":{"@id":"https:\/\/ht-box.com\/de\/referenzen-von-unseren-kunden\/#breadcrumb"},"inLanguage":"de","potentialAction":[{"@type":"ReadAction","target":["https:\/\/ht-box.com\/de\/referenzen-von-unseren-kunden\/"]}]},{"@type":"BreadcrumbList","@id":"https:\/\/ht-box.com\/de\/referenzen-von-unseren-kunden\/#breadcrumb","itemListElement":[{"@type":"ListItem","position":1,"name":"Home","item":"https:\/\/ht-box.com\/de\/"},{"@type":"ListItem","position":2,"name":"Referenzen von unseren Kunden"}]},{"@type":"WebSite","@id":"https:\/\/ht-box.com\/#website","url":"https:\/\/ht-box.com\/","name":"HT-BOX","description":"Ht-box to producent kontener\u00f3w magazynowych do zastosowa\u0144 przemys\u0142owych, przydomowych czy Self Storage.","potentialAction":[{"@type":"SearchAction","target":{"@type":"EntryPoint","urlTemplate":"https:\/\/ht-box.com\/?s={search_term_string}"},"query-input":{"@type":"PropertyValueSpecification","valueRequired":true,"valueName":"search_term_string"}}],"inLanguage":"de"}]}},"_links":{"self":[{"href":"https:\/\/ht-box.com\/de\/wp-json\/wp\/v2\/pages\/17902","targetHints":{"allow":["GET"]}}],"collection":[{"href":"https:\/\/ht-box.com\/de\/wp-json\/wp\/v2\/pages"}],"about":[{"href":"https:\/\/ht-box.com\/de\/wp-json\/wp\/v2\/types\/page"}],"author":[{"embeddable":true,"href":"https:\/\/ht-box.com\/de\/wp-json\/wp\/v2\/users\/1"}],"replies":[{"embeddable":true,"href":"https:\/\/ht-box.com\/de\/wp-json\/wp\/v2\/comments?post=17902"}],"version-history":[{"count":3,"href":"https:\/\/ht-box.com\/de\/wp-json\/wp\/v2\/pages\/17902\/revisions"}],"predecessor-version":[{"id":17907,"href":"https:\/\/ht-box.com\/de\/wp-json\/wp\/v2\/pages\/17902\/revisions\/17907"}],"wp:attachment":[{"href":"https:\/\/ht-box.com\/de\/wp-json\/wp\/v2\/media?parent=17902"}],"curies":[{"name":"wp","href":"https:\/\/api.w.org\/{rel}","templated":true}]}}