{"id":18023,"date":"2018-06-29T13:33:53","date_gmt":"2018-06-29T13:33:53","guid":{"rendered":"https:\/\/ht-box.com\/kontakt\/"},"modified":"2026-02-19T15:15:27","modified_gmt":"2026-02-19T15:15:27","slug":"kontaktieren-sie-uns","status":"publish","type":"page","link":"https:\/\/ht-box.com\/de\/kontaktieren-sie-uns\/","title":{"rendered":"Kontaktieren Sie uns"},"content":{"rendered":"<p>[et_pb_section fb_built=&#8220;1&#8243; admin_label=&#8220;FORMULARZ&#8220; _builder_version=&#8220;4.27.4&#8243; _module_preset=&#8220;default&#8220; background_image=&#8220;https:\/\/ht-box.com\/wp-content\/uploads\/2023\/11\/TLO-HT-BOX-3.webp&#8220; custom_margin=&#8220;0px||0px||true|false&#8220; custom_padding=&#8220;0px||0px||true|false&#8220; global_colors_info=&#8220;{}&#8220;][et_pb_row column_structure=&#8220;1_2,1_2&#8243; _builder_version=&#8220;4.27.4&#8243; _module_preset=&#8220;default&#8220; background_enable_image=&#8220;off&#8220; width=&#8220;100%&#8220; max_width=&#8220;100%&#8220; custom_margin=&#8220;0px||0px||true|false&#8220; custom_padding=&#8220;0px||0px|5em|true|false&#8220; global_colors_info=&#8220;{}&#8220;][et_pb_column type=&#8220;1_2&#8243; _builder_version=&#8220;4.27.4&#8243; _module_preset=&#8220;default&#8220; global_colors_info=&#8220;{}&#8220;][et_pb_text _builder_version=&#8220;4.27.4&#8243; _module_preset=&#8220;default&#8220; text_font=&#8220;Work Sans|300|||||||&#8220; text_font_size=&#8220;22px&#8220; header_2_font=&#8220;Work Sans||||||||&#8220; custom_margin=&#8220;||||true|false&#8220; custom_padding=&#8220;100px||0px||false|false&#8220; global_colors_info=&#8220;{}&#8220;]<\/p>\n<h2>Sprechen Sie uns an!<\/h2>\n<p>F\u00fcllen Sie das Formular aus, wir melden uns bei Ihnen oder nutzen Sie die unten stehenden Kontaktdaten.<\/p>\n<p>[\/et_pb_text][et_pb_contact_form use_spam_service=&#8220;on&#8220; recaptcha_list=&#8220;HT-BOX-0&#8243; email=&#8220;info@ht-box.com&#8220; custom_message=&#8220;Imi\u0119: %%imie%%||et_pb_line_break_holder||Nazwisko: %%nazwisko%%||et_pb_line_break_holder||||et_pb_line_break_holder||Numer telefonu: %%telefon%%||et_pb_line_break_holder||Adres e-mail: %%email%%||et_pb_line_break_holder||||et_pb_line_break_holder||Tre\u015b\u0107 wiadomo\u015bci: %%wiadomosc%%&#8220; submit_button_text=&#8220;Kontaktieren Sie uns&#8220; _builder_version=&#8220;4.27.4&#8243; _module_preset=&#8220;default&#8220; _unique_id=&#8220;4c58a32e-8b2d-46e4-a490-0ccc60557113&#8243; form_field_background_color=&#8220;#FFFFFF&#8220; form_field_text_color=&#8220;#434342&#8243; custom_button=&#8220;on&#8220; button_font=&#8220;Work Sans||||||||&#8220; button_custom_padding=&#8220;12px||12px||true|false&#8220; custom_padding=&#8220;12px||50px||false|false&#8220; border_radii=&#8220;on|6px|6px|6px|6px&#8220; border_width_all=&#8220;1px&#8220; border_color_all=&#8220;#434342&#8243; global_colors_info=&#8220;{}&#8220;][et_pb_contact_field field_id=&#8220;imie&#8220; field_title=&#8220;Ihren Vor- und Nachnamen&#8220; fullwidth_field=&#8220;on&#8220; _builder_version=&#8220;4.27.4&#8243; form_field_text_color=&#8220;#434342&#8243; global_colors_info=&#8220;{}&#8220; button_text_size__hover_enabled=&#8220;off&#8220; button_one_text_size__hover_enabled=&#8220;off&#8220; button_two_text_size__hover_enabled=&#8220;off&#8220; button_text_color__hover_enabled=&#8220;off&#8220; button_one_text_color__hover_enabled=&#8220;off&#8220; button_two_text_color__hover_enabled=&#8220;off&#8220; button_border_width__hover_enabled=&#8220;off&#8220; button_one_border_width__hover_enabled=&#8220;off&#8220; button_two_border_width__hover_enabled=&#8220;off&#8220; button_border_color__hover_enabled=&#8220;off&#8220; button_one_border_color__hover_enabled=&#8220;off&#8220; button_two_border_color__hover_enabled=&#8220;off&#8220; button_border_radius__hover_enabled=&#8220;off&#8220; button_one_border_radius__hover_enabled=&#8220;off&#8220; button_two_border_radius__hover_enabled=&#8220;off&#8220; button_letter_spacing__hover_enabled=&#8220;off&#8220; button_one_letter_spacing__hover_enabled=&#8220;off&#8220; button_two_letter_spacing__hover_enabled=&#8220;off&#8220; button_bg_color__hover_enabled=&#8220;off&#8220; button_one_bg_color__hover_enabled=&#8220;off&#8220; button_two_bg_color__hover_enabled=&#8220;off&#8220;][\/et_pb_contact_field][et_pb_contact_field field_id=&#8220;telefon&#8220; field_title=&#8220;Ihre Telefonnummer&#8220; _builder_version=&#8220;4.27.4&#8243; global_colors_info=&#8220;{}&#8220; button_text_size__hover_enabled=&#8220;off&#8220; button_one_text_size__hover_enabled=&#8220;off&#8220; button_two_text_size__hover_enabled=&#8220;off&#8220; button_text_color__hover_enabled=&#8220;off&#8220; button_one_text_color__hover_enabled=&#8220;off&#8220; button_two_text_color__hover_enabled=&#8220;off&#8220; button_border_width__hover_enabled=&#8220;off&#8220; button_one_border_width__hover_enabled=&#8220;off&#8220; button_two_border_width__hover_enabled=&#8220;off&#8220; button_border_color__hover_enabled=&#8220;off&#8220; button_one_border_color__hover_enabled=&#8220;off&#8220; button_two_border_color__hover_enabled=&#8220;off&#8220; button_border_radius__hover_enabled=&#8220;off&#8220; button_one_border_radius__hover_enabled=&#8220;off&#8220; button_two_border_radius__hover_enabled=&#8220;off&#8220; button_letter_spacing__hover_enabled=&#8220;off&#8220; button_one_letter_spacing__hover_enabled=&#8220;off&#8220; button_two_letter_spacing__hover_enabled=&#8220;off&#8220; button_bg_color__hover_enabled=&#8220;off&#8220; button_one_bg_color__hover_enabled=&#8220;off&#8220; button_two_bg_color__hover_enabled=&#8220;off&#8220;][\/et_pb_contact_field][et_pb_contact_field field_id=&#8220;email&#8220; field_title=&#8220;Ihre E-Mail-Adresse&#8220; field_type=&#8220;email&#8220; _builder_version=&#8220;4.27.4&#8243; global_colors_info=&#8220;{}&#8220; button_text_size__hover_enabled=&#8220;off&#8220; button_one_text_size__hover_enabled=&#8220;off&#8220; button_two_text_size__hover_enabled=&#8220;off&#8220; button_text_color__hover_enabled=&#8220;off&#8220; button_one_text_color__hover_enabled=&#8220;off&#8220; button_two_text_color__hover_enabled=&#8220;off&#8220; button_border_width__hover_enabled=&#8220;off&#8220; button_one_border_width__hover_enabled=&#8220;off&#8220; button_two_border_width__hover_enabled=&#8220;off&#8220; button_border_color__hover_enabled=&#8220;off&#8220; button_one_border_color__hover_enabled=&#8220;off&#8220; button_two_border_color__hover_enabled=&#8220;off&#8220; button_border_radius__hover_enabled=&#8220;off&#8220; button_one_border_radius__hover_enabled=&#8220;off&#8220; button_two_border_radius__hover_enabled=&#8220;off&#8220; button_letter_spacing__hover_enabled=&#8220;off&#8220; button_one_letter_spacing__hover_enabled=&#8220;off&#8220; button_two_letter_spacing__hover_enabled=&#8220;off&#8220; button_bg_color__hover_enabled=&#8220;off&#8220; button_one_bg_color__hover_enabled=&#8220;off&#8220; button_two_bg_color__hover_enabled=&#8220;off&#8220;][\/et_pb_contact_field][et_pb_contact_field field_id=&#8220;wiadomosc&#8220; field_title=&#8220;Wie k\u00f6nnen wir Ihnen helfen?&#8220; field_type=&#8220;text&#8220; fullwidth_field=&#8220;on&#8220; _builder_version=&#8220;4.27.4&#8243; _module_preset=&#8220;default&#8220; global_colors_info=&#8220;{}&#8220;][\/et_pb_contact_field][\/et_pb_contact_form][\/et_pb_column][et_pb_column type=&#8220;1_2&#8243; _builder_version=&#8220;4.27.4&#8243; _module_preset=&#8220;default&#8220; global_colors_info=&#8220;{}&#8220;][et_pb_image src=&#8220;https:\/\/ht-box.com\/wp-content\/uploads\/2025\/03\/HT-BOX-O-FIRMIE.jpg&#8220; title_text=&#8220;HT-BOX-O-FIRMIE&#8220; _builder_version=&#8220;4.27.4&#8243; _module_preset=&#8220;default&#8220; global_colors_info=&#8220;{}&#8220;][\/et_pb_image][\/et_pb_column][\/et_pb_row][\/et_pb_section][et_pb_section fb_built=&#8220;1&#8243; admin_label=&#8220;KONTAKT&#8220; _builder_version=&#8220;4.27.4&#8243; _module_preset=&#8220;default&#8220; custom_margin=&#8220;0px||0px||false|false&#8220; custom_padding=&#8220;0px||0px||true|false&#8220; global_colors_info=&#8220;{}&#8220;][et_pb_row column_structure=&#8220;1_3,1_3,1_3&#8243; use_custom_gutter=&#8220;on&#8220; gutter_width=&#8220;2&#8243; make_equal=&#8220;on&#8220; _builder_version=&#8220;4.27.4&#8243; _module_preset=&#8220;default&#8220; background_color=&#8220;#F5F5F5&#8243; background_enable_image=&#8220;off&#8220; width=&#8220;100%&#8220; max_width=&#8220;100%&#8220; max_width_last_edited=&#8220;off|desktop&#8220; height=&#8220;420px&#8220; height_tablet=&#8220;500px&#8220; height_phone=&#8220;100%&#8220; height_last_edited=&#8220;on|phone&#8220; custom_margin=&#8220;0px||0px||true|false&#8220; custom_padding=&#8220;|5em||5em|false|true&#8220; hover_enabled=&#8220;0&#8243; global_colors_info=&#8220;{}&#8220; max_width__hover_enabled=&#8220;off|hover&#8220; sticky_enabled=&#8220;0&#8243;][et_pb_column type=&#8220;1_3&#8243; _builder_version=&#8220;4.27.4&#8243; _module_preset=&#8220;default&#8220; background_color=&#8220;#F5F5F5&#8243; custom_padding=&#8220;||40px||false|false&#8220; border_radii=&#8220;on|25px|25px|25px|25px&#8220; border_color_all=&#8220;#FFFFFF&#8220; global_colors_info=&#8220;{}&#8220; border_color_all__hover_enabled=&#8220;on|hover&#8220; border_color_all__hover=&#8220;#F5F5F5&#8243;][et_pb_blurb title=&#8220;HT-BOX.COM Sp. z o.o.&#8220; use_icon=&#8220;on&#8220; font_icon=&#8220;&#xf05a;||fa||900&#8243; icon_color=&#8220;#B31D23&#8243; image_icon_width=&#8220;51px&#8220; icon_alignment=&#8220;left&#8220; _builder_version=&#8220;4.27.4&#8243; _module_preset=&#8220;default&#8220; header_font=&#8220;Work Sans|700|||||||&#8220; body_font=&#8220;Work Sans||||||||&#8220; background_color=&#8220;RGBA(255,255,255,0)&#8220; custom_padding=&#8220;30px|20px|0px|20px|false|true&#8220; border_color_all=&#8220;#e8e8e8&#8243; border_color_left_image=&#8220;#B31D23&#8243; global_colors_info=&#8220;{}&#8220;]<\/p>\n<p>ul. Drawska 62D,<br \/>78-300 \u015awidwin, Polen<\/p>\n<p>KRS: 00743599<br \/>NIP: PL6722091386<br \/>REGON: 380928182<\/p>\n<p>[\/et_pb_blurb][\/et_pb_column][et_pb_column type=&#8220;1_3&#8243; _builder_version=&#8220;4.27.4&#8243; _module_preset=&#8220;default&#8220; custom_padding=&#8220;||40px||false|false&#8220; hover_enabled=&#8220;0&#8243; border_radii=&#8220;on|25px|25px|25px|25px&#8220; border_color_all=&#8220;#FFFFFF&#8220; global_colors_info=&#8220;{}&#8220; border_color_all__hover=&#8220;#F5F5F5&#8243; border_color_all__hover_enabled=&#8220;on|hover&#8220; background_enable_color=&#8220;off&#8220; sticky_enabled=&#8220;0&#8243;][\/et_pb_column][et_pb_column type=&#8220;1_3&#8243; _builder_version=&#8220;4.27.4&#8243; _module_preset=&#8220;default&#8220; background_color=&#8220;#FFFFFF&#8220; custom_padding=&#8220;||40px||false|false&#8220; border_radii=&#8220;on|25px|25px|25px|25px&#8220; border_width_all=&#8220;6px&#8220; border_color_all=&#8220;#FFFFFF&#8220; global_colors_info=&#8220;{}&#8220; border_color_all__hover=&#8220;#F5F5F5&#8243; border_color_all__hover_enabled=&#8220;on|hover&#8220;][et_pb_blurb title=&#8220;Verkaufsabteilung&#8220; use_icon=&#8220;on&#8220; font_icon=&#8220;&#xe0f4;||divi||400&#8243; icon_color=&#8220;#B31D23&#8243; image_icon_width=&#8220;51px&#8220; icon_alignment=&#8220;left&#8220; _builder_version=&#8220;4.27.4&#8243; _module_preset=&#8220;default&#8220; header_font=&#8220;Work Sans|700|||||||&#8220; body_font=&#8220;Work Sans|300|||||||&#8220; body_font_size=&#8220;22px&#8220; background_color=&#8220;RGBA(255,255,255,0)&#8220; custom_padding=&#8220;30px|20px|30px|20px|true|true&#8220; border_color_all=&#8220;#e8e8e8&#8243; border_color_left_image=&#8220;#B31D23&#8243; global_colors_info=&#8220;{}&#8220;]<\/p>\n<p>Monika Czarny<\/p>\n<p>[\/et_pb_blurb][et_pb_button button_url=&#8220;#&#8220; button_text=&#8220;E-Mail anzeigen&#8220; module_class=&#8220;show-email-button2&#8243; _builder_version=&#8220;4.27.4&#8243; _module_preset=&#8220;default&#8220; custom_button=&#8220;on&#8220; button_text_size=&#8220;16px&#8220; button_text_color=&#8220;#B31D23&#8243; button_bg_color=&#8220;RGBA(255,255,255,0)&#8220; button_border_width=&#8220;0px&#8220; button_border_radius=&#8220;0px&#8220; button_font=&#8220;Work Sans||||||||&#8220; button_icon=&#8220;&#xe076;||divi||400&#8243; button_icon_placement=&#8220;left&#8220; button_on_hover=&#8220;off&#8220; custom_margin=&#8220;10px||||false|false&#8220; custom_padding=&#8220;4px|42px|4px|42px|true|true&#8220; global_colors_info=&#8220;{}&#8220;][\/et_pb_button][et_pb_code _builder_version=&#8220;4.27.4&#8243; _module_preset=&#8220;default&#8220; custom_css_free_form=&#8220;button, input, select, textarea {||  font-family: inherit;||  background-color: #fff;||  border-radius: 20pc;||  padding: 10px 20px;||  border: solid;||  border-color: #fafafa;||}&#8220; global_colors_info=&#8220;{}&#8220;]<\/p>\n<style><!-- [et_pb_line_break_holder] -->  #email2 {<!-- [et_pb_line_break_holder] -->    display: none;<!-- [et_pb_line_break_holder] -->color: #B31D23 !important;<!-- [et_pb_line_break_holder] -->  font-size: 16px;<!-- [et_pb_line_break_holder] -->  font-family: 'Work Sans',Helvetica,Arial,Lucida,sans-serif !important;<!-- [et_pb_line_break_holder] -->  margin-left: 20px;<!-- [et_pb_line_break_holder] -->margin-top: 2px;<!-- [et_pb_line_break_holder] -->  padding-top: 6px;<!-- [et_pb_line_break_holder] -->  }<!-- [et_pb_line_break_holder] --><\/style>\n<p><!-- [et_pb_line_break_holder] --><!-- [et_pb_line_break_holder] --><\/p>\n<div id=\"email2\">monika@ht-box.com<\/div>\n<p><!-- [et_pb_line_break_holder] --><!-- [et_pb_line_break_holder] --><script><!-- [et_pb_line_break_holder] -->  document.addEventListener(\"DOMContentLoaded\", function() {<!-- [et_pb_line_break_holder] -->    console.log(\"Skrypt dzia\u0142a!\"); \/\/ Sprawdzamy, czy skrypt si\u0119 \u0142aduje<!-- [et_pb_line_break_holder] --><!-- [et_pb_line_break_holder] -->    let button = document.querySelector(\".show-email-button2 a\") || document.querySelector(\".show-email-button2\");<!-- [et_pb_line_break_holder] -->    let email2 = document.getElementById(\"email2\");<!-- [et_pb_line_break_holder] --><!-- [et_pb_line_break_holder] -->    if (button) {<!-- [et_pb_line_break_holder] -->      button.addEventListener(\"click\", function(event) {<!-- [et_pb_line_break_holder] -->        event.preventDefault(); \/\/ Zapobiega prze\u0142adowaniu strony<!-- [et_pb_line_break_holder] -->        console.log(\"Klikni\u0119to przycisk!\"); \/\/ Sprawdzamy, czy przycisk reaguje<!-- [et_pb_line_break_holder] --><!-- [et_pb_line_break_holder] -->        email2.style.display = \"block\"; \/\/ Pokazuje numer<!-- [et_pb_line_break_holder] -->        button.style.display = \"none\"; \/\/ Ukrywa przycisk<!-- [et_pb_line_break_holder] -->      });<!-- [et_pb_line_break_holder] -->    } else {<!-- [et_pb_line_break_holder] -->      console.log(\"Nie znaleziono przycisku!\");<!-- [et_pb_line_break_holder] -->    }<!-- [et_pb_line_break_holder] -->  });<!-- [et_pb_line_break_holder] --><\/script><!-- [et_pb_line_break_holder] -->[\/et_pb_code][\/et_pb_column][\/et_pb_row][\/et_pb_section][et_pb_section fb_built=&#8220;1&#8243; admin_label=&#8220;MAPA&#8220; _builder_version=&#8220;4.27.4&#8243; _module_preset=&#8220;default&#8220; custom_margin=&#8220;0px||0px||true|false&#8220; custom_padding=&#8220;0px||0px||true|false&#8220; global_colors_info=&#8220;{}&#8220;][et_pb_row _builder_version=&#8220;4.27.4&#8243; _module_preset=&#8220;default&#8220; width=&#8220;100%&#8220; max_width=&#8220;100%&#8220; custom_margin=&#8220;0px||0px||true|false&#8220; custom_padding=&#8220;0px||0px||true|false&#8220; global_colors_info=&#8220;{}&#8220;][et_pb_column type=&#8220;4_4&#8243; _builder_version=&#8220;4.27.4&#8243; _module_preset=&#8220;default&#8220; global_colors_info=&#8220;{}&#8220;][et_pb_code _builder_version=&#8220;4.27.4&#8243; _module_preset=&#8220;default&#8220; filter_saturate=&#8220;0%&#8220; filter_brightness=&#8220;104%&#8220; global_colors_info=&#8220;{}&#8220;]<iframe src=\"https:\/\/www.google.com\/maps\/embed?pb=!1m18!1m12!1m3!1d14760.622793367678!2d15.753023802662383!3d53.7633601251164!2m3!1f0!2f0!3f0!3m2!1i1024!2i768!4f13.1!3m3!1m2!1s0x470055c6b28980e9%3A0x6bf4bf3fc7880a90!2sHT-BOX!5e0!3m2!1spl!2spl!4v1742467647235!5m2!1spl!2spl\" width=\"100%\" height=\"550\" style=\"border:0;\" allowfullscreen=\"\" loading=\"lazy\" referrerpolicy=\"no-referrer-when-downgrade\"><\/iframe>[\/et_pb_code][\/et_pb_column][\/et_pb_row][\/et_pb_section][et_pb_section fb_built=&#8220;1&#8243; admin_label=&#8220;ZAUFALI NAM&#8220; _builder_version=&#8220;4.27.4&#8243; _module_preset=&#8220;default&#8220; global_colors_info=&#8220;{}&#8220;][et_pb_row _builder_version=&#8220;4.27.4&#8243; _module_preset=&#8220;default&#8220; global_colors_info=&#8220;{}&#8220;][et_pb_column type=&#8220;4_4&#8243; _builder_version=&#8220;4.27.4&#8243; _module_preset=&#8220;default&#8220; global_colors_info=&#8220;{}&#8220;][et_pb_text _builder_version=&#8220;4.27.4&#8243; _module_preset=&#8220;default&#8220; header_2_font=&#8220;Work Sans|900||on|||||&#8220; global_colors_info=&#8220;{}&#8220;]<\/p>\n<h2>Unternehmen, die uns vertraut haben<\/h2>\n<p>[\/et_pb_text][et_pb_image src=&#8220;https:\/\/ht-box.com\/wp-content\/uploads\/2025\/03\/ZAUFALI-NAM.jpg&#8220; title_text=&#8220;ZAUFALI NAM&#8220; _builder_version=&#8220;4.27.4&#8243; _module_preset=&#8220;default&#8220; global_colors_info=&#8220;{}&#8220;][\/et_pb_image][\/et_pb_column][\/et_pb_row][\/et_pb_section]<\/p>\n","protected":false},"excerpt":{"rendered":"<p>Sprechen Sie uns an! F\u00fcllen Sie das Formular aus, wir melden uns bei Ihnen oder nutzen Sie die unten stehenden Kontaktdaten.ul. Drawska 62D,78-300 \u015awidwin, Polen KRS: 00743599NIP: PL6722091386REGON: 380928182Monika CzarnyUnternehmen, die uns vertraut haben<\/p>\n","protected":false},"author":1,"featured_media":0,"parent":0,"menu_order":0,"comment_status":"closed","ping_status":"closed","template":"","meta":{"_et_pb_use_builder":"on","_et_pb_old_content":"","_et_gb_content_width":"","footnotes":""},"class_list":["post-18023","page","type-page","status-publish","hentry"],"yoast_head":"<!-- This site is optimized with the Yoast SEO plugin v25.1 - https:\/\/yoast.com\/wordpress\/plugins\/seo\/ -->\n<title>Kontakt | HT-BOX<\/title>\n<meta name=\"description\" content=\"Kontakt z HT-Box: eksperci Self-Storage w 6 j\u0119zykach, doradztwo inwestycyjne, oferty kontener\u00f3w. Zadzwo\u0144 lub napisz ju\u017c dzi\u015b!\" \/>\n<meta name=\"robots\" content=\"index, follow, max-snippet:-1, max-image-preview:large, max-video-preview:-1\" \/>\n<link rel=\"canonical\" href=\"https:\/\/ht-box.com\/de\/kontaktieren-sie-uns\/\" \/>\n<meta property=\"og:locale\" content=\"de_DE\" \/>\n<meta property=\"og:type\" content=\"article\" \/>\n<meta property=\"og:title\" content=\"Kontakt | HT-BOX\" \/>\n<meta property=\"og:description\" content=\"Kontakt z HT-Box: eksperci Self-Storage w 6 j\u0119zykach, doradztwo inwestycyjne, oferty kontener\u00f3w. Zadzwo\u0144 lub napisz ju\u017c dzi\u015b!\" \/>\n<meta property=\"og:url\" content=\"https:\/\/ht-box.com\/de\/kontaktieren-sie-uns\/\" \/>\n<meta property=\"og:site_name\" content=\"HT-BOX\" \/>\n<meta property=\"article:modified_time\" content=\"2026-02-19T15:15:27+00:00\" \/>\n<meta name=\"twitter:card\" content=\"summary_large_image\" \/>\n<meta name=\"twitter:label1\" content=\"Gesch\u00e4tzte Lesezeit\" \/>\n\t<meta name=\"twitter:data1\" content=\"3\u00a0Minuten\" \/>\n<script type=\"application\/ld+json\" class=\"yoast-schema-graph\">{\"@context\":\"https:\/\/schema.org\",\"@graph\":[{\"@type\":\"WebPage\",\"@id\":\"https:\/\/ht-box.com\/de\/kontaktieren-sie-uns\/\",\"url\":\"https:\/\/ht-box.com\/de\/kontaktieren-sie-uns\/\",\"name\":\"Kontakt | HT-BOX\",\"isPartOf\":{\"@id\":\"https:\/\/ht-box.com\/#website\"},\"datePublished\":\"2018-06-29T13:33:53+00:00\",\"dateModified\":\"2026-02-19T15:15:27+00:00\",\"description\":\"Kontakt z HT-Box: eksperci Self-Storage w 6 j\u0119zykach, doradztwo inwestycyjne, oferty kontener\u00f3w. Zadzwo\u0144 lub napisz ju\u017c dzi\u015b!\",\"breadcrumb\":{\"@id\":\"https:\/\/ht-box.com\/de\/kontaktieren-sie-uns\/#breadcrumb\"},\"inLanguage\":\"de\",\"potentialAction\":[{\"@type\":\"ReadAction\",\"target\":[\"https:\/\/ht-box.com\/de\/kontaktieren-sie-uns\/\"]}]},{\"@type\":\"BreadcrumbList\",\"@id\":\"https:\/\/ht-box.com\/de\/kontaktieren-sie-uns\/#breadcrumb\",\"itemListElement\":[{\"@type\":\"ListItem\",\"position\":1,\"name\":\"Home\",\"item\":\"https:\/\/ht-box.com\/de\/\"},{\"@type\":\"ListItem\",\"position\":2,\"name\":\"Kontaktieren Sie uns\"}]},{\"@type\":\"WebSite\",\"@id\":\"https:\/\/ht-box.com\/#website\",\"url\":\"https:\/\/ht-box.com\/\",\"name\":\"HT-BOX\",\"description\":\"Ht-box to producent kontener\u00f3w magazynowych do zastosowa\u0144 przemys\u0142owych, przydomowych czy Self Storage.\",\"potentialAction\":[{\"@type\":\"SearchAction\",\"target\":{\"@type\":\"EntryPoint\",\"urlTemplate\":\"https:\/\/ht-box.com\/?s={search_term_string}\"},\"query-input\":{\"@type\":\"PropertyValueSpecification\",\"valueRequired\":true,\"valueName\":\"search_term_string\"}}],\"inLanguage\":\"de\"}]}<\/script>\n<!-- \/ Yoast SEO plugin. -->","yoast_head_json":{"title":"Kontakt | HT-BOX","description":"Kontakt z HT-Box: eksperci Self-Storage w 6 j\u0119zykach, doradztwo inwestycyjne, oferty kontener\u00f3w. Zadzwo\u0144 lub napisz ju\u017c dzi\u015b!","robots":{"index":"index","follow":"follow","max-snippet":"max-snippet:-1","max-image-preview":"max-image-preview:large","max-video-preview":"max-video-preview:-1"},"canonical":"https:\/\/ht-box.com\/de\/kontaktieren-sie-uns\/","og_locale":"de_DE","og_type":"article","og_title":"Kontakt | HT-BOX","og_description":"Kontakt z HT-Box: eksperci Self-Storage w 6 j\u0119zykach, doradztwo inwestycyjne, oferty kontener\u00f3w. Zadzwo\u0144 lub napisz ju\u017c dzi\u015b!","og_url":"https:\/\/ht-box.com\/de\/kontaktieren-sie-uns\/","og_site_name":"HT-BOX","article_modified_time":"2026-02-19T15:15:27+00:00","twitter_card":"summary_large_image","twitter_misc":{"Gesch\u00e4tzte Lesezeit":"3\u00a0Minuten"},"schema":{"@context":"https:\/\/schema.org","@graph":[{"@type":"WebPage","@id":"https:\/\/ht-box.com\/de\/kontaktieren-sie-uns\/","url":"https:\/\/ht-box.com\/de\/kontaktieren-sie-uns\/","name":"Kontakt | HT-BOX","isPartOf":{"@id":"https:\/\/ht-box.com\/#website"},"datePublished":"2018-06-29T13:33:53+00:00","dateModified":"2026-02-19T15:15:27+00:00","description":"Kontakt z HT-Box: eksperci Self-Storage w 6 j\u0119zykach, doradztwo inwestycyjne, oferty kontener\u00f3w. Zadzwo\u0144 lub napisz ju\u017c dzi\u015b!","breadcrumb":{"@id":"https:\/\/ht-box.com\/de\/kontaktieren-sie-uns\/#breadcrumb"},"inLanguage":"de","potentialAction":[{"@type":"ReadAction","target":["https:\/\/ht-box.com\/de\/kontaktieren-sie-uns\/"]}]},{"@type":"BreadcrumbList","@id":"https:\/\/ht-box.com\/de\/kontaktieren-sie-uns\/#breadcrumb","itemListElement":[{"@type":"ListItem","position":1,"name":"Home","item":"https:\/\/ht-box.com\/de\/"},{"@type":"ListItem","position":2,"name":"Kontaktieren Sie uns"}]},{"@type":"WebSite","@id":"https:\/\/ht-box.com\/#website","url":"https:\/\/ht-box.com\/","name":"HT-BOX","description":"Ht-box to producent kontener\u00f3w magazynowych do zastosowa\u0144 przemys\u0142owych, przydomowych czy Self Storage.","potentialAction":[{"@type":"SearchAction","target":{"@type":"EntryPoint","urlTemplate":"https:\/\/ht-box.com\/?s={search_term_string}"},"query-input":{"@type":"PropertyValueSpecification","valueRequired":true,"valueName":"search_term_string"}}],"inLanguage":"de"}]}},"_links":{"self":[{"href":"https:\/\/ht-box.com\/de\/wp-json\/wp\/v2\/pages\/18023","targetHints":{"allow":["GET"]}}],"collection":[{"href":"https:\/\/ht-box.com\/de\/wp-json\/wp\/v2\/pages"}],"about":[{"href":"https:\/\/ht-box.com\/de\/wp-json\/wp\/v2\/types\/page"}],"author":[{"embeddable":true,"href":"https:\/\/ht-box.com\/de\/wp-json\/wp\/v2\/users\/1"}],"replies":[{"embeddable":true,"href":"https:\/\/ht-box.com\/de\/wp-json\/wp\/v2\/comments?post=18023"}],"version-history":[{"count":16,"href":"https:\/\/ht-box.com\/de\/wp-json\/wp\/v2\/pages\/18023\/revisions"}],"predecessor-version":[{"id":20539,"href":"https:\/\/ht-box.com\/de\/wp-json\/wp\/v2\/pages\/18023\/revisions\/20539"}],"wp:attachment":[{"href":"https:\/\/ht-box.com\/de\/wp-json\/wp\/v2\/media?parent=18023"}],"curies":[{"name":"wp","href":"https:\/\/api.w.org\/{rel}","templated":true}]}}