{"id":18073,"date":"2018-06-29T13:45:44","date_gmt":"2018-06-29T13:45:44","guid":{"rendered":"https:\/\/ht-box.com\/realisierungen-aussenaufbau\/wroclaw-1\/"},"modified":"2025-07-03T21:30:05","modified_gmt":"2025-07-03T21:30:05","slug":"umsetzung-in-wroclaw-1","status":"publish","type":"page","link":"https:\/\/ht-box.com\/de\/realisierungen-aussenaufbau\/umsetzung-in-wroclaw-1\/","title":{"rendered":"Umsetzung in Wroc\u0142aw &#8211; 1"},"content":{"rendered":"<p>[et_pb_section fb_built=&#8220;1&#8243; _builder_version=&#8220;4.16&#8243; background_color=&#8220;#dbdbdb&#8220; background_image=&#8220;https:\/\/ht-box.com\/wp-content\/uploads\/2020\/12\/TLO-HT-BOX-3.png&#8220; parallax=&#8220;on&#8220; parallax_method=&#8220;off&#8220; custom_padding=&#8220;30px|0px|0|0px|false|false&#8220; global_colors_info=&#8220;{}&#8220;][et_pb_row _builder_version=&#8220;4.16&#8243; global_colors_info=&#8220;{}&#8220;][et_pb_column type=&#8220;4_4&#8243; _builder_version=&#8220;4.16&#8243; custom_padding=&#8220;|||&#8220; global_colors_info=&#8220;{}&#8220; custom_padding__hover=&#8220;|||&#8220;][et_pb_text _builder_version=&#8220;4.27.4&#8243; text_text_color=&#8220;#434342&#8243; text_font_size=&#8220;16px&#8220; header_font=&#8220;|600|||||||&#8220; hover_enabled=&#8220;0&#8243; global_colors_info=&#8220;{}&#8220; sticky_enabled=&#8220;0&#8243;]<\/p>\n<h1>Umsetzung in Wroc\u0142aw &#8211; 1<\/h1>\n<p>[\/et_pb_text][\/et_pb_column][\/et_pb_row][et_pb_row use_custom_gutter=&#8220;on&#8220; gutter_width=&#8220;2&#8243; _builder_version=&#8220;4.16&#8243; width=&#8220;75%&#8220; max_width=&#8220;100%&#8220; locked=&#8220;off&#8220; global_colors_info=&#8220;{}&#8220;][et_pb_column type=&#8220;4_4&#8243; admin_label=&#8220;SERIA M&#8220; _builder_version=&#8220;4.16&#8243; _dynamic_attributes=&#8220;link_option_url&#8220; background_enable_color=&#8220;off&#8220; link_option_url=&#8220;@ET-DC@eyJkeW5hbWljIjp0cnVlLCJjb250ZW50IjoicG9zdF9saW5rX3VybF9wYWdlIiwic2V0dGluZ3MiOnsicG9zdF9pZCI6IjQ0NDkifX0=@&#8220; global_colors_info=&#8220;{}&#8220; background__hover_enabled=&#8220;on|hover&#8220; background_color__hover=&#8220;&#8220; background_enable_color__hover=&#8220;off&#8220; title_text__hover=&#8220;hover&#8220; background_enable_image__hover=&#8220;off&#8220; background_size__hover=&#8220;contain&#8220;][et_pb_gallery gallery_ids=&#8220;6859,6863,6867,6871,6875,6879,6883,11687,11689,11691,11693,11695,11697,11699,11701,11703,11705,11707,11709,11711,11713,11715,11717,11719,11721&#8243; posts_number=&#8220;120&#8243; show_title_and_caption=&#8220;off&#8220; show_pagination=&#8220;off&#8220; zoom_icon_color=&#8220;#ffffff&#8220; hover_overlay_color=&#8220;rgba(56,56,56,0.42)&#8220; _builder_version=&#8220;4.20.4&#8243; _module_preset=&#8220;default&#8220; border_color_all_image=&#8220;#ffffff&#8220; border_width_top_image=&#8220;5px&#8220; border_width_right_image=&#8220;5px&#8220; border_width_left_image=&#8220;5px&#8220; box_shadow_style_image=&#8220;preset3&#8243; global_colors_info=&#8220;{}&#8220;][\/et_pb_gallery][\/et_pb_column][\/et_pb_row][\/et_pb_section]<\/p>\n","protected":false},"excerpt":{"rendered":"<p>Umsetzung in Wroc\u0142aw &#8211; 1<\/p>\n","protected":false},"author":1,"featured_media":0,"parent":17932,"menu_order":0,"comment_status":"closed","ping_status":"closed","template":"","meta":{"_et_pb_use_builder":"on","_et_pb_old_content":"","_et_gb_content_width":"","footnotes":""},"class_list":["post-18073","page","type-page","status-publish","hentry"],"yoast_head":"<!-- This site is optimized with the Yoast SEO plugin v25.1 - https:\/\/yoast.com\/wordpress\/plugins\/seo\/ -->\n<title>Realizacja Stokado Wroc\u0142aw, Opolska | HT-BOX<\/title>\n<meta name=\"robots\" content=\"index, follow, max-snippet:-1, max-image-preview:large, max-video-preview:-1\" \/>\n<link rel=\"canonical\" href=\"https:\/\/ht-box.com\/de\/realisierungen-aussenaufbau\/umsetzung-in-wroclaw-1\/\" \/>\n<meta property=\"og:locale\" content=\"de_DE\" \/>\n<meta property=\"og:type\" content=\"article\" \/>\n<meta property=\"og:title\" content=\"Realizacja Stokado Wroc\u0142aw, Opolska | HT-BOX\" \/>\n<meta property=\"og:description\" content=\"Umsetzung in Wroc\u0142aw - 1\" \/>\n<meta property=\"og:url\" content=\"https:\/\/ht-box.com\/de\/realisierungen-aussenaufbau\/umsetzung-in-wroclaw-1\/\" \/>\n<meta property=\"og:site_name\" content=\"HT-BOX\" \/>\n<meta property=\"article:modified_time\" content=\"2025-07-03T21:30:05+00:00\" \/>\n<meta name=\"twitter:card\" content=\"summary_large_image\" \/>\n<meta name=\"twitter:label1\" content=\"Gesch\u00e4tzte Lesezeit\" \/>\n\t<meta name=\"twitter:data1\" content=\"1\u00a0Minute\" \/>\n<script type=\"application\/ld+json\" class=\"yoast-schema-graph\">{\"@context\":\"https:\/\/schema.org\",\"@graph\":[{\"@type\":\"WebPage\",\"@id\":\"https:\/\/ht-box.com\/de\/realisierungen-aussenaufbau\/umsetzung-in-wroclaw-1\/\",\"url\":\"https:\/\/ht-box.com\/de\/realisierungen-aussenaufbau\/umsetzung-in-wroclaw-1\/\",\"name\":\"Realizacja Stokado Wroc\u0142aw, Opolska | HT-BOX\",\"isPartOf\":{\"@id\":\"https:\/\/ht-box.com\/#website\"},\"datePublished\":\"2018-06-29T13:45:44+00:00\",\"dateModified\":\"2025-07-03T21:30:05+00:00\",\"breadcrumb\":{\"@id\":\"https:\/\/ht-box.com\/de\/realisierungen-aussenaufbau\/umsetzung-in-wroclaw-1\/#breadcrumb\"},\"inLanguage\":\"de\",\"potentialAction\":[{\"@type\":\"ReadAction\",\"target\":[\"https:\/\/ht-box.com\/de\/realisierungen-aussenaufbau\/umsetzung-in-wroclaw-1\/\"]}]},{\"@type\":\"BreadcrumbList\",\"@id\":\"https:\/\/ht-box.com\/de\/realisierungen-aussenaufbau\/umsetzung-in-wroclaw-1\/#breadcrumb\",\"itemListElement\":[{\"@type\":\"ListItem\",\"position\":1,\"name\":\"Home\",\"item\":\"https:\/\/ht-box.com\/de\/\"},{\"@type\":\"ListItem\",\"position\":2,\"name\":\"Realisierungen \u2013 Au\u00dfenaufbau\",\"item\":\"https:\/\/ht-box.com\/de\/realisierungen-aussenaufbau\/\"},{\"@type\":\"ListItem\",\"position\":3,\"name\":\"Umsetzung in Wroc\u0142aw &#8211; 1\"}]},{\"@type\":\"WebSite\",\"@id\":\"https:\/\/ht-box.com\/#website\",\"url\":\"https:\/\/ht-box.com\/\",\"name\":\"HT-BOX\",\"description\":\"Ht-box to producent kontener\u00f3w magazynowych do zastosowa\u0144 przemys\u0142owych, przydomowych czy Self Storage.\",\"potentialAction\":[{\"@type\":\"SearchAction\",\"target\":{\"@type\":\"EntryPoint\",\"urlTemplate\":\"https:\/\/ht-box.com\/?s={search_term_string}\"},\"query-input\":{\"@type\":\"PropertyValueSpecification\",\"valueRequired\":true,\"valueName\":\"search_term_string\"}}],\"inLanguage\":\"de\"}]}<\/script>\n<!-- \/ Yoast SEO plugin. -->","yoast_head_json":{"title":"Realizacja Stokado Wroc\u0142aw, Opolska | HT-BOX","robots":{"index":"index","follow":"follow","max-snippet":"max-snippet:-1","max-image-preview":"max-image-preview:large","max-video-preview":"max-video-preview:-1"},"canonical":"https:\/\/ht-box.com\/de\/realisierungen-aussenaufbau\/umsetzung-in-wroclaw-1\/","og_locale":"de_DE","og_type":"article","og_title":"Realizacja Stokado Wroc\u0142aw, Opolska | HT-BOX","og_description":"Umsetzung in Wroc\u0142aw - 1","og_url":"https:\/\/ht-box.com\/de\/realisierungen-aussenaufbau\/umsetzung-in-wroclaw-1\/","og_site_name":"HT-BOX","article_modified_time":"2025-07-03T21:30:05+00:00","twitter_card":"summary_large_image","twitter_misc":{"Gesch\u00e4tzte Lesezeit":"1\u00a0Minute"},"schema":{"@context":"https:\/\/schema.org","@graph":[{"@type":"WebPage","@id":"https:\/\/ht-box.com\/de\/realisierungen-aussenaufbau\/umsetzung-in-wroclaw-1\/","url":"https:\/\/ht-box.com\/de\/realisierungen-aussenaufbau\/umsetzung-in-wroclaw-1\/","name":"Realizacja Stokado Wroc\u0142aw, Opolska | HT-BOX","isPartOf":{"@id":"https:\/\/ht-box.com\/#website"},"datePublished":"2018-06-29T13:45:44+00:00","dateModified":"2025-07-03T21:30:05+00:00","breadcrumb":{"@id":"https:\/\/ht-box.com\/de\/realisierungen-aussenaufbau\/umsetzung-in-wroclaw-1\/#breadcrumb"},"inLanguage":"de","potentialAction":[{"@type":"ReadAction","target":["https:\/\/ht-box.com\/de\/realisierungen-aussenaufbau\/umsetzung-in-wroclaw-1\/"]}]},{"@type":"BreadcrumbList","@id":"https:\/\/ht-box.com\/de\/realisierungen-aussenaufbau\/umsetzung-in-wroclaw-1\/#breadcrumb","itemListElement":[{"@type":"ListItem","position":1,"name":"Home","item":"https:\/\/ht-box.com\/de\/"},{"@type":"ListItem","position":2,"name":"Realisierungen \u2013 Au\u00dfenaufbau","item":"https:\/\/ht-box.com\/de\/realisierungen-aussenaufbau\/"},{"@type":"ListItem","position":3,"name":"Umsetzung in Wroc\u0142aw &#8211; 1"}]},{"@type":"WebSite","@id":"https:\/\/ht-box.com\/#website","url":"https:\/\/ht-box.com\/","name":"HT-BOX","description":"Ht-box to producent kontener\u00f3w magazynowych do zastosowa\u0144 przemys\u0142owych, przydomowych czy Self Storage.","potentialAction":[{"@type":"SearchAction","target":{"@type":"EntryPoint","urlTemplate":"https:\/\/ht-box.com\/?s={search_term_string}"},"query-input":{"@type":"PropertyValueSpecification","valueRequired":true,"valueName":"search_term_string"}}],"inLanguage":"de"}]}},"_links":{"self":[{"href":"https:\/\/ht-box.com\/de\/wp-json\/wp\/v2\/pages\/18073","targetHints":{"allow":["GET"]}}],"collection":[{"href":"https:\/\/ht-box.com\/de\/wp-json\/wp\/v2\/pages"}],"about":[{"href":"https:\/\/ht-box.com\/de\/wp-json\/wp\/v2\/types\/page"}],"author":[{"embeddable":true,"href":"https:\/\/ht-box.com\/de\/wp-json\/wp\/v2\/users\/1"}],"replies":[{"embeddable":true,"href":"https:\/\/ht-box.com\/de\/wp-json\/wp\/v2\/comments?post=18073"}],"version-history":[{"count":3,"href":"https:\/\/ht-box.com\/de\/wp-json\/wp\/v2\/pages\/18073\/revisions"}],"predecessor-version":[{"id":18076,"href":"https:\/\/ht-box.com\/de\/wp-json\/wp\/v2\/pages\/18073\/revisions\/18076"}],"up":[{"embeddable":true,"href":"https:\/\/ht-box.com\/de\/wp-json\/wp\/v2\/pages\/17932"}],"wp:attachment":[{"href":"https:\/\/ht-box.com\/de\/wp-json\/wp\/v2\/media?parent=18073"}],"curies":[{"name":"wp","href":"https:\/\/api.w.org\/{rel}","templated":true}]}}