{"id":18233,"date":"2023-07-13T23:03:04","date_gmt":"2023-07-13T23:03:04","guid":{"rendered":"https:\/\/ht-box.com\/realisierungen-aussenaufbau\/realizacja-ht-box_com-lodz-3\/"},"modified":"2025-07-04T05:35:24","modified_gmt":"2025-07-04T05:35:24","slug":"umsetzung-in-lodz-3","status":"publish","type":"page","link":"https:\/\/ht-box.com\/de\/realisierungen-aussenaufbau\/umsetzung-in-lodz-3\/","title":{"rendered":"Umsetzung in \u0141odz &#8211; 3"},"content":{"rendered":"<p>[et_pb_section fb_built=&#8220;1&#8243; _builder_version=&#8220;4.16&#8243; background_color=&#8220;#dbdbdb&#8220; background_image=&#8220;https:\/\/ht-box.com\/wp-content\/uploads\/2020\/12\/TLO-HT-BOX-3.png&#8220; parallax=&#8220;on&#8220; parallax_method=&#8220;off&#8220; custom_padding=&#8220;30px|0px|0|0px|false|false&#8220; global_colors_info=&#8220;{}&#8220;][et_pb_row _builder_version=&#8220;4.16&#8243; global_colors_info=&#8220;{}&#8220;][et_pb_column type=&#8220;4_4&#8243; _builder_version=&#8220;4.16&#8243; custom_padding=&#8220;|||&#8220; global_colors_info=&#8220;{}&#8220; custom_padding__hover=&#8220;|||&#8220;][et_pb_text _builder_version=&#8220;4.27.4&#8243; text_text_color=&#8220;#434342&#8243; text_font_size=&#8220;16px&#8220; header_font=&#8220;|600|||||||&#8220; hover_enabled=&#8220;0&#8243; global_colors_info=&#8220;{}&#8220; sticky_enabled=&#8220;0&#8243;]<\/p>\n<h1>Umsetzung in \u0141\u00f3d\u017a &#8211; 3<\/h1>\n<p>[\/et_pb_text][\/et_pb_column][\/et_pb_row][et_pb_row use_custom_gutter=&#8220;on&#8220; gutter_width=&#8220;2&#8243; _builder_version=&#8220;4.16&#8243; width=&#8220;75%&#8220; max_width=&#8220;100%&#8220; locked=&#8220;off&#8220; global_colors_info=&#8220;{}&#8220;][et_pb_column type=&#8220;4_4&#8243; admin_label=&#8220;SERIA M&#8220; _builder_version=&#8220;4.16&#8243; _dynamic_attributes=&#8220;link_option_url&#8220; background_enable_color=&#8220;off&#8220; link_option_url=&#8220;@ET-DC@eyJkeW5hbWljIjp0cnVlLCJjb250ZW50IjoicG9zdF9saW5rX3VybF9wYWdlIiwic2V0dGluZ3MiOnsicG9zdF9pZCI6IjQ0NDkifX0=@&#8220; global_colors_info=&#8220;{}&#8220; background__hover_enabled=&#8220;on|hover&#8220; background_color__hover=&#8220;&#8220; background_enable_color__hover=&#8220;off&#8220; title_text__hover=&#8220;hover&#8220; background_enable_image__hover=&#8220;off&#8220; background_size__hover=&#8220;contain&#8220;][et_pb_gallery gallery_ids=&#8220;11746,11748,11750,11752,11754,11756,11758,11760&#8243; posts_number=&#8220;30&#8243; show_title_and_caption=&#8220;off&#8220; show_pagination=&#8220;off&#8220; zoom_icon_color=&#8220;#ffffff&#8220; hover_overlay_color=&#8220;rgba(56,56,56,0.42)&#8220; _builder_version=&#8220;4.20.4&#8243; _module_preset=&#8220;default&#8220; border_color_all_image=&#8220;#ffffff&#8220; border_width_top_image=&#8220;5px&#8220; border_width_right_image=&#8220;5px&#8220; border_width_left_image=&#8220;5px&#8220; box_shadow_style_image=&#8220;preset3&#8243; global_colors_info=&#8220;{}&#8220;][\/et_pb_gallery][\/et_pb_column][\/et_pb_row][\/et_pb_section]<\/p>\n","protected":false},"excerpt":{"rendered":"<p>Umsetzung in \u0141\u00f3d\u017a &#8211; 3<\/p>\n","protected":false},"author":6,"featured_media":0,"parent":17932,"menu_order":0,"comment_status":"closed","ping_status":"closed","template":"","meta":{"_et_pb_use_builder":"on","_et_pb_old_content":"[et_pb_section fb_built=\"1\" _builder_version=\"4.16\" background_color=\"#dbdbdb\" background_image=\"https:\/\/ht-box.com\/wp-content\/uploads\/2020\/12\/TLO-HT-BOX-3.png\" parallax=\"on\" parallax_method=\"off\" custom_padding=\"30px|0px|0|0px|false|false\" global_colors_info=\"{}\"][et_pb_row _builder_version=\"4.16\" global_colors_info=\"{}\"][et_pb_column type=\"4_4\" _builder_version=\"4.16\" custom_padding=\"|||\" global_colors_info=\"{}\" custom_padding__hover=\"|||\"][et_pb_text _builder_version=\"4.20.4\" text_text_color=\"#434342\" text_font_size=\"16px\" header_font=\"|600|||||||\" global_colors_info=\"{}\"]\n<h1>Realizacja w \u0141odzi<\/h1>\n[\/et_pb_text][\/et_pb_column][\/et_pb_row][et_pb_row use_custom_gutter=\"on\" gutter_width=\"2\" _builder_version=\"4.16\" width=\"75%\" max_width=\"100%\" locked=\"off\" global_colors_info=\"{}\"][et_pb_column type=\"4_4\" admin_label=\"SERIA M\" _builder_version=\"4.16\" _dynamic_attributes=\"link_option_url\" background_enable_color=\"off\" link_option_url=\"@ET-DC@eyJkeW5hbWljIjp0cnVlLCJjb250ZW50IjoicG9zdF9saW5rX3VybF9wYWdlIiwic2V0dGluZ3MiOnsicG9zdF9pZCI6IjQ0NDkifX0=@\" global_colors_info=\"{}\" background__hover_enabled=\"on|hover\" background_color__hover=\"\" background_enable_color__hover=\"off\" title_text__hover=\"hover\" background_enable_image__hover=\"off\" background_size__hover=\"contain\"][et_pb_gallery gallery_ids=\"11746,11748,11750,11752,11754,11756,11758,11760\" posts_number=\"30\" show_title_and_caption=\"off\" show_pagination=\"off\" zoom_icon_color=\"#ffffff\" hover_overlay_color=\"rgba(56,56,56,0.42)\" _builder_version=\"4.20.4\" _module_preset=\"default\" hover_enabled=\"0\" border_color_all_image=\"#ffffff\" border_width_top_image=\"5px\" border_width_right_image=\"5px\" border_width_left_image=\"5px\" box_shadow_style_image=\"preset3\" global_colors_info=\"{}\" sticky_enabled=\"0\"][\/et_pb_gallery][\/et_pb_column][\/et_pb_row][\/et_pb_section]","_et_gb_content_width":"","footnotes":""},"class_list":["post-18233","page","type-page","status-publish","hentry"],"yoast_head":"<!-- This site is optimized with the Yoast SEO plugin v25.1 - https:\/\/yoast.com\/wordpress\/plugins\/seo\/ -->\n<title>Umsetzung in \u0141odz - 3 | HT-BOX<\/title>\n<meta name=\"robots\" content=\"index, follow, max-snippet:-1, max-image-preview:large, max-video-preview:-1\" \/>\n<link rel=\"canonical\" href=\"https:\/\/ht-box.com\/de\/realisierungen-aussenaufbau\/umsetzung-in-lodz-3\/\" \/>\n<meta property=\"og:locale\" content=\"de_DE\" \/>\n<meta property=\"og:type\" content=\"article\" \/>\n<meta property=\"og:title\" content=\"Umsetzung in \u0141odz - 3 | HT-BOX\" \/>\n<meta property=\"og:description\" content=\"Umsetzung in \u0141\u00f3d\u017a - 3\" \/>\n<meta property=\"og:url\" content=\"https:\/\/ht-box.com\/de\/realisierungen-aussenaufbau\/umsetzung-in-lodz-3\/\" \/>\n<meta property=\"og:site_name\" content=\"HT-BOX\" \/>\n<meta property=\"article:modified_time\" content=\"2025-07-04T05:35:24+00:00\" \/>\n<meta name=\"twitter:card\" content=\"summary_large_image\" \/>\n<meta name=\"twitter:label1\" content=\"Gesch\u00e4tzte Lesezeit\" \/>\n\t<meta name=\"twitter:data1\" content=\"1\u00a0Minute\" \/>\n<script type=\"application\/ld+json\" class=\"yoast-schema-graph\">{\"@context\":\"https:\/\/schema.org\",\"@graph\":[{\"@type\":\"WebPage\",\"@id\":\"https:\/\/ht-box.com\/de\/realisierungen-aussenaufbau\/umsetzung-in-lodz-3\/\",\"url\":\"https:\/\/ht-box.com\/de\/realisierungen-aussenaufbau\/umsetzung-in-lodz-3\/\",\"name\":\"Umsetzung in \u0141odz - 3 | HT-BOX\",\"isPartOf\":{\"@id\":\"https:\/\/ht-box.com\/#website\"},\"datePublished\":\"2023-07-13T23:03:04+00:00\",\"dateModified\":\"2025-07-04T05:35:24+00:00\",\"breadcrumb\":{\"@id\":\"https:\/\/ht-box.com\/de\/realisierungen-aussenaufbau\/umsetzung-in-lodz-3\/#breadcrumb\"},\"inLanguage\":\"de\",\"potentialAction\":[{\"@type\":\"ReadAction\",\"target\":[\"https:\/\/ht-box.com\/de\/realisierungen-aussenaufbau\/umsetzung-in-lodz-3\/\"]}]},{\"@type\":\"BreadcrumbList\",\"@id\":\"https:\/\/ht-box.com\/de\/realisierungen-aussenaufbau\/umsetzung-in-lodz-3\/#breadcrumb\",\"itemListElement\":[{\"@type\":\"ListItem\",\"position\":1,\"name\":\"Home\",\"item\":\"https:\/\/ht-box.com\/de\/\"},{\"@type\":\"ListItem\",\"position\":2,\"name\":\"Realisierungen \u2013 Au\u00dfenaufbau\",\"item\":\"https:\/\/ht-box.com\/de\/realisierungen-aussenaufbau\/\"},{\"@type\":\"ListItem\",\"position\":3,\"name\":\"Umsetzung in \u0141odz &#8211; 3\"}]},{\"@type\":\"WebSite\",\"@id\":\"https:\/\/ht-box.com\/#website\",\"url\":\"https:\/\/ht-box.com\/\",\"name\":\"HT-BOX\",\"description\":\"Ht-box to producent kontener\u00f3w magazynowych do zastosowa\u0144 przemys\u0142owych, przydomowych czy Self Storage.\",\"potentialAction\":[{\"@type\":\"SearchAction\",\"target\":{\"@type\":\"EntryPoint\",\"urlTemplate\":\"https:\/\/ht-box.com\/?s={search_term_string}\"},\"query-input\":{\"@type\":\"PropertyValueSpecification\",\"valueRequired\":true,\"valueName\":\"search_term_string\"}}],\"inLanguage\":\"de\"}]}<\/script>\n<!-- \/ Yoast SEO plugin. -->","yoast_head_json":{"title":"Umsetzung in \u0141odz - 3 | HT-BOX","robots":{"index":"index","follow":"follow","max-snippet":"max-snippet:-1","max-image-preview":"max-image-preview:large","max-video-preview":"max-video-preview:-1"},"canonical":"https:\/\/ht-box.com\/de\/realisierungen-aussenaufbau\/umsetzung-in-lodz-3\/","og_locale":"de_DE","og_type":"article","og_title":"Umsetzung in \u0141odz - 3 | HT-BOX","og_description":"Umsetzung in \u0141\u00f3d\u017a - 3","og_url":"https:\/\/ht-box.com\/de\/realisierungen-aussenaufbau\/umsetzung-in-lodz-3\/","og_site_name":"HT-BOX","article_modified_time":"2025-07-04T05:35:24+00:00","twitter_card":"summary_large_image","twitter_misc":{"Gesch\u00e4tzte Lesezeit":"1\u00a0Minute"},"schema":{"@context":"https:\/\/schema.org","@graph":[{"@type":"WebPage","@id":"https:\/\/ht-box.com\/de\/realisierungen-aussenaufbau\/umsetzung-in-lodz-3\/","url":"https:\/\/ht-box.com\/de\/realisierungen-aussenaufbau\/umsetzung-in-lodz-3\/","name":"Umsetzung in \u0141odz - 3 | HT-BOX","isPartOf":{"@id":"https:\/\/ht-box.com\/#website"},"datePublished":"2023-07-13T23:03:04+00:00","dateModified":"2025-07-04T05:35:24+00:00","breadcrumb":{"@id":"https:\/\/ht-box.com\/de\/realisierungen-aussenaufbau\/umsetzung-in-lodz-3\/#breadcrumb"},"inLanguage":"de","potentialAction":[{"@type":"ReadAction","target":["https:\/\/ht-box.com\/de\/realisierungen-aussenaufbau\/umsetzung-in-lodz-3\/"]}]},{"@type":"BreadcrumbList","@id":"https:\/\/ht-box.com\/de\/realisierungen-aussenaufbau\/umsetzung-in-lodz-3\/#breadcrumb","itemListElement":[{"@type":"ListItem","position":1,"name":"Home","item":"https:\/\/ht-box.com\/de\/"},{"@type":"ListItem","position":2,"name":"Realisierungen \u2013 Au\u00dfenaufbau","item":"https:\/\/ht-box.com\/de\/realisierungen-aussenaufbau\/"},{"@type":"ListItem","position":3,"name":"Umsetzung in \u0141odz &#8211; 3"}]},{"@type":"WebSite","@id":"https:\/\/ht-box.com\/#website","url":"https:\/\/ht-box.com\/","name":"HT-BOX","description":"Ht-box to producent kontener\u00f3w magazynowych do zastosowa\u0144 przemys\u0142owych, przydomowych czy Self Storage.","potentialAction":[{"@type":"SearchAction","target":{"@type":"EntryPoint","urlTemplate":"https:\/\/ht-box.com\/?s={search_term_string}"},"query-input":{"@type":"PropertyValueSpecification","valueRequired":true,"valueName":"search_term_string"}}],"inLanguage":"de"}]}},"_links":{"self":[{"href":"https:\/\/ht-box.com\/de\/wp-json\/wp\/v2\/pages\/18233","targetHints":{"allow":["GET"]}}],"collection":[{"href":"https:\/\/ht-box.com\/de\/wp-json\/wp\/v2\/pages"}],"about":[{"href":"https:\/\/ht-box.com\/de\/wp-json\/wp\/v2\/types\/page"}],"author":[{"embeddable":true,"href":"https:\/\/ht-box.com\/de\/wp-json\/wp\/v2\/users\/6"}],"replies":[{"embeddable":true,"href":"https:\/\/ht-box.com\/de\/wp-json\/wp\/v2\/comments?post=18233"}],"version-history":[{"count":4,"href":"https:\/\/ht-box.com\/de\/wp-json\/wp\/v2\/pages\/18233\/revisions"}],"predecessor-version":[{"id":18237,"href":"https:\/\/ht-box.com\/de\/wp-json\/wp\/v2\/pages\/18233\/revisions\/18237"}],"up":[{"embeddable":true,"href":"https:\/\/ht-box.com\/de\/wp-json\/wp\/v2\/pages\/17932"}],"wp:attachment":[{"href":"https:\/\/ht-box.com\/de\/wp-json\/wp\/v2\/media?parent=18233"}],"curies":[{"name":"wp","href":"https:\/\/api.w.org\/{rel}","templated":true}]}}