{"id":18386,"date":"2023-08-30T13:01:56","date_gmt":"2023-08-30T13:01:56","guid":{"rendered":"https:\/\/ht-box.com\/realisierungen-innenausbau\/realizacja-ht-box_com-koszalin-zabudowa-wewnetrzna\/"},"modified":"2025-07-04T08:47:52","modified_gmt":"2025-07-04T08:47:52","slug":"umsetzung-in-koszalin-innenausbau","status":"publish","type":"page","link":"https:\/\/ht-box.com\/de\/realisierungen-innenausbau\/umsetzung-in-koszalin-innenausbau\/","title":{"rendered":"Umsetzung in Koszalin &#8211; Innenausbau"},"content":{"rendered":"<p>[et_pb_section fb_built=&#8220;1&#8243; _builder_version=&#8220;4.16&#8243; background_color=&#8220;#dbdbdb&#8220; background_image=&#8220;https:\/\/ht-box.com\/wp-content\/uploads\/2020\/12\/TLO-HT-BOX-3.png&#8220; parallax=&#8220;on&#8220; parallax_method=&#8220;off&#8220; custom_padding=&#8220;30px|0px|0|0px|false|false&#8220; global_colors_info=&#8220;{}&#8220;][et_pb_row _builder_version=&#8220;4.16&#8243; global_colors_info=&#8220;{}&#8220;][et_pb_column type=&#8220;4_4&#8243; _builder_version=&#8220;4.16&#8243; custom_padding=&#8220;|||&#8220; global_colors_info=&#8220;{}&#8220; custom_padding__hover=&#8220;|||&#8220;][et_pb_text _builder_version=&#8220;4.27.4&#8243; text_text_color=&#8220;#434342&#8243; text_font_size=&#8220;18px&#8220; header_font=&#8220;|600|||||||&#8220; hover_enabled=&#8220;0&#8243; global_colors_info=&#8220;{}&#8220; sticky_enabled=&#8220;0&#8243;]<\/p>\n<h1><span>Umsetzung in Koszalin<\/span><\/h1>\n<div>\n<div>\n<div>\n<div>\n<p>Innenausbau Self-Storage<\/p>\n<\/div>\n<\/div>\n<\/div>\n<\/div>\n<div class=\"et_pb_row et_pb_row_1 et_pb_gutters2\">\n<div class=\"et_pb_column et_pb_column_4_4 et_pb_column_1 et_clickable et_pb_section_video_on_hover  et_pb_css_mix_blend_mode_passthrough et-last-child\">\n<div class=\"et_pb_with_border et_pb_module et_pb_gallery et_pb_gallery_0  et_pb_bg_layout_light et_pb_gallery_grid\">\n<div class=\"et_pb_gallery_items et_post_gallery clearfix\" data-per_page=\"60\">\n<div class=\"et_pb_gallery_item et_pb_grid_item et_pb_bg_layout_light et_pb_gallery_item_0_0 first_in_row\"><\/div>\n<\/div>\n<\/div>\n<\/div>\n<\/div>\n<p>[\/et_pb_text][\/et_pb_column][\/et_pb_row][et_pb_row use_custom_gutter=&#8220;on&#8220; gutter_width=&#8220;2&#8243; _builder_version=&#8220;4.20.4&#8243; width=&#8220;75%&#8220; max_width=&#8220;100%&#8220; locked=&#8220;off&#8220; global_colors_info=&#8220;{}&#8220;][et_pb_column type=&#8220;4_4&#8243; admin_label=&#8220;SERIA M&#8220; _builder_version=&#8220;4.16&#8243; _dynamic_attributes=&#8220;link_option_url&#8220; background_enable_color=&#8220;off&#8220; link_option_url=&#8220;@ET-DC@eyJkeW5hbWljIjp0cnVlLCJjb250ZW50IjoicG9zdF9saW5rX3VybF9wYWdlIiwic2V0dGluZ3MiOnsicG9zdF9pZCI6IjQ0NDkifX0=@&#8220; global_colors_info=&#8220;{}&#8220; background__hover_enabled=&#8220;on|hover&#8220; background_color__hover=&#8220;&#8220; background_enable_color__hover=&#8220;off&#8220; title_text__hover=&#8220;hover&#8220; background_enable_image__hover=&#8220;off&#8220; background_size__hover=&#8220;contain&#8220;][et_pb_gallery gallery_ids=&#8220;14582,14586,14588,14590,14592,14594,14596,14598,14600,14584,14602,14604,14606,14608,14610,14612,14614,14616,14618,14620,14622,12363,12367,12377,12365,13697,13700,12375,13709,13706,13715,13718,13712,13703,12381,12379,12361,12373,12359,12357,12355,12369,12371,12351,12353&#8243; posts_number=&#8220;60&#8243; show_title_and_caption=&#8220;off&#8220; show_pagination=&#8220;off&#8220; zoom_icon_color=&#8220;#ffffff&#8220; hover_overlay_color=&#8220;rgba(56,56,56,0.42)&#8220; _builder_version=&#8220;4.20.4&#8243; _module_preset=&#8220;default&#8220; border_color_all_image=&#8220;#ffffff&#8220; border_width_top_image=&#8220;5px&#8220; border_width_right_image=&#8220;5px&#8220; border_width_left_image=&#8220;5px&#8220; box_shadow_style_image=&#8220;preset3&#8243; global_colors_info=&#8220;{}&#8220;][\/et_pb_gallery][\/et_pb_column][\/et_pb_row][\/et_pb_section]<\/p>\n","protected":false},"excerpt":{"rendered":"<p>Umsetzung in Koszalin Innenausbau Self-Storage<\/p>\n","protected":false},"author":6,"featured_media":0,"parent":18046,"menu_order":0,"comment_status":"closed","ping_status":"closed","template":"","meta":{"_et_pb_use_builder":"on","_et_pb_old_content":"","_et_gb_content_width":"","footnotes":""},"class_list":["post-18386","page","type-page","status-publish","hentry"],"yoast_head":"<!-- This site is optimized with the Yoast SEO plugin v25.1 - https:\/\/yoast.com\/wordpress\/plugins\/seo\/ -->\n<title>Umsetzung in Koszalin - Innenausbau | HT-BOX<\/title>\n<meta name=\"robots\" content=\"index, follow, max-snippet:-1, max-image-preview:large, max-video-preview:-1\" \/>\n<link rel=\"canonical\" href=\"https:\/\/ht-box.com\/de\/realisierungen-innenausbau\/umsetzung-in-koszalin-innenausbau\/\" \/>\n<meta property=\"og:locale\" content=\"de_DE\" \/>\n<meta property=\"og:type\" content=\"article\" \/>\n<meta property=\"og:title\" content=\"Umsetzung in Koszalin - Innenausbau | HT-BOX\" \/>\n<meta property=\"og:description\" content=\"Umsetzung in Koszalin Innenausbau Self-Storage\" \/>\n<meta property=\"og:url\" content=\"https:\/\/ht-box.com\/de\/realisierungen-innenausbau\/umsetzung-in-koszalin-innenausbau\/\" \/>\n<meta property=\"og:site_name\" content=\"HT-BOX\" \/>\n<meta property=\"article:modified_time\" content=\"2025-07-04T08:47:52+00:00\" \/>\n<meta name=\"twitter:card\" content=\"summary_large_image\" \/>\n<meta name=\"twitter:label1\" content=\"Gesch\u00e4tzte Lesezeit\" \/>\n\t<meta name=\"twitter:data1\" content=\"1\u00a0Minute\" \/>\n<script type=\"application\/ld+json\" class=\"yoast-schema-graph\">{\"@context\":\"https:\/\/schema.org\",\"@graph\":[{\"@type\":\"WebPage\",\"@id\":\"https:\/\/ht-box.com\/de\/realisierungen-innenausbau\/umsetzung-in-koszalin-innenausbau\/\",\"url\":\"https:\/\/ht-box.com\/de\/realisierungen-innenausbau\/umsetzung-in-koszalin-innenausbau\/\",\"name\":\"Umsetzung in Koszalin - Innenausbau | HT-BOX\",\"isPartOf\":{\"@id\":\"https:\/\/ht-box.com\/#website\"},\"datePublished\":\"2023-08-30T13:01:56+00:00\",\"dateModified\":\"2025-07-04T08:47:52+00:00\",\"breadcrumb\":{\"@id\":\"https:\/\/ht-box.com\/de\/realisierungen-innenausbau\/umsetzung-in-koszalin-innenausbau\/#breadcrumb\"},\"inLanguage\":\"de\",\"potentialAction\":[{\"@type\":\"ReadAction\",\"target\":[\"https:\/\/ht-box.com\/de\/realisierungen-innenausbau\/umsetzung-in-koszalin-innenausbau\/\"]}]},{\"@type\":\"BreadcrumbList\",\"@id\":\"https:\/\/ht-box.com\/de\/realisierungen-innenausbau\/umsetzung-in-koszalin-innenausbau\/#breadcrumb\",\"itemListElement\":[{\"@type\":\"ListItem\",\"position\":1,\"name\":\"Home\",\"item\":\"https:\/\/ht-box.com\/de\/\"},{\"@type\":\"ListItem\",\"position\":2,\"name\":\"Realisierungen \u2013 Innenausbau\",\"item\":\"https:\/\/ht-box.com\/de\/realisierungen-innenausbau\/\"},{\"@type\":\"ListItem\",\"position\":3,\"name\":\"Umsetzung in Koszalin &#8211; Innenausbau\"}]},{\"@type\":\"WebSite\",\"@id\":\"https:\/\/ht-box.com\/#website\",\"url\":\"https:\/\/ht-box.com\/\",\"name\":\"HT-BOX\",\"description\":\"Ht-box to producent kontener\u00f3w magazynowych do zastosowa\u0144 przemys\u0142owych, przydomowych czy Self Storage.\",\"potentialAction\":[{\"@type\":\"SearchAction\",\"target\":{\"@type\":\"EntryPoint\",\"urlTemplate\":\"https:\/\/ht-box.com\/?s={search_term_string}\"},\"query-input\":{\"@type\":\"PropertyValueSpecification\",\"valueRequired\":true,\"valueName\":\"search_term_string\"}}],\"inLanguage\":\"de\"}]}<\/script>\n<!-- \/ Yoast SEO plugin. -->","yoast_head_json":{"title":"Umsetzung in Koszalin - Innenausbau | HT-BOX","robots":{"index":"index","follow":"follow","max-snippet":"max-snippet:-1","max-image-preview":"max-image-preview:large","max-video-preview":"max-video-preview:-1"},"canonical":"https:\/\/ht-box.com\/de\/realisierungen-innenausbau\/umsetzung-in-koszalin-innenausbau\/","og_locale":"de_DE","og_type":"article","og_title":"Umsetzung in Koszalin - Innenausbau | HT-BOX","og_description":"Umsetzung in Koszalin Innenausbau Self-Storage","og_url":"https:\/\/ht-box.com\/de\/realisierungen-innenausbau\/umsetzung-in-koszalin-innenausbau\/","og_site_name":"HT-BOX","article_modified_time":"2025-07-04T08:47:52+00:00","twitter_card":"summary_large_image","twitter_misc":{"Gesch\u00e4tzte Lesezeit":"1\u00a0Minute"},"schema":{"@context":"https:\/\/schema.org","@graph":[{"@type":"WebPage","@id":"https:\/\/ht-box.com\/de\/realisierungen-innenausbau\/umsetzung-in-koszalin-innenausbau\/","url":"https:\/\/ht-box.com\/de\/realisierungen-innenausbau\/umsetzung-in-koszalin-innenausbau\/","name":"Umsetzung in Koszalin - Innenausbau | HT-BOX","isPartOf":{"@id":"https:\/\/ht-box.com\/#website"},"datePublished":"2023-08-30T13:01:56+00:00","dateModified":"2025-07-04T08:47:52+00:00","breadcrumb":{"@id":"https:\/\/ht-box.com\/de\/realisierungen-innenausbau\/umsetzung-in-koszalin-innenausbau\/#breadcrumb"},"inLanguage":"de","potentialAction":[{"@type":"ReadAction","target":["https:\/\/ht-box.com\/de\/realisierungen-innenausbau\/umsetzung-in-koszalin-innenausbau\/"]}]},{"@type":"BreadcrumbList","@id":"https:\/\/ht-box.com\/de\/realisierungen-innenausbau\/umsetzung-in-koszalin-innenausbau\/#breadcrumb","itemListElement":[{"@type":"ListItem","position":1,"name":"Home","item":"https:\/\/ht-box.com\/de\/"},{"@type":"ListItem","position":2,"name":"Realisierungen \u2013 Innenausbau","item":"https:\/\/ht-box.com\/de\/realisierungen-innenausbau\/"},{"@type":"ListItem","position":3,"name":"Umsetzung in Koszalin &#8211; Innenausbau"}]},{"@type":"WebSite","@id":"https:\/\/ht-box.com\/#website","url":"https:\/\/ht-box.com\/","name":"HT-BOX","description":"Ht-box to producent kontener\u00f3w magazynowych do zastosowa\u0144 przemys\u0142owych, przydomowych czy Self Storage.","potentialAction":[{"@type":"SearchAction","target":{"@type":"EntryPoint","urlTemplate":"https:\/\/ht-box.com\/?s={search_term_string}"},"query-input":{"@type":"PropertyValueSpecification","valueRequired":true,"valueName":"search_term_string"}}],"inLanguage":"de"}]}},"_links":{"self":[{"href":"https:\/\/ht-box.com\/de\/wp-json\/wp\/v2\/pages\/18386","targetHints":{"allow":["GET"]}}],"collection":[{"href":"https:\/\/ht-box.com\/de\/wp-json\/wp\/v2\/pages"}],"about":[{"href":"https:\/\/ht-box.com\/de\/wp-json\/wp\/v2\/types\/page"}],"author":[{"embeddable":true,"href":"https:\/\/ht-box.com\/de\/wp-json\/wp\/v2\/users\/6"}],"replies":[{"embeddable":true,"href":"https:\/\/ht-box.com\/de\/wp-json\/wp\/v2\/comments?post=18386"}],"version-history":[{"count":3,"href":"https:\/\/ht-box.com\/de\/wp-json\/wp\/v2\/pages\/18386\/revisions"}],"predecessor-version":[{"id":18389,"href":"https:\/\/ht-box.com\/de\/wp-json\/wp\/v2\/pages\/18386\/revisions\/18389"}],"up":[{"embeddable":true,"href":"https:\/\/ht-box.com\/de\/wp-json\/wp\/v2\/pages\/18046"}],"wp:attachment":[{"href":"https:\/\/ht-box.com\/de\/wp-json\/wp\/v2\/media?parent=18386"}],"curies":[{"name":"wp","href":"https:\/\/api.w.org\/{rel}","templated":true}]}}