{"id":18674,"date":"2018-06-29T13:35:19","date_gmt":"2018-06-29T13:35:19","guid":{"rendered":"https:\/\/ht-box.com\/kontenery\/"},"modified":"2025-07-10T08:39:56","modified_gmt":"2025-07-10T08:39:56","slug":"lagercontainer","status":"publish","type":"page","link":"https:\/\/ht-box.com\/de\/lagercontainer\/","title":{"rendered":"Lagercontainer"},"content":{"rendered":"<p>[et_pb_section fb_built=&#8220;1&#8243; _builder_version=&#8220;4.16&#8243; background_image=&#8220;https:\/\/ht-box.com\/wp-content\/uploads\/2020\/12\/TLO-HT-BOX-3.png&#8220; parallax=&#8220;on&#8220; custom_margin=&#8220;||||false&#8220; custom_padding=&#8220;0px||0px||true|false&#8220; locked=&#8220;off&#8220; global_colors_info=&#8220;{}&#8220;][et_pb_row admin_label=&#8220;SLIDER&#8220; _builder_version=&#8220;4.16&#8243; z_index=&#8220;10&#8243; width=&#8220;100%&#8220; max_width=&#8220;100%&#8220; custom_padding=&#8220;1px||0px|||&#8220; locked=&#8220;off&#8220; global_colors_info=&#8220;{}&#8220;][et_pb_column type=&#8220;4_4&#8243; _builder_version=&#8220;4.16&#8243; global_colors_info=&#8220;{}&#8220;][et_pb_slider _builder_version=&#8220;4.27.4&#8243; header_level=&#8220;h1&#8243; custom_margin=&#8220;||-2px|||&#8220; custom_padding=&#8220;1px|0px|0px|0px|false|false&#8220; header_font_size_tablet=&#8220;&#8220; header_font_size_phone=&#8220;36px&#8220; header_font_size_last_edited=&#8220;on|phone&#8220; global_colors_info=&#8220;{}&#8220;][et_pb_slide heading=&#8220;Lagercontainer&#8220; use_text_overlay=&#8220;on&#8220; text_overlay_color=&#8220;rgba(2,2,2,0.6)&#8220; _builder_version=&#8220;4.27.4&#8243; header_font=&#8220;|700||on|||||&#8220; background_enable_color=&#8220;off&#8220; background_image=&#8220;https:\/\/ht-box.com\/wp-content\/uploads\/2020\/12\/4.jpg&#8220; background_enable_image=&#8220;on&#8220; custom_padding=&#8220;12%||12%||true|false&#8220; header_text_shadow_style=&#8220;preset2&#8243; global_colors_info=&#8220;{}&#8220; sticky_transition=&#8220;on&#8220;]<\/p>\n<p>Wir garantieren Produkte von h\u00f6chster Qualit\u00e4t und einen professionellen und umfassenden Service in Bezug auf Beladung, Transport, Entladung und Montage.<\/p>\n<p>Wir stellen f\u00fcr unsere Kunden ma\u00dfgeschneiderte L\u00f6sungen her, die sich ideal f\u00fcr den Einsatz auf der Baustelle oder im Hinterhofgarten sowie f\u00fcr die Self-Storage-Anlage eignen<\/p>\n<p>[\/et_pb_slide][\/et_pb_slider][\/et_pb_column][\/et_pb_row][et_pb_row column_structure=&#8220;1_6,1_6,1_6,1_6,1_6,1_6&#8243; use_custom_gutter=&#8220;on&#8220; gutter_width=&#8220;1&#8243; admin_label=&#8220;KONTENERY 1&#8243; _builder_version=&#8220;4.27.4&#8243; width=&#8220;93%&#8220; max_width=&#8220;100%&#8220; hover_enabled=&#8220;0&#8243; global_colors_info=&#8220;{}&#8220; sticky_enabled=&#8220;0&#8243;][et_pb_column type=&#8220;1_6&#8243; admin_label=&#8220;SERIA M&#8220; _builder_version=&#8220;4.27.4&#8243; background_enable_color=&#8220;off&#8220; link_option_url=&#8220;https:\/\/ht-box.com\/de\/lagercontainer\/m-serien\/&#8220; hover_enabled=&#8220;0&#8243; global_colors_info=&#8220;{}&#8220; background__hover_enabled=&#8220;on|hover&#8220; background_color__hover=&#8220;&#8220; background_enable_color__hover=&#8220;off&#8220; title_text__hover=&#8220;hover&#8220; background_image__hover=&#8220;https:\/\/ht-box.com\/wp-content\/uploads\/2020\/12\/hover.png&#8220; background_enable_image__hover=&#8220;on&#8220; background_size__hover=&#8220;contain&#8220; sticky_enabled=&#8220;0&#8243;][et_pb_image src=&#8220;https:\/\/ht-box.com\/wp-content\/uploads\/2020\/12\/HTBOX_seria-M-pom.png&#8220; title_text=&#8220;HTBOX_seria-M-pom&#8220; _builder_version=&#8220;4.27.4&#8243; _module_preset=&#8220;default&#8220; hover_enabled=&#8220;0&#8243; global_colors_info=&#8220;{}&#8220; background__hover_enabled=&#8220;on|hover&#8220; background_color__hover=&#8220;&#8220; background_enable_color__hover=&#8220;off&#8220; sticky_enabled=&#8220;0&#8243;][\/et_pb_image][et_pb_text _builder_version=&#8220;4.27.4&#8243; header_font=&#8220;|700||on|||||&#8220; header_text_align=&#8220;center&#8220; header_font_size=&#8220;22px&#8220; header_2_font=&#8220;|700||on|||||&#8220; header_2_text_align=&#8220;center&#8220; header_2_font_size=&#8220;22px&#8220; positioning=&#8220;relative&#8220; vertical_offset=&#8220;-45px&#8220; custom_margin=&#8220;||0px||false|false&#8220; custom_padding=&#8220;10px||0px||false|false&#8220; hover_enabled=&#8220;0&#8243; global_colors_info=&#8220;{}&#8220; sticky_enabled=&#8220;0&#8243;]<\/p>\n<h2><span style=\"color: #ff0000;\">&gt;<\/span> M Serien<strong><\/strong><\/h2>\n<p>[\/et_pb_text][\/et_pb_column][et_pb_column type=&#8220;1_6&#8243; admin_label=&#8220;SERIA MB&#8220; _builder_version=&#8220;4.27.4&#8243; background_enable_color=&#8220;off&#8220; link_option_url=&#8220;https:\/\/ht-box.com\/de\/lagercontainer\/mb-serien\/&#8220; hover_enabled=&#8220;0&#8243; global_colors_info=&#8220;{}&#8220; background__hover_enabled=&#8220;on|hover&#8220; background_enable_color__hover=&#8220;off&#8220; background_image__hover=&#8220;https:\/\/ht-box.com\/wp-content\/uploads\/2020\/12\/hover.png&#8220; background_enable_image__hover=&#8220;on&#8220; background_size__hover=&#8220;contain&#8220; sticky_enabled=&#8220;0&#8243;][et_pb_image src=&#8220;https:\/\/ht-box.com\/wp-content\/uploads\/2020\/12\/HTBOX_seria-MB-pom.png&#8220; title_text=&#8220;HTBOX_seria-MB-pom&#8220; _builder_version=&#8220;4.16&#8243; _module_preset=&#8220;default&#8220; global_colors_info=&#8220;{}&#8220; background_enable_color__hover=&#8220;off&#8220; background__hover_enabled=&#8220;on|hover&#8220;][\/et_pb_image][et_pb_text _builder_version=&#8220;4.27.4&#8243; header_font=&#8220;|700||on|||||&#8220; header_text_align=&#8220;center&#8220; header_font_size=&#8220;22px&#8220; header_2_font=&#8220;|700||on|||||&#8220; header_2_text_align=&#8220;center&#8220; header_2_font_size=&#8220;22px&#8220; positioning=&#8220;relative&#8220; vertical_offset=&#8220;-45px&#8220; custom_margin=&#8220;||0px||false|false&#8220; custom_padding=&#8220;10px||0px||false|false&#8220; hover_enabled=&#8220;0&#8243; global_colors_info=&#8220;{}&#8220; sticky_enabled=&#8220;0&#8243;]<\/p>\n<h2><span style=\"color: #ff0000;\">&gt;<\/span> MB Serien<strong><\/strong><\/h2>\n<p>[\/et_pb_text][\/et_pb_column][et_pb_column type=&#8220;1_6&#8243; admin_label=&#8220;SERIA MD&#8220; _builder_version=&#8220;4.27.4&#8243; background_enable_color=&#8220;off&#8220; link_option_url=&#8220;https:\/\/ht-box.com\/de\/lagercontainer\/md-serien\/&#8220; hover_enabled=&#8220;0&#8243; global_colors_info=&#8220;{}&#8220; background__hover_enabled=&#8220;on|hover&#8220; background_enable_color__hover=&#8220;off&#8220; background_image__hover=&#8220;https:\/\/ht-box.com\/wp-content\/uploads\/2020\/12\/hover.png&#8220; background_enable_image__hover=&#8220;on&#8220; background_size__hover=&#8220;contain&#8220; sticky_enabled=&#8220;0&#8243;][et_pb_image src=&#8220;https:\/\/ht-box.com\/wp-content\/uploads\/2020\/12\/HTBOX_seria-MD-BB-1.png&#8220; title_text=&#8220;HTBOX_seria-MD-BB&#8220; _builder_version=&#8220;4.16&#8243; _module_preset=&#8220;default&#8220; global_colors_info=&#8220;{}&#8220; background_enable_color__hover=&#8220;off&#8220; background__hover_enabled=&#8220;on|hover&#8220;][\/et_pb_image][et_pb_text _builder_version=&#8220;4.27.4&#8243; header_font=&#8220;|700||on|||||&#8220; header_text_align=&#8220;center&#8220; header_font_size=&#8220;22px&#8220; header_2_font=&#8220;|700||on|||||&#8220; header_2_text_align=&#8220;center&#8220; header_2_font_size=&#8220;22px&#8220; positioning=&#8220;relative&#8220; vertical_offset=&#8220;-45px&#8220; custom_margin=&#8220;||0px||false|false&#8220; custom_padding=&#8220;10px||0px||false|false&#8220; hover_enabled=&#8220;0&#8243; global_colors_info=&#8220;{}&#8220; sticky_enabled=&#8220;0&#8243;]<\/p>\n<h2><span style=\"color: #ff0000;\">&gt;<\/span> MD Serien<strong><\/strong><\/h2>\n<p>[\/et_pb_text][\/et_pb_column][et_pb_column type=&#8220;1_6&#8243; admin_label=&#8220;SERIA MC&#8220; _builder_version=&#8220;4.27.4&#8243; background_enable_color=&#8220;off&#8220; link_option_url=&#8220;https:\/\/ht-box.com\/de\/lagercontainer\/mc-serien\/&#8220; hover_enabled=&#8220;0&#8243; global_colors_info=&#8220;{}&#8220; background__hover_enabled=&#8220;on|hover&#8220; background_enable_color__hover=&#8220;off&#8220; background_image__hover=&#8220;https:\/\/ht-box.com\/wp-content\/uploads\/2020\/12\/hover.png&#8220; background_enable_image__hover=&#8220;on&#8220; background_size__hover=&#8220;contain&#8220; sticky_enabled=&#8220;0&#8243;][et_pb_image src=&#8220;https:\/\/ht-box.com\/wp-content\/uploads\/2024\/01\/HT-BOX_COM-MC-6-2-blue-pom.png&#8220; title_text=&#8220;HT-BOX_COM MC 6-2 blue pom&#8220; _builder_version=&#8220;4.27.4&#8243; _module_preset=&#8220;default&#8220; custom_padding=&#8220;66px|17px|65px|17px|false|true&#8220; global_colors_info=&#8220;{}&#8220; background_enable_color__hover=&#8220;off&#8220; background__hover_enabled=&#8220;on|hover&#8220; locked=&#8220;off&#8220;][\/et_pb_image][et_pb_text _builder_version=&#8220;4.27.4&#8243; header_font=&#8220;|700||on|||||&#8220; header_text_align=&#8220;center&#8220; header_font_size=&#8220;22px&#8220; header_2_font=&#8220;|700||on|||||&#8220; header_2_text_align=&#8220;center&#8220; header_2_font_size=&#8220;22px&#8220; positioning=&#8220;relative&#8220; vertical_offset=&#8220;-45px&#8220; custom_margin=&#8220;||0px||false|false&#8220; custom_padding=&#8220;10px||0px||false|false&#8220; hover_enabled=&#8220;0&#8243; global_colors_info=&#8220;{}&#8220; sticky_enabled=&#8220;0&#8243;]<\/p>\n<h2><span style=\"color: #ff0000;\">&gt;<\/span> MC Serien<strong><\/strong><\/h2>\n<p>[\/et_pb_text][\/et_pb_column][et_pb_column type=&#8220;1_6&#8243; admin_label=&#8220;SERIA MW&#8220; _builder_version=&#8220;4.27.4&#8243; background_enable_color=&#8220;off&#8220; link_option_url=&#8220;https:\/\/ht-box.com\/de\/lagercontainer\/mw-serien\/&#8220; hover_enabled=&#8220;0&#8243; global_colors_info=&#8220;{}&#8220; background__hover_enabled=&#8220;on|hover&#8220; background_enable_color__hover=&#8220;off&#8220; background_image__hover=&#8220;https:\/\/ht-box.com\/wp-content\/uploads\/2020\/12\/hover.png&#8220; background_enable_image__hover=&#8220;on&#8220; background_size__hover=&#8220;contain&#8220; sticky_enabled=&#8220;0&#8243;][et_pb_image src=&#8220;https:\/\/ht-box.com\/wp-content\/uploads\/2020\/12\/HTBOX_wiata-pom.png&#8220; title_text=&#8220;HTBOX_wiata-pom&#8220; _builder_version=&#8220;4.16&#8243; _module_preset=&#8220;default&#8220; global_colors_info=&#8220;{}&#8220; background_enable_color__hover=&#8220;off&#8220; background__hover_enabled=&#8220;on|hover&#8220;][\/et_pb_image][et_pb_text _builder_version=&#8220;4.27.4&#8243; header_font=&#8220;|700||on|||||&#8220; header_text_align=&#8220;center&#8220; header_font_size=&#8220;22px&#8220; header_2_font=&#8220;|700||on|||||&#8220; header_2_text_align=&#8220;center&#8220; header_2_font_size=&#8220;22px&#8220; positioning=&#8220;relative&#8220; vertical_offset=&#8220;-45px&#8220; custom_margin=&#8220;||0px||false|false&#8220; custom_padding=&#8220;10px||0px||false|false&#8220; hover_enabled=&#8220;0&#8243; global_colors_info=&#8220;{}&#8220; sticky_enabled=&#8220;0&#8243;]<\/p>\n<h2><span style=\"color: #ff0000;\">&gt;<\/span> MW Serien<\/h2>\n<p>[\/et_pb_text][\/et_pb_column][et_pb_column type=&#8220;1_6&#8243; admin_label=&#8220;SERIA JB&#8220; _builder_version=&#8220;4.27.4&#8243; background_enable_color=&#8220;off&#8220; link_option_url=&#8220;https:\/\/ht-box.com\/de\/lagercontainer\/jb-serien\/&#8220; hover_enabled=&#8220;0&#8243; global_colors_info=&#8220;{}&#8220; background__hover_enabled=&#8220;on|hover&#8220; background_enable_color__hover=&#8220;off&#8220; background_image__hover=&#8220;https:\/\/ht-box.com\/wp-content\/uploads\/2020\/12\/hover.png&#8220; background_enable_image__hover=&#8220;on&#8220; background_size__hover=&#8220;contain&#8220; sticky_enabled=&#8220;0&#8243;][et_pb_image src=&#8220;https:\/\/ht-box.com\/wp-content\/uploads\/2020\/12\/HTBOX_seria-JBOX-pom.png&#8220; title_text=&#8220;HTBOX_seria-JBOX-pom&#8220; _builder_version=&#8220;4.16&#8243; _module_preset=&#8220;default&#8220; global_colors_info=&#8220;{}&#8220; background_enable_color__hover=&#8220;off&#8220; background__hover_enabled=&#8220;on|hover&#8220;][\/et_pb_image][et_pb_text _builder_version=&#8220;4.27.4&#8243; header_font=&#8220;|700||on|||||&#8220; header_text_align=&#8220;center&#8220; header_font_size=&#8220;22px&#8220; header_2_font=&#8220;|700||on|||||&#8220; header_2_text_align=&#8220;center&#8220; header_2_font_size=&#8220;22px&#8220; positioning=&#8220;relative&#8220; vertical_offset=&#8220;-45px&#8220; custom_margin=&#8220;||0px||false|false&#8220; custom_padding=&#8220;10px||0px||false|false&#8220; hover_enabled=&#8220;0&#8243; global_colors_info=&#8220;{}&#8220; sticky_enabled=&#8220;0&#8243;]<\/p>\n<h2><span style=\"color: #ff0000;\">&gt;<\/span>\u00a0JB Serien<\/h2>\n<p>[\/et_pb_text][\/et_pb_column][\/et_pb_row][et_pb_row column_structure=&#8220;2_5,3_5&#8243; make_equal=&#8220;on&#8220; _builder_version=&#8220;4.17.0&#8243; _module_preset=&#8220;default&#8220; custom_margin=&#8220;0px||0px||false|false&#8220; custom_padding=&#8220;0px||0px||false|false&#8220; global_colors_info=&#8220;{}&#8220;][et_pb_column type=&#8220;2_5&#8243; _builder_version=&#8220;4.17.0&#8243; _module_preset=&#8220;default&#8220; global_colors_info=&#8220;{}&#8220;][et_pb_image src=&#8220;https:\/\/ht-box.com\/wp-content\/uploads\/2022\/04\/BOXY.jpg&#8220; title_text=&#8220;BOXY&#8220; _builder_version=&#8220;4.17.0&#8243; _module_preset=&#8220;default&#8220; global_colors_info=&#8220;{}&#8220;][\/et_pb_image][\/et_pb_column][et_pb_column type=&#8220;3_5&#8243; _builder_version=&#8220;4.17.0&#8243; _module_preset=&#8220;default&#8220; global_colors_info=&#8220;{}&#8220;][et_pb_text _builder_version=&#8220;4.17.0&#8243; _module_preset=&#8220;default&#8220; text_font=&#8220;Montserrat||||||||&#8220; text_text_color=&#8220;#000000&#8243; text_font_size=&#8220;25px&#8220; text_line_height=&#8220;1.5em&#8220; positioning=&#8220;absolute&#8220; position_origin_a=&#8220;bottom_center&#8220; width=&#8220;100%&#8220; global_colors_info=&#8220;{}&#8220;]<\/p>\n<p>Derzeit gibt es in Polen bereits mehrere Dutzend Self-Storage-Unternehmen.<\/p>\n<p>[\/et_pb_text][\/et_pb_column][\/et_pb_row][et_pb_row _builder_version=&#8220;4.17.0&#8243; _module_preset=&#8220;default&#8220; custom_padding=&#8220;||60px||false|false&#8220; global_colors_info=&#8220;{}&#8220;][et_pb_column type=&#8220;4_4&#8243; _builder_version=&#8220;4.17.0&#8243; _module_preset=&#8220;default&#8220; global_colors_info=&#8220;{}&#8220;][et_pb_text _builder_version=&#8220;4.17.0&#8243; _module_preset=&#8220;default&#8220; text_font=&#8220;Montserrat||||||||&#8220; global_colors_info=&#8220;{}&#8220;]<\/p>\n<h3>Was sind die Vorteile einer Investition in Self-Storage?<\/h3>\n<ul>\n<li>Auf dem polnischen Markt handelt es sich um eine relativ junge, aber schnell wachsende Branche;<\/li>\n<li>weitgehend passives Gesch\u00e4ft;<\/li>\n<li>niedrige Instandhaltungskosten;<\/li>\n<li>M\u00f6glichkeit des schnellen Wachstums und der Expansion;<\/li>\n<li>hohe Rendite;<\/li>\n<li>Gesch\u00e4ft, das sowohl in Zeiten des Wohlstands als auch in Krisenzeiten gut funktioniert.<\/li>\n<\/ul>\n<h3>Elemente der Investition:<\/h3>\n<ul>\n<li>eigenes oder gepachtetes Grundst\u00fcck;<\/li>\n<li>Vorbereitung des Gel\u00e4ndes<\/li>\n<li>Umz\u00e4unung des Gel\u00e4ndes<\/li>\n<li>Installation eines Tors<\/li>\n<li>Installationeines Systems zur Genehmigung von Toren;<\/li>\n<li>Installation von Lagerboxen &#8211; HT-BOX.COM; Installation eines<\/li>\n<li>\u00dcberwachungssystems;<\/li>\n<li>Einf\u00fchrung eines IT-Systems zur Verwaltung &#8211; STORJAY.COM.<\/li>\n<\/ul>\n<p>[\/et_pb_text][et_pb_image src=&#8220;https:\/\/ht-box.com\/wp-content\/uploads\/2025\/07\/Bestellprozess.png&#8220; title_text=&#8220;Bestellprozess&#8220; _builder_version=&#8220;4.27.4&#8243; _module_preset=&#8220;default&#8220; global_colors_info=&#8220;{}&#8220;][\/et_pb_image][et_pb_text _builder_version=&#8220;4.17.0&#8243; _module_preset=&#8220;default&#8220; custom_margin=&#8220;40px||||false|false&#8220; global_colors_info=&#8220;{}&#8220;]<\/p>\n<h3>Verf\u00fcgbare Container:<\/h3>\n<ul>\n<li>Baucontainer<\/li>\n<li>Lagercontainer<\/li>\n<li>Container zur Aufbewahrung von Gegenst\u00e4nden<\/li>\n<\/ul>\n<p>[\/et_pb_text][\/et_pb_column][\/et_pb_row][\/et_pb_section]<\/p>\n","protected":false},"excerpt":{"rendered":"<p>Wir garantieren Produkte von h\u00f6chster Qualit\u00e4t und einen professionellen und umfassenden Service in Bezug auf Beladung, Transport, Entladung und Montage. Wir stellen f\u00fcr unsere Kunden ma\u00dfgeschneiderte L\u00f6sungen her, die sich ideal f\u00fcr den Einsatz auf der Baustelle oder im Hinterhofgarten sowie f\u00fcr die Self-Storage-Anlage eignen&gt; M Serien&gt; MB Serien&gt; MD Serien&gt; MC Serien&gt; MW Serien&gt;\u00a0JB [&hellip;]<\/p>\n","protected":false},"author":1,"featured_media":0,"parent":0,"menu_order":0,"comment_status":"closed","ping_status":"closed","template":"","meta":{"_et_pb_use_builder":"on","_et_pb_old_content":"","_et_gb_content_width":"","footnotes":""},"class_list":["post-18674","page","type-page","status-publish","hentry"],"yoast_head":"<!-- This site is optimized with the Yoast SEO plugin v25.1 - https:\/\/yoast.com\/wordpress\/plugins\/seo\/ -->\n<title>Lagerboxen<\/title>\n<meta name=\"description\" content=\"Kontenery magazynowe Self - Storage: 6 serii produkt\u00f3w, rozmiary od 1,5m do 6m. Wynajem, sprzeda\u017c, produkcja. Sprawd\u017a serie HT-Box!\" \/>\n<meta name=\"robots\" content=\"index, follow, max-snippet:-1, max-image-preview:large, max-video-preview:-1\" \/>\n<link rel=\"canonical\" href=\"https:\/\/ht-box.com\/de\/lagercontainer\/\" \/>\n<meta property=\"og:locale\" content=\"de_DE\" \/>\n<meta property=\"og:type\" content=\"article\" \/>\n<meta property=\"og:title\" content=\"Lagerboxen\" \/>\n<meta property=\"og:description\" content=\"Kontenery magazynowe Self - Storage: 6 serii produkt\u00f3w, rozmiary od 1,5m do 6m. Wynajem, sprzeda\u017c, produkcja. Sprawd\u017a serie HT-Box!\" \/>\n<meta property=\"og:url\" content=\"https:\/\/ht-box.com\/de\/lagercontainer\/\" \/>\n<meta property=\"og:site_name\" content=\"HT-BOX\" \/>\n<meta property=\"article:modified_time\" content=\"2025-07-10T08:39:56+00:00\" \/>\n<meta name=\"twitter:card\" content=\"summary_large_image\" \/>\n<meta name=\"twitter:label1\" content=\"Gesch\u00e4tzte Lesezeit\" \/>\n\t<meta name=\"twitter:data1\" content=\"8\u00a0Minuten\" \/>\n<script type=\"application\/ld+json\" class=\"yoast-schema-graph\">{\"@context\":\"https:\/\/schema.org\",\"@graph\":[{\"@type\":\"WebPage\",\"@id\":\"https:\/\/ht-box.com\/de\/lagercontainer\/\",\"url\":\"https:\/\/ht-box.com\/de\/lagercontainer\/\",\"name\":\"Lagerboxen\",\"isPartOf\":{\"@id\":\"https:\/\/ht-box.com\/#website\"},\"datePublished\":\"2018-06-29T13:35:19+00:00\",\"dateModified\":\"2025-07-10T08:39:56+00:00\",\"description\":\"Kontenery magazynowe Self - Storage: 6 serii produkt\u00f3w, rozmiary od 1,5m do 6m. Wynajem, sprzeda\u017c, produkcja. Sprawd\u017a serie HT-Box!\",\"breadcrumb\":{\"@id\":\"https:\/\/ht-box.com\/de\/lagercontainer\/#breadcrumb\"},\"inLanguage\":\"de\",\"potentialAction\":[{\"@type\":\"ReadAction\",\"target\":[\"https:\/\/ht-box.com\/de\/lagercontainer\/\"]}]},{\"@type\":\"BreadcrumbList\",\"@id\":\"https:\/\/ht-box.com\/de\/lagercontainer\/#breadcrumb\",\"itemListElement\":[{\"@type\":\"ListItem\",\"position\":1,\"name\":\"Home\",\"item\":\"https:\/\/ht-box.com\/de\/\"},{\"@type\":\"ListItem\",\"position\":2,\"name\":\"Lagercontainer\"}]},{\"@type\":\"WebSite\",\"@id\":\"https:\/\/ht-box.com\/#website\",\"url\":\"https:\/\/ht-box.com\/\",\"name\":\"HT-BOX\",\"description\":\"Ht-box to producent kontener\u00f3w magazynowych do zastosowa\u0144 przemys\u0142owych, przydomowych czy Self Storage.\",\"potentialAction\":[{\"@type\":\"SearchAction\",\"target\":{\"@type\":\"EntryPoint\",\"urlTemplate\":\"https:\/\/ht-box.com\/?s={search_term_string}\"},\"query-input\":{\"@type\":\"PropertyValueSpecification\",\"valueRequired\":true,\"valueName\":\"search_term_string\"}}],\"inLanguage\":\"de\"}]}<\/script>\n<!-- \/ Yoast SEO plugin. -->","yoast_head_json":{"title":"Lagerboxen","description":"Kontenery magazynowe Self - Storage: 6 serii produkt\u00f3w, rozmiary od 1,5m do 6m. Wynajem, sprzeda\u017c, produkcja. Sprawd\u017a serie HT-Box!","robots":{"index":"index","follow":"follow","max-snippet":"max-snippet:-1","max-image-preview":"max-image-preview:large","max-video-preview":"max-video-preview:-1"},"canonical":"https:\/\/ht-box.com\/de\/lagercontainer\/","og_locale":"de_DE","og_type":"article","og_title":"Lagerboxen","og_description":"Kontenery magazynowe Self - Storage: 6 serii produkt\u00f3w, rozmiary od 1,5m do 6m. Wynajem, sprzeda\u017c, produkcja. Sprawd\u017a serie HT-Box!","og_url":"https:\/\/ht-box.com\/de\/lagercontainer\/","og_site_name":"HT-BOX","article_modified_time":"2025-07-10T08:39:56+00:00","twitter_card":"summary_large_image","twitter_misc":{"Gesch\u00e4tzte Lesezeit":"8\u00a0Minuten"},"schema":{"@context":"https:\/\/schema.org","@graph":[{"@type":"WebPage","@id":"https:\/\/ht-box.com\/de\/lagercontainer\/","url":"https:\/\/ht-box.com\/de\/lagercontainer\/","name":"Lagerboxen","isPartOf":{"@id":"https:\/\/ht-box.com\/#website"},"datePublished":"2018-06-29T13:35:19+00:00","dateModified":"2025-07-10T08:39:56+00:00","description":"Kontenery magazynowe Self - Storage: 6 serii produkt\u00f3w, rozmiary od 1,5m do 6m. Wynajem, sprzeda\u017c, produkcja. Sprawd\u017a serie HT-Box!","breadcrumb":{"@id":"https:\/\/ht-box.com\/de\/lagercontainer\/#breadcrumb"},"inLanguage":"de","potentialAction":[{"@type":"ReadAction","target":["https:\/\/ht-box.com\/de\/lagercontainer\/"]}]},{"@type":"BreadcrumbList","@id":"https:\/\/ht-box.com\/de\/lagercontainer\/#breadcrumb","itemListElement":[{"@type":"ListItem","position":1,"name":"Home","item":"https:\/\/ht-box.com\/de\/"},{"@type":"ListItem","position":2,"name":"Lagercontainer"}]},{"@type":"WebSite","@id":"https:\/\/ht-box.com\/#website","url":"https:\/\/ht-box.com\/","name":"HT-BOX","description":"Ht-box to producent kontener\u00f3w magazynowych do zastosowa\u0144 przemys\u0142owych, przydomowych czy Self Storage.","potentialAction":[{"@type":"SearchAction","target":{"@type":"EntryPoint","urlTemplate":"https:\/\/ht-box.com\/?s={search_term_string}"},"query-input":{"@type":"PropertyValueSpecification","valueRequired":true,"valueName":"search_term_string"}}],"inLanguage":"de"}]}},"_links":{"self":[{"href":"https:\/\/ht-box.com\/de\/wp-json\/wp\/v2\/pages\/18674","targetHints":{"allow":["GET"]}}],"collection":[{"href":"https:\/\/ht-box.com\/de\/wp-json\/wp\/v2\/pages"}],"about":[{"href":"https:\/\/ht-box.com\/de\/wp-json\/wp\/v2\/types\/page"}],"author":[{"embeddable":true,"href":"https:\/\/ht-box.com\/de\/wp-json\/wp\/v2\/users\/1"}],"replies":[{"embeddable":true,"href":"https:\/\/ht-box.com\/de\/wp-json\/wp\/v2\/comments?post=18674"}],"version-history":[{"count":11,"href":"https:\/\/ht-box.com\/de\/wp-json\/wp\/v2\/pages\/18674\/revisions"}],"predecessor-version":[{"id":18863,"href":"https:\/\/ht-box.com\/de\/wp-json\/wp\/v2\/pages\/18674\/revisions\/18863"}],"wp:attachment":[{"href":"https:\/\/ht-box.com\/de\/wp-json\/wp\/v2\/media?parent=18674"}],"curies":[{"name":"wp","href":"https:\/\/api.w.org\/{rel}","templated":true}]}}