{"id":11829,"date":"2023-07-13T23:51:26","date_gmt":"2023-07-13T23:51:26","guid":{"rendered":"https:\/\/ht-box.com\/realization\/realizacja-ht-box_com-marketdino_pl\/"},"modified":"2023-07-13T23:53:36","modified_gmt":"2023-07-13T23:53:36","slug":"realization-ht-box_com-marketdino_pl","status":"publish","type":"page","link":"https:\/\/ht-box.com\/en\/realization\/realization-ht-box_com-marketdino_pl\/","title":{"rendered":"Realizacja HT-BOX_COM &#8211; MARKETDINO_PL"},"content":{"rendered":"<p>[et_pb_section fb_built=&#8221;1&#8243; _builder_version=&#8221;4.16&#8243; background_color=&#8221;#dbdbdb&#8221; background_image=&#8221;https:\/\/ht-box.com\/wp-content\/uploads\/2020\/12\/TLO-HT-BOX-3.png&#8221; parallax=&#8221;on&#8221; parallax_method=&#8221;off&#8221; custom_padding=&#8221;30px|0px|0|0px|false|false&#8221; global_colors_info=&#8221;{}&#8221;][et_pb_row _builder_version=&#8221;4.16&#8243; global_colors_info=&#8221;{}&#8221;][et_pb_column type=&#8221;4_4&#8243; _builder_version=&#8221;4.16&#8243; custom_padding=&#8221;|||&#8221; global_colors_info=&#8221;{}&#8221; custom_padding__hover=&#8221;|||&#8221;][et_pb_text _builder_version=&#8221;4.20.4&#8243; text_text_color=&#8221;#434342&#8243; text_font_size=&#8221;16px&#8221; header_font=&#8221;|600|||||||&#8221; hover_enabled=&#8221;0&#8243; global_colors_info=&#8221;{}&#8221; sticky_enabled=&#8221;0&#8243;]<\/p>\n<h1>Realization for MARKETDINO.PL<\/h1>\n<p>[\/et_pb_text][\/et_pb_column][\/et_pb_row][et_pb_row use_custom_gutter=&#8221;on&#8221; gutter_width=&#8221;2&#8243; _builder_version=&#8221;4.16&#8243; width=&#8221;75%&#8221; max_width=&#8221;100%&#8221; locked=&#8221;off&#8221; global_colors_info=&#8221;{}&#8221;][et_pb_column type=&#8221;4_4&#8243; admin_label=&#8221;SERIA M&#8221; _builder_version=&#8221;4.16&#8243; _dynamic_attributes=&#8221;link_option_url&#8221; background_enable_color=&#8221;off&#8221; link_option_url=&#8221;@ET-DC@eyJkeW5hbWljIjp0cnVlLCJjb250ZW50IjoicG9zdF9saW5rX3VybF9wYWdlIiwic2V0dGluZ3MiOnsicG9zdF9pZCI6IjQ0NDkifX0=@&#8221; global_colors_info=&#8221;{}&#8221; background__hover_enabled=&#8221;on|hover&#8221; background_color__hover=&#8221;&#8221; background_enable_color__hover=&#8221;off&#8221; title_text__hover=&#8221;hover&#8221; background_enable_image__hover=&#8221;off&#8221; background_size__hover=&#8221;contain&#8221;][et_pb_gallery gallery_ids=&#8221;11808,11810,11812,11814,11816,11818,11820,11822,11824,11826&#8243; posts_number=&#8221;30&#8243; show_title_and_caption=&#8221;off&#8221; show_pagination=&#8221;off&#8221; zoom_icon_color=&#8221;#ffffff&#8221; hover_overlay_color=&#8221;rgba(56,56,56,0.42)&#8221; _builder_version=&#8221;4.20.4&#8243; _module_preset=&#8221;default&#8221; border_color_all_image=&#8221;#ffffff&#8221; border_width_top_image=&#8221;5px&#8221; border_width_right_image=&#8221;5px&#8221; border_width_left_image=&#8221;5px&#8221; box_shadow_style_image=&#8221;preset3&#8243; global_colors_info=&#8221;{}&#8221;][\/et_pb_gallery][\/et_pb_column][\/et_pb_row][\/et_pb_section]<\/p>\n","protected":false},"excerpt":{"rendered":"<p>Realization for MARKETDINO.PL<\/p>\n","protected":false},"author":6,"featured_media":0,"parent":2273,"menu_order":0,"comment_status":"closed","ping_status":"closed","template":"","meta":{"_et_pb_use_builder":"on","_et_pb_old_content":"","_et_gb_content_width":"","footnotes":""},"class_list":["post-11829","page","type-page","status-publish","hentry"],"yoast_head":"<!-- This site is optimized with the Yoast SEO plugin v25.1 - https:\/\/yoast.com\/wordpress\/plugins\/seo\/ -->\n<title>Realizacja HT-BOX_COM - MARKETDINO_PL | HT-BOX<\/title>\n<meta name=\"robots\" content=\"index, follow, max-snippet:-1, max-image-preview:large, max-video-preview:-1\" \/>\n<link rel=\"canonical\" href=\"https:\/\/ht-box.com\/en\/realization\/realization-ht-box_com-marketdino_pl\/\" \/>\n<meta property=\"og:locale\" content=\"en_US\" \/>\n<meta property=\"og:type\" content=\"article\" \/>\n<meta property=\"og:title\" content=\"Realizacja HT-BOX_COM - MARKETDINO_PL | HT-BOX\" \/>\n<meta property=\"og:description\" content=\"Realization for MARKETDINO.PL\" \/>\n<meta property=\"og:url\" content=\"https:\/\/ht-box.com\/en\/realization\/realization-ht-box_com-marketdino_pl\/\" \/>\n<meta property=\"og:site_name\" content=\"HT-BOX\" \/>\n<meta property=\"article:modified_time\" content=\"2023-07-13T23:53:36+00:00\" \/>\n<meta name=\"twitter:card\" content=\"summary_large_image\" \/>\n<meta name=\"twitter:label1\" content=\"Est. reading time\" \/>\n\t<meta name=\"twitter:data1\" content=\"1 minute\" \/>\n<script type=\"application\/ld+json\" class=\"yoast-schema-graph\">{\"@context\":\"https:\/\/schema.org\",\"@graph\":[{\"@type\":\"WebPage\",\"@id\":\"https:\/\/ht-box.com\/en\/realization\/realization-ht-box_com-marketdino_pl\/\",\"url\":\"https:\/\/ht-box.com\/en\/realization\/realization-ht-box_com-marketdino_pl\/\",\"name\":\"Realizacja HT-BOX_COM - MARKETDINO_PL | HT-BOX\",\"isPartOf\":{\"@id\":\"https:\/\/ht-box.com\/#website\"},\"datePublished\":\"2023-07-13T23:51:26+00:00\",\"dateModified\":\"2023-07-13T23:53:36+00:00\",\"breadcrumb\":{\"@id\":\"https:\/\/ht-box.com\/en\/realization\/realization-ht-box_com-marketdino_pl\/#breadcrumb\"},\"inLanguage\":\"en-US\",\"potentialAction\":[{\"@type\":\"ReadAction\",\"target\":[\"https:\/\/ht-box.com\/en\/realization\/realization-ht-box_com-marketdino_pl\/\"]}]},{\"@type\":\"BreadcrumbList\",\"@id\":\"https:\/\/ht-box.com\/en\/realization\/realization-ht-box_com-marketdino_pl\/#breadcrumb\",\"itemListElement\":[{\"@type\":\"ListItem\",\"position\":1,\"name\":\"Home\",\"item\":\"https:\/\/ht-box.com\/en\/\"},{\"@type\":\"ListItem\",\"position\":2,\"name\":\"Former Projects EN\",\"item\":\"https:\/\/ht-box.com\/en\/realization\/\"},{\"@type\":\"ListItem\",\"position\":3,\"name\":\"Realizacja HT-BOX_COM &#8211; MARKETDINO_PL\"}]},{\"@type\":\"WebSite\",\"@id\":\"https:\/\/ht-box.com\/#website\",\"url\":\"https:\/\/ht-box.com\/\",\"name\":\"HT-BOX\",\"description\":\"Ht-box to producent kontener\u00f3w magazynowych do zastosowa\u0144 przemys\u0142owych, przydomowych czy Self Storage.\",\"potentialAction\":[{\"@type\":\"SearchAction\",\"target\":{\"@type\":\"EntryPoint\",\"urlTemplate\":\"https:\/\/ht-box.com\/?s={search_term_string}\"},\"query-input\":{\"@type\":\"PropertyValueSpecification\",\"valueRequired\":true,\"valueName\":\"search_term_string\"}}],\"inLanguage\":\"en-US\"}]}<\/script>\n<!-- \/ Yoast SEO plugin. -->","yoast_head_json":{"title":"Realizacja HT-BOX_COM - MARKETDINO_PL | HT-BOX","robots":{"index":"index","follow":"follow","max-snippet":"max-snippet:-1","max-image-preview":"max-image-preview:large","max-video-preview":"max-video-preview:-1"},"canonical":"https:\/\/ht-box.com\/en\/realization\/realization-ht-box_com-marketdino_pl\/","og_locale":"en_US","og_type":"article","og_title":"Realizacja HT-BOX_COM - MARKETDINO_PL | HT-BOX","og_description":"Realization for MARKETDINO.PL","og_url":"https:\/\/ht-box.com\/en\/realization\/realization-ht-box_com-marketdino_pl\/","og_site_name":"HT-BOX","article_modified_time":"2023-07-13T23:53:36+00:00","twitter_card":"summary_large_image","twitter_misc":{"Est. reading time":"1 minute"},"schema":{"@context":"https:\/\/schema.org","@graph":[{"@type":"WebPage","@id":"https:\/\/ht-box.com\/en\/realization\/realization-ht-box_com-marketdino_pl\/","url":"https:\/\/ht-box.com\/en\/realization\/realization-ht-box_com-marketdino_pl\/","name":"Realizacja HT-BOX_COM - MARKETDINO_PL | HT-BOX","isPartOf":{"@id":"https:\/\/ht-box.com\/#website"},"datePublished":"2023-07-13T23:51:26+00:00","dateModified":"2023-07-13T23:53:36+00:00","breadcrumb":{"@id":"https:\/\/ht-box.com\/en\/realization\/realization-ht-box_com-marketdino_pl\/#breadcrumb"},"inLanguage":"en-US","potentialAction":[{"@type":"ReadAction","target":["https:\/\/ht-box.com\/en\/realization\/realization-ht-box_com-marketdino_pl\/"]}]},{"@type":"BreadcrumbList","@id":"https:\/\/ht-box.com\/en\/realization\/realization-ht-box_com-marketdino_pl\/#breadcrumb","itemListElement":[{"@type":"ListItem","position":1,"name":"Home","item":"https:\/\/ht-box.com\/en\/"},{"@type":"ListItem","position":2,"name":"Former Projects EN","item":"https:\/\/ht-box.com\/en\/realization\/"},{"@type":"ListItem","position":3,"name":"Realizacja HT-BOX_COM &#8211; MARKETDINO_PL"}]},{"@type":"WebSite","@id":"https:\/\/ht-box.com\/#website","url":"https:\/\/ht-box.com\/","name":"HT-BOX","description":"Ht-box to producent kontener\u00f3w magazynowych do zastosowa\u0144 przemys\u0142owych, przydomowych czy Self Storage.","potentialAction":[{"@type":"SearchAction","target":{"@type":"EntryPoint","urlTemplate":"https:\/\/ht-box.com\/?s={search_term_string}"},"query-input":{"@type":"PropertyValueSpecification","valueRequired":true,"valueName":"search_term_string"}}],"inLanguage":"en-US"}]}},"_links":{"self":[{"href":"https:\/\/ht-box.com\/en\/wp-json\/wp\/v2\/pages\/11829","targetHints":{"allow":["GET"]}}],"collection":[{"href":"https:\/\/ht-box.com\/en\/wp-json\/wp\/v2\/pages"}],"about":[{"href":"https:\/\/ht-box.com\/en\/wp-json\/wp\/v2\/types\/page"}],"author":[{"embeddable":true,"href":"https:\/\/ht-box.com\/en\/wp-json\/wp\/v2\/users\/6"}],"replies":[{"embeddable":true,"href":"https:\/\/ht-box.com\/en\/wp-json\/wp\/v2\/comments?post=11829"}],"version-history":[{"count":3,"href":"https:\/\/ht-box.com\/en\/wp-json\/wp\/v2\/pages\/11829\/revisions"}],"predecessor-version":[{"id":11832,"href":"https:\/\/ht-box.com\/en\/wp-json\/wp\/v2\/pages\/11829\/revisions\/11832"}],"up":[{"embeddable":true,"href":"https:\/\/ht-box.com\/en\/wp-json\/wp\/v2\/pages\/2273"}],"wp:attachment":[{"href":"https:\/\/ht-box.com\/en\/wp-json\/wp\/v2\/media?parent=11829"}],"curies":[{"name":"wp","href":"https:\/\/api.w.org\/{rel}","templated":true}]}}