{"id":15656,"date":"2025-02-26T10:57:11","date_gmt":"2025-02-26T10:57:11","guid":{"rendered":"https:\/\/ht-box.com\/?page_id=15656"},"modified":"2025-04-11T03:58:35","modified_gmt":"2025-04-11T03:58:35","slug":"thermal-insulation-coating-for-self-storage-containers","status":"publish","type":"page","link":"https:\/\/ht-box.com\/en\/thermal-insulation-coating-for-self-storage-containers\/","title":{"rendered":"Thermal Insulation Coating for Self Storage Containers"},"content":{"rendered":"<p>[et_pb_section fb_built=&#8221;1&#8243; _builder_version=&#8221;4.20.4&#8243; background_color=&#8221;#F5F5F5&#8243; background_image=&#8221;https:\/\/ht-box.com\/wp-content\/uploads\/2020\/12\/TLO-HT-BOX-3.png&#8221; background_size=&#8221;contain&#8221; background_position=&#8221;top_center&#8221; custom_margin=&#8221;0px||0px||false|false&#8221; custom_padding=&#8221;0px||0px||false|false&#8221; locked=&#8221;off&#8221; global_colors_info=&#8221;{}&#8221;][et_pb_row _builder_version=&#8221;4.20.4&#8243; _module_preset=&#8221;default&#8221; width=&#8221;100%&#8221; max_width=&#8221;100%&#8221; custom_margin=&#8221;0px||0px||false|false&#8221; custom_padding=&#8221;70px|10%|0px|10%|false|true&#8221; global_colors_info=&#8221;{}&#8221;][et_pb_column type=&#8221;4_4&#8243; _builder_version=&#8221;4.16&#8243; _module_preset=&#8221;default&#8221; global_colors_info=&#8221;{}&#8221;][et_pb_text _builder_version=&#8221;4.25.2&#8243; _module_preset=&#8221;default&#8221; header_font=&#8221;Work Sans|800||on|||||&#8221; header_font_size=&#8221;34px&#8221; header_letter_spacing=&#8221;1px&#8221; header_2_font=&#8221;Work Sans||||||||&#8221; header_2_text_color=&#8221;#0C71C3&#8243; global_colors_info=&#8221;{}&#8221;]<\/p>\n<h1>Thermal Insulation Coating<\/h1>\n<h2>for Self Storage Containers<span class=\"re\"><\/span><\/h2>\n<p>[\/et_pb_text][\/et_pb_column][\/et_pb_row][et_pb_row column_structure=&#8221;1_3,2_3&#8243; use_custom_gutter=&#8221;on&#8221; make_equal=&#8221;on&#8221; _builder_version=&#8221;4.20.4&#8243; background_enable_color=&#8221;off&#8221; width=&#8221;100%&#8221; max_width=&#8221;100%&#8221; module_alignment=&#8221;center&#8221; custom_margin=&#8221;60px||0px||false|false&#8221; custom_padding=&#8221;0px|10%|0px|10%|false|false&#8221; border_color_bottom=&#8221;#ffffff&#8221; global_colors_info=&#8221;{}&#8221;][et_pb_column type=&#8221;1_3&#8243; _builder_version=&#8221;4.20.4&#8243; background_enable_video_mp4=&#8221;off&#8221; custom_padding=&#8221;|||&#8221; global_colors_info=&#8221;{}&#8221; custom_padding__hover=&#8221;|||&#8221;][et_pb_image src=&#8221;https:\/\/ht-box.com\/wp-content\/uploads\/2024\/02\/4.png&#8221; title_text=&#8221;4&#8243; _builder_version=&#8221;4.20.4&#8243; _module_preset=&#8221;default&#8221; global_colors_info=&#8221;{}&#8221;][\/et_pb_image][et_pb_image src=&#8221;https:\/\/ht-box.com\/wp-content\/uploads\/2024\/02\/HT-BOX_COM-TERMOIZPLACJA.jpg&#8221; title_text=&#8221;HT-BOX_COM TERMOIZPLACJA&#8221; _builder_version=&#8221;4.20.4&#8243; _module_preset=&#8221;default&#8221; custom_padding=&#8221;70px||0px||false|false&#8221; border_width_all=&#8221;4px&#8221; border_color_all=&#8221;#ebebeb&#8221; global_colors_info=&#8221;{}&#8221;][\/et_pb_image][\/et_pb_column][et_pb_column type=&#8221;2_3&#8243; _builder_version=&#8221;4.16&#8243; custom_padding=&#8221;|||&#8221; global_colors_info=&#8221;{}&#8221; custom_padding__hover=&#8221;|||&#8221;][et_pb_text _builder_version=&#8221;4.25.2&#8243; text_font=&#8221;Work Sans||||||||&#8221; text_text_color=&#8221;#434342&#8243; text_font_size=&#8221;16px&#8221; text_line_height=&#8221;1.5em&#8221; link_text_color=&#8221;#0C71C3&#8243; header_text_color=&#8221;#434342&#8243; header_2_font=&#8221;Work Sans|700|||||||&#8221; header_2_text_align=&#8221;left&#8221; header_2_text_color=&#8221;#434342&#8243; header_2_font_size=&#8221;30px&#8221; header_3_font=&#8221;Work Sans|700|||||||&#8221; header_3_text_color=&#8221;#434342&#8243; header_3_letter_spacing=&#8221;1px&#8221; header_3_line_height=&#8221;1.4em&#8221; text_orientation=&#8221;justified&#8221; background_layout=&#8221;dark&#8221; custom_padding=&#8221;0px||0px||false|false&#8221; global_colors_info=&#8221;{}&#8221;]<\/p>\n<h2>Effective Protection and Storage Comfort<\/h2>\n<p style=\"text-align: left;\">A thermal insulation coating for self-storage containers is an innovative solution that has gained increased popularity in the storage industry. Self-Storage containers have individual storage units and are used to store various items by both individuals and businesses. To improve the energy efficiency of these containers and protect stored items from extreme temperatures, applying a thermal insulation coating becomes a key element.<\/p>\n<p>[\/et_pb_text][et_pb_text _builder_version=&#8221;4.25.2&#8243; text_font=&#8221;Work Sans||||||||&#8221; text_text_color=&#8221;#434342&#8243; text_font_size=&#8221;16px&#8221; text_line_height=&#8221;1.5em&#8221; link_text_color=&#8221;#0C71C3&#8243; header_text_color=&#8221;#434342&#8243; header_2_font=&#8221;Work Sans|700|||||||&#8221; header_2_text_align=&#8221;left&#8221; header_2_text_color=&#8221;#434342&#8243; header_2_font_size=&#8221;30px&#8221; header_3_font=&#8221;Work Sans|700|||||||&#8221; header_3_text_color=&#8221;#434342&#8243; header_3_letter_spacing=&#8221;1px&#8221; header_3_line_height=&#8221;1.4em&#8221; text_orientation=&#8221;justified&#8221; background_layout=&#8221;dark&#8221; custom_padding=&#8221;0px||0px||false|false&#8221; global_colors_info=&#8221;{}&#8221;]<\/p>\n<h3>Why Choose Thermal Insulation Coating?<\/h3>\n<p data-start=\"2576\" data-end=\"2817\"><strong data-start=\"2576\" data-end=\"2622\">1. Protection Against Extreme Temperatures<\/strong><br data-start=\"2622\" data-end=\"2625\" \/>The <strong data-start=\"2629\" data-end=\"2659\">thermal insulation coating<\/strong> acts as a shield, reflecting solar radiation and preventing containers from overheating on hot days. Protect your belongings from harsh weather conditions!<\/p>\n<p data-start=\"2819\" data-end=\"3035\"><strong data-start=\"2819\" data-end=\"2846\">2. Reduced Energy Costs<\/strong><br data-start=\"2846\" data-end=\"2849\" \/>By applying the <strong data-start=\"2865\" data-end=\"2895\">thermal insulation coating<\/strong> both outside and inside the container, you minimize heat loss on colder days. Energy savings will be noticeable in a short period of time.<\/p>\n<p>&nbsp;<\/p>\n<p>[\/et_pb_text][et_pb_text _builder_version=&#8221;4.25.2&#8243; text_font=&#8221;Work Sans||||||||&#8221; text_text_color=&#8221;#434342&#8243; text_font_size=&#8221;16px&#8221; text_line_height=&#8221;1.5em&#8221; link_text_color=&#8221;#0C71C3&#8243; header_text_color=&#8221;#434342&#8243; header_2_font=&#8221;Work Sans|700|||||||&#8221; header_2_text_align=&#8221;left&#8221; header_2_text_color=&#8221;#434342&#8243; header_2_font_size=&#8221;30px&#8221; header_3_font=&#8221;Work Sans|700|||||||&#8221; header_3_text_color=&#8221;#434342&#8243; header_3_letter_spacing=&#8221;1px&#8221; header_3_line_height=&#8221;1.4em&#8221; text_orientation=&#8221;justified&#8221; background_layout=&#8221;dark&#8221; custom_padding=&#8221;0px||0px||false|false&#8221; global_colors_info=&#8221;{}&#8221;]<\/p>\n<h3>Benefits of Using a Thermal Insulation Coating<\/h3>\n<p data-start=\"3095\" data-end=\"3253\"><strong data-start=\"3095\" data-end=\"3130\">1. Efficient Storage Management<\/strong><br data-start=\"3130\" data-end=\"3133\" \/>Thermal Insulation Coating is an investment in user comfort, improving storage conditions and protecting items.<\/p>\n<p data-start=\"3255\" data-end=\"3426\"><strong data-start=\"3255\" data-end=\"3285\">2. Long-Lasting Protection<\/strong><br data-start=\"3285\" data-end=\"3288\" \/>Our <strong data-start=\"3292\" data-end=\"3322\">thermal insulation coating<\/strong> is durable and effective, providing long-term protection without the need for frequent reapplication.<\/p>\n<p>&nbsp;<\/p>\n<p>[\/et_pb_text][et_pb_image src=&#8221;https:\/\/ht-box.com\/wp-content\/uploads\/2025\/02\/Thermal-insulation-coating.png&#8221; title_text=&#8221;Thermal insulation coating&#8221; align=&#8221;right&#8221; _builder_version=&#8221;4.25.2&#8243; _module_preset=&#8221;default&#8221; width=&#8221;100%&#8221; custom_margin=&#8221;-30px||||false|false&#8221; global_colors_info=&#8221;{}&#8221;][\/et_pb_image][\/et_pb_column][\/et_pb_row][et_pb_row column_structure=&#8221;1_5,1_5,1_5,1_5,1_5&#8243; use_custom_gutter=&#8221;on&#8221; make_equal=&#8221;on&#8221; _builder_version=&#8221;4.20.4&#8243; background_enable_color=&#8221;off&#8221; width=&#8221;100%&#8221; max_width=&#8221;100%&#8221; module_alignment=&#8221;center&#8221; custom_margin=&#8221;60px||70px||false|false&#8221; custom_padding=&#8221;0px|10%|0px|10%|false|false&#8221; border_color_bottom=&#8221;#ffffff&#8221; global_colors_info=&#8221;{}&#8221;][et_pb_column type=&#8221;1_5&#8243; _builder_version=&#8221;4.20.4&#8243; background_enable_video_mp4=&#8221;off&#8221; custom_padding=&#8221;|||&#8221; global_colors_info=&#8221;{}&#8221; custom_padding__hover=&#8221;|||&#8221;][et_pb_blurb use_icon=&#8221;on&#8221; font_icon=&#8221;&#xf46a;||fa||900&#8243; icon_color=&#8221;#0093c6&#8243; image_icon_background_color=&#8221;#abdef5&#8243; image_icon_width=&#8221;40px&#8221; _builder_version=&#8221;4.25.2&#8243; _module_preset=&#8221;default&#8221; body_font=&#8221;Work Sans||||||||&#8221; body_text_align=&#8221;center&#8221; body_font_size=&#8221;19px&#8221; image_icon_custom_padding=&#8221;10px|15px|10px|15px|true|true&#8221; global_colors_info=&#8221;{}&#8221;]<\/p>\n<p>High Fire Resistance<\/p>\n<p>[\/et_pb_blurb][\/et_pb_column][et_pb_column type=&#8221;1_5&#8243; _builder_version=&#8221;4.20.4&#8243; background_enable_video_mp4=&#8221;off&#8221; custom_padding=&#8221;|||&#8221; global_colors_info=&#8221;{}&#8221; custom_padding__hover=&#8221;|||&#8221;][et_pb_blurb use_icon=&#8221;on&#8221; font_icon=&#8221;&#xf2dc;||fa||900&#8243; icon_color=&#8221;#0093c6&#8243; image_icon_background_color=&#8221;#abdef5&#8243; image_icon_width=&#8221;40px&#8221; _builder_version=&#8221;4.25.2&#8243; _module_preset=&#8221;default&#8221; body_font=&#8221;Work Sans||||||||&#8221; body_text_align=&#8221;center&#8221; body_font_size=&#8221;19px&#8221; image_icon_custom_padding=&#8221;10px|12px|10px|12px|true|true&#8221; global_colors_info=&#8221;{}&#8221;]<\/p>\n<p>Protection Against Low Temperatures<\/p>\n<p>[\/et_pb_blurb][\/et_pb_column][et_pb_column type=&#8221;1_5&#8243; _builder_version=&#8221;4.20.4&#8243; background_enable_video_mp4=&#8221;off&#8221; custom_padding=&#8221;|||&#8221; global_colors_info=&#8221;{}&#8221; custom_padding__hover=&#8221;|||&#8221;][et_pb_blurb use_icon=&#8221;on&#8221; font_icon=&#8221;&#xf384;||fa||400&#8243; icon_color=&#8221;#0093c6&#8243; image_icon_background_color=&#8221;#abdef5&#8243; image_icon_width=&#8221;40px&#8221; _builder_version=&#8221;4.25.2&#8243; _module_preset=&#8221;default&#8221; body_font=&#8221;Work Sans||||||||&#8221; body_text_align=&#8221;center&#8221; body_font_size=&#8221;19px&#8221; image_icon_custom_padding=&#8221;10px|15px|10px|15px|true|true&#8221; global_colors_info=&#8221;{}&#8221;]<\/p>\n<p>Protection Against Mold<\/p>\n<p>[\/et_pb_blurb][\/et_pb_column][et_pb_column type=&#8221;1_5&#8243; _builder_version=&#8221;4.20.4&#8243; background_enable_video_mp4=&#8221;off&#8221; custom_padding=&#8221;|||&#8221; global_colors_info=&#8221;{}&#8221; custom_padding__hover=&#8221;|||&#8221;][et_pb_blurb use_icon=&#8221;on&#8221; font_icon=&#8221;&#xf043;||fa||900&#8243; icon_color=&#8221;#0093c6&#8243; image_icon_background_color=&#8221;#abdef5&#8243; image_icon_width=&#8221;40px&#8221; _builder_version=&#8221;4.25.2&#8243; _module_preset=&#8221;default&#8221; body_font=&#8221;Work Sans||||||||&#8221; body_text_align=&#8221;center&#8221; body_font_size=&#8221;19px&#8221; image_icon_custom_padding=&#8221;10px|15px|10px|15px|true|true&#8221; global_colors_info=&#8221;{}&#8221;]<\/p>\n<p>Protection Against Moisture<\/p>\n<p>[\/et_pb_blurb][\/et_pb_column][et_pb_column type=&#8221;1_5&#8243; _builder_version=&#8221;4.20.4&#8243; background_enable_video_mp4=&#8221;off&#8221; custom_padding=&#8221;|||&#8221; global_colors_info=&#8221;{}&#8221; custom_padding__hover=&#8221;|||&#8221;][et_pb_blurb use_icon=&#8221;on&#8221; font_icon=&#8221;&#xf185;||fa||900&#8243; icon_color=&#8221;#0093c6&#8243; image_icon_background_color=&#8221;#abdef5&#8243; image_icon_width=&#8221;40px&#8221; _builder_version=&#8221;4.25.2&#8243; _module_preset=&#8221;default&#8221; body_font=&#8221;Work Sans||||||||&#8221; body_text_align=&#8221;center&#8221; body_font_size=&#8221;19px&#8221; image_icon_custom_padding=&#8221;10px|10px|10px|10px|true|true&#8221; global_colors_info=&#8221;{}&#8221;]<\/p>\n<p>Protection Against UV Rays<\/p>\n<p>[\/et_pb_blurb][\/et_pb_column][\/et_pb_row][et_pb_row _builder_version=&#8221;4.20.4&#8243; _module_preset=&#8221;default&#8221; background_color=&#8221;#FFFFFF&#8221; width=&#8221;100%&#8221; max_width=&#8221;100%&#8221; custom_margin=&#8221;0px||0px||false|false&#8221; custom_padding=&#8221;10px|9%|10px|9%|true|true&#8221; global_colors_info=&#8221;{}&#8221;][et_pb_column type=&#8221;4_4&#8243; _builder_version=&#8221;4.19.4&#8243; _module_preset=&#8221;default&#8221; global_colors_info=&#8221;{}&#8221;][et_pb_text ul_item_indent=&#8221;36px&#8221; _builder_version=&#8221;4.25.2&#8243; text_font=&#8221;Work Sans||||||||&#8221; text_text_color=&#8221;#434342&#8243; text_font_size=&#8221;16px&#8221; text_line_height=&#8221;1.3em&#8221; link_text_color=&#8221;#0C71C3&#8243; header_text_color=&#8221;#434342&#8243; header_2_font=&#8221;|700|||||||&#8221; header_2_text_color=&#8221;#434342&#8243; header_2_font_size=&#8221;30px&#8221; header_3_text_color=&#8221;#434342&#8243; header_3_line_height=&#8221;1.4em&#8221; background_layout=&#8221;dark&#8221; custom_margin=&#8221;65px||||false|false&#8221; custom_padding=&#8221;0px||0px||false|false&#8221; global_colors_info=&#8221;{}&#8221;]<\/p>\n<h3>Get Your Thermal Insulation Coating Today!<\/h3>\n<p>Energy savings, effective protection against extreme weather conditions, and optimal storage comfort \u2013 all of this and more with a thermal insulation coating for self storage containers. Contact us today to learn more and start protecting your belongings!<\/p>\n<p>[\/et_pb_text][\/et_pb_column][\/et_pb_row][et_pb_row _builder_version=&#8221;4.20.4&#8243; _module_preset=&#8221;default&#8221; background_color=&#8221;#FFFFFF&#8221; width=&#8221;100%&#8221; max_width=&#8221;100%&#8221; custom_margin=&#8221;0px||0px||false|false&#8221; custom_padding=&#8221;70px|9%|70px|9%|true|true&#8221; global_colors_info=&#8221;{}&#8221;][et_pb_column type=&#8221;4_4&#8243; _builder_version=&#8221;4.19.4&#8243; _module_preset=&#8221;default&#8221; global_colors_info=&#8221;{}&#8221;][et_pb_text _builder_version=&#8221;4.25.2&#8243; _module_preset=&#8221;default&#8221; text_font=&#8221;Work Sans||||||||&#8221; header_2_font=&#8221;Work Sans|600|||||||&#8221; header_2_font_size=&#8221;30px&#8221; header_3_font=&#8221;Work Sans||||||||&#8221; custom_margin=&#8221;0px||0px||true|false&#8221; custom_padding=&#8221;0px||0px||true|false&#8221; global_colors_info=&#8221;{}&#8221;]      <\/p>\n<h2>Contact Us<\/h2>\n<p>We are pleased that you are considering our services for your project. Whether you are interested in our services or planning to open a Self-Storage business, we are ready to assist you.<\/p>\n<h3>Need More Information?<\/h3>\n<p>Our specialists are available to answer any questions, provide details about our containers, and discuss available customization options. We are confident that together we can create a solution perfectly tailored to your needs.<\/p>\n<h3>Planning to Start a Self-Storage Business?<\/h3>\n<p>If you are considering opening your own Self-Storage business, we are happy to help you understand how our containers can perfectly fit your business model. We offer not only high-quality containers but also experience and knowledge that can be crucial to the success of your investment.<\/p>\n<h3>A Single Container for Your Business<\/h3>\n<p>We are flexible! We offer the possibility of ordering a single container for your business. You don&#8217;t have to order in bulk \u2013 with us, you can purchase exactly as many as you need.<\/p>\n<h3>Get in Touch<\/h3>\n<p>We invite you to contact us by phone, email, or in person. Our team is available to provide you with all the necessary information and support you at every stage. Your success is our priority.<\/p>\n<\/p><\/div>\n<\/p><\/div>\n<\/div>\n<p>[\/et_pb_text][\/et_pb_column][\/et_pb_row][\/et_pb_section]<\/p>\n","protected":false},"excerpt":{"rendered":"<p>Thermal Insulation Coating for Self Storage ContainersEffective Protection and Storage Comfort A thermal insulation coating for self-storage containers is an innovative solution that has gained increased popularity in the storage industry. Self-Storage containers have individual storage units and are used to store various items by both individuals and businesses. To improve the energy efficiency of [&hellip;]<\/p>\n","protected":false},"author":6,"featured_media":0,"parent":0,"menu_order":0,"comment_status":"closed","ping_status":"closed","template":"","meta":{"_et_pb_use_builder":"on","_et_pb_old_content":"","_et_gb_content_width":"","footnotes":""},"class_list":["post-15656","page","type-page","status-publish","hentry"],"yoast_head":"<!-- This site is optimized with the Yoast SEO plugin v25.1 - https:\/\/yoast.com\/wordpress\/plugins\/seo\/ -->\n<title>Thermal Insulation Coating for Self Storage Containers | HT-BOX<\/title>\n<meta name=\"robots\" content=\"index, follow, max-snippet:-1, max-image-preview:large, max-video-preview:-1\" \/>\n<link rel=\"canonical\" href=\"https:\/\/ht-box.com\/en\/thermal-insulation-coating-for-self-storage-containers\/\" \/>\n<meta property=\"og:locale\" content=\"en_US\" \/>\n<meta property=\"og:type\" content=\"article\" \/>\n<meta property=\"og:title\" content=\"Thermal Insulation Coating for Self Storage Containers | HT-BOX\" \/>\n<meta property=\"og:description\" content=\"Thermal Insulation Coating for Self Storage ContainersEffective Protection and Storage Comfort A thermal insulation coating for self-storage containers is an innovative solution that has gained increased popularity in the storage industry. Self-Storage containers have individual storage units and are used to store various items by both individuals and businesses. To improve the energy efficiency of [&hellip;]\" \/>\n<meta property=\"og:url\" content=\"https:\/\/ht-box.com\/en\/thermal-insulation-coating-for-self-storage-containers\/\" \/>\n<meta property=\"og:site_name\" content=\"HT-BOX\" \/>\n<meta property=\"article:modified_time\" content=\"2025-04-11T03:58:35+00:00\" \/>\n<meta name=\"twitter:card\" content=\"summary_large_image\" \/>\n<meta name=\"twitter:label1\" content=\"Est. reading time\" \/>\n\t<meta name=\"twitter:data1\" content=\"8 minutes\" \/>\n<script type=\"application\/ld+json\" class=\"yoast-schema-graph\">{\"@context\":\"https:\/\/schema.org\",\"@graph\":[{\"@type\":\"WebPage\",\"@id\":\"https:\/\/ht-box.com\/en\/thermal-insulation-coating-for-self-storage-containers\/\",\"url\":\"https:\/\/ht-box.com\/en\/thermal-insulation-coating-for-self-storage-containers\/\",\"name\":\"Thermal Insulation Coating for Self Storage Containers | HT-BOX\",\"isPartOf\":{\"@id\":\"https:\/\/ht-box.com\/#website\"},\"datePublished\":\"2025-02-26T10:57:11+00:00\",\"dateModified\":\"2025-04-11T03:58:35+00:00\",\"breadcrumb\":{\"@id\":\"https:\/\/ht-box.com\/en\/thermal-insulation-coating-for-self-storage-containers\/#breadcrumb\"},\"inLanguage\":\"en-US\",\"potentialAction\":[{\"@type\":\"ReadAction\",\"target\":[\"https:\/\/ht-box.com\/en\/thermal-insulation-coating-for-self-storage-containers\/\"]}]},{\"@type\":\"BreadcrumbList\",\"@id\":\"https:\/\/ht-box.com\/en\/thermal-insulation-coating-for-self-storage-containers\/#breadcrumb\",\"itemListElement\":[{\"@type\":\"ListItem\",\"position\":1,\"name\":\"Home\",\"item\":\"https:\/\/ht-box.com\/en\/\"},{\"@type\":\"ListItem\",\"position\":2,\"name\":\"Thermal Insulation Coating for Self Storage Containers\"}]},{\"@type\":\"WebSite\",\"@id\":\"https:\/\/ht-box.com\/#website\",\"url\":\"https:\/\/ht-box.com\/\",\"name\":\"HT-BOX\",\"description\":\"Ht-box to producent kontener\u00f3w magazynowych do zastosowa\u0144 przemys\u0142owych, przydomowych czy Self Storage.\",\"potentialAction\":[{\"@type\":\"SearchAction\",\"target\":{\"@type\":\"EntryPoint\",\"urlTemplate\":\"https:\/\/ht-box.com\/?s={search_term_string}\"},\"query-input\":{\"@type\":\"PropertyValueSpecification\",\"valueRequired\":true,\"valueName\":\"search_term_string\"}}],\"inLanguage\":\"en-US\"}]}<\/script>\n<!-- \/ Yoast SEO plugin. -->","yoast_head_json":{"title":"Thermal Insulation Coating for Self Storage Containers | HT-BOX","robots":{"index":"index","follow":"follow","max-snippet":"max-snippet:-1","max-image-preview":"max-image-preview:large","max-video-preview":"max-video-preview:-1"},"canonical":"https:\/\/ht-box.com\/en\/thermal-insulation-coating-for-self-storage-containers\/","og_locale":"en_US","og_type":"article","og_title":"Thermal Insulation Coating for Self Storage Containers | HT-BOX","og_description":"Thermal Insulation Coating for Self Storage ContainersEffective Protection and Storage Comfort A thermal insulation coating for self-storage containers is an innovative solution that has gained increased popularity in the storage industry. Self-Storage containers have individual storage units and are used to store various items by both individuals and businesses. To improve the energy efficiency of [&hellip;]","og_url":"https:\/\/ht-box.com\/en\/thermal-insulation-coating-for-self-storage-containers\/","og_site_name":"HT-BOX","article_modified_time":"2025-04-11T03:58:35+00:00","twitter_card":"summary_large_image","twitter_misc":{"Est. reading time":"8 minutes"},"schema":{"@context":"https:\/\/schema.org","@graph":[{"@type":"WebPage","@id":"https:\/\/ht-box.com\/en\/thermal-insulation-coating-for-self-storage-containers\/","url":"https:\/\/ht-box.com\/en\/thermal-insulation-coating-for-self-storage-containers\/","name":"Thermal Insulation Coating for Self Storage Containers | HT-BOX","isPartOf":{"@id":"https:\/\/ht-box.com\/#website"},"datePublished":"2025-02-26T10:57:11+00:00","dateModified":"2025-04-11T03:58:35+00:00","breadcrumb":{"@id":"https:\/\/ht-box.com\/en\/thermal-insulation-coating-for-self-storage-containers\/#breadcrumb"},"inLanguage":"en-US","potentialAction":[{"@type":"ReadAction","target":["https:\/\/ht-box.com\/en\/thermal-insulation-coating-for-self-storage-containers\/"]}]},{"@type":"BreadcrumbList","@id":"https:\/\/ht-box.com\/en\/thermal-insulation-coating-for-self-storage-containers\/#breadcrumb","itemListElement":[{"@type":"ListItem","position":1,"name":"Home","item":"https:\/\/ht-box.com\/en\/"},{"@type":"ListItem","position":2,"name":"Thermal Insulation Coating for Self Storage Containers"}]},{"@type":"WebSite","@id":"https:\/\/ht-box.com\/#website","url":"https:\/\/ht-box.com\/","name":"HT-BOX","description":"Ht-box to producent kontener\u00f3w magazynowych do zastosowa\u0144 przemys\u0142owych, przydomowych czy Self Storage.","potentialAction":[{"@type":"SearchAction","target":{"@type":"EntryPoint","urlTemplate":"https:\/\/ht-box.com\/?s={search_term_string}"},"query-input":{"@type":"PropertyValueSpecification","valueRequired":true,"valueName":"search_term_string"}}],"inLanguage":"en-US"}]}},"_links":{"self":[{"href":"https:\/\/ht-box.com\/en\/wp-json\/wp\/v2\/pages\/15656","targetHints":{"allow":["GET"]}}],"collection":[{"href":"https:\/\/ht-box.com\/en\/wp-json\/wp\/v2\/pages"}],"about":[{"href":"https:\/\/ht-box.com\/en\/wp-json\/wp\/v2\/types\/page"}],"author":[{"embeddable":true,"href":"https:\/\/ht-box.com\/en\/wp-json\/wp\/v2\/users\/6"}],"replies":[{"embeddable":true,"href":"https:\/\/ht-box.com\/en\/wp-json\/wp\/v2\/comments?post=15656"}],"version-history":[{"count":7,"href":"https:\/\/ht-box.com\/en\/wp-json\/wp\/v2\/pages\/15656\/revisions"}],"predecessor-version":[{"id":16485,"href":"https:\/\/ht-box.com\/en\/wp-json\/wp\/v2\/pages\/15656\/revisions\/16485"}],"wp:attachment":[{"href":"https:\/\/ht-box.com\/en\/wp-json\/wp\/v2\/media?parent=15656"}],"curies":[{"name":"wp","href":"https:\/\/api.w.org\/{rel}","templated":true}]}}