{"id":16736,"date":"2025-05-22T07:07:06","date_gmt":"2025-05-22T07:07:06","guid":{"rendered":"https:\/\/ht-box.com\/?page_id=16736"},"modified":"2025-05-22T07:08:35","modified_gmt":"2025-05-22T07:08:35","slug":"success-of-our-clients","status":"publish","type":"page","link":"https:\/\/ht-box.com\/en\/success-of-our-clients\/","title":{"rendered":"Success of our Clients"},"content":{"rendered":"<p>[et_pb_section fb_built=&#8221;1&#8243; _builder_version=&#8221;4.25.2&#8243; background_enable_color=&#8221;off&#8221; background_enable_image=&#8221;off&#8221; background_size=&#8221;contain&#8221; background_position=&#8221;top_center&#8221; custom_margin=&#8221;0px||0px||false|false&#8221; custom_padding=&#8221;0px||0px||false|false&#8221; locked=&#8221;off&#8221; global_colors_info=&#8221;{}&#8221;][et_pb_row _builder_version=&#8221;4.20.4&#8243; _module_preset=&#8221;default&#8221; width=&#8221;100%&#8221; max_width=&#8221;100%&#8221; custom_margin=&#8221;0px||0px||false|false&#8221; custom_padding=&#8221;70px|10%|0px|10%|false|true&#8221; global_colors_info=&#8221;{}&#8221;][et_pb_column type=&#8221;4_4&#8243; _builder_version=&#8221;4.16&#8243; _module_preset=&#8221;default&#8221; global_colors_info=&#8221;{}&#8221;][et_pb_text _builder_version=&#8221;4.25.2&#8243; _module_preset=&#8221;default&#8221; header_font=&#8221;Work Sans|800||on|||||&#8221; header_font_size=&#8221;34px&#8221; header_letter_spacing=&#8221;1px&#8221; header_2_font=&#8221;Work Sans||||||||&#8221; header_2_text_color=&#8221;#0C71C3&#8243; global_colors_info=&#8221;{}&#8221;]<\/p>\n<h1 style=\"text-align: left;\">Sukcesy naszych klient\u00f3w<\/h1>\n<h2><span class=\"re\">SuperBox<br \/><\/span><\/h2>\n<p>[\/et_pb_text][\/et_pb_column][\/et_pb_row][et_pb_row column_structure=&#8221;1_3,2_3&#8243; use_custom_gutter=&#8221;on&#8221; make_equal=&#8221;on&#8221; _builder_version=&#8221;4.25.2&#8243; background_enable_color=&#8221;off&#8221; use_background_color_gradient=&#8221;on&#8221; background_color_gradient_stops=&#8221;#f5f5f5 0%|#ffffff 100%&#8221; width=&#8221;100%&#8221; max_width=&#8221;100%&#8221; module_alignment=&#8221;center&#8221; custom_margin=&#8221;60px||0px||false|false&#8221; custom_padding=&#8221;0px|10%|0px|10%|false|false&#8221; border_color_bottom=&#8221;#ffffff&#8221; global_colors_info=&#8221;{}&#8221;][et_pb_column type=&#8221;1_3&#8243; _builder_version=&#8221;4.20.4&#8243; background_enable_video_mp4=&#8221;off&#8221; custom_padding=&#8221;|||&#8221; global_colors_info=&#8221;{}&#8221; custom_padding__hover=&#8221;|||&#8221;][et_pb_image src=&#8221;https:\/\/ht-box.com\/wp-content\/uploads\/2024\/12\/LOGO-1-SUPERBOX-nowy-tagline.jpg&#8221; title_text=&#8221;LOGO 1 SUPERBOX nowy tagline&#8221; _builder_version=&#8221;4.25.2&#8243; _module_preset=&#8221;default&#8221; border_width_all=&#8221;5px&#8221; border_color_all=&#8221;#F5F5F5&#8243; global_colors_info=&#8221;{}&#8221;][\/et_pb_image][et_pb_image src=&#8221;https:\/\/ht-box.com\/wp-content\/uploads\/2025\/01\/SuperBox_Sukces-03.webp&#8221; title_text=&#8221;SuperBox_Sukces-03&#8243; _builder_version=&#8221;4.25.2&#8243; _module_preset=&#8221;default&#8221; global_colors_info=&#8221;{}&#8221;][\/et_pb_image][\/et_pb_column][et_pb_column type=&#8221;2_3&#8243; _builder_version=&#8221;4.16&#8243; custom_padding=&#8221;|||&#8221; global_colors_info=&#8221;{}&#8221; custom_padding__hover=&#8221;|||&#8221;][et_pb_text _builder_version=&#8221;4.27.4&#8243; text_font=&#8221;Work Sans||||||||&#8221; text_text_color=&#8221;#434342&#8243; text_font_size=&#8221;16px&#8221; text_line_height=&#8221;1.5em&#8221; link_text_color=&#8221;#0C71C3&#8243; header_text_color=&#8221;#434342&#8243; header_2_font=&#8221;Work Sans|700|||||||&#8221; header_2_text_align=&#8221;left&#8221; header_2_text_color=&#8221;#434342&#8243; header_2_font_size=&#8221;30px&#8221; header_3_font=&#8221;Work Sans|700|||||||&#8221; header_3_text_color=&#8221;#434342&#8243; header_3_letter_spacing=&#8221;1px&#8221; header_3_line_height=&#8221;1.4em&#8221; text_orientation=&#8221;justified&#8221; background_layout=&#8221;dark&#8221; custom_padding=&#8221;70px||0px||false|false&#8221; global_colors_info=&#8221;{}&#8221;]<\/p>\n<p>Together with our clients, we are setting new standards in the Self-Storage industry by offering advanced and fully automated solutions to the Polish market. Our innovative system enables fast, convenient and secure storage services 24 hours a day, 7 days a week.<\/p>\n<p>By combining an advanced management program with a sophisticated access control system based on electronic locks, we offer solutions that save time, reduce costs and ensure the complete security of stored property.<\/p>\n<p>Superbox Company located in Z\u0105bki near Warsaw trusted us and thanks to our joint work and commitment, another Self-Storage yard was created in a completely autonomous version. Ms. Malgosia &#8211; Managing Director of the company, highly praises the key functionalities of the system, such as:<\/p>\n<p>[\/et_pb_text][et_pb_text _builder_version=&#8221;4.27.4&#8243; text_font=&#8221;Work Sans||||||||&#8221; text_text_color=&#8221;#434342&#8243; text_font_size=&#8221;16px&#8221; text_line_height=&#8221;1.5em&#8221; link_text_color=&#8221;#0C71C3&#8243; header_text_color=&#8221;#434342&#8243; header_2_font=&#8221;Work Sans|700|||||||&#8221; header_2_text_align=&#8221;left&#8221; header_2_text_color=&#8221;#434342&#8243; header_2_font_size=&#8221;30px&#8221; header_3_font=&#8221;Work Sans|700|||||||&#8221; header_3_text_color=&#8221;#434342&#8243; header_3_letter_spacing=&#8221;1px&#8221; header_3_line_height=&#8221;1.4em&#8221; text_orientation=&#8221;justified&#8221; background_layout=&#8221;dark&#8221; custom_padding=&#8221;0px||0px||false|false&#8221; global_colors_info=&#8221;{}&#8221;]<\/p>\n<ul>\n<li><strong>Scanning the QR code by the customer<\/strong> &#8211; the process begins with a simple scan of the QR code, which allows you to immediately move to the next steps.<\/li>\n<li><strong>Automatic redirection to the booking page<\/strong> &#8211; an intuitive interface makes it quick and easy to place a reservation.<\/li>\n<li><strong>The possibility of ordering a container online<\/strong> &#8211; the customer can choose the desired box without leaving home.<\/li>\n<li><strong>Electronic contract signing<\/strong> &#8211; eliminates the need to print documents and saves time.<\/li>\n<li><strong>Automatic VAT invoicing<\/strong> &#8211; all the paperwork is done on the spot.<\/li>\n<li><strong>Instant online payment<\/strong> &#8211; full control over the transaction in real time.<\/li>\n<li><strong>Automatic access to the gate and self storage box<\/strong> &#8211; once the process is completed, the customer receives hassle-free access to the rented space.<\/li>\n<\/ul>\n<p>[\/et_pb_text][\/et_pb_column][\/et_pb_row][et_pb_row column_structure=&#8221;1_3,1_3,1_3&#8243; use_custom_gutter=&#8221;on&#8221; make_equal=&#8221;on&#8221; _builder_version=&#8221;4.25.2&#8243; background_enable_color=&#8221;off&#8221; width=&#8221;100%&#8221; max_width=&#8221;100%&#8221; module_alignment=&#8221;center&#8221; custom_margin=&#8221;60px||0px||false|false&#8221; custom_padding=&#8221;0px|10%|0px|10%|false|false&#8221; border_color_bottom=&#8221;#ffffff&#8221; global_colors_info=&#8221;{}&#8221;][et_pb_column type=&#8221;1_3&#8243; _builder_version=&#8221;4.20.4&#8243; background_enable_video_mp4=&#8221;off&#8221; custom_padding=&#8221;|||&#8221; global_colors_info=&#8221;{}&#8221; custom_padding__hover=&#8221;|||&#8221;][et_pb_image src=&#8221;https:\/\/ht-box.com\/wp-content\/uploads\/2025\/01\/SuperBox_Sukces-01.webp&#8221; title_text=&#8221;SuperBox_Sukces-01&#8243; show_in_lightbox=&#8221;on&#8221; _builder_version=&#8221;4.25.2&#8243; _module_preset=&#8221;default&#8221; global_colors_info=&#8221;{}&#8221;][\/et_pb_image][\/et_pb_column][et_pb_column type=&#8221;1_3&#8243; _builder_version=&#8221;4.16&#8243; custom_padding=&#8221;|||&#8221; global_colors_info=&#8221;{}&#8221; custom_padding__hover=&#8221;|||&#8221;][et_pb_image src=&#8221;https:\/\/ht-box.com\/wp-content\/uploads\/2025\/01\/SuperBox_Sukces-04.webp&#8221; title_text=&#8221;SuperBox_Sukces-04&#8243; show_in_lightbox=&#8221;on&#8221; _builder_version=&#8221;4.25.2&#8243; _module_preset=&#8221;default&#8221; global_colors_info=&#8221;{}&#8221;][\/et_pb_image][\/et_pb_column][et_pb_column type=&#8221;1_3&#8243; _builder_version=&#8221;4.16&#8243; custom_padding=&#8221;|||&#8221; global_colors_info=&#8221;{}&#8221; custom_padding__hover=&#8221;|||&#8221;][et_pb_image src=&#8221;https:\/\/ht-box.com\/wp-content\/uploads\/2025\/01\/SuperBox_Sukces-02.webp&#8221; title_text=&#8221;SuperBox_Sukces-02&#8243; show_in_lightbox=&#8221;on&#8221; _builder_version=&#8221;4.25.2&#8243; _module_preset=&#8221;default&#8221; global_colors_info=&#8221;{}&#8221;][\/et_pb_image][\/et_pb_column][\/et_pb_row][et_pb_row column_structure=&#8221;1_3,2_3&#8243; use_custom_gutter=&#8221;on&#8221; make_equal=&#8221;on&#8221; _builder_version=&#8221;4.25.2&#8243; background_color=&#8221;#FFFFFF&#8221; width=&#8221;100%&#8221; max_width=&#8221;100%&#8221; module_alignment=&#8221;center&#8221; custom_margin=&#8221;60px||0px||false|false&#8221; custom_padding=&#8221;0px|10%|70px|10%|false|false&#8221; border_color_bottom=&#8221;#ffffff&#8221; global_colors_info=&#8221;{}&#8221;][et_pb_column type=&#8221;1_3&#8243; _builder_version=&#8221;4.20.4&#8243; background_enable_video_mp4=&#8221;off&#8221; custom_padding=&#8221;|||&#8221; global_colors_info=&#8221;{}&#8221; custom_padding__hover=&#8221;|||&#8221;][et_pb_text _builder_version=&#8221;4.27.4&#8243; text_font=&#8221;Work Sans||||||||&#8221; text_text_color=&#8221;#434342&#8243; text_font_size=&#8221;16px&#8221; text_line_height=&#8221;1.5em&#8221; link_text_color=&#8221;#0C71C3&#8243; header_text_color=&#8221;#434342&#8243; header_2_font=&#8221;Work Sans|700|||||||&#8221; header_2_text_align=&#8221;left&#8221; header_2_text_color=&#8221;#434342&#8243; header_2_font_size=&#8221;30px&#8221; header_3_font=&#8221;Work Sans|700|||||||&#8221; header_3_text_color=&#8221;#434342&#8243; header_3_letter_spacing=&#8221;1px&#8221; header_3_line_height=&#8221;1.4em&#8221; text_orientation=&#8221;justified&#8221; background_layout=&#8221;dark&#8221; custom_padding=&#8221;0px||0px||false|false&#8221; custom_css_main_element=&#8221;text-align: justify;||-webkit-hyphens: auto;||   -moz-hyphens: auto;||    -ms-hyphens: auto;||        hyphens: auto;&#8221; global_colors_info=&#8221;{}&#8221;]As Ms. Malgosia points out, \u201cThanks to the fully automated process, our customers gain not only maximum convenience, but also a significant reduction in the cost of the service. Eliminating the need for staff interaction translates into real savings, both for companies and individual customers.[\/et_pb_text][et_pb_text _builder_version=&#8221;4.27.4&#8243; text_font=&#8221;Work Sans||||||||&#8221; text_text_color=&#8221;#434342&#8243; text_font_size=&#8221;16px&#8221; text_line_height=&#8221;1.5em&#8221; link_text_color=&#8221;#0C71C3&#8243; header_text_color=&#8221;#434342&#8243; header_2_font=&#8221;Work Sans|700|||||||&#8221; header_2_text_align=&#8221;left&#8221; header_2_text_color=&#8221;#434342&#8243; header_2_font_size=&#8221;30px&#8221; header_3_font=&#8221;Work Sans|700|||||||&#8221; header_3_text_color=&#8221;#434342&#8243; header_3_letter_spacing=&#8221;1px&#8221; header_3_line_height=&#8221;1.4em&#8221; text_orientation=&#8221;justified&#8221; background_layout=&#8221;dark&#8221; custom_padding=&#8221;0px||0px||false|false&#8221; locked=&#8221;off&#8221; global_colors_info=&#8221;{}&#8221;]<\/p>\n<p><strong>Superbox<\/strong> is located in <strong>Z\u0105bki at 20 Skrajna Street<\/strong>,<br data-start=\"103\" data-end=\"106\" \/>and all information can be obtained by contacting us at <a href=\"http:\/\/www.superbox.com.pl\" data-saferedirecturl=\"https:\/\/zasobygwp.pl\/redirect?sig=e06cb2cf4fbdbdf5f0c472380538e0691a01a69919246dfeb717cf1cbdf41cf7&amp;url=aHR0cDovL3d3dy5zdXBlcmJveC5jb20ucGw=&amp;platform=desktop&amp;brand=o2\">www.superbox.com.pl<\/a>.<\/p>\n<p>[\/et_pb_text][\/et_pb_column][et_pb_column type=&#8221;2_3&#8243; _builder_version=&#8221;4.20.4&#8243; background_enable_video_mp4=&#8221;off&#8221; custom_padding=&#8221;|||&#8221; global_colors_info=&#8221;{}&#8221; custom_padding__hover=&#8221;|||&#8221;][et_pb_text _builder_version=&#8221;4.27.4&#8243; text_font=&#8221;Work Sans||||||||&#8221; text_text_color=&#8221;#434342&#8243; text_font_size=&#8221;16px&#8221; text_line_height=&#8221;1.5em&#8221; link_text_color=&#8221;#0C71C3&#8243; header_text_color=&#8221;#434342&#8243; header_2_font=&#8221;Work Sans|700|||||||&#8221; header_2_text_align=&#8221;left&#8221; header_2_text_color=&#8221;#434342&#8243; header_2_font_size=&#8221;30px&#8221; header_3_font=&#8221;Work Sans|700|||||||&#8221; header_3_text_color=&#8221;#434342&#8243; header_3_letter_spacing=&#8221;1px&#8221; header_3_line_height=&#8221;1.4em&#8221; text_orientation=&#8221;justified&#8221; background_layout=&#8221;dark&#8221; custom_padding=&#8221;0px||0px||false|false&#8221; global_colors_info=&#8221;{}&#8221;]<em>Our location is designed to provide maximum convenience for users. Easy access, friendly system operation and modern infrastructure make us the ideal choice for anyone looking for a secure and flexible storage solution. The rental process is fast, simple and user-friendly for every user.\u201d\u201d<\/em><\/p>\n<p><strong>Managing Director of Superbox Ltd.[\/et_pb_text][et_pb_image src=&#8221;https:\/\/ht-box.com\/wp-content\/uploads\/2024\/12\/LOGO-1-SUPERBOX-nowy-tagline.jpg&#8221; title_text=&#8221;LOGO 1 SUPERBOX nowy tagline&#8221; url=&#8221;https:\/\/superbox.com.pl\/&#8221; _builder_version=&#8221;4.25.2&#8243; _module_preset=&#8221;default&#8221; width=&#8221;35%&#8221; global_colors_info=&#8221;{}&#8221;][\/et_pb_image][\/et_pb_column][\/et_pb_row][\/et_pb_section]<\/p>\n","protected":false},"excerpt":{"rendered":"<p>Sukcesy naszych klient\u00f3w SuperBoxTogether with our clients, we are setting new standards in the Self-Storage industry by offering advanced and fully automated solutions to the Polish market. Our innovative system enables fast, convenient and secure storage services 24 hours a day, 7 days a week. By combining an advanced management program with a sophisticated access [&hellip;]<\/p>\n","protected":false},"author":6,"featured_media":0,"parent":0,"menu_order":0,"comment_status":"closed","ping_status":"closed","template":"","meta":{"_et_pb_use_builder":"on","_et_pb_old_content":"","_et_gb_content_width":"","footnotes":""},"class_list":["post-16736","page","type-page","status-publish","hentry"],"yoast_head":"<!-- This site is optimized with the Yoast SEO plugin v25.1 - https:\/\/yoast.com\/wordpress\/plugins\/seo\/ -->\n<title>Success of our Clients | HT-BOX<\/title>\n<meta name=\"robots\" content=\"index, follow, max-snippet:-1, max-image-preview:large, max-video-preview:-1\" \/>\n<link rel=\"canonical\" href=\"https:\/\/ht-box.com\/en\/success-of-our-clients\/\" \/>\n<meta property=\"og:locale\" content=\"en_US\" \/>\n<meta property=\"og:type\" content=\"article\" \/>\n<meta property=\"og:title\" content=\"Success of our Clients | HT-BOX\" \/>\n<meta property=\"og:description\" content=\"Sukcesy naszych klient\u00f3w SuperBoxTogether with our clients, we are setting new standards in the Self-Storage industry by offering advanced and fully automated solutions to the Polish market. Our innovative system enables fast, convenient and secure storage services 24 hours a day, 7 days a week. By combining an advanced management program with a sophisticated access [&hellip;]\" \/>\n<meta property=\"og:url\" content=\"https:\/\/ht-box.com\/en\/success-of-our-clients\/\" \/>\n<meta property=\"og:site_name\" content=\"HT-BOX\" \/>\n<meta property=\"article:modified_time\" content=\"2025-05-22T07:08:35+00:00\" \/>\n<meta name=\"twitter:card\" content=\"summary_large_image\" \/>\n<meta name=\"twitter:label1\" content=\"Est. reading time\" \/>\n\t<meta name=\"twitter:data1\" content=\"7 minutes\" \/>\n<script type=\"application\/ld+json\" class=\"yoast-schema-graph\">{\"@context\":\"https:\/\/schema.org\",\"@graph\":[{\"@type\":\"WebPage\",\"@id\":\"https:\/\/ht-box.com\/en\/success-of-our-clients\/\",\"url\":\"https:\/\/ht-box.com\/en\/success-of-our-clients\/\",\"name\":\"Success of our Clients | HT-BOX\",\"isPartOf\":{\"@id\":\"https:\/\/ht-box.com\/#website\"},\"datePublished\":\"2025-05-22T07:07:06+00:00\",\"dateModified\":\"2025-05-22T07:08:35+00:00\",\"breadcrumb\":{\"@id\":\"https:\/\/ht-box.com\/en\/success-of-our-clients\/#breadcrumb\"},\"inLanguage\":\"en-US\",\"potentialAction\":[{\"@type\":\"ReadAction\",\"target\":[\"https:\/\/ht-box.com\/en\/success-of-our-clients\/\"]}]},{\"@type\":\"BreadcrumbList\",\"@id\":\"https:\/\/ht-box.com\/en\/success-of-our-clients\/#breadcrumb\",\"itemListElement\":[{\"@type\":\"ListItem\",\"position\":1,\"name\":\"Home\",\"item\":\"https:\/\/ht-box.com\/en\/\"},{\"@type\":\"ListItem\",\"position\":2,\"name\":\"Success of our Clients\"}]},{\"@type\":\"WebSite\",\"@id\":\"https:\/\/ht-box.com\/#website\",\"url\":\"https:\/\/ht-box.com\/\",\"name\":\"HT-BOX\",\"description\":\"Ht-box to producent kontener\u00f3w magazynowych do zastosowa\u0144 przemys\u0142owych, przydomowych czy Self Storage.\",\"potentialAction\":[{\"@type\":\"SearchAction\",\"target\":{\"@type\":\"EntryPoint\",\"urlTemplate\":\"https:\/\/ht-box.com\/?s={search_term_string}\"},\"query-input\":{\"@type\":\"PropertyValueSpecification\",\"valueRequired\":true,\"valueName\":\"search_term_string\"}}],\"inLanguage\":\"en-US\"}]}<\/script>\n<!-- \/ Yoast SEO plugin. -->","yoast_head_json":{"title":"Success of our Clients | HT-BOX","robots":{"index":"index","follow":"follow","max-snippet":"max-snippet:-1","max-image-preview":"max-image-preview:large","max-video-preview":"max-video-preview:-1"},"canonical":"https:\/\/ht-box.com\/en\/success-of-our-clients\/","og_locale":"en_US","og_type":"article","og_title":"Success of our Clients | HT-BOX","og_description":"Sukcesy naszych klient\u00f3w SuperBoxTogether with our clients, we are setting new standards in the Self-Storage industry by offering advanced and fully automated solutions to the Polish market. Our innovative system enables fast, convenient and secure storage services 24 hours a day, 7 days a week. By combining an advanced management program with a sophisticated access [&hellip;]","og_url":"https:\/\/ht-box.com\/en\/success-of-our-clients\/","og_site_name":"HT-BOX","article_modified_time":"2025-05-22T07:08:35+00:00","twitter_card":"summary_large_image","twitter_misc":{"Est. reading time":"7 minutes"},"schema":{"@context":"https:\/\/schema.org","@graph":[{"@type":"WebPage","@id":"https:\/\/ht-box.com\/en\/success-of-our-clients\/","url":"https:\/\/ht-box.com\/en\/success-of-our-clients\/","name":"Success of our Clients | HT-BOX","isPartOf":{"@id":"https:\/\/ht-box.com\/#website"},"datePublished":"2025-05-22T07:07:06+00:00","dateModified":"2025-05-22T07:08:35+00:00","breadcrumb":{"@id":"https:\/\/ht-box.com\/en\/success-of-our-clients\/#breadcrumb"},"inLanguage":"en-US","potentialAction":[{"@type":"ReadAction","target":["https:\/\/ht-box.com\/en\/success-of-our-clients\/"]}]},{"@type":"BreadcrumbList","@id":"https:\/\/ht-box.com\/en\/success-of-our-clients\/#breadcrumb","itemListElement":[{"@type":"ListItem","position":1,"name":"Home","item":"https:\/\/ht-box.com\/en\/"},{"@type":"ListItem","position":2,"name":"Success of our Clients"}]},{"@type":"WebSite","@id":"https:\/\/ht-box.com\/#website","url":"https:\/\/ht-box.com\/","name":"HT-BOX","description":"Ht-box to producent kontener\u00f3w magazynowych do zastosowa\u0144 przemys\u0142owych, przydomowych czy Self Storage.","potentialAction":[{"@type":"SearchAction","target":{"@type":"EntryPoint","urlTemplate":"https:\/\/ht-box.com\/?s={search_term_string}"},"query-input":{"@type":"PropertyValueSpecification","valueRequired":true,"valueName":"search_term_string"}}],"inLanguage":"en-US"}]}},"_links":{"self":[{"href":"https:\/\/ht-box.com\/en\/wp-json\/wp\/v2\/pages\/16736","targetHints":{"allow":["GET"]}}],"collection":[{"href":"https:\/\/ht-box.com\/en\/wp-json\/wp\/v2\/pages"}],"about":[{"href":"https:\/\/ht-box.com\/en\/wp-json\/wp\/v2\/types\/page"}],"author":[{"embeddable":true,"href":"https:\/\/ht-box.com\/en\/wp-json\/wp\/v2\/users\/6"}],"replies":[{"embeddable":true,"href":"https:\/\/ht-box.com\/en\/wp-json\/wp\/v2\/comments?post=16736"}],"version-history":[{"count":5,"href":"https:\/\/ht-box.com\/en\/wp-json\/wp\/v2\/pages\/16736\/revisions"}],"predecessor-version":[{"id":16749,"href":"https:\/\/ht-box.com\/en\/wp-json\/wp\/v2\/pages\/16736\/revisions\/16749"}],"wp:attachment":[{"href":"https:\/\/ht-box.com\/en\/wp-json\/wp\/v2\/media?parent=16736"}],"curies":[{"name":"wp","href":"https:\/\/api.w.org\/{rel}","templated":true}]}}