{"id":16766,"date":"2025-05-22T12:19:02","date_gmt":"2025-05-22T12:19:02","guid":{"rendered":"https:\/\/ht-box.com\/?page_id=16766"},"modified":"2025-05-22T12:51:12","modified_gmt":"2025-05-22T12:51:12","slug":"individual-projects","status":"publish","type":"page","link":"https:\/\/ht-box.com\/en\/individual-projects\/","title":{"rendered":"Individual Projects"},"content":{"rendered":"<p>[et_pb_section fb_built=&#8221;1&#8243; _builder_version=&#8221;4.16&#8243; background_image=&#8221;https:\/\/ht-box.com\/wp-content\/uploads\/2020\/12\/TLO-HT-BOX-3.png&#8221; parallax=&#8221;on&#8221; custom_margin=&#8221;|||&#8221; custom_padding=&#8221;0|0px|0||false|false&#8221; global_colors_info=&#8221;{}&#8221; locked=&#8221;off&#8221; theme_builder_area=&#8221;post_content&#8221;][et_pb_row _builder_version=&#8221;4.20.4&#8243; _module_preset=&#8221;default&#8221; width=&#8221;100%&#8221; max_width=&#8221;100%&#8221; custom_padding=&#8221;|4%||4%|false|true&#8221; global_colors_info=&#8221;{}&#8221; theme_builder_area=&#8221;post_content&#8221;][et_pb_column type=&#8221;4_4&#8243; _builder_version=&#8221;4.16&#8243; _module_preset=&#8221;default&#8221; global_colors_info=&#8221;{}&#8221; theme_builder_area=&#8221;post_content&#8221;][et_pb_code _builder_version=&#8221;4.27.4&#8243; _module_preset=&#8221;default&#8221; hover_enabled=&#8221;0&#8243; global_colors_info=&#8221;{}&#8221; theme_builder_area=&#8221;post_content&#8221; sticky_enabled=&#8221;0&#8243;]<\/p>\n<h1 style=\"font-family: 'Work Sans',Helvetica,Arial,Lucida,sans-serif; font-weight: 900; font-size: 33px; color: #434342!important; margin-bottom: -2rem; margin-top: 2rem; line-height: 1em; text-align: left !important; text-transform: uppercase;\">Individual Projects <\/h1>\n<p>[\/et_pb_code][\/et_pb_column][\/et_pb_row][et_pb_row column_structure=&#8221;1_2,1_2&#8243; _builder_version=&#8221;4.17.0&#8243; width=&#8221;100%&#8221; max_width=&#8221;100%&#8221; custom_padding=&#8221;|4%||4%|false|true&#8221; border_color_bottom=&#8221;#ffffff&#8221; global_colors_info=&#8221;{}&#8221; theme_builder_area=&#8221;post_content&#8221;][et_pb_column type=&#8221;1_2&#8243; _builder_version=&#8221;4.16&#8243; custom_padding=&#8221;|||&#8221; global_colors_info=&#8221;{}&#8221; custom_padding__hover=&#8221;|||&#8221; theme_builder_area=&#8221;post_content&#8221;][et_pb_image src=&#8221;https:\/\/ht-box.com\/wp-content\/uploads\/2023\/07\/Projekty-indywiadualne-HT-BOX.jpg&#8221; title_text=&#8221;Projekty indywiadualne HT-BOX&#8221; show_in_lightbox=&#8221;on&#8221; align_tablet=&#8221;center&#8221; align_phone=&#8221;&#8221; align_last_edited=&#8221;on|desktop&#8221; _builder_version=&#8221;4.20.4&#8243; global_colors_info=&#8221;{}&#8221; theme_builder_area=&#8221;post_content&#8221;][\/et_pb_image][\/et_pb_column][et_pb_column type=&#8221;1_2&#8243; _builder_version=&#8221;4.16&#8243; custom_padding=&#8221;|||&#8221; global_colors_info=&#8221;{}&#8221; custom_padding__hover=&#8221;|||&#8221; theme_builder_area=&#8221;post_content&#8221;][et_pb_text _builder_version=&#8221;4.27.4&#8243; text_font=&#8221;Montserrat||||||||&#8221; text_text_color=&#8221;#434342&#8243; text_font_size=&#8221;16px&#8221; link_text_color=&#8221;#0C71C3&#8243; header_text_color=&#8221;#434342&#8243; header_2_font=&#8221;|700|||||||&#8221; header_2_text_color=&#8221;#434342&#8243; header_2_font_size=&#8221;30px&#8221; header_3_text_color=&#8221;#434342&#8243; header_3_line_height=&#8221;1.4em&#8221; background_layout=&#8221;dark&#8221; custom_padding=&#8221;45px||20px||false|false&#8221; hover_enabled=&#8221;0&#8243; global_colors_info=&#8221;{}&#8221; theme_builder_area=&#8221;post_content&#8221; sticky_enabled=&#8221;0&#8243;]<\/p>\n<p><strong><\/strong>If you haven&#8217;t found solutions that meet your expectations in our offer, please contact us. We are ready for new challenges and will gladly try to meet them.<\/p>\n<p>&nbsp;<\/p>\n<p>[\/et_pb_text][et_pb_button button_url=&#8221;@ET-DC@eyJkeW5hbWljIjp0cnVlLCJjb250ZW50IjoicG9zdF9saW5rX3VybF9wYWdlIiwic2V0dGluZ3MiOnsicG9zdF9pZCI6IjE3In19@&#8221; button_text=&#8221;Contact Us&#8221; _builder_version=&#8221;4.27.4&#8243; _dynamic_attributes=&#8221;button_url&#8221; _module_preset=&#8221;default&#8221; custom_button=&#8221;on&#8221; button_text_color=&#8221;#FFFFFF&#8221; button_bg_color=&#8221;#c91c23&#8243; button_border_width=&#8221;0px&#8221; button_font=&#8221;Montserrat|||on|||||&#8221; hover_enabled=&#8221;0&#8243; global_colors_info=&#8221;{}&#8221; theme_builder_area=&#8221;post_content&#8221; sticky_enabled=&#8221;0&#8243;][\/et_pb_button][\/et_pb_column][\/et_pb_row][\/et_pb_section]<\/p>\n","protected":false},"excerpt":{"rendered":"<p>If you haven&#8217;t found solutions that meet your expectations in our offer, please contact us. We are ready for new challenges and will gladly try to meet them. &nbsp;<\/p>\n","protected":false},"author":6,"featured_media":0,"parent":0,"menu_order":0,"comment_status":"closed","ping_status":"closed","template":"","meta":{"_et_pb_use_builder":"on","_et_pb_old_content":"","_et_gb_content_width":"","footnotes":""},"class_list":["post-16766","page","type-page","status-publish","hentry"],"yoast_head":"<!-- This site is optimized with the Yoast SEO plugin v25.1 - https:\/\/yoast.com\/wordpress\/plugins\/seo\/ -->\n<title>Individual Projects | HT-BOX<\/title>\n<meta name=\"robots\" content=\"index, follow, max-snippet:-1, max-image-preview:large, max-video-preview:-1\" \/>\n<link rel=\"canonical\" href=\"https:\/\/ht-box.com\/en\/individual-projects\/\" \/>\n<meta property=\"og:locale\" content=\"en_US\" \/>\n<meta property=\"og:type\" content=\"article\" \/>\n<meta property=\"og:title\" content=\"Individual Projects | HT-BOX\" \/>\n<meta property=\"og:description\" content=\"If you haven&#039;t found solutions that meet your expectations in our offer, please contact us. We are ready for new challenges and will gladly try to meet them. &nbsp;\" \/>\n<meta property=\"og:url\" content=\"https:\/\/ht-box.com\/en\/individual-projects\/\" \/>\n<meta property=\"og:site_name\" content=\"HT-BOX\" \/>\n<meta property=\"article:modified_time\" content=\"2025-05-22T12:51:12+00:00\" \/>\n<meta name=\"twitter:card\" content=\"summary_large_image\" \/>\n<meta name=\"twitter:label1\" content=\"Est. reading time\" \/>\n\t<meta name=\"twitter:data1\" content=\"2 minutes\" \/>\n<script type=\"application\/ld+json\" class=\"yoast-schema-graph\">{\"@context\":\"https:\/\/schema.org\",\"@graph\":[{\"@type\":\"WebPage\",\"@id\":\"https:\/\/ht-box.com\/en\/individual-projects\/\",\"url\":\"https:\/\/ht-box.com\/en\/individual-projects\/\",\"name\":\"Individual Projects | HT-BOX\",\"isPartOf\":{\"@id\":\"https:\/\/ht-box.com\/#website\"},\"datePublished\":\"2025-05-22T12:19:02+00:00\",\"dateModified\":\"2025-05-22T12:51:12+00:00\",\"breadcrumb\":{\"@id\":\"https:\/\/ht-box.com\/en\/individual-projects\/#breadcrumb\"},\"inLanguage\":\"en-US\",\"potentialAction\":[{\"@type\":\"ReadAction\",\"target\":[\"https:\/\/ht-box.com\/en\/individual-projects\/\"]}]},{\"@type\":\"BreadcrumbList\",\"@id\":\"https:\/\/ht-box.com\/en\/individual-projects\/#breadcrumb\",\"itemListElement\":[{\"@type\":\"ListItem\",\"position\":1,\"name\":\"Home\",\"item\":\"https:\/\/ht-box.com\/en\/\"},{\"@type\":\"ListItem\",\"position\":2,\"name\":\"Individual Projects\"}]},{\"@type\":\"WebSite\",\"@id\":\"https:\/\/ht-box.com\/#website\",\"url\":\"https:\/\/ht-box.com\/\",\"name\":\"HT-BOX\",\"description\":\"Ht-box to producent kontener\u00f3w magazynowych do zastosowa\u0144 przemys\u0142owych, przydomowych czy Self Storage.\",\"potentialAction\":[{\"@type\":\"SearchAction\",\"target\":{\"@type\":\"EntryPoint\",\"urlTemplate\":\"https:\/\/ht-box.com\/?s={search_term_string}\"},\"query-input\":{\"@type\":\"PropertyValueSpecification\",\"valueRequired\":true,\"valueName\":\"search_term_string\"}}],\"inLanguage\":\"en-US\"}]}<\/script>\n<!-- \/ Yoast SEO plugin. -->","yoast_head_json":{"title":"Individual Projects | HT-BOX","robots":{"index":"index","follow":"follow","max-snippet":"max-snippet:-1","max-image-preview":"max-image-preview:large","max-video-preview":"max-video-preview:-1"},"canonical":"https:\/\/ht-box.com\/en\/individual-projects\/","og_locale":"en_US","og_type":"article","og_title":"Individual Projects | HT-BOX","og_description":"If you haven't found solutions that meet your expectations in our offer, please contact us. We are ready for new challenges and will gladly try to meet them. &nbsp;","og_url":"https:\/\/ht-box.com\/en\/individual-projects\/","og_site_name":"HT-BOX","article_modified_time":"2025-05-22T12:51:12+00:00","twitter_card":"summary_large_image","twitter_misc":{"Est. reading time":"2 minutes"},"schema":{"@context":"https:\/\/schema.org","@graph":[{"@type":"WebPage","@id":"https:\/\/ht-box.com\/en\/individual-projects\/","url":"https:\/\/ht-box.com\/en\/individual-projects\/","name":"Individual Projects | HT-BOX","isPartOf":{"@id":"https:\/\/ht-box.com\/#website"},"datePublished":"2025-05-22T12:19:02+00:00","dateModified":"2025-05-22T12:51:12+00:00","breadcrumb":{"@id":"https:\/\/ht-box.com\/en\/individual-projects\/#breadcrumb"},"inLanguage":"en-US","potentialAction":[{"@type":"ReadAction","target":["https:\/\/ht-box.com\/en\/individual-projects\/"]}]},{"@type":"BreadcrumbList","@id":"https:\/\/ht-box.com\/en\/individual-projects\/#breadcrumb","itemListElement":[{"@type":"ListItem","position":1,"name":"Home","item":"https:\/\/ht-box.com\/en\/"},{"@type":"ListItem","position":2,"name":"Individual Projects"}]},{"@type":"WebSite","@id":"https:\/\/ht-box.com\/#website","url":"https:\/\/ht-box.com\/","name":"HT-BOX","description":"Ht-box to producent kontener\u00f3w magazynowych do zastosowa\u0144 przemys\u0142owych, przydomowych czy Self Storage.","potentialAction":[{"@type":"SearchAction","target":{"@type":"EntryPoint","urlTemplate":"https:\/\/ht-box.com\/?s={search_term_string}"},"query-input":{"@type":"PropertyValueSpecification","valueRequired":true,"valueName":"search_term_string"}}],"inLanguage":"en-US"}]}},"_links":{"self":[{"href":"https:\/\/ht-box.com\/en\/wp-json\/wp\/v2\/pages\/16766","targetHints":{"allow":["GET"]}}],"collection":[{"href":"https:\/\/ht-box.com\/en\/wp-json\/wp\/v2\/pages"}],"about":[{"href":"https:\/\/ht-box.com\/en\/wp-json\/wp\/v2\/types\/page"}],"author":[{"embeddable":true,"href":"https:\/\/ht-box.com\/en\/wp-json\/wp\/v2\/users\/6"}],"replies":[{"embeddable":true,"href":"https:\/\/ht-box.com\/en\/wp-json\/wp\/v2\/comments?post=16766"}],"version-history":[{"count":3,"href":"https:\/\/ht-box.com\/en\/wp-json\/wp\/v2\/pages\/16766\/revisions"}],"predecessor-version":[{"id":16771,"href":"https:\/\/ht-box.com\/en\/wp-json\/wp\/v2\/pages\/16766\/revisions\/16771"}],"wp:attachment":[{"href":"https:\/\/ht-box.com\/en\/wp-json\/wp\/v2\/media?parent=16766"}],"curies":[{"name":"wp","href":"https:\/\/api.w.org\/{rel}","templated":true}]}}