{"id":16785,"date":"2022-07-06T08:24:50","date_gmt":"2022-07-06T08:24:50","guid":{"rendered":"https:\/\/ht-box.com\/sprzedaz-kontenerow\/"},"modified":"2025-05-23T07:35:07","modified_gmt":"2025-05-23T07:35:07","slug":"containers-for-sale","status":"publish","type":"page","link":"https:\/\/ht-box.com\/en\/containers-for-sale\/","title":{"rendered":"Containers for Sale"},"content":{"rendered":"<p>[et_pb_section fb_built=&#8221;1&#8243; admin_label=&#8221;section&#8221; _builder_version=&#8221;4.16&#8243; global_colors_info=&#8221;{}&#8221;][et_pb_row _builder_version=&#8221;4.17.0&#8243; _module_preset=&#8221;default&#8221; global_colors_info=&#8221;{}&#8221;][et_pb_column type=&#8221;4_4&#8243; _builder_version=&#8221;4.17.0&#8243; _module_preset=&#8221;default&#8221; global_colors_info=&#8221;{}&#8221;][et_pb_text _builder_version=&#8221;4.27.4&#8243; _module_preset=&#8221;default&#8221; global_colors_info=&#8221;{}&#8221;]<\/p>\n<h1 style=\"font-family: 'Work Sans',Helvetica,Arial,Lucida,sans-serif; font-weight: 900; font-size: 33px; color: #434342!important; padding-bottom: 10px; line-height: 1em; text-align: left !important;\">Containers for Sale<\/h1>\n<p>[\/et_pb_text][\/et_pb_column][\/et_pb_row][et_pb_row admin_label=&#8221;row&#8221; _builder_version=&#8221;4.16&#8243; background_size=&#8221;initial&#8221; background_position=&#8221;top_left&#8221; background_repeat=&#8221;repeat&#8221; global_colors_info=&#8221;{}&#8221;][et_pb_column type=&#8221;4_4&#8243; _builder_version=&#8221;4.16&#8243; custom_padding=&#8221;|||&#8221; global_colors_info=&#8221;{}&#8221; custom_padding__hover=&#8221;|||&#8221;][et_pb_text admin_label=&#8221;Text&#8221; _builder_version=&#8221;4.27.4&#8243; background_size=&#8221;initial&#8221; background_position=&#8221;top_left&#8221; background_repeat=&#8221;repeat&#8221; global_colors_info=&#8221;{}&#8221;]<\/p>\n<h2 data-start=\"107\" data-end=\"180\">Modern Containers for Sale \u2013 Premium Quality and Practical Design<\/h2>\n<p data-start=\"182\" data-end=\"543\">Modern containers for sale, made from the highest quality materials, are the perfect solution when you need additional storage space. Thoughtfully designed, with attention to every detail and practical dimensions, our exclusive collections stand out with their functionality and style. Discover the HT-BOX offer and choose a solution that meets your needs 100%!<\/p>\n<h3>Wide Range of Containers for Sale<\/h3>\n<p data-start=\"593\" data-end=\"1048\">Purchasing a container tailored to your individual needs provides the convenience of increased storage space. Depending on your requirements and available land, our containers can be perfectly adapted to your situation. Our product range is designed to meet the diverse needs of our clients, offering containers in various sizes. We provide both simple, functional units and models with transparent elements that allow natural light to enter the interior.<\/p>\n<p data-start=\"1050\" data-end=\"1250\">Importantly, all our boxes are equipped with a solid 32 mm thick floor made from impregnated wood. This ensures that you receive a complete container that is ready for immediate use upon installation.<\/p>\n<h3>Containers for Sale \u2013 For Private and Business Use<\/h3>\n<p data-start=\"1317\" data-end=\"1674\">HT-BOX containers are a perfect solution for private individuals looking for extra storage space, as well as businesses. The growing popularity of self-storage units makes them an excellent business opportunity that offers quick return on investment and steady profit. As these solutions are still relatively rare, they represent a reliable path to revenue.<\/p>\n<h3>High-Quality Storage Containers for Sale<\/h3>\n<p data-start=\"1731\" data-end=\"2045\">Our storage containers are a guarantee of high quality and smart engineering. Reinforced structural elements enhance the stability of the container and make it safe for crane transport. These features are especially important for stackable containers, which help save ground space while expanding storage capacity.<\/p>\n<p data-start=\"2047\" data-end=\"2247\">If you&#8217;re looking for reliable, secure self-storage containers, our offer is tailored for you. Explore our products and see for yourself that a solid container is a smart investment for years to come.<\/p>\n<p>[\/et_pb_text][\/et_pb_column][\/et_pb_row][\/et_pb_section]<\/p>\n","protected":false},"excerpt":{"rendered":"<p>Containers for SaleModern Containers for Sale \u2013 Premium Quality and Practical Design Modern containers for sale, made from the highest quality materials, are the perfect solution when you need additional storage space. Thoughtfully designed, with attention to every detail and practical dimensions, our exclusive collections stand out with their functionality and style. Discover the HT-BOX [&hellip;]<\/p>\n","protected":false},"author":1,"featured_media":0,"parent":0,"menu_order":0,"comment_status":"closed","ping_status":"closed","template":"","meta":{"_et_pb_use_builder":"on","_et_pb_old_content":"","_et_gb_content_width":"","footnotes":""},"class_list":["post-16785","page","type-page","status-publish","hentry"],"yoast_head":"<!-- This site is optimized with the Yoast SEO plugin v25.1 - https:\/\/yoast.com\/wordpress\/plugins\/seo\/ -->\n<title>Containers for Sale Self-storage | HT-BOX<\/title>\n<meta name=\"description\" content=\"Kontenery na sprzeda\u017c dla os\u00f3b prywatnych i firm. \u25b4 Solidne wykonanie \u25b4 Szeroka oferta \u25b4 R\u00f3\u017cne rozmiary \u25b4 Sprawd\u017a i wybierz model dla siebie!\" \/>\n<meta name=\"robots\" content=\"index, follow, max-snippet:-1, max-image-preview:large, max-video-preview:-1\" \/>\n<link rel=\"canonical\" href=\"https:\/\/ht-box.com\/en\/containers-for-sale\/\" \/>\n<meta property=\"og:locale\" content=\"en_US\" \/>\n<meta property=\"og:type\" content=\"article\" \/>\n<meta property=\"og:title\" content=\"Containers for Sale Self-storage | HT-BOX\" \/>\n<meta property=\"og:description\" content=\"Kontenery na sprzeda\u017c dla os\u00f3b prywatnych i firm. \u25b4 Solidne wykonanie \u25b4 Szeroka oferta \u25b4 R\u00f3\u017cne rozmiary \u25b4 Sprawd\u017a i wybierz model dla siebie!\" \/>\n<meta property=\"og:url\" content=\"https:\/\/ht-box.com\/en\/containers-for-sale\/\" \/>\n<meta property=\"og:site_name\" content=\"HT-BOX\" \/>\n<meta property=\"article:modified_time\" content=\"2025-05-23T07:35:07+00:00\" \/>\n<meta name=\"twitter:card\" content=\"summary_large_image\" \/>\n<script type=\"application\/ld+json\" class=\"yoast-schema-graph\">{\"@context\":\"https:\/\/schema.org\",\"@graph\":[{\"@type\":\"WebPage\",\"@id\":\"https:\/\/ht-box.com\/en\/containers-for-sale\/\",\"url\":\"https:\/\/ht-box.com\/en\/containers-for-sale\/\",\"name\":\"Containers for Sale Self-storage | HT-BOX\",\"isPartOf\":{\"@id\":\"https:\/\/ht-box.com\/#website\"},\"datePublished\":\"2022-07-06T08:24:50+00:00\",\"dateModified\":\"2025-05-23T07:35:07+00:00\",\"description\":\"Kontenery na sprzeda\u017c dla os\u00f3b prywatnych i firm. \u25b4 Solidne wykonanie \u25b4 Szeroka oferta \u25b4 R\u00f3\u017cne rozmiary \u25b4 Sprawd\u017a i wybierz model dla siebie!\",\"breadcrumb\":{\"@id\":\"https:\/\/ht-box.com\/en\/containers-for-sale\/#breadcrumb\"},\"inLanguage\":\"en-US\",\"potentialAction\":[{\"@type\":\"ReadAction\",\"target\":[\"https:\/\/ht-box.com\/en\/containers-for-sale\/\"]}]},{\"@type\":\"BreadcrumbList\",\"@id\":\"https:\/\/ht-box.com\/en\/containers-for-sale\/#breadcrumb\",\"itemListElement\":[{\"@type\":\"ListItem\",\"position\":1,\"name\":\"Home\",\"item\":\"https:\/\/ht-box.com\/en\/\"},{\"@type\":\"ListItem\",\"position\":2,\"name\":\"Containers for Sale\"}]},{\"@type\":\"WebSite\",\"@id\":\"https:\/\/ht-box.com\/#website\",\"url\":\"https:\/\/ht-box.com\/\",\"name\":\"HT-BOX\",\"description\":\"Ht-box to producent kontener\u00f3w magazynowych do zastosowa\u0144 przemys\u0142owych, przydomowych czy Self Storage.\",\"potentialAction\":[{\"@type\":\"SearchAction\",\"target\":{\"@type\":\"EntryPoint\",\"urlTemplate\":\"https:\/\/ht-box.com\/?s={search_term_string}\"},\"query-input\":{\"@type\":\"PropertyValueSpecification\",\"valueRequired\":true,\"valueName\":\"search_term_string\"}}],\"inLanguage\":\"en-US\"}]}<\/script>\n<!-- \/ Yoast SEO plugin. -->","yoast_head_json":{"title":"Containers for Sale Self-storage | HT-BOX","description":"Kontenery na sprzeda\u017c dla os\u00f3b prywatnych i firm. \u25b4 Solidne wykonanie \u25b4 Szeroka oferta \u25b4 R\u00f3\u017cne rozmiary \u25b4 Sprawd\u017a i wybierz model dla siebie!","robots":{"index":"index","follow":"follow","max-snippet":"max-snippet:-1","max-image-preview":"max-image-preview:large","max-video-preview":"max-video-preview:-1"},"canonical":"https:\/\/ht-box.com\/en\/containers-for-sale\/","og_locale":"en_US","og_type":"article","og_title":"Containers for Sale Self-storage | HT-BOX","og_description":"Kontenery na sprzeda\u017c dla os\u00f3b prywatnych i firm. \u25b4 Solidne wykonanie \u25b4 Szeroka oferta \u25b4 R\u00f3\u017cne rozmiary \u25b4 Sprawd\u017a i wybierz model dla siebie!","og_url":"https:\/\/ht-box.com\/en\/containers-for-sale\/","og_site_name":"HT-BOX","article_modified_time":"2025-05-23T07:35:07+00:00","twitter_card":"summary_large_image","schema":{"@context":"https:\/\/schema.org","@graph":[{"@type":"WebPage","@id":"https:\/\/ht-box.com\/en\/containers-for-sale\/","url":"https:\/\/ht-box.com\/en\/containers-for-sale\/","name":"Containers for Sale Self-storage | HT-BOX","isPartOf":{"@id":"https:\/\/ht-box.com\/#website"},"datePublished":"2022-07-06T08:24:50+00:00","dateModified":"2025-05-23T07:35:07+00:00","description":"Kontenery na sprzeda\u017c dla os\u00f3b prywatnych i firm. \u25b4 Solidne wykonanie \u25b4 Szeroka oferta \u25b4 R\u00f3\u017cne rozmiary \u25b4 Sprawd\u017a i wybierz model dla siebie!","breadcrumb":{"@id":"https:\/\/ht-box.com\/en\/containers-for-sale\/#breadcrumb"},"inLanguage":"en-US","potentialAction":[{"@type":"ReadAction","target":["https:\/\/ht-box.com\/en\/containers-for-sale\/"]}]},{"@type":"BreadcrumbList","@id":"https:\/\/ht-box.com\/en\/containers-for-sale\/#breadcrumb","itemListElement":[{"@type":"ListItem","position":1,"name":"Home","item":"https:\/\/ht-box.com\/en\/"},{"@type":"ListItem","position":2,"name":"Containers for Sale"}]},{"@type":"WebSite","@id":"https:\/\/ht-box.com\/#website","url":"https:\/\/ht-box.com\/","name":"HT-BOX","description":"Ht-box to producent kontener\u00f3w magazynowych do zastosowa\u0144 przemys\u0142owych, przydomowych czy Self Storage.","potentialAction":[{"@type":"SearchAction","target":{"@type":"EntryPoint","urlTemplate":"https:\/\/ht-box.com\/?s={search_term_string}"},"query-input":{"@type":"PropertyValueSpecification","valueRequired":true,"valueName":"search_term_string"}}],"inLanguage":"en-US"}]}},"_links":{"self":[{"href":"https:\/\/ht-box.com\/en\/wp-json\/wp\/v2\/pages\/16785","targetHints":{"allow":["GET"]}}],"collection":[{"href":"https:\/\/ht-box.com\/en\/wp-json\/wp\/v2\/pages"}],"about":[{"href":"https:\/\/ht-box.com\/en\/wp-json\/wp\/v2\/types\/page"}],"author":[{"embeddable":true,"href":"https:\/\/ht-box.com\/en\/wp-json\/wp\/v2\/users\/1"}],"replies":[{"embeddable":true,"href":"https:\/\/ht-box.com\/en\/wp-json\/wp\/v2\/comments?post=16785"}],"version-history":[{"count":9,"href":"https:\/\/ht-box.com\/en\/wp-json\/wp\/v2\/pages\/16785\/revisions"}],"predecessor-version":[{"id":16834,"href":"https:\/\/ht-box.com\/en\/wp-json\/wp\/v2\/pages\/16785\/revisions\/16834"}],"wp:attachment":[{"href":"https:\/\/ht-box.com\/en\/wp-json\/wp\/v2\/media?parent=16785"}],"curies":[{"name":"wp","href":"https:\/\/api.w.org\/{rel}","templated":true}]}}