{"id":9285,"date":"2022-03-28T18:34:12","date_gmt":"2022-03-28T18:34:12","guid":{"rendered":"https:\/\/ht-box.com\/?page_id=9285"},"modified":"2024-02-19T22:38:45","modified_gmt":"2024-02-19T22:38:45","slug":"installation","status":"publish","type":"page","link":"https:\/\/ht-box.com\/en\/realization\/installation\/","title":{"rendered":"Gallery &#8211; Installation"},"content":{"rendered":"<p>[et_pb_section fb_built=&#8221;1&#8243; _builder_version=&#8221;4.16&#8243; background_color=&#8221;#dbdbdb&#8221; background_image=&#8221;https:\/\/ht-box.com\/wp-content\/uploads\/2020\/12\/TLO-HT-BOX-3.png&#8221; parallax=&#8221;on&#8221; parallax_method=&#8221;off&#8221; custom_padding=&#8221;30px|0px|0|0px|false|false&#8221; global_colors_info=&#8221;{}&#8221;][et_pb_row _builder_version=&#8221;4.16&#8243; global_colors_info=&#8221;{}&#8221;][et_pb_column type=&#8221;4_4&#8243; _builder_version=&#8221;4.16&#8243; custom_padding=&#8221;|||&#8221; global_colors_info=&#8221;{}&#8221; custom_padding__hover=&#8221;|||&#8221;][et_pb_text _builder_version=&#8221;4.17.0&#8243; text_text_color=&#8221;#434342&#8243; text_font_size=&#8221;16px&#8221; header_font=&#8221;|600|||||||&#8221; global_colors_info=&#8221;{}&#8221;]<\/p>\n<h1>Gallery &#8211; Assembly<\/h1>\n<p>[\/et_pb_text][\/et_pb_column][\/et_pb_row][et_pb_row use_custom_gutter=&#8221;on&#8221; gutter_width=&#8221;2&#8243; _builder_version=&#8221;4.16&#8243; width=&#8221;75%&#8221; max_width=&#8221;100%&#8221; locked=&#8221;off&#8221; global_colors_info=&#8221;{}&#8221; column_structure=&#8221;1_3,1_3,1_3&#8243;][et_pb_column type=&#8221;1_3&#8243; admin_label=&#8221;SERIA M&#8221; _builder_version=&#8221;4.16&#8243; _dynamic_attributes=&#8221;link_option_url&#8221; background_enable_color=&#8221;off&#8221; link_option_url=&#8221;@ET-DC@eyJkeW5hbWljIjp0cnVlLCJjb250ZW50IjoicG9zdF9saW5rX3VybF9wYWdlIiwic2V0dGluZ3MiOnsicG9zdF9pZCI6IjQ0NDkifX0=@&#8221; global_colors_info=&#8221;{}&#8221; background__hover_enabled=&#8221;on|hover&#8221; background_color__hover=&#8221;&#8221; background_enable_color__hover=&#8221;off&#8221; title_text__hover=&#8221;hover&#8221; background_enable_image__hover=&#8221;off&#8221; background_size__hover=&#8221;contain&#8221;][et_pb_video src=&#8221;https:\/\/ht-box.com\/wp-content\/uploads\/2024\/02\/HT-BOX_COM-Montaz-01.mp4&#8243; _builder_version=&#8221;4.20.4&#8243; _module_preset=&#8221;default&#8221; title_text=&#8221;HT-BOX_COM &#8211; Monta\u017c 01&#8243; hover_enabled=&#8221;0&#8243; sticky_enabled=&#8221;0&#8243;][\/et_pb_video][\/et_pb_column][et_pb_column type=&#8221;1_3&#8243; admin_label=&#8221;SERIA M&#8221; _builder_version=&#8221;4.16&#8243; _dynamic_attributes=&#8221;link_option_url&#8221; background_enable_color=&#8221;off&#8221; link_option_url=&#8221;@ET-DC@eyJkeW5hbWljIjp0cnVlLCJjb250ZW50IjoicG9zdF9saW5rX3VybF9wYWdlIiwic2V0dGluZ3MiOnsicG9zdF9pZCI6IjQ0NDkifX0=@&#8221; global_colors_info=&#8221;{}&#8221; background__hover_enabled=&#8221;on|hover&#8221; background_color__hover=&#8221;&#8221; background_enable_color__hover=&#8221;off&#8221; title_text__hover=&#8221;hover&#8221; background_enable_image__hover=&#8221;off&#8221; background_size__hover=&#8221;contain&#8221;][et_pb_video src=&#8221;https:\/\/ht-box.com\/wp-content\/uploads\/2024\/02\/HT-BOX_COM-Montaz-02.mp4&#8243; _builder_version=&#8221;4.20.4&#8243; _module_preset=&#8221;default&#8221; title_text=&#8221;HT-BOX_COM &#8211; Monta\u017c 02&#8243; hover_enabled=&#8221;0&#8243; sticky_enabled=&#8221;0&#8243;][\/et_pb_video][\/et_pb_column][et_pb_column type=&#8221;1_3&#8243; admin_label=&#8221;SERIA M&#8221; _builder_version=&#8221;4.16&#8243; _dynamic_attributes=&#8221;link_option_url&#8221; background_enable_color=&#8221;off&#8221; link_option_url=&#8221;@ET-DC@eyJkeW5hbWljIjp0cnVlLCJjb250ZW50IjoicG9zdF9saW5rX3VybF9wYWdlIiwic2V0dGluZ3MiOnsicG9zdF9pZCI6IjQ0NDkifX0=@&#8221; global_colors_info=&#8221;{}&#8221; background__hover_enabled=&#8221;on|hover&#8221; background_color__hover=&#8221;&#8221; background_enable_color__hover=&#8221;off&#8221; title_text__hover=&#8221;hover&#8221; background_enable_image__hover=&#8221;off&#8221; background_size__hover=&#8221;contain&#8221;][et_pb_video src=&#8221;https:\/\/ht-box.com\/wp-content\/uploads\/2024\/02\/HT-BOX_COM-Montaz-03.mp4&#8243; _builder_version=&#8221;4.20.4&#8243; _module_preset=&#8221;default&#8221; title_text=&#8221;HT-BOX_COM &#8211; Monta\u017c 03&#8243; hover_enabled=&#8221;0&#8243; sticky_enabled=&#8221;0&#8243;][\/et_pb_video][\/et_pb_column][\/et_pb_row][et_pb_row use_custom_gutter=&#8221;on&#8221; gutter_width=&#8221;2&#8243; _builder_version=&#8221;4.16&#8243; width=&#8221;75%&#8221; max_width=&#8221;100%&#8221; locked=&#8221;off&#8221; global_colors_info=&#8221;{}&#8221;][et_pb_column type=&#8221;4_4&#8243; admin_label=&#8221;SERIA M&#8221; _builder_version=&#8221;4.16&#8243; _dynamic_attributes=&#8221;link_option_url&#8221; background_enable_color=&#8221;off&#8221; link_option_url=&#8221;@ET-DC@eyJkeW5hbWljIjp0cnVlLCJjb250ZW50IjoicG9zdF9saW5rX3VybF9wYWdlIiwic2V0dGluZ3MiOnsicG9zdF9pZCI6IjQ0NDkifX0=@&#8221; global_colors_info=&#8221;{}&#8221; background__hover_enabled=&#8221;on|hover&#8221; background_color__hover=&#8221;&#8221; background_enable_color__hover=&#8221;off&#8221; title_text__hover=&#8221;hover&#8221; background_enable_image__hover=&#8221;off&#8221; background_size__hover=&#8221;contain&#8221;][et_pb_gallery gallery_ids=&#8221;14076,10895,8543,8547,8555,8559,8563,8567,8571,8575,8579,8583,8587,8591,8599,8603,8607,8611,8615,8619,8623,8627,8631,8635,8639,8643,8647,8651,8595,8359,10823,10897,10901,10903,10905,10907,10909,10911,10913,10915,10917,10919,10921,10923,10925,10927,10929,10931,10933,14680,14682&#8243; posts_number=&#8221;100&#8243; show_title_and_caption=&#8221;off&#8221; show_pagination=&#8221;off&#8221; zoom_icon_color=&#8221;#ffffff&#8221; hover_overlay_color=&#8221;rgba(56,56,56,0.42)&#8221; _builder_version=&#8221;4.20.4&#8243; _module_preset=&#8221;default&#8221; hover_enabled=&#8221;0&#8243; border_color_all_image=&#8221;#ffffff&#8221; border_width_top_image=&#8221;5px&#8221; border_width_right_image=&#8221;5px&#8221; border_width_left_image=&#8221;5px&#8221; box_shadow_style_image=&#8221;preset3&#8243; global_colors_info=&#8221;{}&#8221; sticky_enabled=&#8221;0&#8243;][\/et_pb_gallery][\/et_pb_column][\/et_pb_row][\/et_pb_section]<\/p>\n","protected":false},"excerpt":{"rendered":"<p>Gallery &#8211; Assembly<\/p>\n","protected":false},"author":6,"featured_media":0,"parent":2273,"menu_order":0,"comment_status":"closed","ping_status":"closed","template":"","meta":{"_et_pb_use_builder":"on","_et_pb_old_content":"[et_pb_section fb_built=\"1\" _builder_version=\"4.3.2\" background_color=\"#dbdbdb\" background_image=\"https:\/\/ht-box.com\/wp-content\/uploads\/2020\/12\/TLO-HT-BOX-3.png\" parallax=\"on\" parallax_method=\"off\" custom_padding=\"30px|0px|0|0px|false|false\" global_colors_info=\"{}\"][et_pb_row _builder_version=\"3.25\" global_colors_info=\"{}\"][et_pb_column type=\"4_4\" _builder_version=\"3.25\" custom_padding=\"|||\" global_colors_info=\"{}\" custom_padding__hover=\"|||\"][et_pb_text _builder_version=\"4.7.7\" text_text_color=\"#434342\" text_font_size=\"16px\" header_font=\"|600|||||||\" global_colors_info=\"{}\"]\n<h1>MONTA\u017b<\/h1>\n[\/et_pb_text][\/et_pb_column][\/et_pb_row][et_pb_row use_custom_gutter=\"on\" gutter_width=\"2\" _builder_version=\"4.7.4\" width=\"75%\" max_width=\"100%\" locked=\"off\" global_colors_info=\"{}\"][et_pb_column type=\"4_4\" admin_label=\"SERIA M\" _builder_version=\"4.7.4\" _dynamic_attributes=\"link_option_url\" background_enable_color=\"off\" link_option_url=\"@ET-DC@eyJkeW5hbWljIjp0cnVlLCJjb250ZW50IjoicG9zdF9saW5rX3VybF9wYWdlIiwic2V0dGluZ3MiOnsicG9zdF9pZCI6IjQ0NDkifX0=@\" global_colors_info=\"{}\" background__hover_enabled=\"on|hover\" background_color__hover=\"\" background_enable_color__hover=\"off\" title_text__hover=\"hover\" background_enable_image__hover=\"off\" background_size__hover=\"contain\"][et_pb_gallery gallery_ids=\"8543,8547,8555,8559,8563,8567,8571,8575,8579,8583,8587,8591,8599,8603,8607,8611,8615,8619,8623,8627,8631,8635,8639,8643,8647,8651,8595,8359\" posts_number=\"60\" show_title_and_caption=\"off\" show_pagination=\"off\" zoom_icon_color=\"#ffffff\" hover_overlay_color=\"rgba(56,56,56,0.42)\" _builder_version=\"4.14.2\" _module_preset=\"default\" hover_enabled=\"0\" border_color_all_image=\"#ffffff\" border_width_top_image=\"5px\" border_width_right_image=\"5px\" border_width_left_image=\"5px\" box_shadow_style_image=\"preset3\" global_colors_info=\"{}\" sticky_enabled=\"0\"][\/et_pb_gallery][\/et_pb_column][\/et_pb_row][\/et_pb_section]","_et_gb_content_width":"","footnotes":""},"class_list":["post-9285","page","type-page","status-publish","hentry"],"yoast_head":"<!-- This site is optimized with the Yoast SEO plugin v25.1 - https:\/\/yoast.com\/wordpress\/plugins\/seo\/ -->\n<title>Gallery - Installation | HT-BOX<\/title>\n<meta name=\"robots\" content=\"index, follow, max-snippet:-1, max-image-preview:large, max-video-preview:-1\" \/>\n<link rel=\"canonical\" href=\"https:\/\/ht-box.com\/en\/realization\/installation\/\" \/>\n<meta property=\"og:locale\" content=\"en_US\" \/>\n<meta property=\"og:type\" content=\"article\" \/>\n<meta property=\"og:title\" content=\"Gallery - Installation | HT-BOX\" \/>\n<meta property=\"og:description\" content=\"Gallery - Assembly\" \/>\n<meta property=\"og:url\" content=\"https:\/\/ht-box.com\/en\/realization\/installation\/\" \/>\n<meta property=\"og:site_name\" content=\"HT-BOX\" \/>\n<meta property=\"article:modified_time\" content=\"2024-02-19T22:38:45+00:00\" \/>\n<meta name=\"twitter:card\" content=\"summary_large_image\" \/>\n<meta name=\"twitter:label1\" content=\"Est. reading time\" \/>\n\t<meta name=\"twitter:data1\" content=\"1 minute\" \/>\n<script type=\"application\/ld+json\" class=\"yoast-schema-graph\">{\"@context\":\"https:\/\/schema.org\",\"@graph\":[{\"@type\":\"WebPage\",\"@id\":\"https:\/\/ht-box.com\/en\/realization\/installation\/\",\"url\":\"https:\/\/ht-box.com\/en\/realization\/installation\/\",\"name\":\"Gallery - Installation | HT-BOX\",\"isPartOf\":{\"@id\":\"https:\/\/ht-box.com\/#website\"},\"datePublished\":\"2022-03-28T18:34:12+00:00\",\"dateModified\":\"2024-02-19T22:38:45+00:00\",\"breadcrumb\":{\"@id\":\"https:\/\/ht-box.com\/en\/realization\/installation\/#breadcrumb\"},\"inLanguage\":\"en-US\",\"potentialAction\":[{\"@type\":\"ReadAction\",\"target\":[\"https:\/\/ht-box.com\/en\/realization\/installation\/\"]}]},{\"@type\":\"BreadcrumbList\",\"@id\":\"https:\/\/ht-box.com\/en\/realization\/installation\/#breadcrumb\",\"itemListElement\":[{\"@type\":\"ListItem\",\"position\":1,\"name\":\"Home\",\"item\":\"https:\/\/ht-box.com\/en\/\"},{\"@type\":\"ListItem\",\"position\":2,\"name\":\"Former Projects EN\",\"item\":\"https:\/\/ht-box.com\/en\/realization\/\"},{\"@type\":\"ListItem\",\"position\":3,\"name\":\"Gallery &#8211; Installation\"}]},{\"@type\":\"WebSite\",\"@id\":\"https:\/\/ht-box.com\/#website\",\"url\":\"https:\/\/ht-box.com\/\",\"name\":\"HT-BOX\",\"description\":\"Ht-box to producent kontener\u00f3w magazynowych do zastosowa\u0144 przemys\u0142owych, przydomowych czy Self Storage.\",\"potentialAction\":[{\"@type\":\"SearchAction\",\"target\":{\"@type\":\"EntryPoint\",\"urlTemplate\":\"https:\/\/ht-box.com\/?s={search_term_string}\"},\"query-input\":{\"@type\":\"PropertyValueSpecification\",\"valueRequired\":true,\"valueName\":\"search_term_string\"}}],\"inLanguage\":\"en-US\"}]}<\/script>\n<!-- \/ Yoast SEO plugin. -->","yoast_head_json":{"title":"Gallery - Installation | HT-BOX","robots":{"index":"index","follow":"follow","max-snippet":"max-snippet:-1","max-image-preview":"max-image-preview:large","max-video-preview":"max-video-preview:-1"},"canonical":"https:\/\/ht-box.com\/en\/realization\/installation\/","og_locale":"en_US","og_type":"article","og_title":"Gallery - Installation | HT-BOX","og_description":"Gallery - Assembly","og_url":"https:\/\/ht-box.com\/en\/realization\/installation\/","og_site_name":"HT-BOX","article_modified_time":"2024-02-19T22:38:45+00:00","twitter_card":"summary_large_image","twitter_misc":{"Est. reading time":"1 minute"},"schema":{"@context":"https:\/\/schema.org","@graph":[{"@type":"WebPage","@id":"https:\/\/ht-box.com\/en\/realization\/installation\/","url":"https:\/\/ht-box.com\/en\/realization\/installation\/","name":"Gallery - Installation | HT-BOX","isPartOf":{"@id":"https:\/\/ht-box.com\/#website"},"datePublished":"2022-03-28T18:34:12+00:00","dateModified":"2024-02-19T22:38:45+00:00","breadcrumb":{"@id":"https:\/\/ht-box.com\/en\/realization\/installation\/#breadcrumb"},"inLanguage":"en-US","potentialAction":[{"@type":"ReadAction","target":["https:\/\/ht-box.com\/en\/realization\/installation\/"]}]},{"@type":"BreadcrumbList","@id":"https:\/\/ht-box.com\/en\/realization\/installation\/#breadcrumb","itemListElement":[{"@type":"ListItem","position":1,"name":"Home","item":"https:\/\/ht-box.com\/en\/"},{"@type":"ListItem","position":2,"name":"Former Projects EN","item":"https:\/\/ht-box.com\/en\/realization\/"},{"@type":"ListItem","position":3,"name":"Gallery &#8211; Installation"}]},{"@type":"WebSite","@id":"https:\/\/ht-box.com\/#website","url":"https:\/\/ht-box.com\/","name":"HT-BOX","description":"Ht-box to producent kontener\u00f3w magazynowych do zastosowa\u0144 przemys\u0142owych, przydomowych czy Self Storage.","potentialAction":[{"@type":"SearchAction","target":{"@type":"EntryPoint","urlTemplate":"https:\/\/ht-box.com\/?s={search_term_string}"},"query-input":{"@type":"PropertyValueSpecification","valueRequired":true,"valueName":"search_term_string"}}],"inLanguage":"en-US"}]}},"_links":{"self":[{"href":"https:\/\/ht-box.com\/en\/wp-json\/wp\/v2\/pages\/9285","targetHints":{"allow":["GET"]}}],"collection":[{"href":"https:\/\/ht-box.com\/en\/wp-json\/wp\/v2\/pages"}],"about":[{"href":"https:\/\/ht-box.com\/en\/wp-json\/wp\/v2\/types\/page"}],"author":[{"embeddable":true,"href":"https:\/\/ht-box.com\/en\/wp-json\/wp\/v2\/users\/6"}],"replies":[{"embeddable":true,"href":"https:\/\/ht-box.com\/en\/wp-json\/wp\/v2\/comments?post=9285"}],"version-history":[{"count":9,"href":"https:\/\/ht-box.com\/en\/wp-json\/wp\/v2\/pages\/9285\/revisions"}],"predecessor-version":[{"id":14686,"href":"https:\/\/ht-box.com\/en\/wp-json\/wp\/v2\/pages\/9285\/revisions\/14686"}],"up":[{"embeddable":true,"href":"https:\/\/ht-box.com\/en\/wp-json\/wp\/v2\/pages\/2273"}],"wp:attachment":[{"href":"https:\/\/ht-box.com\/en\/wp-json\/wp\/v2\/media?parent=9285"}],"curies":[{"name":"wp","href":"https:\/\/api.w.org\/{rel}","templated":true}]}}