{"id":9347,"date":"2022-04-11T21:51:21","date_gmt":"2022-04-11T21:51:21","guid":{"rendered":"https:\/\/ht-box.com\/?page_id=9347"},"modified":"2023-02-06T20:28:32","modified_gmt":"2023-02-06T20:28:32","slug":"jb-series","status":"publish","type":"page","link":"https:\/\/ht-box.com\/en\/boxes\/jb-series\/","title":{"rendered":"JB series"},"content":{"rendered":"<p>[et_pb_section fb_built=&#8221;1&#8243; _builder_version=&#8221;4.17.0&#8243; background_image=&#8221;https:\/\/ht-box.com\/wp-content\/uploads\/2020\/12\/tlo.png&#8221; parallax=&#8221;on&#8221; parallax_method=&#8221;off&#8221; custom_padding=&#8221;0px||0px|||&#8221; locked=&#8221;off&#8221; global_colors_info=&#8221;{}&#8221;][et_pb_row _builder_version=&#8221;4.16&#8243; width=&#8221;100%&#8221; max_width=&#8221;100%&#8221; custom_padding=&#8221;1px||0px|||&#8221; global_colors_info=&#8221;{}&#8221;][et_pb_column type=&#8221;4_4&#8243; _builder_version=&#8221;4.16&#8243; global_colors_info=&#8221;{}&#8221;][et_pb_slider _builder_version=&#8221;4.17.0&#8243; custom_margin=&#8221;||-4px|||&#8221; custom_padding=&#8221;141px|0px|0px|0px|false|false&#8221; global_colors_info=&#8221;{}&#8221;][et_pb_slide heading=&#8221;JBox Series&#8221; use_text_overlay=&#8221;on&#8221; text_overlay_color=&#8221;rgba(2,2,2,0.6)&#8221; _builder_version=&#8221;4.17.0&#8243; header_level=&#8221;h1&#8243; header_font=&#8221;|700|||||||&#8221; background_image=&#8221;https:\/\/ht-box.com\/wp-content\/uploads\/2020\/12\/1.jpg&#8221; background_enable_image=&#8221;on&#8221; custom_padding=&#8221;12%||12%||true|false&#8221; header_text_shadow_style=&#8221;preset2&#8243; global_colors_info=&#8221;{}&#8221; sticky_transition=&#8221;on&#8221;]<\/p>\n<p>JBox 2.4 has been designed especially for our customers owning high bay storage warehouses as it sits on three Euro pallets.<br \/>It has also gained popularity among garden owners, self\u2013storage community, as well as backyard users due to its smaller size.<\/p>\n<p>[\/et_pb_slide][\/et_pb_slider][\/et_pb_column][\/et_pb_row][et_pb_row column_structure=&#8221;3_5,2_5&#8243; make_equal=&#8221;on&#8221; admin_label=&#8221;KONTENER 4.5M&#8221; module_id=&#8221;3-jbox&#8221; _builder_version=&#8221;4.17.0&#8243; module_alignment=&#8221;center&#8221; custom_padding=&#8221;30px|20px|40px|0px|false|false&#8221; border_color_bottom=&#8221;#ffffff&#8221; locked=&#8221;off&#8221; collapsed=&#8221;off&#8221; global_colors_info=&#8221;{}&#8221;][et_pb_column type=&#8221;3_5&#8243; _builder_version=&#8221;4.16&#8243; background_enable_color=&#8221;off&#8221; custom_padding=&#8221;2%|2%|2%|2%|true|true&#8221; global_colors_info=&#8221;{}&#8221; custom_padding__hover=&#8221;|||&#8221;][et_pb_text module_id=&#8221;mb&#8221; _builder_version=&#8221;4.16&#8243; header_font=&#8221;Work Sans|900||on|||||&#8221; header_text_align=&#8221;left&#8221; header_text_color=&#8221;#434342&#8243; header_2_font=&#8221;Work Sans|900||on|||||&#8221; header_2_text_color=&#8221;#434342&#8243; custom_padding=&#8221;0px|||||&#8221; header_font_size_tablet=&#8221;&#8221; header_font_size_phone=&#8221;25px&#8221; header_font_size_last_edited=&#8221;on|phone&#8221; global_colors_info=&#8221;{}&#8221;]<\/p>\n<h2>JB 2.4M<\/h2>\n<p>&nbsp;<\/p>\n<p>[\/et_pb_text][et_pb_image src=&#8221;https:\/\/ht-box.com\/wp-content\/uploads\/2020\/12\/J-BOX-2.png&#8221; _builder_version=&#8221;4.16&#8243; width=&#8221;42%&#8221; global_colors_info=&#8221;{}&#8221;][\/et_pb_image][\/et_pb_column][et_pb_column type=&#8221;2_5&#8243; _builder_version=&#8221;4.16&#8243; custom_padding=&#8221;|||&#8221; global_colors_info=&#8221;{}&#8221; custom_padding__hover=&#8221;|||&#8221;][et_pb_text _builder_version=&#8221;4.19.4&#8243; text_font=&#8221;||||||||&#8221; text_text_color=&#8221;#434342&#8243; header_font=&#8221;||||||||&#8221; header_text_color=&#8221;#ffffff&#8221; background_layout=&#8221;dark&#8221; custom_margin=&#8221;-7px||-7px||true|&#8221; custom_padding=&#8221;19px||4px|||&#8221; hover_enabled=&#8221;0&#8243; global_colors_info=&#8221;{}&#8221; sticky_enabled=&#8221;0&#8243;]<\/p>\n<table style=\"background-color: #dddddd;\">\n<tbody>\n<tr>\n<td>Weight<\/td>\n<td>220 kg<\/td>\n<\/tr>\n<tr>\n<td>Width<\/td>\n<td>1150 mm<\/td>\n<\/tr>\n<tr>\n<td>Length<\/td>\n<td>2400 mm<\/td>\n<\/tr>\n<tr>\n<td>Height<\/td>\n<td>2230 mm<\/td>\n<\/tr>\n<tr>\n<td>Assembly<\/td>\n<td>2 fitters about 30 min<\/td>\n<\/tr>\n<\/tbody>\n<\/table>\n<p><strong>Internal dimensions :<\/strong><\/p>\n<table style=\"background-color: #dddddd;\">\n<tbody>\n<tr>\n<td>Width<\/td>\n<td>1020 mm<\/td>\n<\/tr>\n<tr>\n<td>Length<\/td>\n<td>2300 mm<\/td>\n<\/tr>\n<tr>\n<td>Height<\/td>\n<td>2070 mm<\/td>\n<\/tr>\n<\/tbody>\n<\/table>\n<p>&nbsp;<\/p>\n<p>[\/et_pb_text][\/et_pb_column][\/et_pb_row][et_pb_row _builder_version=&#8221;4.17.0&#8243; _module_preset=&#8221;default&#8221; global_colors_info=&#8221;{}&#8221;][et_pb_column type=&#8221;4_4&#8243; _builder_version=&#8221;4.17.0&#8243; _module_preset=&#8221;default&#8221; global_colors_info=&#8221;{}&#8221;][et_pb_text _builder_version=&#8221;4.17.0&#8243; _module_preset=&#8221;default&#8221; global_colors_info=&#8221;{}&#8221;]<\/p>\n<h2><strong>What makes it different from our other series?<\/strong><\/h2>\n<ul>\n<li>it sits on three Euro pallets perfectly and its solid construction allows for safe and secure storage of goods;<\/li>\n<li>the 32 mm tongue and groove joint floor has been reinforced to provide better stability of the entire box during movement;<\/li>\n<li>thanks to modern solutions, the hinges do not need to be adjusted after each move<\/li>\n<li>70mm high floor profiles allow for an easy transport by forklift;<\/li>\n<li>it is equipped with specially designed, 3mm thick corner plate horns which not only strengthen the structure of the whole container, but also allow for a transport by crane;<\/li>\n<\/ul>\n<p>[\/et_pb_text][\/et_pb_column][\/et_pb_row][\/et_pb_section]<\/p>\n","protected":false},"excerpt":{"rendered":"<p>JBox 2.4 has been designed especially for our customers owning high bay storage warehouses as it sits on three Euro pallets.It has also gained popularity among garden owners, self\u2013storage community, as well as backyard users due to its smaller size.JB 2.4M &nbsp; Weight 220 kg Width 1150 mm Length 2400 mm Height 2230 mm Assembly [&hellip;]<\/p>\n","protected":false},"author":6,"featured_media":0,"parent":10340,"menu_order":0,"comment_status":"closed","ping_status":"closed","template":"","meta":{"_et_pb_use_builder":"on","_et_pb_old_content":"","_et_gb_content_width":"","footnotes":""},"class_list":["post-9347","page","type-page","status-publish","hentry"],"yoast_head":"<!-- This site is optimized with the Yoast SEO plugin v25.1 - https:\/\/yoast.com\/wordpress\/plugins\/seo\/ -->\n<title>JB series | HT-BOX<\/title>\n<meta name=\"robots\" content=\"index, follow, max-snippet:-1, max-image-preview:large, max-video-preview:-1\" \/>\n<link rel=\"canonical\" href=\"https:\/\/ht-box.com\/en\/boxes\/jb-series\/\" \/>\n<meta property=\"og:locale\" content=\"en_US\" \/>\n<meta property=\"og:type\" content=\"article\" \/>\n<meta property=\"og:title\" content=\"JB series | HT-BOX\" \/>\n<meta property=\"og:description\" content=\"JBox 2.4 has been designed especially for our customers owning high bay storage warehouses as it sits on three Euro pallets.It has also gained popularity among garden owners, self\u2013storage community, as well as backyard users due to its smaller size.JB 2.4M &nbsp; Weight 220 kg Width 1150 mm Length 2400 mm Height 2230 mm Assembly [&hellip;]\" \/>\n<meta property=\"og:url\" content=\"https:\/\/ht-box.com\/en\/boxes\/jb-series\/\" \/>\n<meta property=\"og:site_name\" content=\"HT-BOX\" \/>\n<meta property=\"article:modified_time\" content=\"2023-02-06T20:28:32+00:00\" \/>\n<meta name=\"twitter:card\" content=\"summary_large_image\" \/>\n<script type=\"application\/ld+json\" class=\"yoast-schema-graph\">{\"@context\":\"https:\/\/schema.org\",\"@graph\":[{\"@type\":\"WebPage\",\"@id\":\"https:\/\/ht-box.com\/en\/boxes\/jb-series\/\",\"url\":\"https:\/\/ht-box.com\/en\/boxes\/jb-series\/\",\"name\":\"JB series | HT-BOX\",\"isPartOf\":{\"@id\":\"https:\/\/ht-box.com\/#website\"},\"datePublished\":\"2022-04-11T21:51:21+00:00\",\"dateModified\":\"2023-02-06T20:28:32+00:00\",\"breadcrumb\":{\"@id\":\"https:\/\/ht-box.com\/en\/boxes\/jb-series\/#breadcrumb\"},\"inLanguage\":\"en-US\",\"potentialAction\":[{\"@type\":\"ReadAction\",\"target\":[\"https:\/\/ht-box.com\/en\/boxes\/jb-series\/\"]}]},{\"@type\":\"BreadcrumbList\",\"@id\":\"https:\/\/ht-box.com\/en\/boxes\/jb-series\/#breadcrumb\",\"itemListElement\":[{\"@type\":\"ListItem\",\"position\":1,\"name\":\"Home\",\"item\":\"https:\/\/ht-box.com\/en\/\"},{\"@type\":\"ListItem\",\"position\":2,\"name\":\"Boxes\",\"item\":\"https:\/\/ht-box.com\/en\/boxes\/\"},{\"@type\":\"ListItem\",\"position\":3,\"name\":\"JB series\"}]},{\"@type\":\"WebSite\",\"@id\":\"https:\/\/ht-box.com\/#website\",\"url\":\"https:\/\/ht-box.com\/\",\"name\":\"HT-BOX\",\"description\":\"Ht-box to producent kontener\u00f3w magazynowych do zastosowa\u0144 przemys\u0142owych, przydomowych czy Self Storage.\",\"potentialAction\":[{\"@type\":\"SearchAction\",\"target\":{\"@type\":\"EntryPoint\",\"urlTemplate\":\"https:\/\/ht-box.com\/?s={search_term_string}\"},\"query-input\":{\"@type\":\"PropertyValueSpecification\",\"valueRequired\":true,\"valueName\":\"search_term_string\"}}],\"inLanguage\":\"en-US\"}]}<\/script>\n<!-- \/ Yoast SEO plugin. -->","yoast_head_json":{"title":"JB series | HT-BOX","robots":{"index":"index","follow":"follow","max-snippet":"max-snippet:-1","max-image-preview":"max-image-preview:large","max-video-preview":"max-video-preview:-1"},"canonical":"https:\/\/ht-box.com\/en\/boxes\/jb-series\/","og_locale":"en_US","og_type":"article","og_title":"JB series | HT-BOX","og_description":"JBox 2.4 has been designed especially for our customers owning high bay storage warehouses as it sits on three Euro pallets.It has also gained popularity among garden owners, self\u2013storage community, as well as backyard users due to its smaller size.JB 2.4M &nbsp; Weight 220 kg Width 1150 mm Length 2400 mm Height 2230 mm Assembly [&hellip;]","og_url":"https:\/\/ht-box.com\/en\/boxes\/jb-series\/","og_site_name":"HT-BOX","article_modified_time":"2023-02-06T20:28:32+00:00","twitter_card":"summary_large_image","schema":{"@context":"https:\/\/schema.org","@graph":[{"@type":"WebPage","@id":"https:\/\/ht-box.com\/en\/boxes\/jb-series\/","url":"https:\/\/ht-box.com\/en\/boxes\/jb-series\/","name":"JB series | HT-BOX","isPartOf":{"@id":"https:\/\/ht-box.com\/#website"},"datePublished":"2022-04-11T21:51:21+00:00","dateModified":"2023-02-06T20:28:32+00:00","breadcrumb":{"@id":"https:\/\/ht-box.com\/en\/boxes\/jb-series\/#breadcrumb"},"inLanguage":"en-US","potentialAction":[{"@type":"ReadAction","target":["https:\/\/ht-box.com\/en\/boxes\/jb-series\/"]}]},{"@type":"BreadcrumbList","@id":"https:\/\/ht-box.com\/en\/boxes\/jb-series\/#breadcrumb","itemListElement":[{"@type":"ListItem","position":1,"name":"Home","item":"https:\/\/ht-box.com\/en\/"},{"@type":"ListItem","position":2,"name":"Boxes","item":"https:\/\/ht-box.com\/en\/boxes\/"},{"@type":"ListItem","position":3,"name":"JB series"}]},{"@type":"WebSite","@id":"https:\/\/ht-box.com\/#website","url":"https:\/\/ht-box.com\/","name":"HT-BOX","description":"Ht-box to producent kontener\u00f3w magazynowych do zastosowa\u0144 przemys\u0142owych, przydomowych czy Self Storage.","potentialAction":[{"@type":"SearchAction","target":{"@type":"EntryPoint","urlTemplate":"https:\/\/ht-box.com\/?s={search_term_string}"},"query-input":{"@type":"PropertyValueSpecification","valueRequired":true,"valueName":"search_term_string"}}],"inLanguage":"en-US"}]}},"_links":{"self":[{"href":"https:\/\/ht-box.com\/en\/wp-json\/wp\/v2\/pages\/9347","targetHints":{"allow":["GET"]}}],"collection":[{"href":"https:\/\/ht-box.com\/en\/wp-json\/wp\/v2\/pages"}],"about":[{"href":"https:\/\/ht-box.com\/en\/wp-json\/wp\/v2\/types\/page"}],"author":[{"embeddable":true,"href":"https:\/\/ht-box.com\/en\/wp-json\/wp\/v2\/users\/6"}],"replies":[{"embeddable":true,"href":"https:\/\/ht-box.com\/en\/wp-json\/wp\/v2\/comments?post=9347"}],"version-history":[{"count":8,"href":"https:\/\/ht-box.com\/en\/wp-json\/wp\/v2\/pages\/9347\/revisions"}],"predecessor-version":[{"id":11182,"href":"https:\/\/ht-box.com\/en\/wp-json\/wp\/v2\/pages\/9347\/revisions\/11182"}],"up":[{"embeddable":true,"href":"https:\/\/ht-box.com\/en\/wp-json\/wp\/v2\/pages\/10340"}],"wp:attachment":[{"href":"https:\/\/ht-box.com\/en\/wp-json\/wp\/v2\/media?parent=9347"}],"curies":[{"name":"wp","href":"https:\/\/api.w.org\/{rel}","templated":true}]}}