{"id":19056,"date":"2025-09-25T09:50:12","date_gmt":"2025-09-25T09:50:12","guid":{"rendered":"https:\/\/ht-box.com\/serie-jb-en\/"},"modified":"2025-10-14T20:26:14","modified_gmt":"2025-10-14T20:26:14","slug":"serie-jb-es","status":"publish","type":"page","link":"https:\/\/ht-box.com\/es\/self-storage-exterior\/serie-jb-es\/","title":{"rendered":"Serie JB &#8211; ES"},"content":{"rendered":"<p>[et_pb_section fb_built=\u00bb1&#8243; _builder_version=\u00bb4.16&#8243; background_image=\u00bbhttps:\/\/ht-box.com\/wp-content\/uploads\/2020\/12\/tlo.png\u00bb parallax=\u00bbon\u00bb parallax_method=\u00bboff\u00bb custom_padding=\u00bb0px||0px|||\u00bb global_colors_info=\u00bb{}\u00bb][et_pb_row _builder_version=\u00bb4.16&#8243; width=\u00bb100%\u00bb max_width=\u00bb100%\u00bb custom_padding=\u00bb1px||0px|||\u00bb global_colors_info=\u00bb{}\u00bb][et_pb_column type=\u00bb4_4&#8243; _builder_version=\u00bb4.16&#8243; global_colors_info=\u00bb{}\u00bb][et_pb_slider _builder_version=\u00bb4.20.4&#8243; custom_margin=\u00bb||-4px|||\u00bb custom_padding=\u00bb141px|0px|0px|0px|false|false\u00bb global_colors_info=\u00bb{}\u00bb][et_pb_slide heading=\u00bbSERIE JB\u00bb use_text_overlay=\u00bbon\u00bb text_overlay_color=\u00bbrgba(2,2,2,0.6)\u00bb _builder_version=\u00bb4.20.4&#8243; header_level=\u00bbh1&#8243; header_font=\u00bb|700|||||||\u00bb background_image=\u00bbhttps:\/\/ht-box.com\/wp-content\/uploads\/2023\/08\/Kontenery-JBox-HT-BOX.webp\u00bb background_enable_image=\u00bbon\u00bb custom_padding=\u00bb12%||12%||true|false\u00bb header_text_shadow_style=\u00bbpreset2&#8243; global_colors_info=\u00bb{}\u00bb sticky_transition=\u00bbon\u00bb]<\/p>\n<p>La JBox 2.4 se ha dise\u00f1ado especialmente para nuestros clientes con almacenes de gran altura, y tambi\u00e9n ha ganado popularidad en<br \/>entre los propietarios de huertos y jardines.<\/p>\n<p>[\/et_pb_slide][\/et_pb_slider][\/et_pb_column][\/et_pb_row][et_pb_row column_structure=\u00bb3_5,2_5&#8243; make_equal=\u00bbon\u00bb admin_label=\u00bbCONTENEDOR 4.5M\u00bb module_id=\u00bb3-jbox\u00bb _builder_version=\u00bb4.17.0&#8243; module_alignment=\u00bbcenter\u00bb custom_padding=\u00bb30px|20px|40px|0px|false|false\u00bb border_color_bottom=\u00bb#ffffff\u00bb locked=\u00bboff\u00bb collapsed=\u00bboff\u00bb global_colors_info=\u00bb{}\u00bb][et_pb_column type=\u00bb3_5&#8243; _builder_version=\u00bb4.16&#8243; background_enable_color=\u00bboff\u00bb custom_padding=\u00bb2%|2%|2%|2%|true|true\u00bb global_colors_info=\u00bb{}\u00bb custom_padding__hover=\u00bb|||\u00bb][et_pb_text module_id=\u00bbmb\u00bb _builder_version=\u00bb4.16&#8243; header_font=\u00bbWork Sans|900||on|||||\u00bb header_text_align=\u00bbleft\u00bb header_text_color=\u00bb#434342&#8243; header_2_font=\u00bbWork Sans|900||on|||||\u00bb header_2_text_color=\u00bb#434342&#8243; custom_padding=\u00bb0px|||||\u00bb header_font_size_tablet=\u00bb\u00bb header_font_size_phone=\u00bb25px\u00bb header_font_size_last_edited=\u00bbon|phone\u00bb global_colors_info=\u00bb{}\u00bb]<\/p>\n<h2>JB 2,4M<\/h2>\n<p>&nbsp;<\/p>\n<p>[\/et_pb_text][et_pb_code admin_label=\u00bbVer foto\u00bb _builder_version=\u00bb4.27.4&#8243; text_orientation=\u00bbleft\u00bb width=\u00bb50%\u00bb custom_margin=\u00bb|||-20px\u00bb hover_enabled=\u00bb0&#8243; locked=\u00bboff\u00bb global_colors_info=\u00bb{}\u00bb sticky_enabled=\u00bb0&#8243;]<img decoding=\"async\" src=\"https:\/\/ht-box.com\/wp-content\/uploads\/2025\/06\/Kontenery-seria-JB-kompaktowe-rozwiazania-magazynowe-dla-malych-przestrzeni.webp\" id=\"currentImg3\" alt=\"M1\" title=\"Contenedores de la serie JB: soluciones de almacenamiento compactas para espacios reducidos\"><!-- [et_pb_line_break_holder] -->[\/et_pb_code][\/et_pb_column][et_pb_column type=\u00bb2_5&#8243; _builder_version=\u00bb4.16&#8243; custom_padding=\u00bb|||\u00bb global_colors_info=\u00bb{}\u00bb custom_padding__hover=\u00bb|||\u00bb][et_pb_text _builder_version=\u00bb4.19.4&#8243; text_font=\u00bb||||||||\u00bb text_text_color=\u00bb#434342&#8243; header_font=\u00bb||||||||\u00bb header_text_color=\u00bb#ffffff\u00bb background_layout=\u00bbdark\u00bb custom_margin=\u00bb-7px||-7px||true|\u00bb custom_padding=\u00bb19px||4px|||\u00bb global_colors_info=\u00bb{}\u00bb]<\/p>\n<table style=\"background-color: #dddddd;\">\n<tbody>\n<tr>\n<td>Peso<\/td>\n<td>220 kg<\/td>\n<\/tr>\n<tr>\n<td>Anchura<\/td>\n<td>1150 mm<\/td>\n<\/tr>\n<tr>\n<td>Longitud<\/td>\n<td>2400 mm<\/td>\n<\/tr>\n<tr>\n<td>Altura<\/td>\n<td>2230 mm<\/td>\n<\/tr>\n<tr>\n<td>Montaje<\/td>\n<td>2 montadores, 30 min<\/td>\n<\/tr>\n<\/tbody>\n<\/table>\n<p><strong>Dimensiones interiores :<\/strong><\/p>\n<table style=\"background-color: #dddddd;\">\n<tbody>\n<tr>\n<td>Anchura<\/td>\n<td>1020 mm<\/td>\n<\/tr>\n<tr>\n<td>Longitud<\/td>\n<td>2300 mm<\/td>\n<\/tr>\n<tr>\n<td>Altura<\/td>\n<td>2070 mm<\/td>\n<\/tr>\n<\/tbody>\n<\/table>\n<p>&nbsp;<\/p>\n<p>[\/et_pb_text][et_pb_code admin_label=\u00bbgaler\u00eda html 2&#8243; _builder_version=\u00bb4.20.4&#8243; text_orientation=\u00bbleft\u00bb custom_margin=\u00bb|||-20px\u00bb locked=\u00bboff\u00bb global_colors_info=\u00bb{}\u00bb]<\/p>\n<ul class=\"colorpicker1\"><!-- [et_pb_line_break_holder] --><!-- [et_pb_line_break_holder] --> <\/p>\n<li><img decoding=\"async\" src=\"https:\/\/ht-box.com\/wp-content\/uploads\/2024\/01\/HT-BOX_COM-BOX-JD-blue-pom.png\" onclick=\"showImage1('https:\/\/ht-box.com\/wp-content\/uploads\/2024\/01\/HT-BOX_COM-BOX-JD-blue-pom.png','Blue');\" data-pin-nopin=\"true\"><!\u2013- [et_pb_br_holder] -\u2013>Azul<!-- [et_pb_line_break_holder] --> <pee>ral: 5010<\/pee><!-- [et_pb_line_break_holder] --> <\/li>\n<p><!-- [et_pb_line_break_holder] -->  <!-- [et_pb_line_break_holder] --> <\/p>\n<li><img decoding=\"async\" src=\"https:\/\/ht-box.com\/wp-content\/uploads\/2024\/01\/HT-BOX_COM-BOX-JD-red-pom.png\" onclick=\"showImage1('https:\/\/ht-box.com\/wp-content\/uploads\/2024\/01\/HT-BOX_COM-BOX-JD-red-pom.png','Blue');\" data-pin-nopin=\"true\"><!\u2013- [et_pb_br_holder] -\u2013>Azul<!-- [et_pb_line_break_holder] --> <pee>ral: 5010<\/pee><!-- [et_pb_line_break_holder] --> <\/li>\n<p><!-- [et_pb_line_break_holder] -->  <!-- [et_pb_line_break_holder] -->  <!-- [et_pb_line_break_holder] --> <\/p>\n<li><img decoding=\"async\" src=\"https:\/\/ht-box.com\/wp-content\/uploads\/2024\/01\/HT-BOX_COM-BOX-JD-white-pom.png\" onclick=\"showImage1('https:\/\/ht-box.com\/wp-content\/uploads\/2024\/01\/HT-BOX_COM-BOX-JD-white-pom.png','Red');\" data-pin-nopin=\"true\"><!\u2013- [et_pb_br_holder] -\u2013>Blanco<!-- [et_pb_line_break_holder] --> <pee>ral: 9010<\/pee><!-- [et_pb_line_break_holder] --> <\/li>\n<p><!-- [et_pb_line_break_holder] --> <!-- [et_pb_line_break_holder] --> <\/p>\n<li><img decoding=\"async\" src=\"https:\/\/ht-box.com\/wp-content\/uploads\/2024\/01\/HT-BOX_COM-BOX-JD-gray-pom.png\" onclick=\"showImage1('https:\/\/ht-box.com\/wp-content\/uploads\/2024\/01\/HT-BOX_COM-BOX-JD-gray-pom.png','Red');\" data-pin-nopin=\"true\"><!\u2013- [et_pb_br_holder] -\u2013>Gris<!-- [et_pb_line_break_holder] --> <pee>ral: 7016<\/pee><!-- [et_pb_line_break_holder] --> <\/li>\n<p><!-- [et_pb_line_break_holder] --><!-- [et_pb_line_break_holder] --><\/ul>\n<p><!-- [et_pb_line_break_holder] -->[\/et_pb_code][et_pb_code admin_label=\u00bbcss\u00bb _builder_version=\u00bb4.20.4&#8243; text_orientation=\u00bbleft\u00bb custom_margin=\u00bb|||-20px\u00bb locked=\u00bboff\u00bb global_colors_info=\u00bb{}\u00bb]<\/p>\n<style><!-- [et_pb_line_break_holder] -->.colorpicker1 {<!-- [et_pb_line_break_holder] --> list-style-type:none;<!-- [et_pb_line_break_holder] -->}<!-- [et_pb_line_break_holder] --><!-- [et_pb_line_break_holder] -->.colorpicker1 li {<!-- [et_pb_line_break_holder] --> float: left;<!-- [et_pb_line_break_holder] --> list-style-type:none;<!-- [et_pb_line_break_holder] --> text-align: center;<!-- [et_pb_line_break_holder] --> padding-left: 10px;<!-- [et_pb_line_break_holder] -->}<!-- [et_pb_line_break_holder] --><!-- [et_pb_line_break_holder] -->.colorpicker1 li img {<!-- [et_pb_line_break_holder] --> width: 70px;<!-- [et_pb_line_break_holder] --> height: auto;<!-- [et_pb_line_break_holder] --> cursor: pointer;<!-- [et_pb_line_break_holder] -->}<!-- [et_pb_line_break_holder] --><\/style>\n<p><!-- [et_pb_line_break_holder] -->[\/et_pb_code][et_pb_code admin_label=\u00bbjavascript\u00bb _builder_version=\u00bb4.20.4&#8243; locked=\u00bboff\u00bb global_colors_info=\u00bb{}\u00bb]<script type=\"text\/javascript\"><!-- [et_pb_line_break_holder] --> <!-- [et_pb_line_break_holder] -->function showImage1(imgPath, imgText) {<!-- [et_pb_line_break_holder] --> var curImage = document.getElementById('currentImg3');<!-- [et_pb_line_break_holder] --> <!-- [et_pb_line_break_holder] --> curImage.src = imgPath;<!-- [et_pb_line_break_holder] --> curImage.alt = imgText;<!-- [et_pb_line_break_holder] --> curImage.title = imgText;<!-- [et_pb_line_break_holder] --> }<!-- [et_pb_line_break_holder] --><!-- [et_pb_line_break_holder] --><\/script>[\/et_pb_code][\/et_pb_column][\/et_pb_row][et_pb_row _builder_version=\u00bb4.17.0&#8243; _module_preset=\u00bbdefault\u00bb global_colors_info=\u00bb{}\u00bb][et_pb_column type=\u00bb4_4&#8243; _builder_version=\u00bb4.17.0&#8243; _module_preset=\u00bbdefault\u00bb global_colors_info=\u00bb{}\u00bb][et_pb_text _builder_version=\u00bb4.17.0&#8243; _module_preset=\u00bbdefault\u00bb global_colors_info=\u00bb{}\u00bb]<\/p>\n<h2><strong>\u00bfQu\u00e9 la diferencia del resto de nuestras cajas?<\/strong><\/h2>\n<ul>\n<li>Cabe perfectamente en el espacio de tres europal\u00e9s y su robusta construcci\u00f3n favorece la seguridad de los art\u00edculos y mercanc\u00edas que contiene.<\/li>\n<li>El suelo machihembrado de 32 mm de grosor se ha reforzado para proporcionar una mayor estabilidad a toda la caja durante los desplazamientos.<\/li>\n<li>Gracias a las soluciones modernas, las bisagras no necesitan ajuste.<\/li>\n<li>Los perfiles de suelo de 70 mm de altura permiten transportar la caja con una carretilla elevadora.<\/li>\n<li>Equipada con esquinas especialmente dise\u00f1adas de 3 mm de grosor que no s\u00f3lo refuerzan la estructura de la caja, sino que tambi\u00e9n permiten transportarla con gr\u00faa.<\/li>\n<\/ul>\n<p>[\/et_pb_text][et_pb_text _builder_version=\u00bb4.17.0&#8243; _module_preset=\u00bbdefault\u00bb custom_margin=\u00bb20px||20px||false|false\u00bb global_colors_info=\u00bb{}\u00bb]<\/p>\n<p><span style=\"font-weight: 400;\">Ver todos los productos de esta categor\u00eda: <a href=\"https:\/\/ht-box.com\/kontenery\/magazynowe\/\" style=\"color: #666;\"><strong>contenedores de almacenamiento<\/strong><\/a>, <a href=\"https:\/\/ht-box.com\/magazyny-samoobslugowe\/\" style=\"color: #666;\"><strong>almacenes autoservicio<\/strong><\/a>, <a href=\"https:\/\/ht-box.com\/kontenery\/budowlane\/\" style=\"color: #666;\"><strong>contenedores de construcci\u00f3n<\/strong><\/a> y <a href=\"https:\/\/ht-box.com\/kontenery-do-przechowywania-rzeczy\/\" style=\"color: #666;\"><strong>contenedores de almacenamiento de mercanc\u00edas<\/strong><\/a>.  <\/span><span style=\"font-weight: 400;\"><br \/><\/span><\/p>\n<p>[\/et_pb_text][\/et_pb_column][\/et_pb_row][\/et_pb_section]<\/p>\n","protected":false},"excerpt":{"rendered":"<p>La JBox 2.4 se ha dise\u00f1ado especialmente para nuestros clientes con almacenes de gran altura, y tambi\u00e9n ha ganado popularidad enentre los propietarios de huertos y jardines.JB 2,4M &nbsp; Peso 220 kg Anchura 1150 mm Longitud 2400 mm Altura 2230 mm Montaje 2 montadores, 30 min Dimensiones interiores : Anchura 1020 mm Longitud 2300 mm [&hellip;]<\/p>\n","protected":false},"author":6,"featured_media":0,"parent":19947,"menu_order":0,"comment_status":"closed","ping_status":"closed","template":"","meta":{"_et_pb_use_builder":"on","_et_pb_old_content":"","_et_gb_content_width":"","footnotes":""},"class_list":["post-19056","page","type-page","status-publish","hentry"],"yoast_head":"<!-- This site is optimized with the Yoast SEO plugin v25.1 - https:\/\/yoast.com\/wordpress\/plugins\/seo\/ -->\n<title>Contenedores para autoalmacenamiento Serie J BOX | HT-BOX<\/title>\n<meta name=\"description\" content=\"Contenedores de la serie J Box - soluciones compactas JB 2,4M. Cabe en tres europal\u00e9s, construcci\u00f3n reforzada.\" \/>\n<meta name=\"robots\" content=\"index, follow, max-snippet:-1, max-image-preview:large, max-video-preview:-1\" \/>\n<link rel=\"canonical\" href=\"https:\/\/ht-box.com\/es\/self-storage-exterior\/serie-jb-es\/\" \/>\n<meta property=\"og:locale\" content=\"es_ES\" \/>\n<meta property=\"og:type\" content=\"article\" \/>\n<meta property=\"og:title\" content=\"Contenedores para autoalmacenamiento Serie J BOX | HT-BOX\" \/>\n<meta property=\"og:description\" content=\"Contenedores de la serie J Box - soluciones compactas JB 2,4M. Cabe en tres europal\u00e9s, construcci\u00f3n reforzada.\" \/>\n<meta property=\"og:url\" content=\"https:\/\/ht-box.com\/es\/self-storage-exterior\/serie-jb-es\/\" \/>\n<meta property=\"og:site_name\" content=\"HT-BOX\" \/>\n<meta property=\"article:modified_time\" content=\"2025-10-14T20:26:14+00:00\" \/>\n<meta property=\"og:image\" content=\"https:\/\/ht-box.com\/wp-content\/uploads\/2025\/06\/Kontenery-seria-JB-kompaktowe-rozwiazania-magazynowe-dla-malych-przestrzeni.webp\" \/>\n<meta name=\"twitter:card\" content=\"summary_large_image\" \/>\n<meta name=\"twitter:label1\" content=\"Tiempo de lectura\" \/>\n\t<meta name=\"twitter:data1\" content=\"3 minutos\" \/>\n<script type=\"application\/ld+json\" class=\"yoast-schema-graph\">{\"@context\":\"https:\/\/schema.org\",\"@graph\":[{\"@type\":\"WebPage\",\"@id\":\"https:\/\/ht-box.com\/es\/self-storage-exterior\/serie-jb-es\/\",\"url\":\"https:\/\/ht-box.com\/es\/self-storage-exterior\/serie-jb-es\/\",\"name\":\"Contenedores para autoalmacenamiento Serie J BOX | HT-BOX\",\"isPartOf\":{\"@id\":\"https:\/\/ht-box.com\/#website\"},\"primaryImageOfPage\":{\"@id\":\"https:\/\/ht-box.com\/es\/self-storage-exterior\/serie-jb-es\/#primaryimage\"},\"image\":{\"@id\":\"https:\/\/ht-box.com\/es\/self-storage-exterior\/serie-jb-es\/#primaryimage\"},\"thumbnailUrl\":\"https:\/\/ht-box.com\/wp-content\/uploads\/2025\/06\/Kontenery-seria-JB-kompaktowe-rozwiazania-magazynowe-dla-malych-przestrzeni.webp\",\"datePublished\":\"2025-09-25T09:50:12+00:00\",\"dateModified\":\"2025-10-14T20:26:14+00:00\",\"description\":\"Contenedores de la serie J Box - soluciones compactas JB 2,4M. Cabe en tres europal\u00e9s, construcci\u00f3n reforzada.\",\"breadcrumb\":{\"@id\":\"https:\/\/ht-box.com\/es\/self-storage-exterior\/serie-jb-es\/#breadcrumb\"},\"inLanguage\":\"es\",\"potentialAction\":[{\"@type\":\"ReadAction\",\"target\":[\"https:\/\/ht-box.com\/es\/self-storage-exterior\/serie-jb-es\/\"]}]},{\"@type\":\"ImageObject\",\"inLanguage\":\"es\",\"@id\":\"https:\/\/ht-box.com\/es\/self-storage-exterior\/serie-jb-es\/#primaryimage\",\"url\":\"https:\/\/ht-box.com\/wp-content\/uploads\/2025\/06\/Kontenery-seria-JB-kompaktowe-rozwiazania-magazynowe-dla-malych-przestrzeni.webp\",\"contentUrl\":\"https:\/\/ht-box.com\/wp-content\/uploads\/2025\/06\/Kontenery-seria-JB-kompaktowe-rozwiazania-magazynowe-dla-malych-przestrzeni.webp\"},{\"@type\":\"BreadcrumbList\",\"@id\":\"https:\/\/ht-box.com\/es\/self-storage-exterior\/serie-jb-es\/#breadcrumb\",\"itemListElement\":[{\"@type\":\"ListItem\",\"position\":1,\"name\":\"Home\",\"item\":\"https:\/\/ht-box.com\/es\/\"},{\"@type\":\"ListItem\",\"position\":2,\"name\":\"Self-Storage Exterior &#8211; ES\",\"item\":\"https:\/\/ht-box.com\/es\/self-storage-exterior\/\"},{\"@type\":\"ListItem\",\"position\":3,\"name\":\"Serie JB &#8211; ES\"}]},{\"@type\":\"WebSite\",\"@id\":\"https:\/\/ht-box.com\/#website\",\"url\":\"https:\/\/ht-box.com\/\",\"name\":\"HT-BOX\",\"description\":\"Ht-box to producent kontener\u00f3w magazynowych do zastosowa\u0144 przemys\u0142owych, przydomowych czy Self Storage.\",\"potentialAction\":[{\"@type\":\"SearchAction\",\"target\":{\"@type\":\"EntryPoint\",\"urlTemplate\":\"https:\/\/ht-box.com\/?s={search_term_string}\"},\"query-input\":{\"@type\":\"PropertyValueSpecification\",\"valueRequired\":true,\"valueName\":\"search_term_string\"}}],\"inLanguage\":\"es\"}]}<\/script>\n<!-- \/ Yoast SEO plugin. -->","yoast_head_json":{"title":"Contenedores para autoalmacenamiento Serie J BOX | HT-BOX","description":"Contenedores de la serie J Box - soluciones compactas JB 2,4M. Cabe en tres europal\u00e9s, construcci\u00f3n reforzada.","robots":{"index":"index","follow":"follow","max-snippet":"max-snippet:-1","max-image-preview":"max-image-preview:large","max-video-preview":"max-video-preview:-1"},"canonical":"https:\/\/ht-box.com\/es\/self-storage-exterior\/serie-jb-es\/","og_locale":"es_ES","og_type":"article","og_title":"Contenedores para autoalmacenamiento Serie J BOX | HT-BOX","og_description":"Contenedores de la serie J Box - soluciones compactas JB 2,4M. Cabe en tres europal\u00e9s, construcci\u00f3n reforzada.","og_url":"https:\/\/ht-box.com\/es\/self-storage-exterior\/serie-jb-es\/","og_site_name":"HT-BOX","article_modified_time":"2025-10-14T20:26:14+00:00","og_image":[{"url":"https:\/\/ht-box.com\/wp-content\/uploads\/2025\/06\/Kontenery-seria-JB-kompaktowe-rozwiazania-magazynowe-dla-malych-przestrzeni.webp","type":"","width":"","height":""}],"twitter_card":"summary_large_image","twitter_misc":{"Tiempo de lectura":"3 minutos"},"schema":{"@context":"https:\/\/schema.org","@graph":[{"@type":"WebPage","@id":"https:\/\/ht-box.com\/es\/self-storage-exterior\/serie-jb-es\/","url":"https:\/\/ht-box.com\/es\/self-storage-exterior\/serie-jb-es\/","name":"Contenedores para autoalmacenamiento Serie J BOX | HT-BOX","isPartOf":{"@id":"https:\/\/ht-box.com\/#website"},"primaryImageOfPage":{"@id":"https:\/\/ht-box.com\/es\/self-storage-exterior\/serie-jb-es\/#primaryimage"},"image":{"@id":"https:\/\/ht-box.com\/es\/self-storage-exterior\/serie-jb-es\/#primaryimage"},"thumbnailUrl":"https:\/\/ht-box.com\/wp-content\/uploads\/2025\/06\/Kontenery-seria-JB-kompaktowe-rozwiazania-magazynowe-dla-malych-przestrzeni.webp","datePublished":"2025-09-25T09:50:12+00:00","dateModified":"2025-10-14T20:26:14+00:00","description":"Contenedores de la serie J Box - soluciones compactas JB 2,4M. Cabe en tres europal\u00e9s, construcci\u00f3n reforzada.","breadcrumb":{"@id":"https:\/\/ht-box.com\/es\/self-storage-exterior\/serie-jb-es\/#breadcrumb"},"inLanguage":"es","potentialAction":[{"@type":"ReadAction","target":["https:\/\/ht-box.com\/es\/self-storage-exterior\/serie-jb-es\/"]}]},{"@type":"ImageObject","inLanguage":"es","@id":"https:\/\/ht-box.com\/es\/self-storage-exterior\/serie-jb-es\/#primaryimage","url":"https:\/\/ht-box.com\/wp-content\/uploads\/2025\/06\/Kontenery-seria-JB-kompaktowe-rozwiazania-magazynowe-dla-malych-przestrzeni.webp","contentUrl":"https:\/\/ht-box.com\/wp-content\/uploads\/2025\/06\/Kontenery-seria-JB-kompaktowe-rozwiazania-magazynowe-dla-malych-przestrzeni.webp"},{"@type":"BreadcrumbList","@id":"https:\/\/ht-box.com\/es\/self-storage-exterior\/serie-jb-es\/#breadcrumb","itemListElement":[{"@type":"ListItem","position":1,"name":"Home","item":"https:\/\/ht-box.com\/es\/"},{"@type":"ListItem","position":2,"name":"Self-Storage Exterior &#8211; ES","item":"https:\/\/ht-box.com\/es\/self-storage-exterior\/"},{"@type":"ListItem","position":3,"name":"Serie JB &#8211; ES"}]},{"@type":"WebSite","@id":"https:\/\/ht-box.com\/#website","url":"https:\/\/ht-box.com\/","name":"HT-BOX","description":"Ht-box to producent kontener\u00f3w magazynowych do zastosowa\u0144 przemys\u0142owych, przydomowych czy Self Storage.","potentialAction":[{"@type":"SearchAction","target":{"@type":"EntryPoint","urlTemplate":"https:\/\/ht-box.com\/?s={search_term_string}"},"query-input":{"@type":"PropertyValueSpecification","valueRequired":true,"valueName":"search_term_string"}}],"inLanguage":"es"}]}},"_links":{"self":[{"href":"https:\/\/ht-box.com\/es\/wp-json\/wp\/v2\/pages\/19056","targetHints":{"allow":["GET"]}}],"collection":[{"href":"https:\/\/ht-box.com\/es\/wp-json\/wp\/v2\/pages"}],"about":[{"href":"https:\/\/ht-box.com\/es\/wp-json\/wp\/v2\/types\/page"}],"author":[{"embeddable":true,"href":"https:\/\/ht-box.com\/es\/wp-json\/wp\/v2\/users\/6"}],"replies":[{"embeddable":true,"href":"https:\/\/ht-box.com\/es\/wp-json\/wp\/v2\/comments?post=19056"}],"version-history":[{"count":5,"href":"https:\/\/ht-box.com\/es\/wp-json\/wp\/v2\/pages\/19056\/revisions"}],"predecessor-version":[{"id":19965,"href":"https:\/\/ht-box.com\/es\/wp-json\/wp\/v2\/pages\/19056\/revisions\/19965"}],"up":[{"embeddable":true,"href":"https:\/\/ht-box.com\/es\/wp-json\/wp\/v2\/pages\/19947"}],"wp:attachment":[{"href":"https:\/\/ht-box.com\/es\/wp-json\/wp\/v2\/media?parent=19056"}],"curies":[{"name":"wp","href":"https:\/\/api.w.org\/{rel}","templated":true}]}}