{"id":19188,"date":"2018-06-29T13:33:07","date_gmt":"2018-06-29T13:33:07","guid":{"rendered":"https:\/\/ht-box.com\/referencje-2\/"},"modified":"2025-10-14T07:44:48","modified_gmt":"2025-10-14T07:44:48","slug":"referencias","status":"publish","type":"page","link":"https:\/\/ht-box.com\/es\/referencias\/","title":{"rendered":"Referencias &#8211; ES"},"content":{"rendered":"<p>[et_pb_section fb_built=\u00bb1&#8243; _builder_version=\u00bb4.16&#8243; background_image=\u00bbhttps:\/\/ht-box.com\/wp-content\/uploads\/2020\/12\/TLO-HT-BOX-3.png\u00bb parallax=\u00bbon\u00bb custom_padding=\u00bb||0px|||\u00bb global_colors_info=\u00bb{}\u00bb][et_pb_row _builder_version=\u00bb4.16&#8243; custom_padding=\u00bb0|0px|0|0px|false|false\u00bb global_colors_info=\u00bb{}\u00bb][et_pb_column type=\u00bb4_4&#8243; _builder_version=\u00bb4.16&#8243; custom_padding=\u00bb|||\u00bb global_colors_info=\u00bb{}\u00bb custom_padding__hover=\u00bb|||\u00bb][et_pb_text _builder_version=\u00bb4.27.4&#8243; _module_preset=\u00bbdefault\u00bb hover_enabled=\u00bb0&#8243; sticky_enabled=\u00bb0&#8243; header_font=\u00bbWork Sans|800||on|||||\u00bb header_font_size=\u00bb34px\u00bb]<\/p>\n<h1>Referencias<\/h1>\n<p>[\/et_pb_text][et_pb_testimonial author=\u00bbSTOKADO Sp. z o.o.\u00bb job_title=\u00bbWroc\u0142aw\u00bb portrait_url=\u00bbhttps:\/\/ht-box.com\/wp-content\/uploads\/2019\/09\/5rTSr1DG_400x400.jpeg\u00bb quote_icon_color=\u00bb#dddddd\u00bb quote_icon_background_color=\u00bb#ffffff\u00bb _builder_version=\u00bb4.27.4&#8243; background_color=\u00bb#FFFFFF\u00bb filter_saturate=\u00bb0%\u00bb animation_direction=\u00bbright\u00bb hover_enabled=\u00bb0&#8243; border_width_all=\u00bb3px\u00bb border_color_all=\u00bbrgba(0,0,0,0)\u00bb border_color_all_portrait=\u00bb#434342&#8243; box_shadow_style=\u00bbpreset3&#8243; box_shadow_style_image=\u00bbpreset1&#8243; global_colors_info=\u00bb{}\u00bb filter_saturate__hover_enabled=\u00bbon|hover\u00bb filter_saturate__hover=\u00bb100%\u00bb filter_brightness__hover_enabled=\u00bbon|hover\u00bb filter_brightness__hover=\u00bb100%\u00bb background__hover_enabled=\u00bbon|hover\u00bb background_color__hover=\u00bbrgba(255,255,255,0.5)\u00bb background_enable_color__hover=\u00bbon\u00bb sticky_enabled=\u00bb0&#8243;]<\/p>\n<p>La empresa PPHU HT_BOX Sp\u00f3\u0142ka z o.o. SP.K., productora de contenedores de almacenamiento plegables, nos suministr\u00f3 120 contenedores de almacenamiento 6M y 50 contenedores 6MB en un per\u00edodo de 2 a\u00f1os.<\/p>\n<p>El alcance del suministro tambi\u00e9n incluy\u00f3 el montaje de los contenedores en la sede de nuestra empresa.<\/p>\n<p>Sin duda, podemos recomendar a PPHU HT_BOX Sp\u00f3\u0142ka Z O.O. SP.K. como un socio comercial digno de confianza.<\/p>\n<p>Los contenedores que suministraron cumplen con nuestras expectativas y el servicio de montaje fue completamente profesional y r\u00e1pido, lo que sin duda se traducir\u00e1 en una futura colaboraci\u00f3n.<\/p>\n<p>Stokado Sp z o.o. Wroc\u0142aw<\/p>\n<p>[\/et_pb_testimonial][et_pb_testimonial author=\u00bbIN TECH RUSZTOWANIA\u00bb job_title=\u00bb\u015awidwin\u00bb portrait_url=\u00bbhttps:\/\/ht-box.com\/wp-content\/uploads\/2019\/09\/intech-logo.jpg\u00bb quote_icon_color=\u00bb#dddddd\u00bb quote_icon_background_color=\u00bb#ffffff\u00bb _builder_version=\u00bb4.27.4&#8243; background_color=\u00bb#FFFFFF\u00bb filter_saturate=\u00bb0%\u00bb animation_direction=\u00bbright\u00bb hover_enabled=\u00bb0&#8243; border_width_all=\u00bb3px\u00bb border_color_all=\u00bbrgba(0,0,0,0)\u00bb border_color_all_portrait=\u00bb#434342&#8243; box_shadow_style=\u00bbpreset3&#8243; box_shadow_style_image=\u00bbpreset1&#8243; global_colors_info=\u00bb{}\u00bb filter_saturate__hover=\u00bb100%\u00bb filter_saturate__hover_enabled=\u00bbon|hover\u00bb filter_brightness__hover=\u00bb100%\u00bb filter_brightness__hover_enabled=\u00bbon|hover\u00bb background_color__hover=\u00bbrgba(255,255,255,0.5)\u00bb background__hover_enabled=\u00bbon|hover\u00bb background_enable_color__hover=\u00bbon\u00bb sticky_enabled=\u00bb0&#8243;]<\/p>\n<p style=\"text-align: left;\">Confirmamos que la empresa <strong>HT-BOX <\/strong>suministr\u00f3 contenedores de almacenamiento para las necesidades de <strong>In-Tech Rusztowania<\/strong>.<\/p>\n<p style=\"text-align: left;\">La empresa <strong>HT-BOX<\/strong> demostr\u00f3 ser muy diligente y fiable. Los plazos de entrega acordados se respetaron.<br \/>Los contenedores se caracterizan por su buena calidad y resistencia en las condiciones de obra.<\/p>\n<p style=\"text-align: left;\">Sin duda, recomendamos a la empresa <strong>HT-BOX<\/strong> como fabricante y proveedor de contenedores.<\/p>\n<p>[\/et_pb_testimonial][et_pb_testimonial author=\u00bbCAMEL\u00bb job_title=\u00bbWarszawa\u00bb portrait_url=\u00bbhttps:\/\/ht-box.com\/wp-content\/uploads\/2019\/09\/box-storage-logo.jpg\u00bb quote_icon_color=\u00bb#dddddd\u00bb quote_icon_background_color=\u00bb#ffffff\u00bb _builder_version=\u00bb4.27.4&#8243; background_color=\u00bb#FFFFFF\u00bb filter_saturate=\u00bb0%\u00bb hover_enabled=\u00bb0&#8243; border_width_all=\u00bb3px\u00bb border_color_all=\u00bbrgba(0,0,0,0)\u00bb border_color_all_portrait=\u00bb#434342&#8243; box_shadow_style=\u00bbpreset3&#8243; box_shadow_style_image=\u00bbpreset1&#8243; global_colors_info=\u00bb{}\u00bb filter_saturate__hover=\u00bb100%\u00bb filter_saturate__hover_enabled=\u00bbon|hover\u00bb filter_brightness__hover=\u00bb100%\u00bb filter_brightness__hover_enabled=\u00bbon|hover\u00bb background_color__hover=\u00bbrgba(255,255,255,0.5)\u00bb background__hover_enabled=\u00bbon|hover\u00bb background_enable_color__hover=\u00bbon\u00bb sticky_enabled=\u00bb0&#8243;]<\/p>\n<p>La empresa PPHU HT_BOX Sp\u00f3\u0142ka z o.o. SP.K., productora de contenedores de almacenamiento plegables, nos suministr\u00f3 70 contenedores de almacenamiento 6M y 2 contenedores 6MB desde septiembre de 2016.<\/p>\n<p>La empresa <strong>E-Camel<\/strong>, propietaria de la marca <strong>Box-Storage<\/strong>, recomienda con total responsabilidad a PPHU HT_BOX SP. Z O.O. Sp. K., con sede en \u015awidwin, como un socio fiable y digno de confianza, que utiliza su experiencia y profesionalidad para ofrecer servicios de alto nivel en el sector de los contenedores.<\/p>\n<p>[\/et_pb_testimonial][\/et_pb_column][\/et_pb_row][et_pb_row _builder_version=\u00bb4.16&#8243; _module_preset=\u00bbdefault\u00bb global_colors_info=\u00bb{}\u00bb][et_pb_column type=\u00bb4_4&#8243; _builder_version=\u00bb4.16&#8243; _module_preset=\u00bbdefault\u00bb global_colors_info=\u00bb{}\u00bb][\/et_pb_column][\/et_pb_row][\/et_pb_section]<\/p>\n","protected":false},"excerpt":{"rendered":"<p>ReferenciasLa empresa PPHU HT_BOX Sp\u00f3\u0142ka z o.o. SP.K., productora de contenedores de almacenamiento plegables, nos suministr\u00f3 120 contenedores de almacenamiento 6M y 50 contenedores 6MB en un per\u00edodo de 2 a\u00f1os. El alcance del suministro tambi\u00e9n incluy\u00f3 el montaje de los contenedores en la sede de nuestra empresa. Sin duda, podemos recomendar a PPHU HT_BOX [&hellip;]<\/p>\n","protected":false},"author":1,"featured_media":0,"parent":0,"menu_order":0,"comment_status":"closed","ping_status":"closed","template":"","meta":{"_et_pb_use_builder":"on","_et_pb_old_content":"","_et_gb_content_width":"","footnotes":""},"class_list":["post-19188","page","type-page","status-publish","hentry"],"yoast_head":"<!-- This site is optimized with the Yoast SEO plugin v25.1 - https:\/\/yoast.com\/wordpress\/plugins\/seo\/ -->\n<title>Referencje Naszych Klient\u00f3w | HT-BOX<\/title>\n<meta name=\"robots\" content=\"index, follow, max-snippet:-1, max-image-preview:large, max-video-preview:-1\" \/>\n<link rel=\"canonical\" href=\"https:\/\/ht-box.com\/es\/referencias\/\" \/>\n<meta property=\"og:locale\" content=\"es_ES\" \/>\n<meta property=\"og:type\" content=\"article\" \/>\n<meta property=\"og:title\" content=\"Referencje Naszych Klient\u00f3w | HT-BOX\" \/>\n<meta property=\"og:description\" content=\"ReferenciasLa empresa PPHU HT_BOX Sp\u00f3\u0142ka z o.o. SP.K., productora de contenedores de almacenamiento plegables, nos suministr\u00f3 120 contenedores de almacenamiento 6M y 50 contenedores 6MB en un per\u00edodo de 2 a\u00f1os. El alcance del suministro tambi\u00e9n incluy\u00f3 el montaje de los contenedores en la sede de nuestra empresa. Sin duda, podemos recomendar a PPHU HT_BOX [&hellip;]\" \/>\n<meta property=\"og:url\" content=\"https:\/\/ht-box.com\/es\/referencias\/\" \/>\n<meta property=\"og:site_name\" content=\"HT-BOX\" \/>\n<meta property=\"article:modified_time\" content=\"2025-10-14T07:44:48+00:00\" \/>\n<meta name=\"twitter:card\" content=\"summary_large_image\" \/>\n<meta name=\"twitter:label1\" content=\"Tiempo de lectura\" \/>\n\t<meta name=\"twitter:data1\" content=\"2 minutos\" \/>\n<script type=\"application\/ld+json\" class=\"yoast-schema-graph\">{\"@context\":\"https:\/\/schema.org\",\"@graph\":[{\"@type\":\"WebPage\",\"@id\":\"https:\/\/ht-box.com\/es\/referencias\/\",\"url\":\"https:\/\/ht-box.com\/es\/referencias\/\",\"name\":\"Referencje Naszych Klient\u00f3w | HT-BOX\",\"isPartOf\":{\"@id\":\"https:\/\/ht-box.com\/#website\"},\"datePublished\":\"2018-06-29T13:33:07+00:00\",\"dateModified\":\"2025-10-14T07:44:48+00:00\",\"breadcrumb\":{\"@id\":\"https:\/\/ht-box.com\/es\/referencias\/#breadcrumb\"},\"inLanguage\":\"es\",\"potentialAction\":[{\"@type\":\"ReadAction\",\"target\":[\"https:\/\/ht-box.com\/es\/referencias\/\"]}]},{\"@type\":\"BreadcrumbList\",\"@id\":\"https:\/\/ht-box.com\/es\/referencias\/#breadcrumb\",\"itemListElement\":[{\"@type\":\"ListItem\",\"position\":1,\"name\":\"Home\",\"item\":\"https:\/\/ht-box.com\/es\/\"},{\"@type\":\"ListItem\",\"position\":2,\"name\":\"Referencias &#8211; ES\"}]},{\"@type\":\"WebSite\",\"@id\":\"https:\/\/ht-box.com\/#website\",\"url\":\"https:\/\/ht-box.com\/\",\"name\":\"HT-BOX\",\"description\":\"Ht-box to producent kontener\u00f3w magazynowych do zastosowa\u0144 przemys\u0142owych, przydomowych czy Self Storage.\",\"potentialAction\":[{\"@type\":\"SearchAction\",\"target\":{\"@type\":\"EntryPoint\",\"urlTemplate\":\"https:\/\/ht-box.com\/?s={search_term_string}\"},\"query-input\":{\"@type\":\"PropertyValueSpecification\",\"valueRequired\":true,\"valueName\":\"search_term_string\"}}],\"inLanguage\":\"es\"}]}<\/script>\n<!-- \/ Yoast SEO plugin. -->","yoast_head_json":{"title":"Referencje Naszych Klient\u00f3w | HT-BOX","robots":{"index":"index","follow":"follow","max-snippet":"max-snippet:-1","max-image-preview":"max-image-preview:large","max-video-preview":"max-video-preview:-1"},"canonical":"https:\/\/ht-box.com\/es\/referencias\/","og_locale":"es_ES","og_type":"article","og_title":"Referencje Naszych Klient\u00f3w | HT-BOX","og_description":"ReferenciasLa empresa PPHU HT_BOX Sp\u00f3\u0142ka z o.o. SP.K., productora de contenedores de almacenamiento plegables, nos suministr\u00f3 120 contenedores de almacenamiento 6M y 50 contenedores 6MB en un per\u00edodo de 2 a\u00f1os. El alcance del suministro tambi\u00e9n incluy\u00f3 el montaje de los contenedores en la sede de nuestra empresa. Sin duda, podemos recomendar a PPHU HT_BOX [&hellip;]","og_url":"https:\/\/ht-box.com\/es\/referencias\/","og_site_name":"HT-BOX","article_modified_time":"2025-10-14T07:44:48+00:00","twitter_card":"summary_large_image","twitter_misc":{"Tiempo de lectura":"2 minutos"},"schema":{"@context":"https:\/\/schema.org","@graph":[{"@type":"WebPage","@id":"https:\/\/ht-box.com\/es\/referencias\/","url":"https:\/\/ht-box.com\/es\/referencias\/","name":"Referencje Naszych Klient\u00f3w | HT-BOX","isPartOf":{"@id":"https:\/\/ht-box.com\/#website"},"datePublished":"2018-06-29T13:33:07+00:00","dateModified":"2025-10-14T07:44:48+00:00","breadcrumb":{"@id":"https:\/\/ht-box.com\/es\/referencias\/#breadcrumb"},"inLanguage":"es","potentialAction":[{"@type":"ReadAction","target":["https:\/\/ht-box.com\/es\/referencias\/"]}]},{"@type":"BreadcrumbList","@id":"https:\/\/ht-box.com\/es\/referencias\/#breadcrumb","itemListElement":[{"@type":"ListItem","position":1,"name":"Home","item":"https:\/\/ht-box.com\/es\/"},{"@type":"ListItem","position":2,"name":"Referencias &#8211; ES"}]},{"@type":"WebSite","@id":"https:\/\/ht-box.com\/#website","url":"https:\/\/ht-box.com\/","name":"HT-BOX","description":"Ht-box to producent kontener\u00f3w magazynowych do zastosowa\u0144 przemys\u0142owych, przydomowych czy Self Storage.","potentialAction":[{"@type":"SearchAction","target":{"@type":"EntryPoint","urlTemplate":"https:\/\/ht-box.com\/?s={search_term_string}"},"query-input":{"@type":"PropertyValueSpecification","valueRequired":true,"valueName":"search_term_string"}}],"inLanguage":"es"}]}},"_links":{"self":[{"href":"https:\/\/ht-box.com\/es\/wp-json\/wp\/v2\/pages\/19188","targetHints":{"allow":["GET"]}}],"collection":[{"href":"https:\/\/ht-box.com\/es\/wp-json\/wp\/v2\/pages"}],"about":[{"href":"https:\/\/ht-box.com\/es\/wp-json\/wp\/v2\/types\/page"}],"author":[{"embeddable":true,"href":"https:\/\/ht-box.com\/es\/wp-json\/wp\/v2\/users\/1"}],"replies":[{"embeddable":true,"href":"https:\/\/ht-box.com\/es\/wp-json\/wp\/v2\/comments?post=19188"}],"version-history":[{"count":4,"href":"https:\/\/ht-box.com\/es\/wp-json\/wp\/v2\/pages\/19188\/revisions"}],"predecessor-version":[{"id":19528,"href":"https:\/\/ht-box.com\/es\/wp-json\/wp\/v2\/pages\/19188\/revisions\/19528"}],"wp:attachment":[{"href":"https:\/\/ht-box.com\/es\/wp-json\/wp\/v2\/media?parent=19188"}],"curies":[{"name":"wp","href":"https:\/\/api.w.org\/{rel}","templated":true}]}}