{"id":19307,"date":"2025-05-22T09:11:35","date_gmt":"2025-05-22T09:11:35","guid":{"rendered":"https:\/\/ht-box.com\/customization\/"},"modified":"2025-10-14T19:34:28","modified_gmt":"2025-10-14T19:34:28","slug":"personalizacion","status":"publish","type":"page","link":"https:\/\/ht-box.com\/es\/personalizacion\/","title":{"rendered":"Personalizaci\u00f3n &#8211; ES"},"content":{"rendered":"<p>[et_pb_section fb_built=\u00bb1&#8243; _builder_version=\u00bb4.20.4&#8243; background_color=\u00bb#F5F5F5&#8243; background_image=\u00bbhttps:\/\/ht-box.com\/wp-content\/uploads\/2020\/12\/TLO-HT-BOX-3.png\u00bb background_size=\u00bbcontain\u00bb background_position=\u00bbtop_center\u00bb custom_margin=\u00bb0px||0px||false|false\u00bb custom_padding=\u00bb0px||0px||false|false\u00bb locked=\u00bboff\u00bb global_colors_info=\u00bb{}\u00bb][et_pb_row _builder_version=\u00bb4.20.4&#8243; _module_preset=\u00bbdefault\u00bb width=\u00bb100%\u00bb max_width=\u00bb100%\u00bb custom_margin=\u00bb0px||0px||false|false\u00bb custom_padding=\u00bb70px|10%|0px|10%|false|true\u00bb global_colors_info=\u00bb{}\u00bb][et_pb_column type=\u00bb4_4&#8243; _builder_version=\u00bb4.16&#8243; _module_preset=\u00bbdefault\u00bb global_colors_info=\u00bb{}\u00bb][et_pb_text _builder_version=\u00bb4.27.4&#8243; _module_preset=\u00bbdefault\u00bb header_font=\u00bbWork Sans|800||on|||||\u00bb header_font_size=\u00bb34px\u00bb header_letter_spacing=\u00bb1px\u00bb header_2_font=\u00bbWork Sans||||||||\u00bb header_2_text_color=\u00bb#0C71C3&#8243; hover_enabled=\u00bb0&#8243; global_colors_info=\u00bb{}\u00bb sticky_enabled=\u00bb0&#8243;]<\/p>\n<h1 style=\"text-align: left;\">Personalizaci\u00f3n<\/h1>\n<h2><span class=\"re\">\u00a1Personaliza tu contenedor con nosotros!<\/span><\/h2>\n<p>[\/et_pb_text][\/et_pb_column][\/et_pb_row][et_pb_row column_structure=\u00bb1_3,2_3&#8243; use_custom_gutter=\u00bbon\u00bb make_equal=\u00bbon\u00bb _builder_version=\u00bb4.20.4&#8243; background_enable_color=\u00bboff\u00bb width=\u00bb100%\u00bb max_width=\u00bb100%\u00bb module_alignment=\u00bbcenter\u00bb custom_margin=\u00bb60px||0px||false|false\u00bb custom_padding=\u00bb0px|10%|0px|10%|false|false\u00bb border_color_bottom=\u00bb#ffffff\u00bb global_colors_info=\u00bb{}\u00bb][et_pb_column type=\u00bb1_3&#8243; _builder_version=\u00bb4.20.4&#8243; background_enable_video_mp4=\u00bboff\u00bb custom_padding=\u00bb|||\u00bb global_colors_info=\u00bb{}\u00bb custom_padding__hover=\u00bb|||\u00bb][et_pb_video src=\u00bbhttps:\/\/ht-box.com\/wp-content\/uploads\/2024\/01\/bbb.mp4&#8243; module_id=\u00bbdm-autoplay\u00bb module_class=\u00bbdm-autoplay\u00bb _builder_version=\u00bb4.20.4&#8243; _module_preset=\u00bbdefault\u00bb global_colors_info=\u00bb{}\u00bb][\/et_pb_video][et_pb_image src=\u00bbhttps:\/\/ht-box.com\/wp-content\/uploads\/2024\/01\/HTBOX_ready-10-scaled.jpg\u00bb title_text=\u00bbHTBOX_ready-10&#8243; _builder_version=\u00bb4.20.4&#8243; _module_preset=\u00bbdefault\u00bb custom_padding=\u00bb40px||40px||false|false\u00bb border_width_all=\u00bb4px\u00bb border_color_all=\u00bb#ebebeb\u00bb global_colors_info=\u00bb{}\u00bb][\/et_pb_image][\/et_pb_column][et_pb_column type=\u00bb2_3&#8243; _builder_version=\u00bb4.16&#8243; custom_padding=\u00bb|||\u00bb global_colors_info=\u00bb{}\u00bb custom_padding__hover=\u00bb|||\u00bb][et_pb_text _builder_version=\u00bb4.27.4&#8243; text_font=\u00bbWork Sans||||||||\u00bb text_text_color=\u00bb#434342&#8243; text_font_size=\u00bb16px\u00bb text_line_height=\u00bb1.5em\u00bb link_text_color=\u00bb#0C71C3&#8243; header_text_color=\u00bb#434342&#8243; header_2_font=\u00bbWork Sans|700|||||||\u00bb header_2_text_align=\u00bbleft\u00bb header_2_text_color=\u00bb#434342&#8243; header_2_font_size=\u00bb30px\u00bb header_3_font=\u00bbWork Sans|700|||||||\u00bb header_3_text_color=\u00bb#434342&#8243; header_3_letter_spacing=\u00bb1px\u00bb header_3_line_height=\u00bb1.4em\u00bb text_orientation=\u00bbjustified\u00bb background_layout=\u00bbdark\u00bb custom_padding=\u00bb0px||0px||false|false\u00bb hover_enabled=\u00bb0&#8243; global_colors_info=\u00bb{}\u00bb sticky_enabled=\u00bb0&#8243;]<\/p>\n<h2 style=\"text-align: left;\">\u00a1Hazte notar!<br \/>Elige el color de tu puerta y destaca entre la competencia.<\/h2>\n<p style=\"text-align: left;\">Bienvenido a nuestro exclusivo servicio de personalizaci\u00f3n, donde USTED decide c\u00f3mo debe ser su caja perfecta. Con una amplia gama de colores RAL y la posibilidad de personalizar cada uno de los componentes, crearemos un contenedor que satisfaga todas sus expectativas.<\/p>\n<p>[\/et_pb_text][baie_before_after_image src_before=\u00bbhttps:\/\/ht-box.com\/wp-content\/uploads\/2024\/01\/ddd-scaled.jpg\u00bb label_before=\u00bbRAL 5010&#8243; src_after=\u00bbhttps:\/\/ht-box.com\/wp-content\/uploads\/2024\/01\/20230404_134506-scaled.jpg\u00bb label_after=\u00bbRAL 1023&#8243; title_text=\u00bb20230404_134506&#8243; align=\u00bbcenter\u00bb force_fullwidth=\u00bbon\u00bb _builder_version=\u00bb4.20.4&#8243; _module_preset=\u00bbdefault\u00bb background_color=\u00bbRGBA(255,255,255,0)\u00bb width=\u00bb100%\u00bb global_colors_info=\u00bb{}\u00bb][\/baie_before_after_image][et_pb_text _builder_version=\u00bb4.20.4&#8243; text_font=\u00bbWork Sans||||||||\u00bb text_text_color=\u00bb#434342&#8243; text_font_size=\u00bb16px\u00bb text_line_height=\u00bb1.5em\u00bb link_text_color=\u00bb#0C71C3&#8243; header_text_color=\u00bb#434342&#8243; header_2_font=\u00bbWork Sans|700|||||||\u00bb header_2_text_align=\u00bbleft\u00bb header_2_text_color=\u00bb#434342&#8243; header_2_font_size=\u00bb30px\u00bb header_3_font=\u00bbWork Sans|700|||||||\u00bb header_3_text_color=\u00bb#434342&#8243; header_3_letter_spacing=\u00bb1px\u00bb header_3_line_height=\u00bb1.4em\u00bb text_orientation=\u00bbjustified\u00bb background_layout=\u00bbdark\u00bb custom_padding=\u00bb0px||0px||false|false\u00bb global_colors_info=\u00bb{}\u00bb]<\/p>\n<h2>Color of your Door<\/h2>\n<p>Doors are the signature of any container. Choose the color that best reflects the character of your business or meets your aesthetic preferences. You&#8217;ll find a rich variety of shades in the RAL palette to create a door that perfectly matches the rest of your container.<br \/>Get noticed. Choose a door color and stand out from the competition.<\/p>\n<p>[\/et_pb_text][et_pb_text _builder_version=\u00bb4.27.4&#8243; text_font=\u00bbWork Sans||||||||\u00bb text_text_color=\u00bb#434342&#8243; text_font_size=\u00bb16px\u00bb text_line_height=\u00bb1.5em\u00bb link_text_color=\u00bb#0C71C3&#8243; header_text_color=\u00bb#434342&#8243; header_2_font=\u00bbWork Sans|700|||||||\u00bb header_2_text_align=\u00bbleft\u00bb header_2_text_color=\u00bb#434342&#8243; header_2_font_size=\u00bb30px\u00bb header_3_font=\u00bbWork Sans|700|||||||\u00bb header_3_text_color=\u00bb#434342&#8243; header_3_letter_spacing=\u00bb1px\u00bb header_3_line_height=\u00bb1.4em\u00bb text_orientation=\u00bbjustified\u00bb background_layout=\u00bbdark\u00bb custom_padding=\u00bb20px||0px||false|false\u00bb hover_enabled=\u00bb0&#8243; global_colors_info=\u00bb{}\u00bb sticky_enabled=\u00bb0&#8243;]<\/p>\n<h2>Color de la l\u00e1mina lateral<\/h2>\n<p>La l\u00e1mina lateral es el espacio donde puede expresar su creatividad. Ofrecemos dos opciones de textura para la l\u00e1mina lateral: corrugada y lisa. Elija la textura que mejor se adapte a sus expectativas y, a continuaci\u00f3n, seleccione un color de la paleta RAL para crear un espacio \u00fanico y funcional.<\/p>\n<p>\u00a1Que su negocio brille con colorida positividad!<\/p>\n<h3>Opciones adicionales de personalizaci\u00f3n:<\/h3>\n<p><strong>1. Color de las esquinas de la caja<\/strong>: <br \/>Empieza por elegir el color de las esquinas del contenedor, a\u00f1adiendo un toque personalizado a toda la estructura. Ofrecemos una paleta de colores RAL para que puedas personalizar el color de las esquinas seg\u00fan tus gustos y estilo.<\/p>\n<p><strong>2. Tu logotipo en la puerta corredera:<\/strong> <br \/>\u00bfQuieres destacar a\u00fan m\u00e1s? Podemos grabar el logotipo de tu empresa en la puerta corredera del contenedor, a\u00f1adiendo un toque personalizado a tu espacio y potenciando tu marca.<\/p>\n<p>[\/et_pb_text][\/et_pb_column][\/et_pb_row][et_pb_row column_structure=\u00bb1_2,1_2&#8243; use_custom_gutter=\u00bbon\u00bb make_equal=\u00bbon\u00bb _builder_version=\u00bb4.20.4&#8243; background_enable_color=\u00bboff\u00bb width=\u00bb100%\u00bb max_width=\u00bb100%\u00bb module_alignment=\u00bbcenter\u00bb custom_margin=\u00bb60px||70px||false|false\u00bb custom_padding=\u00bb0px|10%|0px|10%|false|false\u00bb border_color_bottom=\u00bb#ffffff\u00bb global_colors_info=\u00bb{}\u00bb][et_pb_column type=\u00bb1_2&#8243; _builder_version=\u00bb4.20.4&#8243; background_enable_video_mp4=\u00bboff\u00bb custom_padding=\u00bb|||\u00bb global_colors_info=\u00bb{}\u00bb custom_padding__hover=\u00bb|||\u00bb][et_pb_image src=\u00bbhttps:\/\/ht-box.com\/wp-content\/uploads\/2024\/01\/HT-BOX_COM-Personalizacja-Boxow-Narozniki.png\u00bb title_text=\u00bbHT-BOX_COM &#8211; Personalizacja Box\u00f3w &#8211; Naro\u017cniki\u00bb _builder_version=\u00bb4.20.4&#8243; _module_preset=\u00bbdefault\u00bb global_colors_info=\u00bb{}\u00bb][\/et_pb_image][\/et_pb_column][et_pb_column type=\u00bb1_2&#8243; _builder_version=\u00bb4.20.4&#8243; background_enable_video_mp4=\u00bboff\u00bb custom_padding=\u00bb|||\u00bb global_colors_info=\u00bb{}\u00bb custom_padding__hover=\u00bb|||\u00bb][et_pb_text _builder_version=\u00bb4.27.4&#8243; text_font=\u00bbWork Sans||||||||\u00bb text_text_color=\u00bb#434342&#8243; text_font_size=\u00bb16px\u00bb text_line_height=\u00bb1.5em\u00bb link_text_color=\u00bb#0C71C3&#8243; header_text_color=\u00bb#434342&#8243; header_2_font=\u00bbWork Sans|700|||||||\u00bb header_2_text_align=\u00bbleft\u00bb header_2_text_color=\u00bb#434342&#8243; header_2_font_size=\u00bb30px\u00bb header_3_font=\u00bbWork Sans|700|||||||\u00bb header_3_text_color=\u00bb#434342&#8243; header_3_letter_spacing=\u00bb1px\u00bb header_3_line_height=\u00bb1.4em\u00bb text_orientation=\u00bbjustified\u00bb background_layout=\u00bbdark\u00bb custom_padding=\u00bb0px||0px||false|false\u00bb hover_enabled=\u00bb0&#8243; global_colors_info=\u00bb{}\u00bb sticky_enabled=\u00bb0&#8243;]<\/p>\n<h2>Color de las esquinas de la caja<\/h2>\n<p>Empiece por elegir el color de las esquinas del contenedor, a\u00f1adiendo un toque personalizado a toda la estructura. Ofrecemos una paleta de colores RAL para que pueda personalizar el color de las esquinas seg\u00fan sus gustos y estilo.<\/p>\n<p>[\/et_pb_text][\/et_pb_column][\/et_pb_row][et_pb_row column_structure=\u00bb1_2,1_2&#8243; _builder_version=\u00bb4.20.4&#8243; _module_preset=\u00bbdefault\u00bb background_color=\u00bb#FFFFFF\u00bb width=\u00bb100%\u00bb max_width=\u00bb100%\u00bb custom_margin=\u00bb0px||0px||false|false\u00bb custom_padding=\u00bb70px|9%|70px|9%|true|true\u00bb global_colors_info=\u00bb{}\u00bb][et_pb_column type=\u00bb1_2&#8243; _builder_version=\u00bb4.19.4&#8243; _module_preset=\u00bbdefault\u00bb global_colors_info=\u00bb{}\u00bb][et_pb_text ul_item_indent=\u00bb36px\u00bb _builder_version=\u00bb4.27.4&#8243; text_font=\u00bbWork Sans||||||||\u00bb text_text_color=\u00bb#434342&#8243; text_font_size=\u00bb16px\u00bb text_line_height=\u00bb1.3em\u00bb link_text_color=\u00bb#0C71C3&#8243; header_text_color=\u00bb#434342&#8243; header_2_font=\u00bb|700|||||||\u00bb header_2_text_color=\u00bb#434342&#8243; header_2_font_size=\u00bb30px\u00bb header_3_text_color=\u00bb#434342&#8243; header_3_line_height=\u00bb1.4em\u00bb background_layout=\u00bbdark\u00bb custom_margin=\u00bb65px||||false|false\u00bb custom_padding=\u00bb0px||0px||false|false\u00bb hover_enabled=\u00bb0&#8243; global_colors_info=\u00bb{}\u00bb sticky_enabled=\u00bb0&#8243;]<\/p>\n<h3>\u00bfC\u00f3mo empiezo?<\/h3>\n<ul><\/ul>\n<ol>\n<li>Elija el modelo de su contenedor: p\u00f3ngase en contacto con nosotros y elija uno o varios de nuestros contenedores que se adapten a sus necesidades.<\/li>\n<li>Personalice los colores y los elementos: elija los colores de las esquinas, las puertas, el tipo y el color de la l\u00e1mina lateral. Decida si desea poner su logotipo en la puerta corredera.<\/li>\n<li>Admire el efecto: vea c\u00f3mo sus preferencias de color y la personalizaci\u00f3n adicional transforman una caja est\u00e1ndar en una pieza \u00fanica adaptada a sus expectativas.<\/li>\n<\/ol>\n<p>[\/et_pb_text][\/et_pb_column][et_pb_column type=\u00bb1_2&#8243; _builder_version=\u00bb4.19.4&#8243; _module_preset=\u00bbdefault\u00bb global_colors_info=\u00bb{}\u00bb][dnhot_tooltip tooltip_image=\u00bbhttps:\/\/ht-box.com\/wp-content\/uploads\/2024\/01\/HT-BOX_COM-KONTENER-M-blue.png\u00bb hotspot_bg=\u00bb#E02B20&#8243; hotspot_wave_color=\u00bb#FFFFFF\u00bb _builder_version=\u00bb4.27.4&#8243; _module_preset=\u00bbdefault\u00bb tooltip_text_font=\u00bbWork Sans||||||||\u00bb tooltip_text_text_color=\u00bb#000000&#8243; custom_padding=\u00bb||||false|false\u00bb border_color_all_tooltip_text=\u00bbRGBA(255,255,255,0)\u00bb global_colors_info=\u00bb{}\u00bb][dnhot_tooltip_child admin_label_text=\u00bbNaro\u017ca\u00bb tooltip_hotspot_icon=\u00bb&#x5b;||divi||400&#8243; tooltip_bg=\u00bbrgba(255,255,255,0.9)\u00bb tooltip_position=\u00bbleft\u00bb tooltip_text=\u00bbNaro\u017ca\u00bb tooltip_content=\u00bb<\/p>\n<p>Wybierz dostepny kolor z naszej palety RAL. Naro\u017ca pe\u0142ni\u0105 funkcje konstrukcyj\u0105, ale moga te\u017c fajnie pasowac kolorem do Twojej marki.<\/p>\n<p>\u00bb hotspot_horizontal=\u00bb59.5%\u00bb hotspot_vertical=\u00bb3.5%\u00bb hotspot_bg=\u00bbrgba(255,255,255,0.41)\u00bb hotspot_wave_color=\u00bbrgba(255,255,255,0.19)\u00bb hotspot_icon_color=\u00bb#F31E26&#8243; hotspot_icon_size=\u00bb65px\u00bb _builder_version=\u00bb4.27.4&#8243; _module_preset=\u00bbdefault\u00bb hotspot_text_font=\u00bbWork Sans|700||on|||||\u00bb hotspot_text_text_color=\u00bb#000000&#8243; hotspot_text_font_size=\u00bb30px\u00bb tooltip_text_font=\u00bbWork Sans|600|||||||\u00bb border_width_all_tooltip_img=\u00bb3px\u00bb border_color_all_tooltip_img=\u00bb#FFFFFF\u00bb global_colors_info=\u00bb{}\u00bb][\/dnhot_tooltip_child][dnhot_tooltip_child admin_label_text=\u00bbZasuwa\u00bb tooltip_hotspot_icon=\u00bb&#x5b;||divi||400&#8243; tooltip_bg=\u00bbrgba(255,255,255,0.9)\u00bb tooltip_position=\u00bbright\u00bb tooltip_text=\u00bbZasuwa\u00bb tooltip_content=\u00bb<\/p>\n<p>Na speclane zamowienie mo\u017cemy sperosonalizowa\u0107 zasuwy, wycinaj\u0105\u0107 w niej twoje logo.<\/p>\n<p>\u00bb hotspot_horizontal=\u00bb14.8%\u00bb hotspot_vertical=\u00bb44.2%\u00bb hotspot_bg=\u00bbrgba(255,255,255,0.41)\u00bb hotspot_wave_color=\u00bbrgba(255,255,255,0.19)\u00bb hotspot_icon_color=\u00bb#F31E26&#8243; hotspot_icon_size=\u00bb65px\u00bb _builder_version=\u00bb4.20.4&#8243; _module_preset=\u00bbdefault\u00bb hotspot_text_font=\u00bbWork Sans|700||on|||||\u00bb hotspot_text_text_color=\u00bb#000000&#8243; hotspot_text_font_size=\u00bb30px\u00bb tooltip_text_font=\u00bbWork Sans|600|||||||\u00bb border_width_all_tooltip_img=\u00bb3px\u00bb border_color_all_tooltip_img=\u00bb#FFFFFF\u00bb global_colors_info=\u00bb{}\u00bb][\/dnhot_tooltip_child][dnhot_tooltip_child admin_label_text=\u00bbDrzwi\u00bb tooltip_hotspot_icon=\u00bb&#x5b;||divi||400&#8243; tooltip_bg=\u00bbrgba(255,255,255,0.9)\u00bb tooltip_position=\u00bbright\u00bb tooltip_text=\u00bbDrzwi\u00bb tooltip_content=\u00bb<\/p>\n<p>Wybierz kolor drzwi z naszej dost\u0119pnej palety RAL<\/p>\n<p>\u00bb hotspot_horizontal=\u00bb4.5%\u00bb hotspot_vertical=\u00bb22.5%\u00bb hotspot_bg=\u00bbrgba(255,255,255,0.41)\u00bb hotspot_wave_color=\u00bbrgba(255,255,255,0.19)\u00bb hotspot_icon_color=\u00bb#F31E26&#8243; hotspot_icon_size=\u00bb65px\u00bb _builder_version=\u00bb4.20.4&#8243; _module_preset=\u00bbdefault\u00bb hotspot_text_font=\u00bbWork Sans|700||on|||||\u00bb hotspot_text_text_color=\u00bb#000000&#8243; hotspot_text_font_size=\u00bb30px\u00bb tooltip_text_font=\u00bbWork Sans|600|||||||\u00bb border_width_all_tooltip_img=\u00bb3px\u00bb border_color_all_tooltip_img=\u00bb#FFFFFF\u00bb global_colors_info=\u00bb{}\u00bb][\/dnhot_tooltip_child][dnhot_tooltip_child admin_label_text=\u00bbBlacha boczna\u00bb tooltip_hotspot_icon=\u00bb&#x5b;||divi||400&#8243; tooltip_bg=\u00bbrgba(255,255,255,0.9)\u00bb tooltip_position=\u00bbright\u00bb tooltip_text=\u00bbBoczna \u015bciana\u00bb tooltip_content=\u00bb<\/p>\n<p>Mo\u017cesz wybra\u0107 rodzaj blachy oraz jej kolor.<\/p>\n<p>\u00bb hotspot_horizontal=\u00bb67.5%\u00bb hotspot_vertical=\u00bb37.5%\u00bb hotspot_bg=\u00bbrgba(255,255,255,0.41)\u00bb hotspot_wave_color=\u00bbrgba(255,255,255,0.19)\u00bb hotspot_icon_color=\u00bb#F31E26&#8243; hotspot_icon_size=\u00bb65px\u00bb _builder_version=\u00bb4.20.4&#8243; _module_preset=\u00bbdefault\u00bb hotspot_text_font=\u00bbWork Sans|700||on|||||\u00bb hotspot_text_text_color=\u00bb#000000&#8243; hotspot_text_font_size=\u00bb30px\u00bb tooltip_text_font=\u00bbWork Sans|600|||||||\u00bb border_width_all_tooltip_img=\u00bb3px\u00bb border_color_all_tooltip_img=\u00bb#FFFFFF\u00bb global_colors_info=\u00bb{}\u00bb][\/dnhot_tooltip_child][\/dnhot_tooltip][\/et_pb_column][\/et_pb_row][et_pb_row _builder_version=\u00bb4.20.4&#8243; _module_preset=\u00bbdefault\u00bb width=\u00bb83%\u00bb max_width=\u00bb100%\u00bb custom_padding=\u00bb||80px||false|false\u00bb global_colors_info=\u00bb{}\u00bb][et_pb_column type=\u00bb4_4&#8243; _builder_version=\u00bb4.20.4&#8243; _module_preset=\u00bbdefault\u00bb global_colors_info=\u00bb{}\u00bb][et_pb_text _builder_version=\u00bb4.27.4&#8243; _module_preset=\u00bbdefault\u00bb text_font=\u00bbWork Sans||||||||\u00bb text_font_size=\u00bb16px\u00bb header_2_font=\u00bbWork Sans|600|||||||\u00bb header_2_font_size=\u00bb30px\u00bb header_3_font=\u00bbWork Sans||||||||\u00bb custom_margin=\u00bb0px||0px||true|false\u00bb custom_padding=\u00bb0px||0px||true|false\u00bb hover_enabled=\u00bb0&#8243; global_colors_info=\u00bb{}\u00bb sticky_enabled=\u00bb0&#8243;]<\/p>\n<div class=\"flex flex-grow flex-col max-w-full\">\n<div data-message-author-role=\"assistant\" data-message-id=\"9cace3a5-43fb-460b-b3b9-ae3889a6c98b\" class=\"min-h-[20px] text-message flex flex-col items-start gap-3 whitespace-pre-wrap break-words [.text-message+&amp;]:mt-5 overflow-x-auto\">\n<div class=\"markdown prose w-full break-words dark:prose-invert dark\">\n<h2>Cont\u00e1ctenos<\/h2>\n<p>Dele un toque \u00fanico a su espacio comercial, almac\u00e9n o proyecto especial con nuestro servicio de personalizaci\u00f3n de contenedores.<br \/>Cont\u00e1ctenos hoy mismo y le ayudaremos a crear un contenedor que no solo satisfaga, sino que supere sus expectativas.<\/p>\n<\/div>\n<\/div>\n<\/div>\n<p>[\/et_pb_text][et_pb_button button_url=\u00bb@ET-DC@eyJkeW5hbWljIjp0cnVlLCJjb250ZW50IjoicG9zdF9saW5rX3VybF9wYWdlIiwic2V0dGluZ3MiOnsicG9zdF9pZCI6IjE3In19@\u00bb button_text=\u00bbCont\u00e1ctenos\u00bb _builder_version=\u00bb4.27.4&#8243; _dynamic_attributes=\u00bbbutton_url\u00bb _module_preset=\u00bbdefault\u00bb custom_button=\u00bbon\u00bb button_text_size=\u00bb20px\u00bb custom_margin=\u00bb50px||||false|false\u00bb hover_enabled=\u00bb0&#8243; global_colors_info=\u00bb{}\u00bb sticky_enabled=\u00bb0&#8243;][\/et_pb_button][\/et_pb_column][\/et_pb_row][\/et_pb_section]<\/p>\n","protected":false},"excerpt":{"rendered":"<p>Personalizaci\u00f3n \u00a1Personaliza tu contenedor con nosotros!\u00a1Hazte notar!Elige el color de tu puerta y destaca entre la competencia. Bienvenido a nuestro exclusivo servicio de personalizaci\u00f3n, donde USTED decide c\u00f3mo debe ser su caja perfecta. Con una amplia gama de colores RAL y la posibilidad de personalizar cada uno de los componentes, crearemos un contenedor que satisfaga [&hellip;]<\/p>\n","protected":false},"author":6,"featured_media":0,"parent":0,"menu_order":0,"comment_status":"closed","ping_status":"closed","template":"","meta":{"_et_pb_use_builder":"on","_et_pb_old_content":"","_et_gb_content_width":"","footnotes":""},"class_list":["post-19307","page","type-page","status-publish","hentry"],"yoast_head":"<!-- This site is optimized with the Yoast SEO plugin v25.1 - https:\/\/yoast.com\/wordpress\/plugins\/seo\/ -->\n<title>Personalizaci\u00f3n - ES | HT-BOX<\/title>\n<meta name=\"robots\" content=\"index, follow, max-snippet:-1, max-image-preview:large, max-video-preview:-1\" \/>\n<link rel=\"canonical\" href=\"https:\/\/ht-box.com\/es\/personalizacion\/\" \/>\n<meta property=\"og:locale\" content=\"es_ES\" \/>\n<meta property=\"og:type\" content=\"article\" \/>\n<meta property=\"og:title\" content=\"Personalizaci\u00f3n - ES | HT-BOX\" \/>\n<meta property=\"og:description\" content=\"Personalizaci\u00f3n \u00a1Personaliza tu contenedor con nosotros!\u00a1Hazte notar!Elige el color de tu puerta y destaca entre la competencia. Bienvenido a nuestro exclusivo servicio de personalizaci\u00f3n, donde USTED decide c\u00f3mo debe ser su caja perfecta. Con una amplia gama de colores RAL y la posibilidad de personalizar cada uno de los componentes, crearemos un contenedor que satisfaga [&hellip;]\" \/>\n<meta property=\"og:url\" content=\"https:\/\/ht-box.com\/es\/personalizacion\/\" \/>\n<meta property=\"og:site_name\" content=\"HT-BOX\" \/>\n<meta property=\"article:modified_time\" content=\"2025-10-14T19:34:28+00:00\" \/>\n<meta name=\"twitter:card\" content=\"summary_large_image\" \/>\n<meta name=\"twitter:label1\" content=\"Tiempo de lectura\" \/>\n\t<meta name=\"twitter:data1\" content=\"10 minutos\" \/>\n<script type=\"application\/ld+json\" class=\"yoast-schema-graph\">{\"@context\":\"https:\/\/schema.org\",\"@graph\":[{\"@type\":\"WebPage\",\"@id\":\"https:\/\/ht-box.com\/es\/personalizacion\/\",\"url\":\"https:\/\/ht-box.com\/es\/personalizacion\/\",\"name\":\"Personalizaci\u00f3n - ES | HT-BOX\",\"isPartOf\":{\"@id\":\"https:\/\/ht-box.com\/#website\"},\"datePublished\":\"2025-05-22T09:11:35+00:00\",\"dateModified\":\"2025-10-14T19:34:28+00:00\",\"breadcrumb\":{\"@id\":\"https:\/\/ht-box.com\/es\/personalizacion\/#breadcrumb\"},\"inLanguage\":\"es\",\"potentialAction\":[{\"@type\":\"ReadAction\",\"target\":[\"https:\/\/ht-box.com\/es\/personalizacion\/\"]}]},{\"@type\":\"BreadcrumbList\",\"@id\":\"https:\/\/ht-box.com\/es\/personalizacion\/#breadcrumb\",\"itemListElement\":[{\"@type\":\"ListItem\",\"position\":1,\"name\":\"Home\",\"item\":\"https:\/\/ht-box.com\/es\/\"},{\"@type\":\"ListItem\",\"position\":2,\"name\":\"Personalizaci\u00f3n &#8211; ES\"}]},{\"@type\":\"WebSite\",\"@id\":\"https:\/\/ht-box.com\/#website\",\"url\":\"https:\/\/ht-box.com\/\",\"name\":\"HT-BOX\",\"description\":\"Ht-box to producent kontener\u00f3w magazynowych do zastosowa\u0144 przemys\u0142owych, przydomowych czy Self Storage.\",\"potentialAction\":[{\"@type\":\"SearchAction\",\"target\":{\"@type\":\"EntryPoint\",\"urlTemplate\":\"https:\/\/ht-box.com\/?s={search_term_string}\"},\"query-input\":{\"@type\":\"PropertyValueSpecification\",\"valueRequired\":true,\"valueName\":\"search_term_string\"}}],\"inLanguage\":\"es\"}]}<\/script>\n<!-- \/ Yoast SEO plugin. -->","yoast_head_json":{"title":"Personalizaci\u00f3n - ES | HT-BOX","robots":{"index":"index","follow":"follow","max-snippet":"max-snippet:-1","max-image-preview":"max-image-preview:large","max-video-preview":"max-video-preview:-1"},"canonical":"https:\/\/ht-box.com\/es\/personalizacion\/","og_locale":"es_ES","og_type":"article","og_title":"Personalizaci\u00f3n - ES | HT-BOX","og_description":"Personalizaci\u00f3n \u00a1Personaliza tu contenedor con nosotros!\u00a1Hazte notar!Elige el color de tu puerta y destaca entre la competencia. Bienvenido a nuestro exclusivo servicio de personalizaci\u00f3n, donde USTED decide c\u00f3mo debe ser su caja perfecta. Con una amplia gama de colores RAL y la posibilidad de personalizar cada uno de los componentes, crearemos un contenedor que satisfaga [&hellip;]","og_url":"https:\/\/ht-box.com\/es\/personalizacion\/","og_site_name":"HT-BOX","article_modified_time":"2025-10-14T19:34:28+00:00","twitter_card":"summary_large_image","twitter_misc":{"Tiempo de lectura":"10 minutos"},"schema":{"@context":"https:\/\/schema.org","@graph":[{"@type":"WebPage","@id":"https:\/\/ht-box.com\/es\/personalizacion\/","url":"https:\/\/ht-box.com\/es\/personalizacion\/","name":"Personalizaci\u00f3n - ES | HT-BOX","isPartOf":{"@id":"https:\/\/ht-box.com\/#website"},"datePublished":"2025-05-22T09:11:35+00:00","dateModified":"2025-10-14T19:34:28+00:00","breadcrumb":{"@id":"https:\/\/ht-box.com\/es\/personalizacion\/#breadcrumb"},"inLanguage":"es","potentialAction":[{"@type":"ReadAction","target":["https:\/\/ht-box.com\/es\/personalizacion\/"]}]},{"@type":"BreadcrumbList","@id":"https:\/\/ht-box.com\/es\/personalizacion\/#breadcrumb","itemListElement":[{"@type":"ListItem","position":1,"name":"Home","item":"https:\/\/ht-box.com\/es\/"},{"@type":"ListItem","position":2,"name":"Personalizaci\u00f3n &#8211; ES"}]},{"@type":"WebSite","@id":"https:\/\/ht-box.com\/#website","url":"https:\/\/ht-box.com\/","name":"HT-BOX","description":"Ht-box to producent kontener\u00f3w magazynowych do zastosowa\u0144 przemys\u0142owych, przydomowych czy Self Storage.","potentialAction":[{"@type":"SearchAction","target":{"@type":"EntryPoint","urlTemplate":"https:\/\/ht-box.com\/?s={search_term_string}"},"query-input":{"@type":"PropertyValueSpecification","valueRequired":true,"valueName":"search_term_string"}}],"inLanguage":"es"}]}},"_links":{"self":[{"href":"https:\/\/ht-box.com\/es\/wp-json\/wp\/v2\/pages\/19307","targetHints":{"allow":["GET"]}}],"collection":[{"href":"https:\/\/ht-box.com\/es\/wp-json\/wp\/v2\/pages"}],"about":[{"href":"https:\/\/ht-box.com\/es\/wp-json\/wp\/v2\/types\/page"}],"author":[{"embeddable":true,"href":"https:\/\/ht-box.com\/es\/wp-json\/wp\/v2\/users\/6"}],"replies":[{"embeddable":true,"href":"https:\/\/ht-box.com\/es\/wp-json\/wp\/v2\/comments?post=19307"}],"version-history":[{"count":3,"href":"https:\/\/ht-box.com\/es\/wp-json\/wp\/v2\/pages\/19307\/revisions"}],"predecessor-version":[{"id":19929,"href":"https:\/\/ht-box.com\/es\/wp-json\/wp\/v2\/pages\/19307\/revisions\/19929"}],"wp:attachment":[{"href":"https:\/\/ht-box.com\/es\/wp-json\/wp\/v2\/media?parent=19307"}],"curies":[{"name":"wp","href":"https:\/\/api.w.org\/{rel}","templated":true}]}}