{"id":19318,"date":"2025-05-22T07:07:06","date_gmt":"2025-05-22T07:07:06","guid":{"rendered":"https:\/\/ht-box.com\/success-of-our-clients\/"},"modified":"2025-10-14T19:38:47","modified_gmt":"2025-10-14T19:38:47","slug":"exitos-de-nuestros-clientes","status":"publish","type":"page","link":"https:\/\/ht-box.com\/es\/exitos-de-nuestros-clientes\/","title":{"rendered":"\u00c9xitos de Nuestros Clientes &#8211; ES"},"content":{"rendered":"<p>[et_pb_section fb_built=\u00bb1&#8243; _builder_version=\u00bb4.25.2&#8243; background_enable_color=\u00bboff\u00bb background_enable_image=\u00bboff\u00bb background_size=\u00bbcontain\u00bb background_position=\u00bbtop_center\u00bb custom_margin=\u00bb0px||0px||false|false\u00bb custom_padding=\u00bb0px||0px||false|false\u00bb locked=\u00bboff\u00bb global_colors_info=\u00bb{}\u00bb][et_pb_row _builder_version=\u00bb4.20.4&#8243; _module_preset=\u00bbdefault\u00bb width=\u00bb100%\u00bb max_width=\u00bb100%\u00bb custom_margin=\u00bb0px||0px||false|false\u00bb custom_padding=\u00bb70px|10%|0px|10%|false|true\u00bb global_colors_info=\u00bb{}\u00bb][et_pb_column type=\u00bb4_4&#8243; _builder_version=\u00bb4.16&#8243; _module_preset=\u00bbdefault\u00bb global_colors_info=\u00bb{}\u00bb][et_pb_text _builder_version=\u00bb4.27.4&#8243; _module_preset=\u00bbdefault\u00bb header_font=\u00bbWork Sans|800||on|||||\u00bb header_font_size=\u00bb34px\u00bb header_letter_spacing=\u00bb1px\u00bb header_2_font=\u00bbWork Sans||||||||\u00bb header_2_text_color=\u00bb#0C71C3&#8243; hover_enabled=\u00bb0&#8243; global_colors_info=\u00bb{}\u00bb sticky_enabled=\u00bb0&#8243;]<\/p>\n<h1 style=\"text-align: left;\">Los \u00e9xitos de nuestros clientes<\/h1>\n<h2><span class=\"re\">SuperBox<br \/><\/span><\/h2>\n<p>[\/et_pb_text][\/et_pb_column][\/et_pb_row][et_pb_row column_structure=\u00bb1_3,2_3&#8243; use_custom_gutter=\u00bbon\u00bb make_equal=\u00bbon\u00bb _builder_version=\u00bb4.25.2&#8243; background_enable_color=\u00bboff\u00bb use_background_color_gradient=\u00bbon\u00bb background_color_gradient_stops=\u00bb#f5f5f5 0%|#ffffff 100%\u00bb width=\u00bb100%\u00bb max_width=\u00bb100%\u00bb module_alignment=\u00bbcenter\u00bb custom_margin=\u00bb60px||0px||false|false\u00bb custom_padding=\u00bb0px|10%|0px|10%|false|false\u00bb border_color_bottom=\u00bb#ffffff\u00bb global_colors_info=\u00bb{}\u00bb][et_pb_column type=\u00bb1_3&#8243; _builder_version=\u00bb4.20.4&#8243; background_enable_video_mp4=\u00bboff\u00bb custom_padding=\u00bb|||\u00bb global_colors_info=\u00bb{}\u00bb custom_padding__hover=\u00bb|||\u00bb][et_pb_image src=\u00bbhttps:\/\/ht-box.com\/wp-content\/uploads\/2024\/12\/LOGO-1-SUPERBOX-nowy-tagline.jpg\u00bb title_text=\u00bbLOGO 1 SUPERBOX nowy tagline\u00bb _builder_version=\u00bb4.25.2&#8243; _module_preset=\u00bbdefault\u00bb border_width_all=\u00bb5px\u00bb border_color_all=\u00bb#F5F5F5&#8243; global_colors_info=\u00bb{}\u00bb][\/et_pb_image][et_pb_image src=\u00bbhttps:\/\/ht-box.com\/wp-content\/uploads\/2025\/01\/SuperBox_Sukces-03.webp\u00bb title_text=\u00bbSuperBox_Sukces-03&#8243; _builder_version=\u00bb4.25.2&#8243; _module_preset=\u00bbdefault\u00bb global_colors_info=\u00bb{}\u00bb][\/et_pb_image][\/et_pb_column][et_pb_column type=\u00bb2_3&#8243; _builder_version=\u00bb4.16&#8243; custom_padding=\u00bb|||\u00bb global_colors_info=\u00bb{}\u00bb custom_padding__hover=\u00bb|||\u00bb][et_pb_text _builder_version=\u00bb4.27.4&#8243; text_font=\u00bbWork Sans||||||||\u00bb text_text_color=\u00bb#434342&#8243; text_font_size=\u00bb18px\u00bb link_text_color=\u00bb#0C71C3&#8243; header_text_color=\u00bb#434342&#8243; header_2_font=\u00bbWork Sans|700|||||||\u00bb header_2_text_color=\u00bb#434342&#8243; header_2_font_size=\u00bb24px\u00bb header_3_text_color=\u00bb#434342&#8243; header_3_line_height=\u00bb1.4em\u00bb text_orientation=\u00bbjustified\u00bb background_layout=\u00bbdark\u00bb custom_padding=\u00bb50px||0px||false|false\u00bb global_colors_info=\u00bb{}\u00bb hover_enabled=\u00bb0&#8243; sticky_enabled=\u00bb0&#8243;]<\/p>\n<p>Junto con nuestros clientes, estamos estableciendo nuevos est\u00e1ndares en el sector del almacenamiento personal, ofreciendo soluciones avanzadas y totalmente automatizadas al mercado polaco. Nuestro innovador sistema permite servicios de almacenamiento r\u00e1pidos, c\u00f3modos y seguros las 24 horas del d\u00eda, los 7 d\u00edas de la semana.<\/p>\n<p>Al combinar un programa de gesti\u00f3n avanzado con un sofisticado sistema de control de acceso basado en cerraduras electr\u00f3nicas, ofrecemos soluciones que ahorran tiempo, reducen costes y garantizan la total seguridad de los bienes almacenados.<\/p>\n<p>La empresa Superbox, situada en Z\u0105bki, cerca de Varsovia, confi\u00f3 en nosotros y, gracias a nuestro trabajo conjunto y nuestro compromiso, se cre\u00f3 otro almac\u00e9n de self storage en una versi\u00f3n completamente aut\u00f3noma. La Sra. Malgosia, directora general de la empresa, elogia las funciones clave del sistema, tales como:<\/p>\n<p>[\/et_pb_text][et_pb_text _builder_version=\u00bb4.27.4&#8243; text_font=\u00bbWork Sans||||||||\u00bb text_text_color=\u00bb#434342&#8243; text_font_size=\u00bb18px\u00bb link_text_color=\u00bb#0C71C3&#8243; header_text_color=\u00bb#434342&#8243; header_2_font=\u00bbWork Sans|700|||||||\u00bb header_2_text_color=\u00bb#434342&#8243; header_2_font_size=\u00bb24px\u00bb header_3_text_color=\u00bb#434342&#8243; header_3_line_height=\u00bb1.4em\u00bb text_orientation=\u00bbjustified\u00bb background_layout=\u00bbdark\u00bb custom_padding=\u00bb0px||0px||false|false\u00bb global_colors_info=\u00bb{}\u00bb hover_enabled=\u00bb0&#8243; sticky_enabled=\u00bb0&#8243;]<\/p>\n<ul>\n<li>Escaneo del c\u00f3digo QR por parte del cliente: el proceso comienza con un simple escaneo del c\u00f3digo QR, lo que le permite pasar inmediatamente a los siguientes pasos.<\/li>\n<li>Redirecci\u00f3n autom\u00e1tica a la p\u00e1gina de reservas: una interfaz intuitiva permite realizar reservas de forma r\u00e1pida y sencilla.<\/li>\n<li>Posibilidad de solicitar un contenedor en l\u00ednea: el cliente puede elegir la caja que desee sin salir de casa.<\/li>\n<li>Firma electr\u00f3nica del contrato: elimina la necesidad de imprimir documentos y ahorra tiempo.<br \/>Facturaci\u00f3n autom\u00e1tica del IVA: todo el papeleo se realiza en el acto.<br \/>Pago online instant\u00e1neo: control total de la transacci\u00f3n en tiempo real.<\/li>\n<li>Acceso autom\u00e1tico a la puerta y al trastero: una vez completado el proceso, el cliente obtiene acceso sin complicaciones al espacio alquilado.<\/li>\n<\/ul>\n<p>[\/et_pb_text][\/et_pb_column][\/et_pb_row][et_pb_row column_structure=\u00bb1_3,1_3,1_3&#8243; use_custom_gutter=\u00bbon\u00bb make_equal=\u00bbon\u00bb _builder_version=\u00bb4.25.2&#8243; background_enable_color=\u00bboff\u00bb width=\u00bb100%\u00bb max_width=\u00bb100%\u00bb module_alignment=\u00bbcenter\u00bb custom_margin=\u00bb60px||0px||false|false\u00bb custom_padding=\u00bb0px|10%|0px|10%|false|false\u00bb border_color_bottom=\u00bb#ffffff\u00bb global_colors_info=\u00bb{}\u00bb][et_pb_column type=\u00bb1_3&#8243; _builder_version=\u00bb4.20.4&#8243; background_enable_video_mp4=\u00bboff\u00bb custom_padding=\u00bb|||\u00bb global_colors_info=\u00bb{}\u00bb custom_padding__hover=\u00bb|||\u00bb][et_pb_image src=\u00bbhttps:\/\/ht-box.com\/wp-content\/uploads\/2025\/01\/SuperBox_Sukces-01.webp\u00bb title_text=\u00bbSuperBox_Sukces-01&#8243; show_in_lightbox=\u00bbon\u00bb _builder_version=\u00bb4.25.2&#8243; _module_preset=\u00bbdefault\u00bb global_colors_info=\u00bb{}\u00bb][\/et_pb_image][\/et_pb_column][et_pb_column type=\u00bb1_3&#8243; _builder_version=\u00bb4.16&#8243; custom_padding=\u00bb|||\u00bb global_colors_info=\u00bb{}\u00bb custom_padding__hover=\u00bb|||\u00bb][et_pb_image src=\u00bbhttps:\/\/ht-box.com\/wp-content\/uploads\/2025\/01\/SuperBox_Sukces-04.webp\u00bb title_text=\u00bbSuperBox_Sukces-04&#8243; show_in_lightbox=\u00bbon\u00bb _builder_version=\u00bb4.25.2&#8243; _module_preset=\u00bbdefault\u00bb global_colors_info=\u00bb{}\u00bb][\/et_pb_image][\/et_pb_column][et_pb_column type=\u00bb1_3&#8243; _builder_version=\u00bb4.16&#8243; custom_padding=\u00bb|||\u00bb global_colors_info=\u00bb{}\u00bb custom_padding__hover=\u00bb|||\u00bb][et_pb_image src=\u00bbhttps:\/\/ht-box.com\/wp-content\/uploads\/2025\/01\/SuperBox_Sukces-02.webp\u00bb title_text=\u00bbSuperBox_Sukces-02&#8243; show_in_lightbox=\u00bbon\u00bb _builder_version=\u00bb4.25.2&#8243; _module_preset=\u00bbdefault\u00bb global_colors_info=\u00bb{}\u00bb][\/et_pb_image][\/et_pb_column][\/et_pb_row][et_pb_row column_structure=\u00bb1_3,2_3&#8243; use_custom_gutter=\u00bbon\u00bb make_equal=\u00bbon\u00bb _builder_version=\u00bb4.25.2&#8243; background_color=\u00bb#FFFFFF\u00bb width=\u00bb100%\u00bb max_width=\u00bb100%\u00bb module_alignment=\u00bbcenter\u00bb custom_margin=\u00bb60px||0px||false|false\u00bb custom_padding=\u00bb0px|10%|70px|10%|false|false\u00bb border_color_bottom=\u00bb#ffffff\u00bb global_colors_info=\u00bb{}\u00bb][et_pb_column type=\u00bb1_3&#8243; _builder_version=\u00bb4.20.4&#8243; background_enable_video_mp4=\u00bboff\u00bb custom_padding=\u00bb|||\u00bb global_colors_info=\u00bb{}\u00bb custom_padding__hover=\u00bb|||\u00bb][et_pb_text _builder_version=\u00bb4.27.4&#8243; text_font=\u00bbWork Sans||||||||\u00bb text_text_color=\u00bb#434342&#8243; text_font_size=\u00bb18px\u00bb link_text_color=\u00bb#0C71C3&#8243; header_text_color=\u00bb#434342&#8243; header_2_font=\u00bbWork Sans|700|||||||\u00bb header_2_text_color=\u00bb#434342&#8243; header_2_font_size=\u00bb24px\u00bb header_3_text_color=\u00bb#434342&#8243; header_3_line_height=\u00bb1.4em\u00bb text_orientation=\u00bbjustified\u00bb background_layout=\u00bbdark\u00bb custom_padding=\u00bb0px||0px||false|false\u00bb custom_css_main_element=\u00bbtext-align: justify;||-webkit-hyphens: auto;||   -moz-hyphens: auto;||    -ms-hyphens: auto;||        hyphens: auto;\u00bb global_colors_info=\u00bb{}\u00bb hover_enabled=\u00bb0&#8243; sticky_enabled=\u00bb0&#8243;]<\/p>\n<p>Como se\u00f1ala la Sra. Malgosia, \u00abgracias al proceso totalmente automatizado, nuestros clientes no solo obtienen la m\u00e1xima comodidad, sino tambi\u00e9n una reducci\u00f3n significativa del coste del servicio. La eliminaci\u00f3n de la necesidad de interacci\u00f3n con el personal se traduce en un ahorro real, tanto para las empresas como para los clientes particulares\u00bb.<\/p>\n<p>[\/et_pb_text][et_pb_text _builder_version=\u00bb4.27.4&#8243; text_font=\u00bbWork Sans||||||||\u00bb text_text_color=\u00bb#434342&#8243; text_font_size=\u00bb18px\u00bb link_text_color=\u00bb#0C71C3&#8243; header_text_color=\u00bb#434342&#8243; header_2_font=\u00bbWork Sans|700|||||||\u00bb header_2_text_color=\u00bb#434342&#8243; header_2_font_size=\u00bb24px\u00bb header_3_text_color=\u00bb#434342&#8243; header_3_line_height=\u00bb1.4em\u00bb text_orientation=\u00bbjustified\u00bb background_layout=\u00bbdark\u00bb custom_padding=\u00bb0px||0px||false|false\u00bb locked=\u00bboff\u00bb global_colors_info=\u00bb{}\u00bb hover_enabled=\u00bb0&#8243; sticky_enabled=\u00bb0&#8243;]<\/p>\n<p>Superbox se encuentra en Z\u0105bki, en la calle Skrajna 20,<br \/>y toda la informaci\u00f3n se puede obtener poni\u00e9ndose en contacto con nosotros en www.superbox.com.pl.<\/p>\n<p>[\/et_pb_text][\/et_pb_column][et_pb_column type=\u00bb2_3&#8243; _builder_version=\u00bb4.20.4&#8243; background_enable_video_mp4=\u00bboff\u00bb custom_padding=\u00bb|||\u00bb global_colors_info=\u00bb{}\u00bb custom_padding__hover=\u00bb|||\u00bb][et_pb_text _builder_version=\u00bb4.27.4&#8243; text_font=\u00bbWork Sans||||||||\u00bb text_text_color=\u00bb#434342&#8243; text_font_size=\u00bb18px\u00bb link_text_color=\u00bb#0C71C3&#8243; header_text_color=\u00bb#434342&#8243; header_2_font=\u00bbWork Sans|700|||||||\u00bb header_2_text_color=\u00bb#434342&#8243; header_2_font_size=\u00bb24px\u00bb header_3_text_color=\u00bb#434342&#8243; header_3_line_height=\u00bb1.4em\u00bb text_orientation=\u00bbjustified\u00bb background_layout=\u00bbdark\u00bb custom_padding=\u00bb0px||0px||false|false\u00bb global_colors_info=\u00bb{}\u00bb hover_enabled=\u00bb0&#8243; sticky_enabled=\u00bb0&#8243;]<\/p>\n<p>Nuestra ubicaci\u00f3n est\u00e1 dise\u00f1ada para proporcionar la m\u00e1xima comodidad a los usuarios. El f\u00e1cil acceso, el funcionamiento intuitivo del sistema y la moderna infraestructura nos convierten en la opci\u00f3n ideal para cualquiera que busque una soluci\u00f3n de almacenamiento segura y flexible. El proceso de alquiler es r\u00e1pido, sencillo y f\u00e1cil de usar para todos los usuarios.<\/p>\n<p>Director general de Superbox Ltd.<\/p>\n<p>[\/et_pb_text][et_pb_image src=\u00bbhttps:\/\/ht-box.com\/wp-content\/uploads\/2024\/12\/LOGO-1-SUPERBOX-nowy-tagline.jpg\u00bb title_text=\u00bbLOGO 1 SUPERBOX nowy tagline\u00bb url=\u00bbhttps:\/\/superbox.com.pl\/\u00bb _builder_version=\u00bb4.25.2&#8243; _module_preset=\u00bbdefault\u00bb width=\u00bb35%\u00bb global_colors_info=\u00bb{}\u00bb][\/et_pb_image][\/et_pb_column][\/et_pb_row][\/et_pb_section]<\/p>\n","protected":false},"excerpt":{"rendered":"<p>Los \u00e9xitos de nuestros clientes SuperBoxJunto con nuestros clientes, estamos estableciendo nuevos est\u00e1ndares en el sector del almacenamiento personal, ofreciendo soluciones avanzadas y totalmente automatizadas al mercado polaco. Nuestro innovador sistema permite servicios de almacenamiento r\u00e1pidos, c\u00f3modos y seguros las 24 horas del d\u00eda, los 7 d\u00edas de la semana. Al combinar un programa de [&hellip;]<\/p>\n","protected":false},"author":6,"featured_media":0,"parent":0,"menu_order":0,"comment_status":"closed","ping_status":"closed","template":"","meta":{"_et_pb_use_builder":"on","_et_pb_old_content":"","_et_gb_content_width":"","footnotes":""},"class_list":["post-19318","page","type-page","status-publish","hentry"],"yoast_head":"<!-- This site is optimized with the Yoast SEO plugin v25.1 - https:\/\/yoast.com\/wordpress\/plugins\/seo\/ -->\n<title>\u00c9xitos de Nuestros Clientes - ES | HT-BOX<\/title>\n<meta name=\"robots\" content=\"index, follow, max-snippet:-1, max-image-preview:large, max-video-preview:-1\" \/>\n<link rel=\"canonical\" href=\"https:\/\/ht-box.com\/es\/exitos-de-nuestros-clientes\/\" \/>\n<meta property=\"og:locale\" content=\"es_ES\" \/>\n<meta property=\"og:type\" content=\"article\" \/>\n<meta property=\"og:title\" content=\"\u00c9xitos de Nuestros Clientes - ES | HT-BOX\" \/>\n<meta property=\"og:description\" content=\"Los \u00e9xitos de nuestros clientes SuperBoxJunto con nuestros clientes, estamos estableciendo nuevos est\u00e1ndares en el sector del almacenamiento personal, ofreciendo soluciones avanzadas y totalmente automatizadas al mercado polaco. Nuestro innovador sistema permite servicios de almacenamiento r\u00e1pidos, c\u00f3modos y seguros las 24 horas del d\u00eda, los 7 d\u00edas de la semana. Al combinar un programa de [&hellip;]\" \/>\n<meta property=\"og:url\" content=\"https:\/\/ht-box.com\/es\/exitos-de-nuestros-clientes\/\" \/>\n<meta property=\"og:site_name\" content=\"HT-BOX\" \/>\n<meta property=\"article:modified_time\" content=\"2025-10-14T19:38:47+00:00\" \/>\n<meta name=\"twitter:card\" content=\"summary_large_image\" \/>\n<meta name=\"twitter:label1\" content=\"Tiempo de lectura\" \/>\n\t<meta name=\"twitter:data1\" content=\"7 minutos\" \/>\n<script type=\"application\/ld+json\" class=\"yoast-schema-graph\">{\"@context\":\"https:\/\/schema.org\",\"@graph\":[{\"@type\":\"WebPage\",\"@id\":\"https:\/\/ht-box.com\/es\/exitos-de-nuestros-clientes\/\",\"url\":\"https:\/\/ht-box.com\/es\/exitos-de-nuestros-clientes\/\",\"name\":\"\u00c9xitos de Nuestros Clientes - ES | HT-BOX\",\"isPartOf\":{\"@id\":\"https:\/\/ht-box.com\/#website\"},\"datePublished\":\"2025-05-22T07:07:06+00:00\",\"dateModified\":\"2025-10-14T19:38:47+00:00\",\"breadcrumb\":{\"@id\":\"https:\/\/ht-box.com\/es\/exitos-de-nuestros-clientes\/#breadcrumb\"},\"inLanguage\":\"es\",\"potentialAction\":[{\"@type\":\"ReadAction\",\"target\":[\"https:\/\/ht-box.com\/es\/exitos-de-nuestros-clientes\/\"]}]},{\"@type\":\"BreadcrumbList\",\"@id\":\"https:\/\/ht-box.com\/es\/exitos-de-nuestros-clientes\/#breadcrumb\",\"itemListElement\":[{\"@type\":\"ListItem\",\"position\":1,\"name\":\"Home\",\"item\":\"https:\/\/ht-box.com\/es\/\"},{\"@type\":\"ListItem\",\"position\":2,\"name\":\"\u00c9xitos de Nuestros Clientes &#8211; ES\"}]},{\"@type\":\"WebSite\",\"@id\":\"https:\/\/ht-box.com\/#website\",\"url\":\"https:\/\/ht-box.com\/\",\"name\":\"HT-BOX\",\"description\":\"Ht-box to producent kontener\u00f3w magazynowych do zastosowa\u0144 przemys\u0142owych, przydomowych czy Self Storage.\",\"potentialAction\":[{\"@type\":\"SearchAction\",\"target\":{\"@type\":\"EntryPoint\",\"urlTemplate\":\"https:\/\/ht-box.com\/?s={search_term_string}\"},\"query-input\":{\"@type\":\"PropertyValueSpecification\",\"valueRequired\":true,\"valueName\":\"search_term_string\"}}],\"inLanguage\":\"es\"}]}<\/script>\n<!-- \/ Yoast SEO plugin. -->","yoast_head_json":{"title":"\u00c9xitos de Nuestros Clientes - ES | HT-BOX","robots":{"index":"index","follow":"follow","max-snippet":"max-snippet:-1","max-image-preview":"max-image-preview:large","max-video-preview":"max-video-preview:-1"},"canonical":"https:\/\/ht-box.com\/es\/exitos-de-nuestros-clientes\/","og_locale":"es_ES","og_type":"article","og_title":"\u00c9xitos de Nuestros Clientes - ES | HT-BOX","og_description":"Los \u00e9xitos de nuestros clientes SuperBoxJunto con nuestros clientes, estamos estableciendo nuevos est\u00e1ndares en el sector del almacenamiento personal, ofreciendo soluciones avanzadas y totalmente automatizadas al mercado polaco. Nuestro innovador sistema permite servicios de almacenamiento r\u00e1pidos, c\u00f3modos y seguros las 24 horas del d\u00eda, los 7 d\u00edas de la semana. Al combinar un programa de [&hellip;]","og_url":"https:\/\/ht-box.com\/es\/exitos-de-nuestros-clientes\/","og_site_name":"HT-BOX","article_modified_time":"2025-10-14T19:38:47+00:00","twitter_card":"summary_large_image","twitter_misc":{"Tiempo de lectura":"7 minutos"},"schema":{"@context":"https:\/\/schema.org","@graph":[{"@type":"WebPage","@id":"https:\/\/ht-box.com\/es\/exitos-de-nuestros-clientes\/","url":"https:\/\/ht-box.com\/es\/exitos-de-nuestros-clientes\/","name":"\u00c9xitos de Nuestros Clientes - ES | HT-BOX","isPartOf":{"@id":"https:\/\/ht-box.com\/#website"},"datePublished":"2025-05-22T07:07:06+00:00","dateModified":"2025-10-14T19:38:47+00:00","breadcrumb":{"@id":"https:\/\/ht-box.com\/es\/exitos-de-nuestros-clientes\/#breadcrumb"},"inLanguage":"es","potentialAction":[{"@type":"ReadAction","target":["https:\/\/ht-box.com\/es\/exitos-de-nuestros-clientes\/"]}]},{"@type":"BreadcrumbList","@id":"https:\/\/ht-box.com\/es\/exitos-de-nuestros-clientes\/#breadcrumb","itemListElement":[{"@type":"ListItem","position":1,"name":"Home","item":"https:\/\/ht-box.com\/es\/"},{"@type":"ListItem","position":2,"name":"\u00c9xitos de Nuestros Clientes &#8211; ES"}]},{"@type":"WebSite","@id":"https:\/\/ht-box.com\/#website","url":"https:\/\/ht-box.com\/","name":"HT-BOX","description":"Ht-box to producent kontener\u00f3w magazynowych do zastosowa\u0144 przemys\u0142owych, przydomowych czy Self Storage.","potentialAction":[{"@type":"SearchAction","target":{"@type":"EntryPoint","urlTemplate":"https:\/\/ht-box.com\/?s={search_term_string}"},"query-input":{"@type":"PropertyValueSpecification","valueRequired":true,"valueName":"search_term_string"}}],"inLanguage":"es"}]}},"_links":{"self":[{"href":"https:\/\/ht-box.com\/es\/wp-json\/wp\/v2\/pages\/19318","targetHints":{"allow":["GET"]}}],"collection":[{"href":"https:\/\/ht-box.com\/es\/wp-json\/wp\/v2\/pages"}],"about":[{"href":"https:\/\/ht-box.com\/es\/wp-json\/wp\/v2\/types\/page"}],"author":[{"embeddable":true,"href":"https:\/\/ht-box.com\/es\/wp-json\/wp\/v2\/users\/6"}],"replies":[{"embeddable":true,"href":"https:\/\/ht-box.com\/es\/wp-json\/wp\/v2\/comments?post=19318"}],"version-history":[{"count":5,"href":"https:\/\/ht-box.com\/es\/wp-json\/wp\/v2\/pages\/19318\/revisions"}],"predecessor-version":[{"id":19933,"href":"https:\/\/ht-box.com\/es\/wp-json\/wp\/v2\/pages\/19318\/revisions\/19933"}],"wp:attachment":[{"href":"https:\/\/ht-box.com\/es\/wp-json\/wp\/v2\/media?parent=19318"}],"curies":[{"name":"wp","href":"https:\/\/api.w.org\/{rel}","templated":true}]}}