{"id":19396,"date":"2020-12-10T10:16:34","date_gmt":"2020-12-10T10:16:34","guid":{"rendered":"https:\/\/ht-box.com\/seria-mh\/"},"modified":"2025-10-13T20:05:10","modified_gmt":"2025-10-13T20:05:10","slug":"serie-mh","status":"publish","type":"page","link":"https:\/\/ht-box.com\/es\/self-storage-exterior\/serie-mh\/","title":{"rendered":"Serie MH &#8211; ES"},"content":{"rendered":"<p>[et_pb_section fb_built=\u00bb1&#8243; _builder_version=\u00bb4.16&#8243; background_image=\u00bbhttps:\/\/ht-box.com\/wp-content\/uploads\/2020\/12\/tlo.png\u00bb parallax=\u00bbon\u00bb parallax_method=\u00bboff\u00bb custom_padding=\u00bb0px||0px|||\u00bb global_colors_info=\u00bb{}\u00bb][et_pb_row _builder_version=\u00bb4.16&#8243; width=\u00bb100%\u00bb max_width=\u00bb100%\u00bb custom_padding=\u00bb1px||0px|||\u00bb box_shadow_style=\u00bbpreset3&#8243; global_colors_info=\u00bb{}\u00bb][et_pb_column type=\u00bb4_4&#8243; _builder_version=\u00bb4.16&#8243; global_colors_info=\u00bb{}\u00bb][et_pb_slider _builder_version=\u00bb4.27.4&#8243; custom_margin=\u00bb||-4px|||\u00bb custom_padding=\u00bb141px|0px|0px|0px|false|false\u00bb hover_enabled=\u00bb0&#8243; custom_css_main_element=\u00bbpading: -27px 0px 0px 0px;\u00bb global_colors_info=\u00bb{}\u00bb sticky_enabled=\u00bb0&#8243;][et_pb_slide heading=\u00bbSerie MH &#8211; Trasteros H\u00edbridos\u00bb use_text_overlay=\u00bbon\u00bb text_overlay_color=\u00bbrgba(2,2,2,0.6)\u00bb _builder_version=\u00bb4.27.4&#8243; header_level=\u00bbh1&#8243; header_font=\u00bb|700||on|||||\u00bb background_image=\u00bbhttps:\/\/ht-box.com\/wp-content\/uploads\/2020\/12\/HTBOX_SERIA-H.jpg\u00bb background_enable_image=\u00bbon\u00bb parallax=\u00bbon\u00bb parallax_method=\u00bboff\u00bb custom_padding=\u00bb12%||12%||true|false\u00bb hover_enabled=\u00bb0&#8243; header_text_shadow_style=\u00bbpreset2&#8243; global_colors_info=\u00bb{}\u00bb sticky_transition=\u00bbon\u00bb sticky_enabled=\u00bb0&#8243;][\/et_pb_slide][\/et_pb_slider][\/et_pb_column][\/et_pb_row][et_pb_row column_structure=\u00bb1_2,1_2&#8243; make_equal=\u00bbon\u00bb admin_label=\u00bbKONTENER 4.5M\u00bb module_id=\u00bb3-jbox\u00bb _builder_version=\u00bb4.16&#8243; module_alignment=\u00bbcenter\u00bb custom_padding=\u00bb60px|20px|0px|0px|false|false\u00bb border_color_bottom=\u00bb#ffffff\u00bb locked=\u00bboff\u00bb collapsed=\u00bboff\u00bb global_colors_info=\u00bb{}\u00bb][et_pb_column type=\u00bb1_2&#8243; _builder_version=\u00bb4.16&#8243; background_enable_color=\u00bboff\u00bb custom_padding=\u00bb2%|2%|2%|2%|true|true\u00bb global_colors_info=\u00bb{}\u00bb custom_padding__hover=\u00bb|||\u00bb][et_pb_image src=\u00bbhttps:\/\/ht-box.com\/wp-content\/uploads\/2020\/12\/HTBOX_seria-H-BB.png\u00bb title_text=\u00bbHTBOX_seria-H BB\u00bb _builder_version=\u00bb4.16&#8243; _module_preset=\u00bbdefault\u00bb width=\u00bb78%\u00bb custom_margin=\u00bb-50px||||false|false\u00bb global_colors_info=\u00bb{}\u00bb][\/et_pb_image][\/et_pb_column][et_pb_column type=\u00bb1_2&#8243; _builder_version=\u00bb4.16&#8243; background_enable_color=\u00bboff\u00bb custom_padding=\u00bb2%|2%|2%|2%|true|true\u00bb global_colors_info=\u00bb{}\u00bb custom_padding__hover=\u00bb|||\u00bb][et_pb_text _builder_version=\u00bb4.27.4&#8243; _module_preset=\u00bbdefault\u00bb hover_enabled=\u00bb0&#8243; global_colors_info=\u00bb{}\u00bb sticky_enabled=\u00bb0&#8243;]<\/p>\n<p>Los contenedores HYBRID son una combinaci\u00f3n de todas las dem\u00e1s series. Fabricados a medida para adaptarse a esos espacios irregulares y a aquellas partes del terreno que de otro modo ser\u00edan imposibles de aprovechar.<\/p>\n<p>[\/et_pb_text][\/et_pb_column][\/et_pb_row][\/et_pb_section]<\/p>\n","protected":false},"excerpt":{"rendered":"<p>Los contenedores HYBRID son una combinaci\u00f3n de todas las dem\u00e1s series. Fabricados a medida para adaptarse a esos espacios irregulares y a aquellas partes del terreno que de otro modo ser\u00edan imposibles de aprovechar.<\/p>\n","protected":false},"author":6,"featured_media":0,"parent":19947,"menu_order":0,"comment_status":"closed","ping_status":"closed","template":"","meta":{"_et_pb_use_builder":"on","_et_pb_old_content":"","_et_gb_content_width":"","footnotes":""},"class_list":["post-19396","page","type-page","status-publish","hentry"],"yoast_head":"<!-- This site is optimized with the Yoast SEO plugin v25.1 - https:\/\/yoast.com\/wordpress\/plugins\/seo\/ -->\n<title>Serie MH - ES | HT-BOX<\/title>\n<meta name=\"robots\" content=\"index, follow, max-snippet:-1, max-image-preview:large, max-video-preview:-1\" \/>\n<link rel=\"canonical\" href=\"https:\/\/ht-box.com\/es\/serie-mh\/\" \/>\n<meta property=\"og:locale\" content=\"es_ES\" \/>\n<meta property=\"og:type\" content=\"article\" \/>\n<meta property=\"og:title\" content=\"Serie MH - ES | HT-BOX\" \/>\n<meta property=\"og:description\" content=\"Los contenedores HYBRID son una combinaci\u00f3n de todas las dem\u00e1s series. Fabricados a medida para adaptarse a esos espacios irregulares y a aquellas partes del terreno que de otro modo ser\u00edan imposibles de aprovechar.\" \/>\n<meta property=\"og:url\" content=\"https:\/\/ht-box.com\/es\/serie-mh\/\" \/>\n<meta property=\"og:site_name\" content=\"HT-BOX\" \/>\n<meta property=\"article:modified_time\" content=\"2025-10-13T20:05:10+00:00\" \/>\n<meta name=\"twitter:card\" content=\"summary_large_image\" \/>\n<meta name=\"twitter:label1\" content=\"Tiempo de lectura\" \/>\n\t<meta name=\"twitter:data1\" content=\"2 minutos\" \/>\n<script type=\"application\/ld+json\" class=\"yoast-schema-graph\">{\"@context\":\"https:\/\/schema.org\",\"@graph\":[{\"@type\":\"WebPage\",\"@id\":\"https:\/\/ht-box.com\/es\/serie-mh\/\",\"url\":\"https:\/\/ht-box.com\/es\/serie-mh\/\",\"name\":\"Serie MH - ES | HT-BOX\",\"isPartOf\":{\"@id\":\"https:\/\/ht-box.com\/#website\"},\"datePublished\":\"2020-12-10T10:16:34+00:00\",\"dateModified\":\"2025-10-13T20:05:10+00:00\",\"breadcrumb\":{\"@id\":\"https:\/\/ht-box.com\/es\/serie-mh\/#breadcrumb\"},\"inLanguage\":\"es\",\"potentialAction\":[{\"@type\":\"ReadAction\",\"target\":[\"https:\/\/ht-box.com\/es\/serie-mh\/\"]}]},{\"@type\":\"BreadcrumbList\",\"@id\":\"https:\/\/ht-box.com\/es\/serie-mh\/#breadcrumb\",\"itemListElement\":[{\"@type\":\"ListItem\",\"position\":1,\"name\":\"Home\",\"item\":\"https:\/\/ht-box.com\/es\/\"},{\"@type\":\"ListItem\",\"position\":2,\"name\":\"Serie MH &#8211; ES\"}]},{\"@type\":\"WebSite\",\"@id\":\"https:\/\/ht-box.com\/#website\",\"url\":\"https:\/\/ht-box.com\/\",\"name\":\"HT-BOX\",\"description\":\"Ht-box to producent kontener\u00f3w magazynowych do zastosowa\u0144 przemys\u0142owych, przydomowych czy Self Storage.\",\"potentialAction\":[{\"@type\":\"SearchAction\",\"target\":{\"@type\":\"EntryPoint\",\"urlTemplate\":\"https:\/\/ht-box.com\/?s={search_term_string}\"},\"query-input\":{\"@type\":\"PropertyValueSpecification\",\"valueRequired\":true,\"valueName\":\"search_term_string\"}}],\"inLanguage\":\"es\"}]}<\/script>\n<!-- \/ Yoast SEO plugin. -->","yoast_head_json":{"title":"Serie MH - ES | HT-BOX","robots":{"index":"index","follow":"follow","max-snippet":"max-snippet:-1","max-image-preview":"max-image-preview:large","max-video-preview":"max-video-preview:-1"},"canonical":"https:\/\/ht-box.com\/es\/serie-mh\/","og_locale":"es_ES","og_type":"article","og_title":"Serie MH - ES | HT-BOX","og_description":"Los contenedores HYBRID son una combinaci\u00f3n de todas las dem\u00e1s series. Fabricados a medida para adaptarse a esos espacios irregulares y a aquellas partes del terreno que de otro modo ser\u00edan imposibles de aprovechar.","og_url":"https:\/\/ht-box.com\/es\/serie-mh\/","og_site_name":"HT-BOX","article_modified_time":"2025-10-13T20:05:10+00:00","twitter_card":"summary_large_image","twitter_misc":{"Tiempo de lectura":"2 minutos"},"schema":{"@context":"https:\/\/schema.org","@graph":[{"@type":"WebPage","@id":"https:\/\/ht-box.com\/es\/serie-mh\/","url":"https:\/\/ht-box.com\/es\/serie-mh\/","name":"Serie MH - ES | HT-BOX","isPartOf":{"@id":"https:\/\/ht-box.com\/#website"},"datePublished":"2020-12-10T10:16:34+00:00","dateModified":"2025-10-13T20:05:10+00:00","breadcrumb":{"@id":"https:\/\/ht-box.com\/es\/serie-mh\/#breadcrumb"},"inLanguage":"es","potentialAction":[{"@type":"ReadAction","target":["https:\/\/ht-box.com\/es\/serie-mh\/"]}]},{"@type":"BreadcrumbList","@id":"https:\/\/ht-box.com\/es\/serie-mh\/#breadcrumb","itemListElement":[{"@type":"ListItem","position":1,"name":"Home","item":"https:\/\/ht-box.com\/es\/"},{"@type":"ListItem","position":2,"name":"Serie MH &#8211; ES"}]},{"@type":"WebSite","@id":"https:\/\/ht-box.com\/#website","url":"https:\/\/ht-box.com\/","name":"HT-BOX","description":"Ht-box to producent kontener\u00f3w magazynowych do zastosowa\u0144 przemys\u0142owych, przydomowych czy Self Storage.","potentialAction":[{"@type":"SearchAction","target":{"@type":"EntryPoint","urlTemplate":"https:\/\/ht-box.com\/?s={search_term_string}"},"query-input":{"@type":"PropertyValueSpecification","valueRequired":true,"valueName":"search_term_string"}}],"inLanguage":"es"}]}},"_links":{"self":[{"href":"https:\/\/ht-box.com\/es\/wp-json\/wp\/v2\/pages\/19396","targetHints":{"allow":["GET"]}}],"collection":[{"href":"https:\/\/ht-box.com\/es\/wp-json\/wp\/v2\/pages"}],"about":[{"href":"https:\/\/ht-box.com\/es\/wp-json\/wp\/v2\/types\/page"}],"author":[{"embeddable":true,"href":"https:\/\/ht-box.com\/es\/wp-json\/wp\/v2\/users\/6"}],"replies":[{"embeddable":true,"href":"https:\/\/ht-box.com\/es\/wp-json\/wp\/v2\/comments?post=19396"}],"version-history":[{"count":4,"href":"https:\/\/ht-box.com\/es\/wp-json\/wp\/v2\/pages\/19396\/revisions"}],"predecessor-version":[{"id":19420,"href":"https:\/\/ht-box.com\/es\/wp-json\/wp\/v2\/pages\/19396\/revisions\/19420"}],"up":[{"embeddable":true,"href":"https:\/\/ht-box.com\/es\/wp-json\/wp\/v2\/pages\/19947"}],"wp:attachment":[{"href":"https:\/\/ht-box.com\/es\/wp-json\/wp\/v2\/media?parent=19396"}],"curies":[{"name":"wp","href":"https:\/\/api.w.org\/{rel}","templated":true}]}}