{"id":19916,"date":"2021-12-03T00:31:09","date_gmt":"2021-12-03T00:31:09","guid":{"rendered":"https:\/\/ht-box.com\/projects-self-storage-exterior\/montaz\/"},"modified":"2025-10-14T13:39:31","modified_gmt":"2025-10-14T13:39:31","slug":"galeria-montaje-exterior-de-self-storage","status":"publish","type":"page","link":"https:\/\/ht-box.com\/es\/projects-self-storage-exterior\/galeria-montaje-exterior-de-self-storage\/","title":{"rendered":"Galer\u00eda &#8211; Montaje exterior de self-storage &#8211; ES"},"content":{"rendered":"<p>[et_pb_section fb_built=\u00bb1&#8243; _builder_version=\u00bb4.16&#8243; background_color=\u00bb#dbdbdb\u00bb background_image=\u00bbhttps:\/\/ht-box.com\/wp-content\/uploads\/2020\/12\/TLO-HT-BOX-3.png\u00bb parallax=\u00bbon\u00bb parallax_method=\u00bboff\u00bb custom_padding=\u00bb30px|0px|0|0px|false|false\u00bb global_colors_info=\u00bb{}\u00bb][et_pb_row _builder_version=\u00bb4.27.4&#8243; width=\u00bb75%\u00bb max_width=\u00bb100%\u00bb locked=\u00bboff\u00bb global_colors_info=\u00bb{}\u00bb][et_pb_column type=\u00bb4_4&#8243; _builder_version=\u00bb4.16&#8243; custom_padding=\u00bb|||\u00bb global_colors_info=\u00bb{}\u00bb custom_padding__hover=\u00bb|||\u00bb][et_pb_text _builder_version=\u00bb4.27.4&#8243; text_font=\u00bbWork Sans||||||||\u00bb text_text_color=\u00bb#434342&#8243; text_font_size=\u00bb18px\u00bb link_text_color=\u00bb#0C71C3&#8243; header_font=\u00bbMontserrat|600|||||||\u00bb header_text_color=\u00bb#434342&#8243; header_2_font=\u00bbWork Sans|700|||||||\u00bb header_2_text_color=\u00bb#434342&#8243; header_2_font_size=\u00bb24px\u00bb header_3_text_color=\u00bb#434342&#8243; header_3_line_height=\u00bb1.4em\u00bb text_orientation=\u00bbjustified\u00bb background_layout=\u00bbdark\u00bb custom_padding=\u00bb0px||0px||false|false\u00bb hover_enabled=\u00bb0&#8243; locked=\u00bboff\u00bb global_colors_info=\u00bb{}\u00bb sticky_enabled=\u00bb0&#8243;]<\/p>\n<div>\n<div id=\"tw-target\">\n<div id=\"kAz1tf\">\n<div id=\"tw-target-text-container\" tabindex=\"0\">\n<h1 data-placeholder=\"T\u0142umaczenie\" id=\"tw-target-text\" dir=\"ltr\">Galer\u00eda &#8211; Montaje exterior de Self-Storage<\/h1>\n<p><a href=\"https:\/\/ht-box.com\/es\/projects-self-storage-exterior\/\">&lt;<\/a> Projects Self Storage Exterior<\/p>\n<\/div>\n<\/div>\n<\/div>\n<\/div>\n<p>[\/et_pb_text][\/et_pb_column][\/et_pb_row][et_pb_row column_structure=\u00bb1_3,1_3,1_3&#8243; use_custom_gutter=\u00bbon\u00bb gutter_width=\u00bb2&#8243; _builder_version=\u00bb4.16&#8243; width=\u00bb75%\u00bb max_width=\u00bb100%\u00bb locked=\u00bboff\u00bb global_colors_info=\u00bb{}\u00bb][et_pb_column type=\u00bb1_3&#8243; admin_label=\u00bbSERIA M\u00bb _builder_version=\u00bb4.16&#8243; _dynamic_attributes=\u00bblink_option_url\u00bb background_enable_color=\u00bboff\u00bb link_option_url=\u00bb@ET-DC@eyJkeW5hbWljIjp0cnVlLCJjb250ZW50IjoicG9zdF9saW5rX3VybF9wYWdlIiwic2V0dGluZ3MiOnsicG9zdF9pZCI6IjQ0NDkifX0=@\u00bb global_colors_info=\u00bb{}\u00bb background__hover_enabled=\u00bbon|hover\u00bb background_color__hover=\u00bb\u00bb background_enable_color__hover=\u00bboff\u00bb title_text__hover=\u00bbhover\u00bb background_enable_image__hover=\u00bboff\u00bb background_size__hover=\u00bbcontain\u00bb][et_pb_video src=\u00bbhttps:\/\/ht-box.com\/wp-content\/uploads\/2024\/02\/HT-BOX_COM-Montaz-01.mp4&#8243; _builder_version=\u00bb4.20.4&#8243; _module_preset=\u00bbdefault\u00bb global_colors_info=\u00bb{}\u00bb][\/et_pb_video][\/et_pb_column][et_pb_column type=\u00bb1_3&#8243; admin_label=\u00bbSERIA M\u00bb _builder_version=\u00bb4.16&#8243; _dynamic_attributes=\u00bblink_option_url\u00bb background_enable_color=\u00bboff\u00bb link_option_url=\u00bb@ET-DC@eyJkeW5hbWljIjp0cnVlLCJjb250ZW50IjoicG9zdF9saW5rX3VybF9wYWdlIiwic2V0dGluZ3MiOnsicG9zdF9pZCI6IjQ0NDkifX0=@\u00bb global_colors_info=\u00bb{}\u00bb background__hover_enabled=\u00bbon|hover\u00bb background_color__hover=\u00bb\u00bb background_enable_color__hover=\u00bboff\u00bb title_text__hover=\u00bbhover\u00bb background_enable_image__hover=\u00bboff\u00bb background_size__hover=\u00bbcontain\u00bb][et_pb_video src=\u00bbhttps:\/\/ht-box.com\/wp-content\/uploads\/2024\/02\/HT-BOX_COM-Montaz-02.mp4&#8243; _builder_version=\u00bb4.20.4&#8243; _module_preset=\u00bbdefault\u00bb global_colors_info=\u00bb{}\u00bb][\/et_pb_video][\/et_pb_column][et_pb_column type=\u00bb1_3&#8243; admin_label=\u00bbSERIA M\u00bb _builder_version=\u00bb4.16&#8243; _dynamic_attributes=\u00bblink_option_url\u00bb background_enable_color=\u00bboff\u00bb link_option_url=\u00bb@ET-DC@eyJkeW5hbWljIjp0cnVlLCJjb250ZW50IjoicG9zdF9saW5rX3VybF9wYWdlIiwic2V0dGluZ3MiOnsicG9zdF9pZCI6IjQ0NDkifX0=@\u00bb global_colors_info=\u00bb{}\u00bb background__hover_enabled=\u00bbon|hover\u00bb background_color__hover=\u00bb\u00bb background_enable_color__hover=\u00bboff\u00bb title_text__hover=\u00bbhover\u00bb background_enable_image__hover=\u00bboff\u00bb background_size__hover=\u00bbcontain\u00bb][et_pb_video src=\u00bbhttps:\/\/ht-box.com\/wp-content\/uploads\/2024\/02\/HT-BOX_COM-Montaz-03.mp4&#8243; _builder_version=\u00bb4.20.4&#8243; _module_preset=\u00bbdefault\u00bb global_colors_info=\u00bb{}\u00bb][\/et_pb_video][\/et_pb_column][\/et_pb_row][et_pb_row use_custom_gutter=\u00bbon\u00bb gutter_width=\u00bb2&#8243; _builder_version=\u00bb4.16&#8243; width=\u00bb75%\u00bb max_width=\u00bb100%\u00bb locked=\u00bboff\u00bb global_colors_info=\u00bb{}\u00bb][et_pb_column type=\u00bb4_4&#8243; admin_label=\u00bbSERIA M\u00bb _builder_version=\u00bb4.16&#8243; _dynamic_attributes=\u00bblink_option_url\u00bb background_enable_color=\u00bboff\u00bb link_option_url=\u00bb@ET-DC@eyJkeW5hbWljIjp0cnVlLCJjb250ZW50IjoicG9zdF9saW5rX3VybF9wYWdlIiwic2V0dGluZ3MiOnsicG9zdF9pZCI6IjQ0NDkifX0=@\u00bb global_colors_info=\u00bb{}\u00bb background__hover_enabled=\u00bbon|hover\u00bb background_color__hover=\u00bb\u00bb background_enable_color__hover=\u00bboff\u00bb title_text__hover=\u00bbhover\u00bb background_enable_image__hover=\u00bboff\u00bb background_size__hover=\u00bbcontain\u00bb][et_pb_gallery gallery_ids=\u00bb14076,10895,8543,8547,8555,8559,8563,8567,8571,8575,8579,8583,8587,8591,8599,8603,8607,8611,8615,8619,8623,8627,8631,8635,8639,8643,8647,8651,8595,8359,10823,10897,10901,10903,10905,10907,10909,10911,10913,10915,10917,10919,10921,10923,10925,10927,10929,10931,10933,14680,14682&#8243; posts_number=\u00bb100&#8243; show_title_and_caption=\u00bboff\u00bb show_pagination=\u00bboff\u00bb zoom_icon_color=\u00bb#ffffff\u00bb hover_overlay_color=\u00bbrgba(56,56,56,0.42)\u00bb _builder_version=\u00bb4.20.4&#8243; _module_preset=\u00bbdefault\u00bb border_color_all_image=\u00bb#ffffff\u00bb border_width_top_image=\u00bb5px\u00bb border_width_right_image=\u00bb5px\u00bb border_width_left_image=\u00bb5px\u00bb box_shadow_style_image=\u00bbpreset3&#8243; global_colors_info=\u00bb{}\u00bb][\/et_pb_gallery][\/et_pb_column][\/et_pb_row][\/et_pb_section]<\/p>\n","protected":false},"excerpt":{"rendered":"<p>Galer\u00eda &#8211; Montaje exterior de Self-Storage &lt; Projects Self Storage Exterior<\/p>\n","protected":false},"author":6,"featured_media":0,"parent":19345,"menu_order":0,"comment_status":"closed","ping_status":"closed","template":"","meta":{"_et_pb_use_builder":"on","_et_pb_old_content":"","_et_gb_content_width":"","footnotes":""},"class_list":["post-19916","page","type-page","status-publish","hentry"],"yoast_head":"<!-- This site is optimized with the Yoast SEO plugin v25.1 - https:\/\/yoast.com\/wordpress\/plugins\/seo\/ -->\n<title>Galer\u00eda - Montaje exterior de self-storage - ES | HT-BOX<\/title>\n<meta name=\"robots\" content=\"index, follow, max-snippet:-1, max-image-preview:large, max-video-preview:-1\" \/>\n<link rel=\"canonical\" href=\"https:\/\/ht-box.com\/es\/projects-self-storage-exterior\/galeria-montaje-exterior-de-self-storage\/\" \/>\n<meta property=\"og:locale\" content=\"es_ES\" \/>\n<meta property=\"og:type\" content=\"article\" \/>\n<meta property=\"og:title\" content=\"Galer\u00eda - Montaje exterior de self-storage - ES | HT-BOX\" \/>\n<meta property=\"og:description\" content=\"Galer\u00eda - Montaje exterior de Self-Storage &lt; Projects Self Storage Exterior\" \/>\n<meta property=\"og:url\" content=\"https:\/\/ht-box.com\/es\/projects-self-storage-exterior\/galeria-montaje-exterior-de-self-storage\/\" \/>\n<meta property=\"og:site_name\" content=\"HT-BOX\" \/>\n<meta property=\"article:modified_time\" content=\"2025-10-14T13:39:31+00:00\" \/>\n<meta name=\"twitter:card\" content=\"summary_large_image\" \/>\n<meta name=\"twitter:label1\" content=\"Tiempo de lectura\" \/>\n\t<meta name=\"twitter:data1\" content=\"3 minutos\" \/>\n<script type=\"application\/ld+json\" class=\"yoast-schema-graph\">{\"@context\":\"https:\/\/schema.org\",\"@graph\":[{\"@type\":\"WebPage\",\"@id\":\"https:\/\/ht-box.com\/es\/projects-self-storage-exterior\/galeria-montaje-exterior-de-self-storage\/\",\"url\":\"https:\/\/ht-box.com\/es\/projects-self-storage-exterior\/galeria-montaje-exterior-de-self-storage\/\",\"name\":\"Galer\u00eda - Montaje exterior de self-storage - ES | HT-BOX\",\"isPartOf\":{\"@id\":\"https:\/\/ht-box.com\/#website\"},\"datePublished\":\"2021-12-03T00:31:09+00:00\",\"dateModified\":\"2025-10-14T13:39:31+00:00\",\"breadcrumb\":{\"@id\":\"https:\/\/ht-box.com\/es\/projects-self-storage-exterior\/galeria-montaje-exterior-de-self-storage\/#breadcrumb\"},\"inLanguage\":\"es\",\"potentialAction\":[{\"@type\":\"ReadAction\",\"target\":[\"https:\/\/ht-box.com\/es\/projects-self-storage-exterior\/galeria-montaje-exterior-de-self-storage\/\"]}]},{\"@type\":\"BreadcrumbList\",\"@id\":\"https:\/\/ht-box.com\/es\/projects-self-storage-exterior\/galeria-montaje-exterior-de-self-storage\/#breadcrumb\",\"itemListElement\":[{\"@type\":\"ListItem\",\"position\":1,\"name\":\"Home\",\"item\":\"https:\/\/ht-box.com\/es\/\"},{\"@type\":\"ListItem\",\"position\":2,\"name\":\"Projects Self Storage Exterior &#8211; ES\",\"item\":\"https:\/\/ht-box.com\/es\/projects-self-storage-exterior\/\"},{\"@type\":\"ListItem\",\"position\":3,\"name\":\"Galer\u00eda &#8211; Montaje exterior de self-storage &#8211; ES\"}]},{\"@type\":\"WebSite\",\"@id\":\"https:\/\/ht-box.com\/#website\",\"url\":\"https:\/\/ht-box.com\/\",\"name\":\"HT-BOX\",\"description\":\"Ht-box to producent kontener\u00f3w magazynowych do zastosowa\u0144 przemys\u0142owych, przydomowych czy Self Storage.\",\"potentialAction\":[{\"@type\":\"SearchAction\",\"target\":{\"@type\":\"EntryPoint\",\"urlTemplate\":\"https:\/\/ht-box.com\/?s={search_term_string}\"},\"query-input\":{\"@type\":\"PropertyValueSpecification\",\"valueRequired\":true,\"valueName\":\"search_term_string\"}}],\"inLanguage\":\"es\"}]}<\/script>\n<!-- \/ Yoast SEO plugin. -->","yoast_head_json":{"title":"Galer\u00eda - Montaje exterior de self-storage - ES | HT-BOX","robots":{"index":"index","follow":"follow","max-snippet":"max-snippet:-1","max-image-preview":"max-image-preview:large","max-video-preview":"max-video-preview:-1"},"canonical":"https:\/\/ht-box.com\/es\/projects-self-storage-exterior\/galeria-montaje-exterior-de-self-storage\/","og_locale":"es_ES","og_type":"article","og_title":"Galer\u00eda - Montaje exterior de self-storage - ES | HT-BOX","og_description":"Galer\u00eda - Montaje exterior de Self-Storage &lt; Projects Self Storage Exterior","og_url":"https:\/\/ht-box.com\/es\/projects-self-storage-exterior\/galeria-montaje-exterior-de-self-storage\/","og_site_name":"HT-BOX","article_modified_time":"2025-10-14T13:39:31+00:00","twitter_card":"summary_large_image","twitter_misc":{"Tiempo de lectura":"3 minutos"},"schema":{"@context":"https:\/\/schema.org","@graph":[{"@type":"WebPage","@id":"https:\/\/ht-box.com\/es\/projects-self-storage-exterior\/galeria-montaje-exterior-de-self-storage\/","url":"https:\/\/ht-box.com\/es\/projects-self-storage-exterior\/galeria-montaje-exterior-de-self-storage\/","name":"Galer\u00eda - Montaje exterior de self-storage - ES | HT-BOX","isPartOf":{"@id":"https:\/\/ht-box.com\/#website"},"datePublished":"2021-12-03T00:31:09+00:00","dateModified":"2025-10-14T13:39:31+00:00","breadcrumb":{"@id":"https:\/\/ht-box.com\/es\/projects-self-storage-exterior\/galeria-montaje-exterior-de-self-storage\/#breadcrumb"},"inLanguage":"es","potentialAction":[{"@type":"ReadAction","target":["https:\/\/ht-box.com\/es\/projects-self-storage-exterior\/galeria-montaje-exterior-de-self-storage\/"]}]},{"@type":"BreadcrumbList","@id":"https:\/\/ht-box.com\/es\/projects-self-storage-exterior\/galeria-montaje-exterior-de-self-storage\/#breadcrumb","itemListElement":[{"@type":"ListItem","position":1,"name":"Home","item":"https:\/\/ht-box.com\/es\/"},{"@type":"ListItem","position":2,"name":"Projects Self Storage Exterior &#8211; ES","item":"https:\/\/ht-box.com\/es\/projects-self-storage-exterior\/"},{"@type":"ListItem","position":3,"name":"Galer\u00eda &#8211; Montaje exterior de self-storage &#8211; ES"}]},{"@type":"WebSite","@id":"https:\/\/ht-box.com\/#website","url":"https:\/\/ht-box.com\/","name":"HT-BOX","description":"Ht-box to producent kontener\u00f3w magazynowych do zastosowa\u0144 przemys\u0142owych, przydomowych czy Self Storage.","potentialAction":[{"@type":"SearchAction","target":{"@type":"EntryPoint","urlTemplate":"https:\/\/ht-box.com\/?s={search_term_string}"},"query-input":{"@type":"PropertyValueSpecification","valueRequired":true,"valueName":"search_term_string"}}],"inLanguage":"es"}]}},"_links":{"self":[{"href":"https:\/\/ht-box.com\/es\/wp-json\/wp\/v2\/pages\/19916","targetHints":{"allow":["GET"]}}],"collection":[{"href":"https:\/\/ht-box.com\/es\/wp-json\/wp\/v2\/pages"}],"about":[{"href":"https:\/\/ht-box.com\/es\/wp-json\/wp\/v2\/types\/page"}],"author":[{"embeddable":true,"href":"https:\/\/ht-box.com\/es\/wp-json\/wp\/v2\/users\/6"}],"replies":[{"embeddable":true,"href":"https:\/\/ht-box.com\/es\/wp-json\/wp\/v2\/comments?post=19916"}],"version-history":[{"count":3,"href":"https:\/\/ht-box.com\/es\/wp-json\/wp\/v2\/pages\/19916\/revisions"}],"predecessor-version":[{"id":19919,"href":"https:\/\/ht-box.com\/es\/wp-json\/wp\/v2\/pages\/19916\/revisions\/19919"}],"up":[{"embeddable":true,"href":"https:\/\/ht-box.com\/es\/wp-json\/wp\/v2\/pages\/19345"}],"wp:attachment":[{"href":"https:\/\/ht-box.com\/es\/wp-json\/wp\/v2\/media?parent=19916"}],"curies":[{"name":"wp","href":"https:\/\/api.w.org\/{rel}","templated":true}]}}