{"id":19976,"date":"2019-08-14T13:58:55","date_gmt":"2019-08-14T13:58:55","guid":{"rendered":"https:\/\/ht-box.com\/dienstleistungen\/"},"modified":"2025-10-14T21:30:27","modified_gmt":"2025-10-14T21:30:27","slug":"servicios","status":"publish","type":"page","link":"https:\/\/ht-box.com\/es\/servicios\/","title":{"rendered":"Servicios &#8211; ES"},"content":{"rendered":"<p>[et_pb_section fb_built=\u00bb1&#8243; _builder_version=\u00bb4.16&#8243; background_image=\u00bbhttps:\/\/ht-box.com\/wp-content\/uploads\/2020\/12\/TLO-HT-BOX-3.png\u00bb parallax=\u00bbon\u00bb custom_margin=\u00bb|||\u00bb custom_padding=\u00bb0|0px|0||false|false\u00bb global_colors_info=\u00bb{}\u00bb][et_pb_row _builder_version=\u00bb4.16&#8243; _module_preset=\u00bbdefault\u00bb global_colors_info=\u00bb{}\u00bb][et_pb_column type=\u00bb4_4&#8243; _builder_version=\u00bb4.16&#8243; _module_preset=\u00bbdefault\u00bb global_colors_info=\u00bb{}\u00bb][et_pb_text _builder_version=\u00bb4.27.4&#8243; _module_preset=\u00bbdefault\u00bb header_font=\u00bbWork Sans|600|||||||\u00bb header_font_size=\u00bb31px\u00bb global_colors_info=\u00bb{}\u00bb]<\/p>\n<h1>Servicios Self-Storage<\/h1>\n<p>[\/et_pb_text][\/et_pb_column][\/et_pb_row][et_pb_row column_structure=\u00bb1_3,2_3&#8243; _builder_version=\u00bb4.17.0&#8243; background_enable_color=\u00bboff\u00bb module_alignment=\u00bbcenter\u00bb custom_margin=\u00bb60px||||false|false\u00bb custom_padding=\u00bb30px|30px|30px|30px|false|false\u00bb border_color_bottom=\u00bb#ffffff\u00bb global_colors_info=\u00bb{}\u00bb][et_pb_column type=\u00bb1_3&#8243; _builder_version=\u00bb4.16&#8243; custom_padding=\u00bb|||\u00bb global_colors_info=\u00bb{}\u00bb custom_padding__hover=\u00bb|||\u00bb][et_pb_image src=\u00bbhttps:\/\/ht-box.com\/wp-content\/uploads\/2025\/06\/Uslugi-HT-Box-system-STORJAY-do-zarzadzania-wynajmem-Self-Storage.webp\u00bb alt=\u00bbUs\u0142ugi HT-Box &#8211; system STORJAY do zarz\u0105dzania wynajmem Self-Storage\u00bb title_text=\u00bbUs\u0142ugi HT-Box &#8211; system STORJAY do zarz\u0105dzania wynajmem Self-Storage\u00bb show_in_lightbox=\u00bbon\u00bb align_tablet=\u00bbcenter\u00bb align_phone=\u00bb\u00bb align_last_edited=\u00bbon|desktop\u00bb _builder_version=\u00bb4.27.4&#8243; global_colors_info=\u00bb{}\u00bb][\/et_pb_image][\/et_pb_column][et_pb_column type=\u00bb2_3&#8243; _builder_version=\u00bb4.16&#8243; custom_padding=\u00bb|||\u00bb global_colors_info=\u00bb{}\u00bb custom_padding__hover=\u00bb|||\u00bb][et_pb_text _builder_version=\u00bb4.27.4&#8243; text_text_color=\u00bb#434342&#8243; text_font_size=\u00bb16px\u00bb header_text_color=\u00bb#434342&#8243; header_2_font=\u00bb&#8211;et_global_body_font|700|||||||\u00bb header_2_text_color=\u00bb#434342&#8243; header_2_font_size=\u00bb30px\u00bb header_3_text_color=\u00bb#434342&#8243; header_3_line_height=\u00bb1.4em\u00bb background_layout=\u00bbdark\u00bb custom_margin=\u00bb3em||||false|false\u00bb custom_padding=\u00bb||20px|\u00bb global_colors_info=\u00bb{}\u00bb]<\/p>\n<h2>Sistema de gesti\u00f3n<\/h2>\n<h3 data-start=\"849\" data-end=\"892\">El software <strong data-start=\"157\" data-end=\"172\">STORJAY.COM<\/strong>, dise\u00f1ado y desarrollado por nosotros, ofrece m\u00faltiples posibilidades para la gesti\u00f3n del alquiler de contenedores y espacios de almacenamiento Self\u2013Storage.<\/h3>\n<ul>\n<li data-start=\"849\" data-end=\"892\">Gesti\u00f3n del alquiler de <strong data-start=\"460\" data-end=\"490\">espacios de almacenamiento<\/strong><\/li>\n<li data-start=\"849\" data-end=\"892\"><strong data-start=\"460\" data-end=\"490\">Generaci\u00f3n autom\u00e1tica de facturas<\/strong><\/li>\n<li data-start=\"849\" data-end=\"892\"><strong data-start=\"460\" data-end=\"490\">Liquidaci\u00f3n autom\u00e1tica de pagos<\/strong><\/li>\n<li data-start=\"849\" data-end=\"892\"><strong data-start=\"460\" data-end=\"490\">Notificaciones del sistema<\/strong><\/li>\n<\/ul>\n<p>Para m\u00e1s informaci\u00f3n, visita nuestra p\u00e1gina web <strong data-start=\"381\" data-end=\"400\"><a data-start=\"383\" data-end=\"398\" rel=\"noopener\" target=\"_new\" class=\"decorated-link\" href=\"http:\/\/www.storjay.com\">www.storjay.com<span aria-hidden=\"true\" class=\"ms-0.5 inline-block align-middle leading-none\"><svg width=\"20\" height=\"20\" viewbox=\"0 0 20 20\" fill=\"currentColor\" xmlns=\"http:\/\/www.w3.org\/2000\/svg\" data-rtl-flip=\"\" class=\"block h-[0.75em] w-[0.75em] stroke-current stroke-[0.75]\"><\/svg><\/span><\/a><\/strong><\/p>\n<p>[\/et_pb_text][\/et_pb_column][\/et_pb_row][et_pb_row _builder_version=\u00bb4.16&#8243; custom_padding=\u00bb0px||3px||false|false\u00bb global_colors_info=\u00bb{}\u00bb][et_pb_column type=\u00bb4_4&#8243; _builder_version=\u00bb4.16&#8243; global_colors_info=\u00bb{}\u00bb][et_pb_divider color=\u00bb#dddddd\u00bb divider_position=\u00bbcenter\u00bb divider_weight=\u00bb2px\u00bb _builder_version=\u00bb4.16&#8243; locked=\u00bboff\u00bb global_colors_info=\u00bb{}\u00bb][\/et_pb_divider][\/et_pb_column][\/et_pb_row][et_pb_row column_structure=\u00bb1_3,2_3&#8243; _builder_version=\u00bb4.16&#8243; background_enable_color=\u00bboff\u00bb module_alignment=\u00bbcenter\u00bb custom_padding=\u00bb30px|30px|30px|30px|false|false\u00bb border_color_bottom=\u00bb#ffffff\u00bb global_colors_info=\u00bb{}\u00bb][et_pb_column type=\u00bb1_3&#8243; _builder_version=\u00bb4.16&#8243; custom_padding=\u00bb|||\u00bb global_colors_info=\u00bb{}\u00bb custom_padding__hover=\u00bb|||\u00bb][et_pb_image src=\u00bbhttps:\/\/ht-box.com\/wp-content\/uploads\/2025\/06\/Uslugi-wspomagajace-Self-Storage-z-najnowszymi-technologiami.webp\u00bb alt=\u00bbUs\u0142ugi wspomagaj\u0105ce Self-Storage z najnowszymi technologiami\u00bb title_text=\u00bbUs\u0142ugi wspomagaj\u0105ce Self-Storage z najnowszymi technologiami\u00bb align_tablet=\u00bbcenter\u00bb align_phone=\u00bb\u00bb align_last_edited=\u00bbon|desktop\u00bb _builder_version=\u00bb4.27.4&#8243; global_colors_info=\u00bb{}\u00bb][\/et_pb_image][\/et_pb_column][et_pb_column type=\u00bb2_3&#8243; _builder_version=\u00bb4.16&#8243; custom_padding=\u00bb|||\u00bb global_colors_info=\u00bb{}\u00bb custom_padding__hover=\u00bb|||\u00bb][et_pb_text _builder_version=\u00bb4.27.4&#8243; text_text_color=\u00bb#434342&#8243; text_font_size=\u00bb16px\u00bb header_text_color=\u00bb#434342&#8243; header_2_font=\u00bb&#8211;et_global_body_font|700|||||||\u00bb header_2_text_color=\u00bb#434342&#8243; header_2_font_size=\u00bb30px\u00bb header_3_text_color=\u00bb#434342&#8243; header_3_line_height=\u00bb1.4em\u00bb background_layout=\u00bbdark\u00bb custom_margin=\u00bb0em||||false|false\u00bb custom_padding=\u00bb||20px|\u00bb global_colors_info=\u00bb{}\u00bb]<\/p>\n<h2>Servicios de soporte para Self-Storage con las \u00faltimas tecnolog\u00edas<\/h2>\n<h3 data-start=\"849\" data-end=\"892\">SOPORTE PARA LA ARREGLA DEL TERRENO PARA SELF-STORAGE<\/h3>\n<p data-start=\"771\" data-end=\"934\">Sabiendo lo dif\u00edcil que puede ser imaginar el aspecto final de un proyecto, ofrecemos a nuestros clientes el servicio de <strong data-start=\"892\" data-end=\"931\">arreglo y planificaci\u00f3n del terreno<\/strong>.<\/p>\n<p data-start=\"936\" data-end=\"1074\">Nuestro equipo ayudar\u00e1 y propondr\u00e1 la <strong data-start=\"974\" data-end=\"1002\">optimizaci\u00f3n del espacio<\/strong> y la selecci\u00f3n de los contenedores m\u00e1s adecuados para cada ubicaci\u00f3n.<\/p>\n<p data-start=\"1076\" data-end=\"1163\"><strong data-start=\"1076\" data-end=\"1125\">APROVECHA NUESTRA EXPERIENCIA Y LL\u00c1MANOS HOY:<\/strong><br data-start=\"1125\" data-end=\"1128\" \/>+48 504 322 402 o +48 790 211 600<\/p>\n<p><strong data-start=\"381\" data-end=\"400\"><a data-start=\"383\" data-end=\"398\" rel=\"noopener\" target=\"_new\" class=\"decorated-link\" href=\"http:\/\/www.storjay.com\"><span aria-hidden=\"true\" class=\"ms-0.5 inline-block align-middle leading-none\"><svg width=\"20\" height=\"20\" viewbox=\"0 0 20 20\" fill=\"currentColor\" xmlns=\"http:\/\/www.w3.org\/2000\/svg\" data-rtl-flip=\"\" class=\"block h-[0.75em] w-[0.75em] stroke-current stroke-[0.75]\"><\/svg><\/span><\/a><\/strong><\/p>\n<p>[\/et_pb_text][\/et_pb_column][\/et_pb_row][et_pb_row _builder_version=\u00bb4.16&#8243; custom_padding=\u00bb0px||3px||false|false\u00bb global_colors_info=\u00bb{}\u00bb][et_pb_column type=\u00bb4_4&#8243; _builder_version=\u00bb4.16&#8243; global_colors_info=\u00bb{}\u00bb][et_pb_divider color=\u00bb#dddddd\u00bb divider_position=\u00bbcenter\u00bb divider_weight=\u00bb2px\u00bb _builder_version=\u00bb4.16&#8243; locked=\u00bboff\u00bb global_colors_info=\u00bb{}\u00bb][\/et_pb_divider][\/et_pb_column][\/et_pb_row][et_pb_row column_structure=\u00bb1_3,2_3&#8243; _builder_version=\u00bb4.16&#8243; background_enable_color=\u00bboff\u00bb module_alignment=\u00bbcenter\u00bb custom_padding=\u00bb30px|30px|30px|30px|false|false\u00bb border_color_bottom=\u00bb#ffffff\u00bb global_colors_info=\u00bb{}\u00bb][et_pb_column type=\u00bb1_3&#8243; _builder_version=\u00bb4.16&#8243; custom_padding=\u00bb|||\u00bb global_colors_info=\u00bb{}\u00bb custom_padding__hover=\u00bb|||\u00bb][et_pb_image src=\u00bbhttps:\/\/ht-box.com\/wp-content\/uploads\/2025\/06\/Uslugi-doradztwa-inwestycyjnego-w-branzy-magazynowania.webp\u00bb alt=\u00bbUs\u0142ugi doradztwa inwestycyjnego w bran\u017cy magazynowania\u00bb title_text=\u00bbUs\u0142ugi doradztwa inwestycyjnego w bran\u017cy magazynowania\u00bb align_tablet=\u00bbcenter\u00bb align_phone=\u00bb\u00bb align_last_edited=\u00bbon|desktop\u00bb _builder_version=\u00bb4.27.4&#8243; global_colors_info=\u00bb{}\u00bb][\/et_pb_image][\/et_pb_column][et_pb_column type=\u00bb2_3&#8243; _builder_version=\u00bb4.16&#8243; custom_padding=\u00bb|||\u00bb global_colors_info=\u00bb{}\u00bb custom_padding__hover=\u00bb|||\u00bb][et_pb_text _builder_version=\u00bb4.27.4&#8243; text_text_color=\u00bb#434342&#8243; text_font_size=\u00bb16px\u00bb header_text_color=\u00bb#434342&#8243; header_2_font=\u00bb&#8211;et_global_body_font|700|||||||\u00bb header_2_text_color=\u00bb#434342&#8243; header_2_font_size=\u00bb30px\u00bb header_3_font=\u00bb|||on|||||\u00bb header_3_text_color=\u00bb#434342&#8243; header_3_line_height=\u00bb1.4em\u00bb background_layout=\u00bbdark\u00bb custom_margin=\u00bb0em||||false|false\u00bb custom_padding=\u00bb||20px|\u00bb global_colors_info=\u00bb{}\u00bb]<\/p>\n<h2>Servicios de consultor\u00eda de inversi\u00f3n en el sector de almacenamiento<\/h2>\n<h3 data-start=\"1310\" data-end=\"1338\">Sistema de gesti\u00f3n de acceso<\/h3>\n<p data-start=\"1281\" data-end=\"1352\">Sistema que genera c\u00f3digos para los clientes de parques Self-Storage.<\/p>\n<p data-start=\"1354\" data-end=\"1685\">Este sistema es una herramienta integral de <strong data-start=\"1398\" data-end=\"1430\">control de acceso autom\u00e1tico<\/strong>, resolviendo problemas de gesti\u00f3n de accesos tanto para tus clientes como para empleados y subcontratistas.<br data-start=\"1538\" data-end=\"1541\" \/>Basado en el calendario de reservas y los permisos asignados, genera autom\u00e1ticamente <strong data-start=\"1626\" data-end=\"1660\">c\u00f3digos de acceso individuales<\/strong> para cada instalaci\u00f3n.<\/p>\n<p>&nbsp;<\/p>\n<p>[\/et_pb_text][\/et_pb_column][\/et_pb_row][et_pb_row _builder_version=\u00bb4.16&#8243; custom_padding=\u00bb0px||3px||false|false\u00bb global_colors_info=\u00bb{}\u00bb][et_pb_column type=\u00bb4_4&#8243; _builder_version=\u00bb4.16&#8243; global_colors_info=\u00bb{}\u00bb][et_pb_divider color=\u00bb#dddddd\u00bb divider_position=\u00bbcenter\u00bb divider_weight=\u00bb2px\u00bb _builder_version=\u00bb4.16&#8243; locked=\u00bboff\u00bb global_colors_info=\u00bb{}\u00bb][\/et_pb_divider][\/et_pb_column][\/et_pb_row][et_pb_row column_structure=\u00bb1_3,2_3&#8243; _builder_version=\u00bb4.16&#8243; background_enable_color=\u00bboff\u00bb module_alignment=\u00bbcenter\u00bb custom_padding=\u00bb30px|30px|30px|30px|false|false\u00bb border_color_bottom=\u00bb#ffffff\u00bb global_colors_info=\u00bb{}\u00bb][et_pb_column type=\u00bb1_3&#8243; _builder_version=\u00bb4.16&#8243; custom_padding=\u00bb|||\u00bb global_colors_info=\u00bb{}\u00bb custom_padding__hover=\u00bb|||\u00bb][et_pb_image src=\u00bbhttps:\/\/ht-box.com\/wp-content\/uploads\/2025\/06\/Uslugi-bezpieczenstwa-z-automatyczna-kontrola-dostepu.webp\u00bb alt=\u00bbUs\u0142ugi bezpiecze\u0144stwa z automatyczn\u0105 kontrol\u0105 dost\u0119pu\u00bb title_text=\u00bbUs\u0142ugi bezpiecze\u0144stwa z automatyczn\u0105 kontrol\u0105 dost\u0119pu\u00bb align_tablet=\u00bbcenter\u00bb align_phone=\u00bb\u00bb align_last_edited=\u00bbon|desktop\u00bb _builder_version=\u00bb4.27.4&#8243; global_colors_info=\u00bb{}\u00bb][\/et_pb_image][\/et_pb_column][et_pb_column type=\u00bb2_3&#8243; _builder_version=\u00bb4.16&#8243; custom_padding=\u00bb|||\u00bb global_colors_info=\u00bb{}\u00bb custom_padding__hover=\u00bb|||\u00bb][et_pb_text _builder_version=\u00bb4.27.4&#8243; text_text_color=\u00bb#434342&#8243; text_font_size=\u00bb16px\u00bb header_text_color=\u00bb#434342&#8243; header_2_font=\u00bb&#8211;et_global_body_font|700|||||||\u00bb header_2_text_color=\u00bb#434342&#8243; header_2_font_size=\u00bb30px\u00bb header_3_font=\u00bb|||on|||||\u00bb header_3_text_color=\u00bb#434342&#8243; header_3_line_height=\u00bb1.4em\u00bb background_layout=\u00bbdark\u00bb custom_margin=\u00bb0em||||false|false\u00bb custom_padding=\u00bb||20px|\u00bb global_colors_info=\u00bb{}\u00bb]<\/p>\n<h2>Servicios de seguridad con control de acceso autom\u00e1tico<\/h2>\n<h3 data-start=\"1310\" data-end=\"1338\">Protecci\u00f3n<\/h3>\n<p data-start=\"1772\" data-end=\"1851\">Te ayudamos a proteger tu instalaci\u00f3n utilizando las <strong data-start=\"1825\" data-end=\"1848\">\u00faltimas tecnolog\u00edas<\/strong>.<\/p>\n<p data-start=\"1853\" data-end=\"2139\">Ofrecemos protecci\u00f3n integral mediante <strong data-start=\"1892\" data-end=\"1910\">monitorizaci\u00f3n<\/strong> y sistemas de alarma, incluyendo alarmas contra incendios.<br data-start=\"1969\" data-end=\"1972\" \/>Cada proyecto se adapta a la <strong data-start=\"2001\" data-end=\"2028\">especificidad del lugar<\/strong>, seg\u00fan el an\u00e1lisis de riesgos actuales y potenciales, y conforme a las necesidades y requisitos del cliente.<\/p>\n<p>&nbsp;<\/p>\n<p>&nbsp;<\/p>\n<p>[\/et_pb_text][\/et_pb_column][\/et_pb_row][et_pb_row _builder_version=\u00bb4.16&#8243; custom_padding=\u00bb0px||3px||false|false\u00bb global_colors_info=\u00bb{}\u00bb][et_pb_column type=\u00bb4_4&#8243; _builder_version=\u00bb4.16&#8243; global_colors_info=\u00bb{}\u00bb][et_pb_divider color=\u00bb#dddddd\u00bb divider_position=\u00bbcenter\u00bb divider_weight=\u00bb2px\u00bb _builder_version=\u00bb4.16&#8243; locked=\u00bboff\u00bb global_colors_info=\u00bb{}\u00bb][\/et_pb_divider][\/et_pb_column][\/et_pb_row][et_pb_row column_structure=\u00bb1_3,2_3&#8243; _builder_version=\u00bb4.20.4&#8243; background_enable_color=\u00bboff\u00bb module_alignment=\u00bbcenter\u00bb custom_padding=\u00bb30px|30px||30px|false|false\u00bb border_color_bottom=\u00bb#ffffff\u00bb global_colors_info=\u00bb{}\u00bb][et_pb_column type=\u00bb1_3&#8243; _builder_version=\u00bb4.16&#8243; custom_padding=\u00bb|||\u00bb global_colors_info=\u00bb{}\u00bb custom_padding__hover=\u00bb|||\u00bb][et_pb_image src=\u00bbhttps:\/\/ht-box.com\/wp-content\/uploads\/2025\/06\/Uslugi-montazu-bram-i-ogrodzen-dla-miasteczek-kontenerowych.webp\u00bb alt=\u00bbUs\u0142ugi monta\u017cu bram i ogrodze\u0144 dla miasteczek kontenerowych\u00bb title_text=\u00bbUs\u0142ugi monta\u017cu bram i ogrodze\u0144 dla miasteczek kontenerowych\u00bb align_tablet=\u00bbcenter\u00bb align_phone=\u00bb\u00bb align_last_edited=\u00bbon|desktop\u00bb _builder_version=\u00bb4.27.4&#8243; global_colors_info=\u00bb{}\u00bb][\/et_pb_image][\/et_pb_column][et_pb_column type=\u00bb2_3&#8243; _builder_version=\u00bb4.16&#8243; custom_padding=\u00bb|||\u00bb global_colors_info=\u00bb{}\u00bb custom_padding__hover=\u00bb|||\u00bb][et_pb_text _builder_version=\u00bb4.27.4&#8243; text_text_color=\u00bb#434342&#8243; text_font_size=\u00bb16px\u00bb header_text_color=\u00bb#434342&#8243; header_2_font=\u00bb&#8211;et_global_body_font|700|||||||\u00bb header_2_text_color=\u00bb#434342&#8243; header_2_font_size=\u00bb30px\u00bb header_3_font=\u00bb|||on|||||\u00bb header_3_text_color=\u00bb#434342&#8243; header_3_line_height=\u00bb1.4em\u00bb background_layout=\u00bbdark\u00bb custom_margin=\u00bb0em||||false|false\u00bb custom_padding=\u00bb||20px|\u00bb global_colors_info=\u00bb{}\u00bb]<\/p>\n<h2 data-start=\"2046\" data-end=\"2101\">Servicios de instalaci\u00f3n de <strong data-start=\"2178\" data-end=\"2198\">puertas y cercas<\/strong> para parques de contenedores<\/h2>\n<h3 data-start=\"2103\" data-end=\"2121\">Puertas y cercas<\/h3>\n<p data-start=\"2254\" data-end=\"2432\">La instalaci\u00f3n de puertas y cercas en un nuevo parque de contenedores Self-Storage garantiza <strong data-start=\"2347\" data-end=\"2380\">seguridad y control de acceso<\/strong> para los clientes que almacenan sus pertenencias.<\/p>\n<p data-start=\"2434\" data-end=\"2761\">Nuestra empresa ofrece <strong data-start=\"2457\" data-end=\"2480\">montaje profesional<\/strong>, asegurando <strong data-start=\"2493\" data-end=\"2516\">robustez y est\u00e9tica<\/strong>, adaptado a las necesidades individuales de cada cliente.<br data-start=\"2574\" data-end=\"2577\" \/>Gracias a nuestros servicios, los usuarios pueden estar seguros de que sus bienes est\u00e1n protegidos, lo que garantiza <strong data-start=\"2694\" data-end=\"2722\">tranquilidad y comodidad<\/strong> al utilizar el almac\u00e9n Self-Storage.<\/p>\n<p>[\/et_pb_text][\/et_pb_column][\/et_pb_row][et_pb_row _builder_version=\u00bb4.16&#8243; custom_padding=\u00bb0px||3px||false|false\u00bb global_colors_info=\u00bb{}\u00bb][et_pb_column type=\u00bb4_4&#8243; _builder_version=\u00bb4.16&#8243; global_colors_info=\u00bb{}\u00bb][et_pb_divider color=\u00bb#dddddd\u00bb divider_position=\u00bbcenter\u00bb divider_weight=\u00bb2px\u00bb _builder_version=\u00bb4.16&#8243; locked=\u00bboff\u00bb global_colors_info=\u00bb{}\u00bb][\/et_pb_divider][\/et_pb_column][\/et_pb_row][et_pb_row column_structure=\u00bb1_3,2_3&#8243; _builder_version=\u00bb4.20.4&#8243; background_enable_color=\u00bboff\u00bb module_alignment=\u00bbcenter\u00bb custom_padding=\u00bb30px|30px|60px|30px|false|false\u00bb border_color_bottom=\u00bb#ffffff\u00bb global_colors_info=\u00bb{}\u00bb][et_pb_column type=\u00bb1_3&#8243; _builder_version=\u00bb4.16&#8243; custom_padding=\u00bb|||\u00bb global_colors_info=\u00bb{}\u00bb custom_padding__hover=\u00bb|||\u00bb][et_pb_image src=\u00bbhttps:\/\/ht-box.com\/wp-content\/uploads\/2025\/06\/Uslugi-przygotowania-placu-pod-kontenery-Self-Storage.webp\u00bb alt=\u00bbUs\u0142ugi przygotowania placu pod kontenery Self-Storage\u00bb title_text=\u00bbUs\u0142ugi przygotowania placu pod kontenery Self-Storage\u00bb align_tablet=\u00bbcenter\u00bb align_phone=\u00bb\u00bb align_last_edited=\u00bbon|desktop\u00bb _builder_version=\u00bb4.27.4&#8243; global_colors_info=\u00bb{}\u00bb][\/et_pb_image][\/et_pb_column][et_pb_column type=\u00bb2_3&#8243; _builder_version=\u00bb4.16&#8243; custom_padding=\u00bb|||\u00bb global_colors_info=\u00bb{}\u00bb custom_padding__hover=\u00bb|||\u00bb][et_pb_text _builder_version=\u00bb4.16&#8243; text_text_color=\u00bb#434342&#8243; text_font_size=\u00bb16px\u00bb header_text_color=\u00bb#434342&#8243; header_2_font=\u00bb&#8211;et_global_body_font|700|||||||\u00bb header_2_text_color=\u00bb#434342&#8243; header_2_font_size=\u00bb30px\u00bb header_3_font=\u00bb|||on|||||\u00bb header_3_text_color=\u00bb#434342&#8243; header_3_line_height=\u00bb1.4em\u00bb background_layout=\u00bbdark\u00bb custom_margin=\u00bb0em||||false|false\u00bb custom_padding=\u00bb||20px|\u00bb global_colors_info=\u00bb{}\u00bb]<\/p>\n<h2 data-start=\"2447\" data-end=\"2496\">Servicios de preparaci\u00f3n del terreno para contenedores Self-Storage<\/h2>\n<h3 data-start=\"2498\" data-end=\"2521\">Preparaci\u00f3n del terreno<\/h3>\n<p data-start=\"2873\" data-end=\"2954\">\u00bfBuscas ayuda para preparar el terreno?<br data-start=\"2912\" data-end=\"2915\" \/>\u00a1Ll\u00e1manos y resolveremos tu problema!<\/p>\n<p>[\/et_pb_text][\/et_pb_column][\/et_pb_row][\/et_pb_section]<\/p>\n","protected":false},"excerpt":{"rendered":"<p>Servicios Self-StorageSistema de gesti\u00f3n El software STORJAY.COM, dise\u00f1ado y desarrollado por nosotros, ofrece m\u00faltiples posibilidades para la gesti\u00f3n del alquiler de contenedores y espacios de almacenamiento Self\u2013Storage. Gesti\u00f3n del alquiler de espacios de almacenamiento Generaci\u00f3n autom\u00e1tica de facturas Liquidaci\u00f3n autom\u00e1tica de pagos Notificaciones del sistema Para m\u00e1s informaci\u00f3n, visita nuestra p\u00e1gina web www.storjay.comServicios de soporte [&hellip;]<\/p>\n","protected":false},"author":4,"featured_media":0,"parent":0,"menu_order":0,"comment_status":"closed","ping_status":"closed","template":"","meta":{"_et_pb_use_builder":"on","_et_pb_old_content":"","_et_gb_content_width":"","footnotes":""},"class_list":["post-19976","page","type-page","status-publish","hentry"],"yoast_head":"<!-- This site is optimized with the Yoast SEO plugin v25.1 - https:\/\/yoast.com\/wordpress\/plugins\/seo\/ -->\n<title>Us\u0142ugi Wspomagaj\u0105ce Self-Storage | HT-BOX<\/title>\n<meta name=\"description\" content=\"Us\u0142ugi Self-Storage HT-Box: system zarz\u0105dzania STORJAY, aran\u017cacja dzia\u0142ki, ochrona, monitoring, bramy, ogrodzenia, przygotowanie placu.\" \/>\n<meta name=\"robots\" content=\"index, follow, max-snippet:-1, max-image-preview:large, max-video-preview:-1\" \/>\n<link rel=\"canonical\" href=\"https:\/\/ht-box.com\/es\/servicios\/\" \/>\n<meta property=\"og:locale\" content=\"es_ES\" \/>\n<meta property=\"og:type\" content=\"article\" \/>\n<meta property=\"og:title\" content=\"Us\u0142ugi Wspomagaj\u0105ce Self-Storage | HT-BOX\" \/>\n<meta property=\"og:description\" content=\"Us\u0142ugi Self-Storage HT-Box: system zarz\u0105dzania STORJAY, aran\u017cacja dzia\u0142ki, ochrona, monitoring, bramy, ogrodzenia, przygotowanie placu.\" \/>\n<meta property=\"og:url\" content=\"https:\/\/ht-box.com\/es\/servicios\/\" \/>\n<meta property=\"og:site_name\" content=\"HT-BOX\" \/>\n<meta property=\"article:modified_time\" content=\"2025-10-14T21:30:27+00:00\" \/>\n<meta name=\"twitter:card\" content=\"summary_large_image\" \/>\n<meta name=\"twitter:label1\" content=\"Tiempo de lectura\" \/>\n\t<meta name=\"twitter:data1\" content=\"4 minutos\" \/>\n<script type=\"application\/ld+json\" class=\"yoast-schema-graph\">{\"@context\":\"https:\/\/schema.org\",\"@graph\":[{\"@type\":\"WebPage\",\"@id\":\"https:\/\/ht-box.com\/es\/servicios\/\",\"url\":\"https:\/\/ht-box.com\/es\/servicios\/\",\"name\":\"Us\u0142ugi Wspomagaj\u0105ce Self-Storage | HT-BOX\",\"isPartOf\":{\"@id\":\"https:\/\/ht-box.com\/#website\"},\"datePublished\":\"2019-08-14T13:58:55+00:00\",\"dateModified\":\"2025-10-14T21:30:27+00:00\",\"description\":\"Us\u0142ugi Self-Storage HT-Box: system zarz\u0105dzania STORJAY, aran\u017cacja dzia\u0142ki, ochrona, monitoring, bramy, ogrodzenia, przygotowanie placu.\",\"breadcrumb\":{\"@id\":\"https:\/\/ht-box.com\/es\/servicios\/#breadcrumb\"},\"inLanguage\":\"es\",\"potentialAction\":[{\"@type\":\"ReadAction\",\"target\":[\"https:\/\/ht-box.com\/es\/servicios\/\"]}]},{\"@type\":\"BreadcrumbList\",\"@id\":\"https:\/\/ht-box.com\/es\/servicios\/#breadcrumb\",\"itemListElement\":[{\"@type\":\"ListItem\",\"position\":1,\"name\":\"Home\",\"item\":\"https:\/\/ht-box.com\/es\/\"},{\"@type\":\"ListItem\",\"position\":2,\"name\":\"Servicios &#8211; ES\"}]},{\"@type\":\"WebSite\",\"@id\":\"https:\/\/ht-box.com\/#website\",\"url\":\"https:\/\/ht-box.com\/\",\"name\":\"HT-BOX\",\"description\":\"Ht-box to producent kontener\u00f3w magazynowych do zastosowa\u0144 przemys\u0142owych, przydomowych czy Self Storage.\",\"potentialAction\":[{\"@type\":\"SearchAction\",\"target\":{\"@type\":\"EntryPoint\",\"urlTemplate\":\"https:\/\/ht-box.com\/?s={search_term_string}\"},\"query-input\":{\"@type\":\"PropertyValueSpecification\",\"valueRequired\":true,\"valueName\":\"search_term_string\"}}],\"inLanguage\":\"es\"}]}<\/script>\n<!-- \/ Yoast SEO plugin. -->","yoast_head_json":{"title":"Us\u0142ugi Wspomagaj\u0105ce Self-Storage | HT-BOX","description":"Us\u0142ugi Self-Storage HT-Box: system zarz\u0105dzania STORJAY, aran\u017cacja dzia\u0142ki, ochrona, monitoring, bramy, ogrodzenia, przygotowanie placu.","robots":{"index":"index","follow":"follow","max-snippet":"max-snippet:-1","max-image-preview":"max-image-preview:large","max-video-preview":"max-video-preview:-1"},"canonical":"https:\/\/ht-box.com\/es\/servicios\/","og_locale":"es_ES","og_type":"article","og_title":"Us\u0142ugi Wspomagaj\u0105ce Self-Storage | HT-BOX","og_description":"Us\u0142ugi Self-Storage HT-Box: system zarz\u0105dzania STORJAY, aran\u017cacja dzia\u0142ki, ochrona, monitoring, bramy, ogrodzenia, przygotowanie placu.","og_url":"https:\/\/ht-box.com\/es\/servicios\/","og_site_name":"HT-BOX","article_modified_time":"2025-10-14T21:30:27+00:00","twitter_card":"summary_large_image","twitter_misc":{"Tiempo de lectura":"4 minutos"},"schema":{"@context":"https:\/\/schema.org","@graph":[{"@type":"WebPage","@id":"https:\/\/ht-box.com\/es\/servicios\/","url":"https:\/\/ht-box.com\/es\/servicios\/","name":"Us\u0142ugi Wspomagaj\u0105ce Self-Storage | HT-BOX","isPartOf":{"@id":"https:\/\/ht-box.com\/#website"},"datePublished":"2019-08-14T13:58:55+00:00","dateModified":"2025-10-14T21:30:27+00:00","description":"Us\u0142ugi Self-Storage HT-Box: system zarz\u0105dzania STORJAY, aran\u017cacja dzia\u0142ki, ochrona, monitoring, bramy, ogrodzenia, przygotowanie placu.","breadcrumb":{"@id":"https:\/\/ht-box.com\/es\/servicios\/#breadcrumb"},"inLanguage":"es","potentialAction":[{"@type":"ReadAction","target":["https:\/\/ht-box.com\/es\/servicios\/"]}]},{"@type":"BreadcrumbList","@id":"https:\/\/ht-box.com\/es\/servicios\/#breadcrumb","itemListElement":[{"@type":"ListItem","position":1,"name":"Home","item":"https:\/\/ht-box.com\/es\/"},{"@type":"ListItem","position":2,"name":"Servicios &#8211; ES"}]},{"@type":"WebSite","@id":"https:\/\/ht-box.com\/#website","url":"https:\/\/ht-box.com\/","name":"HT-BOX","description":"Ht-box to producent kontener\u00f3w magazynowych do zastosowa\u0144 przemys\u0142owych, przydomowych czy Self Storage.","potentialAction":[{"@type":"SearchAction","target":{"@type":"EntryPoint","urlTemplate":"https:\/\/ht-box.com\/?s={search_term_string}"},"query-input":{"@type":"PropertyValueSpecification","valueRequired":true,"valueName":"search_term_string"}}],"inLanguage":"es"}]}},"_links":{"self":[{"href":"https:\/\/ht-box.com\/es\/wp-json\/wp\/v2\/pages\/19976","targetHints":{"allow":["GET"]}}],"collection":[{"href":"https:\/\/ht-box.com\/es\/wp-json\/wp\/v2\/pages"}],"about":[{"href":"https:\/\/ht-box.com\/es\/wp-json\/wp\/v2\/types\/page"}],"author":[{"embeddable":true,"href":"https:\/\/ht-box.com\/es\/wp-json\/wp\/v2\/users\/4"}],"replies":[{"embeddable":true,"href":"https:\/\/ht-box.com\/es\/wp-json\/wp\/v2\/comments?post=19976"}],"version-history":[{"count":5,"href":"https:\/\/ht-box.com\/es\/wp-json\/wp\/v2\/pages\/19976\/revisions"}],"predecessor-version":[{"id":20005,"href":"https:\/\/ht-box.com\/es\/wp-json\/wp\/v2\/pages\/19976\/revisions\/20005"}],"wp:attachment":[{"href":"https:\/\/ht-box.com\/es\/wp-json\/wp\/v2\/media?parent=19976"}],"curies":[{"name":"wp","href":"https:\/\/api.w.org\/{rel}","templated":true}]}}