{"id":19983,"date":"2018-06-29T13:33:30","date_gmt":"2018-06-29T13:33:30","guid":{"rendered":"https:\/\/ht-box.com\/download\/"},"modified":"2025-10-14T21:09:31","modified_gmt":"2025-10-14T21:09:31","slug":"descargas","status":"publish","type":"page","link":"https:\/\/ht-box.com\/es\/descargas\/","title":{"rendered":"Descargas &#8211; ES"},"content":{"rendered":"<p>[et_pb_section fb_built=\u00bb1&#8243; _builder_version=\u00bb4.16&#8243; background_color=\u00bb#383838&#8243; background_image=\u00bbhttps:\/\/ht-box.com\/wp-content\/uploads\/2020\/12\/tlo.png\u00bb parallax=\u00bbon\u00bb parallax_method=\u00bboff\u00bb custom_padding=\u00bb0|0px|0px|0px|false|false\u00bb locked=\u00bboff\u00bb global_colors_info=\u00bb{}\u00bb][et_pb_row _builder_version=\u00bb4.16&#8243; _module_preset=\u00bbdefault\u00bb global_colors_info=\u00bb{}\u00bb][et_pb_column type=\u00bb4_4&#8243; _builder_version=\u00bb4.16&#8243; _module_preset=\u00bbdefault\u00bb global_colors_info=\u00bb{}\u00bb][et_pb_text _builder_version=\u00bb4.27.4&#8243; _module_preset=\u00bbdefault\u00bb text_font=\u00bbWork Sans|800|||||||\u00bb header_font=\u00bbWork Sans|500|||||||\u00bb header_font_size=\u00bb33px\u00bb hover_enabled=\u00bb0&#8243; global_colors_info=\u00bb{}\u00bb sticky_enabled=\u00bb0&#8243;]<\/p>\n<h1>Descargas<\/h1>\n<p>[\/et_pb_text][\/et_pb_column][\/et_pb_row][et_pb_row column_structure=\u00bb1_3,1_3,1_3&#8243; _builder_version=\u00bb4.16&#8243; custom_padding=\u00bb5%|0px|5%|0px|true|false\u00bb global_colors_info=\u00bb{}\u00bb][et_pb_column type=\u00bb1_3&#8243; _builder_version=\u00bb4.16&#8243; custom_padding=\u00bb|||\u00bb global_colors_info=\u00bb{}\u00bb custom_padding__hover=\u00bb|||\u00bb][et_pb_image src=\u00bbhttps:\/\/ht-box.com\/wp-content\/uploads\/2024\/10\/HT-BOX-KATALOG-2024-EN-1.webp\u00bb alt=\u00bb2022 Catalogue \u00bb title_text=\u00bbHT-BOX &#8211; KATALOG 2024 EN-1&#8243; url=\u00bbhttps:\/\/ht-box.com\/wp-content\/uploads\/2024\/10\/HT-BOX-KATALOG-2024-EN.pdf\u00bb url_new_window=\u00bbon\u00bb use_overlay=\u00bbon\u00bb overlay_icon_color=\u00bb#ffffff\u00bb hover_overlay_color=\u00bbrgba(0,0,0,0.66)\u00bb hover_icon=\u00bb&#xe092;||divi||400&#8243; align=\u00bbcenter\u00bb align_tablet=\u00bbcenter\u00bb align_phone=\u00bb\u00bb align_last_edited=\u00bbon|desktop\u00bb _builder_version=\u00bb4.25.2&#8243; width=\u00bb63%\u00bb box_shadow_style=\u00bbpreset3&#8243; global_colors_info=\u00bb{}\u00bb][\/et_pb_image][\/et_pb_column][et_pb_column type=\u00bb1_3&#8243; _builder_version=\u00bb4.16&#8243; custom_padding=\u00bb|||\u00bb global_colors_info=\u00bb{}\u00bb custom_padding__hover=\u00bb|||\u00bb][et_pb_image src=\u00bbhttps:\/\/ht-box.com\/wp-content\/uploads\/2022\/04\/ASSEMBLY-MANUAL-M.jpg\u00bb alt=\u00bb2022 Catalogue \u00bb title_text=\u00bbASSEMBLY MANUAL M\u00bb url=\u00bbhttps:\/\/ht-box.com\/wp-content\/uploads\/2023\/02\/Manual-M.pdf\u00bb url_new_window=\u00bbon\u00bb use_overlay=\u00bbon\u00bb overlay_icon_color=\u00bb#ffffff\u00bb hover_overlay_color=\u00bbrgba(0,0,0,0.66)\u00bb hover_icon=\u00bb&#xe092;||divi||400&#8243; align=\u00bbcenter\u00bb align_tablet=\u00bbcenter\u00bb align_phone=\u00bb\u00bb align_last_edited=\u00bbon|desktop\u00bb _builder_version=\u00bb4.19.4&#8243; width=\u00bb75%\u00bb box_shadow_style=\u00bbpreset3&#8243; global_colors_info=\u00bb{}\u00bb][\/et_pb_image][\/et_pb_column][et_pb_column type=\u00bb1_3&#8243; _builder_version=\u00bb4.16&#8243; custom_padding=\u00bb|||\u00bb global_colors_info=\u00bb{}\u00bb custom_padding__hover=\u00bb|||\u00bb][et_pb_image src=\u00bbhttps:\/\/ht-box.com\/wp-content\/uploads\/2022\/04\/ASSEMBLY-MANUAL-MB.jpg\u00bb alt=\u00bb2022 Catalogue \u00bb title_text=\u00bbASSEMBLY MANUAL MB\u00bb url=\u00bbhttps:\/\/ht-box.com\/wp-content\/uploads\/2023\/02\/Manual-MB.pdf\u00bb url_new_window=\u00bbon\u00bb use_overlay=\u00bbon\u00bb overlay_icon_color=\u00bb#ffffff\u00bb hover_overlay_color=\u00bbrgba(0,0,0,0.66)\u00bb hover_icon=\u00bb&#xe092;||divi||400&#8243; align=\u00bbcenter\u00bb align_tablet=\u00bbcenter\u00bb align_phone=\u00bb\u00bb align_last_edited=\u00bbon|desktop\u00bb _builder_version=\u00bb4.19.4&#8243; width=\u00bb75%\u00bb box_shadow_style=\u00bbpreset3&#8243; global_colors_info=\u00bb{}\u00bb][\/et_pb_image][\/et_pb_column][\/et_pb_row][\/et_pb_section]<\/p>\n","protected":false},"excerpt":{"rendered":"<p>Descargas<\/p>\n","protected":false},"author":1,"featured_media":0,"parent":0,"menu_order":0,"comment_status":"closed","ping_status":"closed","template":"","meta":{"_et_pb_use_builder":"on","_et_pb_old_content":"","_et_gb_content_width":"","footnotes":""},"class_list":["post-19983","page","type-page","status-publish","hentry"],"yoast_head":"<!-- This site is optimized with the Yoast SEO plugin v25.1 - https:\/\/yoast.com\/wordpress\/plugins\/seo\/ -->\n<title>Descargas - ES | HT-BOX<\/title>\n<meta name=\"robots\" content=\"noindex, follow\" \/>\n<meta property=\"og:locale\" content=\"es_ES\" \/>\n<meta property=\"og:type\" content=\"article\" \/>\n<meta property=\"og:title\" content=\"Descargas - ES | HT-BOX\" \/>\n<meta property=\"og:description\" content=\"Descargas\" \/>\n<meta property=\"og:url\" content=\"https:\/\/ht-box.com\/es\/descargas\/\" \/>\n<meta property=\"og:site_name\" content=\"HT-BOX\" \/>\n<meta property=\"article:modified_time\" content=\"2025-10-14T21:09:31+00:00\" \/>\n<meta name=\"twitter:card\" content=\"summary_large_image\" \/>\n<meta name=\"twitter:label1\" content=\"Tiempo de lectura\" \/>\n\t<meta name=\"twitter:data1\" content=\"2 minutos\" \/>\n<script type=\"application\/ld+json\" class=\"yoast-schema-graph\">{\"@context\":\"https:\/\/schema.org\",\"@graph\":[{\"@type\":\"WebPage\",\"@id\":\"https:\/\/ht-box.com\/es\/descargas\/\",\"url\":\"https:\/\/ht-box.com\/es\/descargas\/\",\"name\":\"Descargas - ES | HT-BOX\",\"isPartOf\":{\"@id\":\"https:\/\/ht-box.com\/#website\"},\"datePublished\":\"2018-06-29T13:33:30+00:00\",\"dateModified\":\"2025-10-14T21:09:31+00:00\",\"breadcrumb\":{\"@id\":\"https:\/\/ht-box.com\/es\/descargas\/#breadcrumb\"},\"inLanguage\":\"es\",\"potentialAction\":[{\"@type\":\"ReadAction\",\"target\":[\"https:\/\/ht-box.com\/es\/descargas\/\"]}]},{\"@type\":\"BreadcrumbList\",\"@id\":\"https:\/\/ht-box.com\/es\/descargas\/#breadcrumb\",\"itemListElement\":[{\"@type\":\"ListItem\",\"position\":1,\"name\":\"Home\",\"item\":\"https:\/\/ht-box.com\/es\/\"},{\"@type\":\"ListItem\",\"position\":2,\"name\":\"Descargas &#8211; ES\"}]},{\"@type\":\"WebSite\",\"@id\":\"https:\/\/ht-box.com\/#website\",\"url\":\"https:\/\/ht-box.com\/\",\"name\":\"HT-BOX\",\"description\":\"Ht-box to producent kontener\u00f3w magazynowych do zastosowa\u0144 przemys\u0142owych, przydomowych czy Self Storage.\",\"potentialAction\":[{\"@type\":\"SearchAction\",\"target\":{\"@type\":\"EntryPoint\",\"urlTemplate\":\"https:\/\/ht-box.com\/?s={search_term_string}\"},\"query-input\":{\"@type\":\"PropertyValueSpecification\",\"valueRequired\":true,\"valueName\":\"search_term_string\"}}],\"inLanguage\":\"es\"}]}<\/script>\n<!-- \/ Yoast SEO plugin. -->","yoast_head_json":{"title":"Descargas - ES | HT-BOX","robots":{"index":"noindex","follow":"follow"},"og_locale":"es_ES","og_type":"article","og_title":"Descargas - ES | HT-BOX","og_description":"Descargas","og_url":"https:\/\/ht-box.com\/es\/descargas\/","og_site_name":"HT-BOX","article_modified_time":"2025-10-14T21:09:31+00:00","twitter_card":"summary_large_image","twitter_misc":{"Tiempo de lectura":"2 minutos"},"schema":{"@context":"https:\/\/schema.org","@graph":[{"@type":"WebPage","@id":"https:\/\/ht-box.com\/es\/descargas\/","url":"https:\/\/ht-box.com\/es\/descargas\/","name":"Descargas - ES | HT-BOX","isPartOf":{"@id":"https:\/\/ht-box.com\/#website"},"datePublished":"2018-06-29T13:33:30+00:00","dateModified":"2025-10-14T21:09:31+00:00","breadcrumb":{"@id":"https:\/\/ht-box.com\/es\/descargas\/#breadcrumb"},"inLanguage":"es","potentialAction":[{"@type":"ReadAction","target":["https:\/\/ht-box.com\/es\/descargas\/"]}]},{"@type":"BreadcrumbList","@id":"https:\/\/ht-box.com\/es\/descargas\/#breadcrumb","itemListElement":[{"@type":"ListItem","position":1,"name":"Home","item":"https:\/\/ht-box.com\/es\/"},{"@type":"ListItem","position":2,"name":"Descargas &#8211; ES"}]},{"@type":"WebSite","@id":"https:\/\/ht-box.com\/#website","url":"https:\/\/ht-box.com\/","name":"HT-BOX","description":"Ht-box to producent kontener\u00f3w magazynowych do zastosowa\u0144 przemys\u0142owych, przydomowych czy Self Storage.","potentialAction":[{"@type":"SearchAction","target":{"@type":"EntryPoint","urlTemplate":"https:\/\/ht-box.com\/?s={search_term_string}"},"query-input":{"@type":"PropertyValueSpecification","valueRequired":true,"valueName":"search_term_string"}}],"inLanguage":"es"}]}},"_links":{"self":[{"href":"https:\/\/ht-box.com\/es\/wp-json\/wp\/v2\/pages\/19983","targetHints":{"allow":["GET"]}}],"collection":[{"href":"https:\/\/ht-box.com\/es\/wp-json\/wp\/v2\/pages"}],"about":[{"href":"https:\/\/ht-box.com\/es\/wp-json\/wp\/v2\/types\/page"}],"author":[{"embeddable":true,"href":"https:\/\/ht-box.com\/es\/wp-json\/wp\/v2\/users\/1"}],"replies":[{"embeddable":true,"href":"https:\/\/ht-box.com\/es\/wp-json\/wp\/v2\/comments?post=19983"}],"version-history":[{"count":3,"href":"https:\/\/ht-box.com\/es\/wp-json\/wp\/v2\/pages\/19983\/revisions"}],"predecessor-version":[{"id":19988,"href":"https:\/\/ht-box.com\/es\/wp-json\/wp\/v2\/pages\/19983\/revisions\/19988"}],"wp:attachment":[{"href":"https:\/\/ht-box.com\/es\/wp-json\/wp\/v2\/media?parent=19983"}],"curies":[{"name":"wp","href":"https:\/\/api.w.org\/{rel}","templated":true}]}}