{"id":19990,"date":"2025-04-06T20:11:55","date_gmt":"2025-04-06T20:11:55","guid":{"rendered":"https:\/\/ht-box.com\/privacy-policy-2\/"},"modified":"2025-10-14T21:28:53","modified_gmt":"2025-10-14T21:28:53","slug":"politica-de-privacidad","status":"publish","type":"page","link":"https:\/\/ht-box.com\/es\/politica-de-privacidad\/","title":{"rendered":"Pol\u00edtica de Privacidad &#8211; ES"},"content":{"rendered":"<p>[et_pb_section fb_built=\u00bb1&#8243; _builder_version=\u00bb4.27.4&#8243; background_color=\u00bb#F5F5F5&#8243; background_enable_image=\u00bboff\u00bb parallax=\u00bbon\u00bb parallax_method=\u00bboff\u00bb custom_padding=\u00bb30px|0px|0|0px|false|false\u00bb global_colors_info=\u00bb{}\u00bb][et_pb_row _builder_version=\u00bb4.27.4&#8243; _module_preset=\u00bbdefault\u00bb background_color=\u00bb#F5F5F5&#8243; width=\u00bb100%\u00bb max_width=\u00bb100%\u00bb custom_padding=\u00bb5%|15%|5%|15%|true|true\u00bb global_colors_info=\u00bb{}\u00bb][et_pb_column type=\u00bb4_4&#8243; _builder_version=\u00bb4.27.4&#8243; _module_preset=\u00bbdefault\u00bb global_colors_info=\u00bb{}\u00bb][et_pb_text _builder_version=\u00bb4.27.4&#8243; _module_preset=\u00bbdefault\u00bb text_font=\u00bbWork Sans||||||||\u00bb text_text_color=\u00bb#434342&#8243; text_font_size=\u00bb16px\u00bb header_font=\u00bbWork Sans|600|||||||\u00bb header_text_color=\u00bb#434342&#8243; header_font_size=\u00bb33px\u00bb header_2_font=\u00bbWork Sans|300|||||||\u00bb header_2_text_color=\u00bb#434342&#8243; header_2_font_size=\u00bb22px\u00bb header_2_line_height=\u00bb1.3em\u00bb header_3_font=\u00bbWork Sans|||on|||||\u00bb header_3_text_color=\u00bb#000000&#8243; header_3_font_size=\u00bb20px\u00bb header_3_line_height=\u00bb1.4em\u00bb background_layout=\u00bbdark\u00bb custom_margin=\u00bb0em||||false|false\u00bb custom_padding=\u00bb||20px|\u00bb global_colors_info=\u00bb{}\u00bb]<\/p>\n<h1>Pol\u00edtica de Privacidad<\/h1>\n<h2>De acuerdo con el Reglamento (UE) 2016\/679 del Parlamento Europeo y del Consejo de 27 de abril de 2016 (RGPD\/GDPR), proporcionamos la siguiente informaci\u00f3n sobre el tratamiento de datos personales por HT-BOX.COM Sp. z o.o.<\/h2>\n<p>&nbsp;<\/p>\n<p>&nbsp;<\/p>\n<h3>1. Responsable del Tratamiento<\/h3>\n<p>El responsable de los datos personales es HT-BOX.COM Sp. z o.o., calle Drawska 62D, 78-300 \u015awidwin, Polonia, KRS: 00743599, NIP: PL6722091386, REGON: 380928182, email: [paprocki@ht-box.com](mailto:paprocki@ht-box.com), tel\u00e9fono: +48 504 322 402.<\/p>\n<p>&nbsp;<\/p>\n<h3>2. Qu\u00e9 Datos Recogemos<\/h3>\n<p>Al utilizar nuestro sitio web, podemos recopilar los siguientes datos: nombre y apellidos, direcci\u00f3n de correo electr\u00f3nico, n\u00famero de tel\u00e9fono, nombre de la empresa (si aplica), datos de facturaci\u00f3n (direcci\u00f3n, NIF\/CIF), informaci\u00f3n de pago, direcci\u00f3n IP, informaci\u00f3n del navegador y del dispositivo para fines anal\u00edticos.<\/p>\n<p>&nbsp;<\/p>\n<h3>3. Finalidad del Tratamiento de Datos<\/h3>\n<p>Los datos personales se procesan con los siguientes fines: gesti\u00f3n de inscripciones a eventos y conferencias, procesamiento de pagos y emisi\u00f3n de facturas, comunicaci\u00f3n antes, durante y despu\u00e9s de los eventos, actividades de marketing (con consentimiento del usuario), fines anal\u00edticos y estad\u00edsticos, y garantizar la seguridad del sitio web y prevenir abusos.<\/p>\n<p>&nbsp;<\/p>\n<h3>4. Base Legal para el Tratamiento<\/h3>\n<p>El tratamiento de los datos se basa en el art\u00edculo 6(1)(b) RGPD (ejecuci\u00f3n de un contrato, por ejemplo, compra de entradas), art\u00edculo 6(1)(c) RGPD (obligaci\u00f3n legal, por ejemplo, emisi\u00f3n de facturas), art\u00edculo 6(1)(f) RGPD (inter\u00e9s leg\u00edtimo del responsable, por ejemplo, protecci\u00f3n legal) y art\u00edculo 6(1)(a) RGPD (consentimiento, por ejemplo, suscripci\u00f3n a boletines).<\/p>\n<p>&nbsp;<\/p>\n<h3>5. Destinatarios de los Datos<\/h3>\n<p>Los datos pueden compartirse con operadores de pagos (por ejemplo, Przelewy24), oficinas contables, proveedores de hosting y servicios inform\u00e1ticos, as\u00ed como con autoridades legalmente competentes.<\/p>\n<p>&nbsp;<\/p>\n<h3>6. Plazo de Conservaci\u00f3n de los Datos<\/h3>\n<p>Los datos personales se conservar\u00e1n durante el tiempo necesario para cumplir con el contrato y seg\u00fan lo requieran las leyes aplicables (por ejemplo, normativa fiscal), mientras que los datos procesados con base en el consentimiento se mantendr\u00e1n hasta que este sea retirado.<\/p>\n<p>&nbsp;<\/p>\n<h3>7. Derechos del Usuario<\/h3>\n<p>Cada usuario tiene derecho a acceder a sus datos, rectificarlos, solicitar su eliminaci\u00f3n, restringir su procesamiento, transferirlos, oponerse a su tratamiento, retirar el consentimiento en cualquier momento y presentar una queja ante el Presidente de la Oficina de Protecci\u00f3n de Datos Personales (UODO).<\/p>\n<p>&nbsp;<\/p>\n<h3>8. Cookies y Datos T\u00e9cnicos<\/h3>\n<p>Nuestro sitio web puede utilizar cookies para garantizar el correcto funcionamiento del sitio, fines estad\u00edsticos y anal\u00edticos (por ejemplo, Google Analytics), as\u00ed como fines de marketing (remarketing). Los usuarios pueden gestionar la configuraci\u00f3n de cookies a trav\u00e9s de su navegador.<\/p>\n<p>&nbsp;<\/p>\n<h3>9. Provisi\u00f3n Voluntaria de Datos<\/h3>\n<p>Proporcionar datos personales es voluntario, aunque puede ser necesario para formalizar un contrato o prestar un servicio.<\/p>\n<p>&nbsp;<\/p>\n<h3>10. Cambios en la Pol\u00edtica de Privacidad<\/h3>\n<p>HT-BOX.COM Sp. z o.o. se reserva el derecho de modificar esta pol\u00edtica de privacidad; la versi\u00f3n vigente siempre estar\u00e1 disponible en nuestro sitio web.<\/p>\n<p>&nbsp;<\/p>\n<p>\u00daltima actualizaci\u00f3n: 4 de abril de 2025<\/p>\n<p>[\/et_pb_text][\/et_pb_column][\/et_pb_row][\/et_pb_section]<\/p>\n","protected":false},"excerpt":{"rendered":"<p>Pol\u00edtica de Privacidad De acuerdo con el Reglamento (UE) 2016\/679 del Parlamento Europeo y del Consejo de 27 de abril de 2016 (RGPD\/GDPR), proporcionamos la siguiente informaci\u00f3n sobre el tratamiento de datos personales por HT-BOX.COM Sp. z o.o. &nbsp; &nbsp; 1. Responsable del Tratamiento El responsable de los datos personales es HT-BOX.COM Sp. z o.o., [&hellip;]<\/p>\n","protected":false},"author":6,"featured_media":0,"parent":0,"menu_order":0,"comment_status":"closed","ping_status":"closed","template":"","meta":{"_et_pb_use_builder":"on","_et_pb_old_content":"","_et_gb_content_width":"","footnotes":""},"class_list":["post-19990","page","type-page","status-publish","hentry"],"yoast_head":"<!-- This site is optimized with the Yoast SEO plugin v25.1 - https:\/\/yoast.com\/wordpress\/plugins\/seo\/ -->\n<title>Pol\u00edtica de Privacidad - ES | HT-BOX<\/title>\n<meta name=\"robots\" content=\"index, follow, max-snippet:-1, max-image-preview:large, max-video-preview:-1\" \/>\n<link rel=\"canonical\" href=\"https:\/\/ht-box.com\/es\/politica-de-privacidad\/\" \/>\n<meta property=\"og:locale\" content=\"es_ES\" \/>\n<meta property=\"og:type\" content=\"article\" \/>\n<meta property=\"og:title\" content=\"Pol\u00edtica de Privacidad - ES | HT-BOX\" \/>\n<meta property=\"og:description\" content=\"Pol\u00edtica de Privacidad De acuerdo con el Reglamento (UE) 2016\/679 del Parlamento Europeo y del Consejo de 27 de abril de 2016 (RGPD\/GDPR), proporcionamos la siguiente informaci\u00f3n sobre el tratamiento de datos personales por HT-BOX.COM Sp. z o.o. &nbsp; &nbsp; 1. Responsable del Tratamiento El responsable de los datos personales es HT-BOX.COM Sp. z o.o., [&hellip;]\" \/>\n<meta property=\"og:url\" content=\"https:\/\/ht-box.com\/es\/politica-de-privacidad\/\" \/>\n<meta property=\"og:site_name\" content=\"HT-BOX\" \/>\n<meta property=\"article:modified_time\" content=\"2025-10-14T21:28:53+00:00\" \/>\n<meta name=\"twitter:card\" content=\"summary_large_image\" \/>\n<meta name=\"twitter:label1\" content=\"Tiempo de lectura\" \/>\n\t<meta name=\"twitter:data1\" content=\"3 minutos\" \/>\n<script type=\"application\/ld+json\" class=\"yoast-schema-graph\">{\"@context\":\"https:\/\/schema.org\",\"@graph\":[{\"@type\":\"WebPage\",\"@id\":\"https:\/\/ht-box.com\/es\/politica-de-privacidad\/\",\"url\":\"https:\/\/ht-box.com\/es\/politica-de-privacidad\/\",\"name\":\"Pol\u00edtica de Privacidad - ES | HT-BOX\",\"isPartOf\":{\"@id\":\"https:\/\/ht-box.com\/#website\"},\"datePublished\":\"2025-04-06T20:11:55+00:00\",\"dateModified\":\"2025-10-14T21:28:53+00:00\",\"breadcrumb\":{\"@id\":\"https:\/\/ht-box.com\/es\/politica-de-privacidad\/#breadcrumb\"},\"inLanguage\":\"es\",\"potentialAction\":[{\"@type\":\"ReadAction\",\"target\":[\"https:\/\/ht-box.com\/es\/politica-de-privacidad\/\"]}]},{\"@type\":\"BreadcrumbList\",\"@id\":\"https:\/\/ht-box.com\/es\/politica-de-privacidad\/#breadcrumb\",\"itemListElement\":[{\"@type\":\"ListItem\",\"position\":1,\"name\":\"Home\",\"item\":\"https:\/\/ht-box.com\/es\/\"},{\"@type\":\"ListItem\",\"position\":2,\"name\":\"Pol\u00edtica de Privacidad &#8211; ES\"}]},{\"@type\":\"WebSite\",\"@id\":\"https:\/\/ht-box.com\/#website\",\"url\":\"https:\/\/ht-box.com\/\",\"name\":\"HT-BOX\",\"description\":\"Ht-box to producent kontener\u00f3w magazynowych do zastosowa\u0144 przemys\u0142owych, przydomowych czy Self Storage.\",\"potentialAction\":[{\"@type\":\"SearchAction\",\"target\":{\"@type\":\"EntryPoint\",\"urlTemplate\":\"https:\/\/ht-box.com\/?s={search_term_string}\"},\"query-input\":{\"@type\":\"PropertyValueSpecification\",\"valueRequired\":true,\"valueName\":\"search_term_string\"}}],\"inLanguage\":\"es\"}]}<\/script>\n<!-- \/ Yoast SEO plugin. -->","yoast_head_json":{"title":"Pol\u00edtica de Privacidad - ES | HT-BOX","robots":{"index":"index","follow":"follow","max-snippet":"max-snippet:-1","max-image-preview":"max-image-preview:large","max-video-preview":"max-video-preview:-1"},"canonical":"https:\/\/ht-box.com\/es\/politica-de-privacidad\/","og_locale":"es_ES","og_type":"article","og_title":"Pol\u00edtica de Privacidad - ES | HT-BOX","og_description":"Pol\u00edtica de Privacidad De acuerdo con el Reglamento (UE) 2016\/679 del Parlamento Europeo y del Consejo de 27 de abril de 2016 (RGPD\/GDPR), proporcionamos la siguiente informaci\u00f3n sobre el tratamiento de datos personales por HT-BOX.COM Sp. z o.o. &nbsp; &nbsp; 1. Responsable del Tratamiento El responsable de los datos personales es HT-BOX.COM Sp. z o.o., [&hellip;]","og_url":"https:\/\/ht-box.com\/es\/politica-de-privacidad\/","og_site_name":"HT-BOX","article_modified_time":"2025-10-14T21:28:53+00:00","twitter_card":"summary_large_image","twitter_misc":{"Tiempo de lectura":"3 minutos"},"schema":{"@context":"https:\/\/schema.org","@graph":[{"@type":"WebPage","@id":"https:\/\/ht-box.com\/es\/politica-de-privacidad\/","url":"https:\/\/ht-box.com\/es\/politica-de-privacidad\/","name":"Pol\u00edtica de Privacidad - ES | HT-BOX","isPartOf":{"@id":"https:\/\/ht-box.com\/#website"},"datePublished":"2025-04-06T20:11:55+00:00","dateModified":"2025-10-14T21:28:53+00:00","breadcrumb":{"@id":"https:\/\/ht-box.com\/es\/politica-de-privacidad\/#breadcrumb"},"inLanguage":"es","potentialAction":[{"@type":"ReadAction","target":["https:\/\/ht-box.com\/es\/politica-de-privacidad\/"]}]},{"@type":"BreadcrumbList","@id":"https:\/\/ht-box.com\/es\/politica-de-privacidad\/#breadcrumb","itemListElement":[{"@type":"ListItem","position":1,"name":"Home","item":"https:\/\/ht-box.com\/es\/"},{"@type":"ListItem","position":2,"name":"Pol\u00edtica de Privacidad &#8211; ES"}]},{"@type":"WebSite","@id":"https:\/\/ht-box.com\/#website","url":"https:\/\/ht-box.com\/","name":"HT-BOX","description":"Ht-box to producent kontener\u00f3w magazynowych do zastosowa\u0144 przemys\u0142owych, przydomowych czy Self Storage.","potentialAction":[{"@type":"SearchAction","target":{"@type":"EntryPoint","urlTemplate":"https:\/\/ht-box.com\/?s={search_term_string}"},"query-input":{"@type":"PropertyValueSpecification","valueRequired":true,"valueName":"search_term_string"}}],"inLanguage":"es"}]}},"_links":{"self":[{"href":"https:\/\/ht-box.com\/es\/wp-json\/wp\/v2\/pages\/19990","targetHints":{"allow":["GET"]}}],"collection":[{"href":"https:\/\/ht-box.com\/es\/wp-json\/wp\/v2\/pages"}],"about":[{"href":"https:\/\/ht-box.com\/es\/wp-json\/wp\/v2\/types\/page"}],"author":[{"embeddable":true,"href":"https:\/\/ht-box.com\/es\/wp-json\/wp\/v2\/users\/6"}],"replies":[{"embeddable":true,"href":"https:\/\/ht-box.com\/es\/wp-json\/wp\/v2\/comments?post=19990"}],"version-history":[{"count":8,"href":"https:\/\/ht-box.com\/es\/wp-json\/wp\/v2\/pages\/19990\/revisions"}],"predecessor-version":[{"id":19999,"href":"https:\/\/ht-box.com\/es\/wp-json\/wp\/v2\/pages\/19990\/revisions\/19999"}],"wp:attachment":[{"href":"https:\/\/ht-box.com\/es\/wp-json\/wp\/v2\/media?parent=19990"}],"curies":[{"name":"wp","href":"https:\/\/api.w.org\/{rel}","templated":true}]}}