{"id":20006,"date":"2023-09-12T20:06:01","date_gmt":"2023-09-12T20:06:01","guid":{"rendered":"https:\/\/ht-box.com\/realizacje-garage-box\/"},"modified":"2025-10-14T21:42:48","modified_gmt":"2025-10-14T21:42:48","slug":"projects-garage-box","status":"publish","type":"page","link":"https:\/\/ht-box.com\/es\/projects-garage-box\/","title":{"rendered":"Projects Garage Box &#8211; ES"},"content":{"rendered":"<p>[et_pb_section fb_built=\u00bb1&#8243; _builder_version=\u00bb4.16&#8243; background_color=\u00bb#dbdbdb\u00bb background_image=\u00bbhttps:\/\/ht-box.com\/wp-content\/uploads\/2020\/12\/TLO-HT-BOX-3.png\u00bb parallax=\u00bbon\u00bb parallax_method=\u00bboff\u00bb custom_padding=\u00bb30px|0px|0|0px|false|false\u00bb global_colors_info=\u00bb{}\u00bb][et_pb_row _builder_version=\u00bb4.16&#8243; global_colors_info=\u00bb{}\u00bb][et_pb_column type=\u00bb4_4&#8243; _builder_version=\u00bb4.16&#8243; custom_padding=\u00bb|||\u00bb global_colors_info=\u00bb{}\u00bb custom_padding__hover=\u00bb|||\u00bb][et_pb_text _builder_version=\u00bb4.27.4&#8243; text_text_color=\u00bb#434342&#8243; text_font_size=\u00bb18px\u00bb header_font=\u00bb|600|||||||\u00bb hover_enabled=\u00bb0&#8243; global_colors_info=\u00bb{}\u00bb sticky_enabled=\u00bb0&#8243;]<\/p>\n<h1>Realizaci\u00f3n Garage Box<\/h1>\n<p>Armario de garaje en la plaza de aparcamiento<\/p>\n<p>[\/et_pb_text][\/et_pb_column][\/et_pb_row][et_pb_row use_custom_gutter=\u00bbon\u00bb gutter_width=\u00bb2&#8243; _builder_version=\u00bb4.16&#8243; width=\u00bb75%\u00bb max_width=\u00bb100%\u00bb locked=\u00bboff\u00bb global_colors_info=\u00bb{}\u00bb][et_pb_column type=\u00bb4_4&#8243; admin_label=\u00bbSERIA M\u00bb _builder_version=\u00bb4.16&#8243; _dynamic_attributes=\u00bblink_option_url\u00bb background_enable_color=\u00bboff\u00bb link_option_url=\u00bb@ET-DC@eyJkeW5hbWljIjp0cnVlLCJjb250ZW50IjoicG9zdF9saW5rX3VybF9wYWdlIiwic2V0dGluZ3MiOnsicG9zdF9pZCI6IjQ0NDkifX0=@\u00bb global_colors_info=\u00bb{}\u00bb background__hover_enabled=\u00bbon|hover\u00bb background_color__hover=\u00bb\u00bb background_enable_color__hover=\u00bboff\u00bb title_text__hover=\u00bbhover\u00bb background_enable_image__hover=\u00bboff\u00bb background_size__hover=\u00bbcontain\u00bb][et_pb_gallery gallery_ids=\u00bb12445,12447,12449,12451,12453,12455,12457&#8243; posts_number=\u00bb60&#8243; show_title_and_caption=\u00bboff\u00bb show_pagination=\u00bboff\u00bb zoom_icon_color=\u00bb#ffffff\u00bb hover_overlay_color=\u00bbrgba(56,56,56,0.42)\u00bb _builder_version=\u00bb4.20.4&#8243; _module_preset=\u00bbdefault\u00bb border_color_all_image=\u00bb#ffffff\u00bb border_width_top_image=\u00bb5px\u00bb border_width_right_image=\u00bb5px\u00bb border_width_left_image=\u00bb5px\u00bb box_shadow_style_image=\u00bbpreset3&#8243; global_colors_info=\u00bb{}\u00bb][\/et_pb_gallery][\/et_pb_column][\/et_pb_row][\/et_pb_section]<\/p>\n","protected":false},"excerpt":{"rendered":"<p>Realizaci\u00f3n Garage Box Armario de garaje en la plaza de aparcamiento<\/p>\n","protected":false},"author":6,"featured_media":0,"parent":0,"menu_order":0,"comment_status":"closed","ping_status":"closed","template":"","meta":{"_et_pb_use_builder":"on","_et_pb_old_content":"","_et_gb_content_width":"","footnotes":""},"class_list":["post-20006","page","type-page","status-publish","hentry"],"yoast_head":"<!-- This site is optimized with the Yoast SEO plugin v25.1 - https:\/\/yoast.com\/wordpress\/plugins\/seo\/ -->\n<title>Projects Garage Box | HT-BOX.COM<\/title>\n<meta name=\"description\" content=\"Realizacje Garage Box - rozwi\u0105zania dla gara\u017cy podziemnych, budynk\u00f3w wielopoziomowych i deweloper\u00f3w. Sprawd\u017a nasze projekty gara\u017cowe.\" \/>\n<meta name=\"robots\" content=\"index, follow, max-snippet:-1, max-image-preview:large, max-video-preview:-1\" \/>\n<link rel=\"canonical\" href=\"https:\/\/ht-box.com\/es\/projects-garage-box\/\" \/>\n<meta property=\"og:locale\" content=\"es_ES\" \/>\n<meta property=\"og:type\" content=\"article\" \/>\n<meta property=\"og:title\" content=\"Projects Garage Box | HT-BOX.COM\" \/>\n<meta property=\"og:description\" content=\"Realizacje Garage Box - rozwi\u0105zania dla gara\u017cy podziemnych, budynk\u00f3w wielopoziomowych i deweloper\u00f3w. Sprawd\u017a nasze projekty gara\u017cowe.\" \/>\n<meta property=\"og:url\" content=\"https:\/\/ht-box.com\/es\/projects-garage-box\/\" \/>\n<meta property=\"og:site_name\" content=\"HT-BOX\" \/>\n<meta property=\"article:modified_time\" content=\"2025-10-14T21:42:48+00:00\" \/>\n<meta name=\"twitter:card\" content=\"summary_large_image\" \/>\n<meta name=\"twitter:label1\" content=\"Tiempo de lectura\" \/>\n\t<meta name=\"twitter:data1\" content=\"1 minuto\" \/>\n<script type=\"application\/ld+json\" class=\"yoast-schema-graph\">{\"@context\":\"https:\/\/schema.org\",\"@graph\":[{\"@type\":\"WebPage\",\"@id\":\"https:\/\/ht-box.com\/es\/projects-garage-box\/\",\"url\":\"https:\/\/ht-box.com\/es\/projects-garage-box\/\",\"name\":\"Projects Garage Box | HT-BOX.COM\",\"isPartOf\":{\"@id\":\"https:\/\/ht-box.com\/#website\"},\"datePublished\":\"2023-09-12T20:06:01+00:00\",\"dateModified\":\"2025-10-14T21:42:48+00:00\",\"description\":\"Realizacje Garage Box - rozwi\u0105zania dla gara\u017cy podziemnych, budynk\u00f3w wielopoziomowych i deweloper\u00f3w. Sprawd\u017a nasze projekty gara\u017cowe.\",\"breadcrumb\":{\"@id\":\"https:\/\/ht-box.com\/es\/projects-garage-box\/#breadcrumb\"},\"inLanguage\":\"es\",\"potentialAction\":[{\"@type\":\"ReadAction\",\"target\":[\"https:\/\/ht-box.com\/es\/projects-garage-box\/\"]}]},{\"@type\":\"BreadcrumbList\",\"@id\":\"https:\/\/ht-box.com\/es\/projects-garage-box\/#breadcrumb\",\"itemListElement\":[{\"@type\":\"ListItem\",\"position\":1,\"name\":\"Home\",\"item\":\"https:\/\/ht-box.com\/es\/\"},{\"@type\":\"ListItem\",\"position\":2,\"name\":\"Projects Garage Box &#8211; ES\"}]},{\"@type\":\"WebSite\",\"@id\":\"https:\/\/ht-box.com\/#website\",\"url\":\"https:\/\/ht-box.com\/\",\"name\":\"HT-BOX\",\"description\":\"Ht-box to producent kontener\u00f3w magazynowych do zastosowa\u0144 przemys\u0142owych, przydomowych czy Self Storage.\",\"potentialAction\":[{\"@type\":\"SearchAction\",\"target\":{\"@type\":\"EntryPoint\",\"urlTemplate\":\"https:\/\/ht-box.com\/?s={search_term_string}\"},\"query-input\":{\"@type\":\"PropertyValueSpecification\",\"valueRequired\":true,\"valueName\":\"search_term_string\"}}],\"inLanguage\":\"es\"}]}<\/script>\n<!-- \/ Yoast SEO plugin. -->","yoast_head_json":{"title":"Projects Garage Box | HT-BOX.COM","description":"Realizacje Garage Box - rozwi\u0105zania dla gara\u017cy podziemnych, budynk\u00f3w wielopoziomowych i deweloper\u00f3w. Sprawd\u017a nasze projekty gara\u017cowe.","robots":{"index":"index","follow":"follow","max-snippet":"max-snippet:-1","max-image-preview":"max-image-preview:large","max-video-preview":"max-video-preview:-1"},"canonical":"https:\/\/ht-box.com\/es\/projects-garage-box\/","og_locale":"es_ES","og_type":"article","og_title":"Projects Garage Box | HT-BOX.COM","og_description":"Realizacje Garage Box - rozwi\u0105zania dla gara\u017cy podziemnych, budynk\u00f3w wielopoziomowych i deweloper\u00f3w. Sprawd\u017a nasze projekty gara\u017cowe.","og_url":"https:\/\/ht-box.com\/es\/projects-garage-box\/","og_site_name":"HT-BOX","article_modified_time":"2025-10-14T21:42:48+00:00","twitter_card":"summary_large_image","twitter_misc":{"Tiempo de lectura":"1 minuto"},"schema":{"@context":"https:\/\/schema.org","@graph":[{"@type":"WebPage","@id":"https:\/\/ht-box.com\/es\/projects-garage-box\/","url":"https:\/\/ht-box.com\/es\/projects-garage-box\/","name":"Projects Garage Box | HT-BOX.COM","isPartOf":{"@id":"https:\/\/ht-box.com\/#website"},"datePublished":"2023-09-12T20:06:01+00:00","dateModified":"2025-10-14T21:42:48+00:00","description":"Realizacje Garage Box - rozwi\u0105zania dla gara\u017cy podziemnych, budynk\u00f3w wielopoziomowych i deweloper\u00f3w. Sprawd\u017a nasze projekty gara\u017cowe.","breadcrumb":{"@id":"https:\/\/ht-box.com\/es\/projects-garage-box\/#breadcrumb"},"inLanguage":"es","potentialAction":[{"@type":"ReadAction","target":["https:\/\/ht-box.com\/es\/projects-garage-box\/"]}]},{"@type":"BreadcrumbList","@id":"https:\/\/ht-box.com\/es\/projects-garage-box\/#breadcrumb","itemListElement":[{"@type":"ListItem","position":1,"name":"Home","item":"https:\/\/ht-box.com\/es\/"},{"@type":"ListItem","position":2,"name":"Projects Garage Box &#8211; ES"}]},{"@type":"WebSite","@id":"https:\/\/ht-box.com\/#website","url":"https:\/\/ht-box.com\/","name":"HT-BOX","description":"Ht-box to producent kontener\u00f3w magazynowych do zastosowa\u0144 przemys\u0142owych, przydomowych czy Self Storage.","potentialAction":[{"@type":"SearchAction","target":{"@type":"EntryPoint","urlTemplate":"https:\/\/ht-box.com\/?s={search_term_string}"},"query-input":{"@type":"PropertyValueSpecification","valueRequired":true,"valueName":"search_term_string"}}],"inLanguage":"es"}]}},"_links":{"self":[{"href":"https:\/\/ht-box.com\/es\/wp-json\/wp\/v2\/pages\/20006","targetHints":{"allow":["GET"]}}],"collection":[{"href":"https:\/\/ht-box.com\/es\/wp-json\/wp\/v2\/pages"}],"about":[{"href":"https:\/\/ht-box.com\/es\/wp-json\/wp\/v2\/types\/page"}],"author":[{"embeddable":true,"href":"https:\/\/ht-box.com\/es\/wp-json\/wp\/v2\/users\/6"}],"replies":[{"embeddable":true,"href":"https:\/\/ht-box.com\/es\/wp-json\/wp\/v2\/comments?post=20006"}],"version-history":[{"count":5,"href":"https:\/\/ht-box.com\/es\/wp-json\/wp\/v2\/pages\/20006\/revisions"}],"predecessor-version":[{"id":20014,"href":"https:\/\/ht-box.com\/es\/wp-json\/wp\/v2\/pages\/20006\/revisions\/20014"}],"wp:attachment":[{"href":"https:\/\/ht-box.com\/es\/wp-json\/wp\/v2\/media?parent=20006"}],"curies":[{"name":"wp","href":"https:\/\/api.w.org\/{rel}","templated":true}]}}